{"id":998,"date":"2023-01-10T22:30:20","date_gmt":"2023-01-10T22:30:20","guid":{"rendered":"https:\/\/holosofia.com.br\/?page_id=998"},"modified":"2023-01-10T22:31:59","modified_gmt":"2023-01-10T22:31:59","slug":"holocoluna-0026","status":"publish","type":"page","link":"https:\/\/holosofia.com.br\/?page_id=998","title":{"rendered":"Holocoluna &#8211; 0026"},"content":{"rendered":"<h2>26 &#8211; ORA\u00c7\u00c3O II<\/h2>\n<p>&nbsp;<\/p>\n<h3 style=\"text-align: right;\">Publicado em 04.11.06<\/h3>\n<h3><\/h3>\n<h3>Ora\u00e7\u00e3o \u00e9 uma s\u00faplica religiosa, uma prece, uma reza.<\/h3>\n<h3>Como voc\u00ea leu no artigo anterior \u2013 \u201cOra\u00e7\u00e3o\u201d \u2013, grande parte das ora\u00e7\u00f5es deve ter a sua validade prejudica pelo fato de lhe faltar autenticidade e compromisso do orador com o suplicado.<\/h3>\n<h3>A autenticidade da ora\u00e7\u00e3o reside nas palavras oriundas do \u00edntimo daquele que faz a prece, naquele exato momento, colocando a sua alma diante de Deus ou do ser supra-humano de sua predile\u00e7\u00e3o.<\/h3>\n<h3>N\u00e3o raro, o adulto continua a repetir, de forma autom\u00e1tica, a ora\u00e7\u00e3o aprendida ainda na inf\u00e2ncia. Isto comprova a aus\u00eancia de criatividade e o desconhecimento da import\u00e2ncia do compromisso com a sua pr\u00f3pria prece.<\/h3>\n<h3>Sem qualquer sentimento discriminat\u00f3rio ou preconceituoso quanto \u00e0 reza aprendida ou o credo religioso, concluo por exemplificar, na pr\u00e1tica, o que se verifica com freq\u00fc\u00eancia entre aqueles que rezam o \u201cPai Nosso\u201d.<\/h3>\n<h3>Esta ora\u00e7\u00e3o, mesmo tendo sofrido in\u00fameras altera\u00e7\u00f5es no seu conte\u00fado, se constitui numa verdadeira confiss\u00e3o de simplicidade, humildade, bondade, altru\u00edsmo e pureza do orador, quando diz: <em>&#8230; assim como n\u00f3s perdoamos a quem nos t\u00eam ofendido. <\/em>Ser\u00e1 que o orador est\u00e1 sendo sincero com o que reza?<\/h3>\n<h3>Se a resposta fosse positiva, certamente estar\u00edamos vivendo num mundo plenamente espiritualizado e feliz.<\/h3>\n<h3>Logo, o conte\u00fado da ora\u00e7\u00e3o, assim como o conte\u00fado a grade curricular nas escolas, dever\u00e1 aprimorar-se \u00e0 medida que o orador avance no seu crescimento interior, no seu aperfei\u00e7oamento como ser humano.<\/h3>\n<h3>Esta realidade ser\u00e1 poss\u00edvel com a pr\u00e1tica continuada e progressiva da ora\u00e7\u00e3o individual no exerc\u00edcio da f\u00e9, conferindo coer\u00eancia entre aquilo que se fala com aquilo que se \u00e9. E se sente.<\/h3>\n<h3>Finalmente, um presente para voc\u00ea, uma vers\u00e3o do \u201cPai Nosso\u201d em aramaico:<\/h3>\n<h3>\u201cPai nosso, respira\u00e7\u00e3o da Vida\u201d.<\/h3>\n<h3>Fonte do som, a\u00e7\u00e3o sem palavras, Criador do Cosmos!<\/h3>\n<h3>Fa\u00e7a sua luz brilhar dentro de n\u00f3s, entre n\u00f3s e fora de n\u00f3s para que possamos torn\u00e1-la \u00fatil.<\/h3>\n<h3>Ajude-nos a seguir nosso caminho, respirando apenas o sentimento que emana do Senhor.<\/h3>\n<h3>Nosso Eu, no mesmo passo, possa estar com o seu, para que caminhemos como Reis e Rainhas com todas as criaturas.<\/h3>\n<h3>Que o seu e o nosso desejo sejam um s\u00f3, em toda a luz, assim como em todas as formas, em toda exist\u00eancia individual, assim como em todas as comunidades.<\/h3>\n<h3>Fa\u00e7a-nos sentir a alma da Terra dentro de n\u00f3s, pois, assim sentiremos a Sabedoria que existe em tudo.<\/h3>\n<h3>N\u00e3o permita que a superficialidade e a apar\u00eancia das coisas no mundo nos iludam. E nos liberte de tudo aquilo que impede nosso crescimento.<\/h3>\n<h3>N\u00e3o nos deixe ser tomados pelo esquecimento de que o Senhor \u00e9 o Poder e a Gl\u00f3ria do mundo, a Can\u00e7\u00e3o que se renova de tempos em tempos e que a tudo embeleza.<\/h3>\n<h3>Possa o Seu amor ser o solo onde crescem nossas a\u00e7\u00f5es.<\/h3>\n<h3>Que assim seja!<\/h3>\n<p>&nbsp;<\/p>\n<p>&nbsp;<\/p>\n","protected":false},"excerpt":{"rendered":"<p>26 &#8211; ORA\u00c7\u00c3O II &nbsp; Publicado em 04.11.06 Ora\u00e7\u00e3o \u00e9 uma s\u00faplica religiosa, uma prece, uma reza. Como voc\u00ea leu no artigo anterior \u2013 \u201cOra\u00e7\u00e3o\u201d \u2013, grande parte das ora\u00e7\u00f5es deve ter a sua validade prejudica pelo fato de lhe faltar autenticidade e compromisso do orador com o suplicado. A autenticidade da ora\u00e7\u00e3o reside nas &hellip;<\/p>\n<p class=\"read-more\"> <a class=\"\" href=\"https:\/\/holosofia.com.br\/?page_id=998\"> <span class=\"screen-reader-text\">Holocoluna &#8211; 0026<\/span> Leia mais &raquo;<\/a><\/p>\n","protected":false},"author":1,"featured_media":0,"parent":0,"menu_order":0,"comment_status":"closed","ping_status":"closed","template":"","meta":{"_bbp_topic_count":0,"_bbp_reply_count":0,"_bbp_total_topic_count":0,"_bbp_total_reply_count":0,"_bbp_voice_count":0,"_bbp_anonymous_reply_count":0,"_bbp_topic_count_hidden":0,"_bbp_reply_count_hidden":0,"_bbp_forum_subforum_count":0,"om_disable_all_campaigns":false,"_uag_custom_page_level_css":"","_mi_skip_tracking":false,"_monsterinsights_sitenote_active":false,"_monsterinsights_sitenote_note":"","_monsterinsights_sitenote_category":0,"site-sidebar-layout":"default","site-content-layout":"default","ast-global-header-display":"","ast-main-header-display":"","ast-hfb-above-header-display":"","ast-hfb-below-header-display":"","ast-hfb-mobile-header-display":"","site-post-title":"","ast-breadcrumbs-content":"","ast-featured-img":"","footer-sml-layout":"","theme-transparent-header-meta":"default","adv-header-id-meta":"","stick-header-meta":"","header-above-stick-meta":"","header-main-stick-meta":"","header-below-stick-meta":"","footnotes":""},"class_list":["post-998","page","type-page","status-publish","hentry"],"aioseo_notices":[],"uagb_featured_image_src":{"full":false,"thumbnail":false,"medium":false,"medium_large":false,"large":false,"post-slider-thumb-size":false,"1536x1536":false,"2048x2048":false},"uagb_author_info":{"display_name":"solucaopublicidades@hotmail.com","author_link":"https:\/\/holosofia.com.br\/?author=1"},"uagb_comment_info":0,"uagb_excerpt":"26 &#8211; ORA\u00c7\u00c3O II &nbsp; Publicado em 04.11.06 Ora\u00e7\u00e3o \u00e9 uma s\u00faplica religiosa, uma prece, uma reza. Como voc\u00ea leu no artigo anterior \u2013 \u201cOra\u00e7\u00e3o\u201d \u2013, grande parte das ora\u00e7\u00f5es deve ter a sua validade prejudica pelo fato de lhe faltar autenticidade e compromisso do orador com o suplicado. A autenticidade da ora\u00e7\u00e3o reside nas&hellip;","_links":{"self":[{"href":"https:\/\/holosofia.com.br\/index.php?rest_route=\/wp\/v2\/pages\/998","targetHints":{"allow":["GET"]}}],"collection":[{"href":"https:\/\/holosofia.com.br\/index.php?rest_route=\/wp\/v2\/pages"}],"about":[{"href":"https:\/\/holosofia.com.br\/index.php?rest_route=\/wp\/v2\/types\/page"}],"author":[{"embeddable":true,"href":"https:\/\/holosofia.com.br\/index.php?rest_route=\/wp\/v2\/users\/1"}],"replies":[{"embeddable":true,"href":"https:\/\/holosofia.com.br\/index.php?rest_route=%2Fwp%2Fv2%2Fcomments&post=998"}],"version-history":[{"count":1,"href":"https:\/\/holosofia.com.br\/index.php?rest_route=\/wp\/v2\/pages\/998\/revisions"}],"predecessor-version":[{"id":999,"href":"https:\/\/holosofia.com.br\/index.php?rest_route=\/wp\/v2\/pages\/998\/revisions\/999"}],"wp:attachment":[{"href":"https:\/\/holosofia.com.br\/index.php?rest_route=%2Fwp%2Fv2%2Fmedia&parent=998"}],"curies":[{"name":"wp","href":"https:\/\/api.w.org\/{rel}","templated":true}]}}