{"id":987,"date":"2023-01-10T22:25:22","date_gmt":"2023-01-10T22:25:22","guid":{"rendered":"https:\/\/holosofia.com.br\/?page_id=987"},"modified":"2023-01-10T22:27:59","modified_gmt":"2023-01-10T22:27:59","slug":"holocoluna-0024","status":"publish","type":"page","link":"https:\/\/holosofia.com.br\/?page_id=987","title":{"rendered":"Holocoluna &#8211; 0024"},"content":{"rendered":"<h2>24 \u2013 AMOR<\/h2>\n<h3 style=\"text-align: right;\">Publicado em 21.10.06<\/h3>\n<p>&nbsp;<\/p>\n<p>Os lexic\u00f3grafos definem amor como sentimento de dedica\u00e7\u00e3o absoluta de um ser a outro, ou a uma coisa, um sentimento que predisp\u00f5e algu\u00e9m a desejar o bem a outrem.<\/p>\n<p>Os poetas flexibilizam a palavra amor para expressar um sentimento de envolvimento e encantamento entre as pessoas e das pessoas com as demais belezas universais.<\/p>\n<p>Os te\u00f3logos s\u00e3o incans\u00e1veis na reafirma\u00e7\u00e3o do amor como o mais sublime dos sentimentos do homem, e, para real\u00e7ar a magnitude das suas cren\u00e7as, concluem dizendo que Deus \u00e9 amor.<\/p>\n<p>O adolescente apaixonado expressa, atrav\u00e9s da mais singela manifesta\u00e7\u00e3o pessoal, o magnetismo do amor, e por ele n\u00e3o vacila em jurar.<\/p>\n<p>As mulheres, quando referidas no contexto da maternidade, simbolizam o mais puro e aut\u00eantico amor. O amor da m\u00e3e pelo filho.<\/p>\n<p>O desejo por uma gravidez \u00e9 uma manifesta\u00e7\u00e3o de amor. Esta manifesta\u00e7\u00e3o se concretiza na concep\u00e7\u00e3o e vai se consolidando \u00e0 medida que a gesta\u00e7\u00e3o evolui.<\/p>\n<p>Indubitavelmente, este sentimento faz parte do processo concepcional, uma vez que o ato sexual traduz a troca efetiva e mais profunda de tal sentimento entre os pais.<\/p>\n<p>Dento desta \u00f3ptica, vale ressalta a import\u00e2ncia que se de dar ao amor ainda na sua fase embrion\u00e1ria, e, assim ter-se a no\u00e7\u00e3o da responsabilidade dos pais pela manuten\u00e7\u00e3o de um mundo mais amoroso.<\/p>\n<p>Diante desta assertiva parece surgir a id\u00e9ia de que seria interessante a exist\u00eancia de aparelho que viesse viabilizar o \u201camorgrama\u201d, ou seja, um exame para medir o potencial amoroso das pessoas. Ent\u00e3o, a partir desta contribui\u00e7\u00e3o tecnol\u00f3gica de ponta, as na\u00e7\u00f5es estariam bem aparelhadas para eleger os seus l\u00edderes sociais.<\/p>\n<p>Portanto, enquanto essa realidade n\u00e3o chega torna-se imperativo envidar-se todos os esfor\u00e7os no sentido de minimizar os efeitos devastadores de sentimentos opostos, como o \u00f3dio, a inveja, o ego\u00edsmo e a falsidade. Isto s\u00f3 \u00e9 poss\u00edvel com o amor!<\/p>\n<p>\u00c9 lament\u00e1vel verificar-se as autoridades se debaterem na busca de solu\u00e7\u00f5es face aos graves problemas sociais sem resultados satisfat\u00f3rios, pois \u00e9 flagrante a inobserv\u00e2ncia dessas autoridades ao ponto de origem da maioria de tais problemas, a quase completa falta de sentimento de humanidade, de altru\u00edsmo, de amor.<\/p>\n<p>As rela\u00e7\u00f5es entre pais e filhos, alunos e professores, patr\u00f5es e empregados, autoridades e subalternos est\u00e3o num vis\u00edvel estado de degrada\u00e7\u00e3o, onde o amor se degenera e prevalece a revolta, a indiferen\u00e7a, ou o \u00f3dio.<\/p>\n<p>As subst\u00e2ncias org\u00e2nicas secretadas por quem desfruta uma conviv\u00eancia amorosa conferem um estado de fisiologia ideal e felicidade existencial.<\/p>\n<p>Logo, amor tamb\u00e9m \u00e9 sa\u00fade.<\/p>\n<p>&nbsp;<\/p>\n","protected":false},"excerpt":{"rendered":"<p>24 \u2013 AMOR Publicado em 21.10.06 &nbsp; Os lexic\u00f3grafos definem amor como sentimento de dedica\u00e7\u00e3o absoluta de um ser a outro, ou a uma coisa, um sentimento que predisp\u00f5e algu\u00e9m a desejar o bem a outrem. Os poetas flexibilizam a palavra amor para expressar um sentimento de envolvimento e encantamento entre as pessoas e das &hellip;<\/p>\n<p class=\"read-more\"> <a class=\"\" href=\"https:\/\/holosofia.com.br\/?page_id=987\"> <span class=\"screen-reader-text\">Holocoluna &#8211; 0024<\/span> Leia mais &raquo;<\/a><\/p>\n","protected":false},"author":1,"featured_media":0,"parent":0,"menu_order":0,"comment_status":"closed","ping_status":"closed","template":"","meta":{"_bbp_topic_count":0,"_bbp_reply_count":0,"_bbp_total_topic_count":0,"_bbp_total_reply_count":0,"_bbp_voice_count":0,"_bbp_anonymous_reply_count":0,"_bbp_topic_count_hidden":0,"_bbp_reply_count_hidden":0,"_bbp_forum_subforum_count":0,"om_disable_all_campaigns":false,"_uag_custom_page_level_css":"","_mi_skip_tracking":false,"_monsterinsights_sitenote_active":false,"_monsterinsights_sitenote_note":"","_monsterinsights_sitenote_category":0,"site-sidebar-layout":"default","site-content-layout":"default","ast-global-header-display":"","ast-main-header-display":"","ast-hfb-above-header-display":"","ast-hfb-below-header-display":"","ast-hfb-mobile-header-display":"","site-post-title":"","ast-breadcrumbs-content":"","ast-featured-img":"","footer-sml-layout":"","theme-transparent-header-meta":"default","adv-header-id-meta":"","stick-header-meta":"","header-above-stick-meta":"","header-main-stick-meta":"","header-below-stick-meta":"","footnotes":""},"class_list":["post-987","page","type-page","status-publish","hentry"],"aioseo_notices":[],"uagb_featured_image_src":{"full":false,"thumbnail":false,"medium":false,"medium_large":false,"large":false,"post-slider-thumb-size":false,"1536x1536":false,"2048x2048":false},"uagb_author_info":{"display_name":"solucaopublicidades@hotmail.com","author_link":"https:\/\/holosofia.com.br\/?author=1"},"uagb_comment_info":0,"uagb_excerpt":"24 \u2013 AMOR Publicado em 21.10.06 &nbsp; Os lexic\u00f3grafos definem amor como sentimento de dedica\u00e7\u00e3o absoluta de um ser a outro, ou a uma coisa, um sentimento que predisp\u00f5e algu\u00e9m a desejar o bem a outrem. Os poetas flexibilizam a palavra amor para expressar um sentimento de envolvimento e encantamento entre as pessoas e das&hellip;","_links":{"self":[{"href":"https:\/\/holosofia.com.br\/index.php?rest_route=\/wp\/v2\/pages\/987","targetHints":{"allow":["GET"]}}],"collection":[{"href":"https:\/\/holosofia.com.br\/index.php?rest_route=\/wp\/v2\/pages"}],"about":[{"href":"https:\/\/holosofia.com.br\/index.php?rest_route=\/wp\/v2\/types\/page"}],"author":[{"embeddable":true,"href":"https:\/\/holosofia.com.br\/index.php?rest_route=\/wp\/v2\/users\/1"}],"replies":[{"embeddable":true,"href":"https:\/\/holosofia.com.br\/index.php?rest_route=%2Fwp%2Fv2%2Fcomments&post=987"}],"version-history":[{"count":1,"href":"https:\/\/holosofia.com.br\/index.php?rest_route=\/wp\/v2\/pages\/987\/revisions"}],"predecessor-version":[{"id":988,"href":"https:\/\/holosofia.com.br\/index.php?rest_route=\/wp\/v2\/pages\/987\/revisions\/988"}],"wp:attachment":[{"href":"https:\/\/holosofia.com.br\/index.php?rest_route=%2Fwp%2Fv2%2Fmedia&parent=987"}],"curies":[{"name":"wp","href":"https:\/\/api.w.org\/{rel}","templated":true}]}}