{"id":971,"date":"2023-01-04T02:02:57","date_gmt":"2023-01-04T02:02:57","guid":{"rendered":"https:\/\/holosofia.com.br\/?page_id=971"},"modified":"2023-01-04T02:02:57","modified_gmt":"2023-01-04T02:02:57","slug":"holocoluna-0021","status":"publish","type":"page","link":"https:\/\/holosofia.com.br\/?page_id=971","title":{"rendered":"HOLOCOLUNA &#8211; 0021"},"content":{"rendered":"<h2>21 \u2013 ALTRU\u00cdSMO \u00c9 SA\u00daDE<\/h2>\n<h3 style=\"text-align: right;\">Publicado em 23.09.06<\/h3>\n<h3><\/h3>\n<h3>Sa\u00fade, segundo a Organiza\u00e7\u00e3o Mundial de Sa\u00fade (OMS), \u00e9, al\u00e9m da aus\u00eancia de doen\u00e7a, a sensa\u00e7\u00e3o de bem-estar f\u00edsico, mental e social. O Programa Holos\u00f3fico de Sa\u00fade (PHS) acrescenta&#8230; e <strong>espiritual.<\/strong><\/h3>\n<h3>Talvez a virtude que mais d\u00ea a sensa\u00e7\u00e3o de bem-estar f\u00edsico, mental, social e espiritual seja o altru\u00edsmo que, segundo Aur\u00e9lio Buarque de Holanda, \u00e9 o sentimento de quem p\u00f5e o interesse alheio acima do seu pr\u00f3prio.<\/h3>\n<h3>Jesus tinha uma forma especial de recomendar o altru\u00edsmo: \u201cAmai-vos uns aos outros\u201d.<\/h3>\n<h3>Quando nos detemos a refletir sobre as grandes conquistas \u2013 <em>meios de combate \u00e0s doen\u00e7as, previs\u00e3o do tempo, conquista espacial&#8230;<\/em>\u2013 e inventos \u2013 <em>o asfalto, o autom\u00f3vel, o avi\u00e3o, o submarino, o telefone, a televis\u00e3o, a internet, a rob\u00f3tica,\u00a0 a anestesia, o medicamento, o transplante de \u00f3rg\u00e3os&#8230;<\/em> \u2013 do homem ao longo da Hist\u00f3ria, conclu\u00edmos ser essa criatura portadora de uma intelig\u00eancia bem diferenciada, um semi-deus.<\/h3>\n<h3>Por outro lado, surge um misto de d\u00favida com perplexidade quanto a esta intelig\u00eancia bem diferenciada, quando analisamos o contexto das rela\u00e7\u00f5es humanas, pois a\u00ed parece que n\u00e3o houve nenhum progresso.<\/h3>\n<h3>Atualmente, contabilizamos, no mundo inteiro, um n\u00famero expressivo de fam\u00edlias desagregadas, e, a raz\u00e3o desta desagrega\u00e7\u00e3o reside na incompet\u00eancia das pessoas em conciliarem as diferen\u00e7as individuais e administrarem uma conviv\u00eancia harm\u00f4nica.<\/h3>\n<h3>No ambiente de trabalho, assistimos \u00e0 cultura de apologia \u00e0 competi\u00e7\u00e3o, ao ego\u00edsmo. Vemos este campo de aplicabilidade pr\u00e1tica da intelig\u00eancia bem diferenciada, campo da sobreviv\u00eancia humana, se transformando num abomin\u00e1vel campo de batalha, onde, em alguns momentos, guerras, no sentido literal da palavra, s\u00e3o travadas e, quase sempre de modo perverso e covarde.<\/h3>\n<h3>Pela facilidade com que os meios de comunica\u00e7\u00e3o veiculam as not\u00edcias, parece que as guerras, sejam as guerras urbanas ou as guerras entre as na\u00e7\u00f5es, v\u00eam ocupando a maior parte do tempo dos notici\u00e1rios na TV.<\/h3>\n<h3>Este clima de guerra tamb\u00e9m sugere a incompet\u00eancia do homem em conviver socialmente, respeitando as individualidades ou o pouco interesse por uma vida cordial e humana, pois as m\u00faltiplas raz\u00f5es \u2013 <em>desejo de lucros, imposi\u00e7\u00e3o de poder, fanatismo religioso <\/em>\u2013 de tanta viol\u00eancia n\u00e3o justificam as humilha\u00e7\u00f5es, os sofrimentos e as mortes causadas a tanta gente, muitas das quais inocentes. Isto, sem falar no preju\u00edzo cultural e econ\u00f4mico causado aos povos, uma vez que obras-de-arte antigas e constru\u00e7\u00f5es milenares, pr\u00e9dios, estradas e pontes s\u00e3o igualmente atingidas.<\/h3>\n<h3>H\u00e1 de se concluir que meia d\u00fazia de pessoas vive alimentando a id\u00e9ia de estar lucrando\u00a0 com esta realidade violenta, talvez os fabricantes das armas e arsenal b\u00e9lico em geral, incluindo a\u00ed os ve\u00edculos da \u00e1gua, da terra e do mar.<\/h3>\n<h3>A essas pessoas falta-lhes o altru\u00edsmo, falta-lhes a compet\u00eancia de viver humanamente, portanto, falta-lhes a <strong>sa\u00fade<\/strong>.<\/h3>\n<p>&nbsp;<\/p>\n<p>&nbsp;<\/p>\n<p>&nbsp;<\/p>\n","protected":false},"excerpt":{"rendered":"<p>21 \u2013 ALTRU\u00cdSMO \u00c9 SA\u00daDE Publicado em 23.09.06 Sa\u00fade, segundo a Organiza\u00e7\u00e3o Mundial de Sa\u00fade (OMS), \u00e9, al\u00e9m da aus\u00eancia de doen\u00e7a, a sensa\u00e7\u00e3o de bem-estar f\u00edsico, mental e social. O Programa Holos\u00f3fico de Sa\u00fade (PHS) acrescenta&#8230; e espiritual. Talvez a virtude que mais d\u00ea a sensa\u00e7\u00e3o de bem-estar f\u00edsico, mental, social e espiritual seja &hellip;<\/p>\n<p class=\"read-more\"> <a class=\"\" href=\"https:\/\/holosofia.com.br\/?page_id=971\"> <span class=\"screen-reader-text\">HOLOCOLUNA &#8211; 0021<\/span> Leia mais &raquo;<\/a><\/p>\n","protected":false},"author":1,"featured_media":0,"parent":0,"menu_order":0,"comment_status":"closed","ping_status":"closed","template":"","meta":{"_bbp_topic_count":0,"_bbp_reply_count":0,"_bbp_total_topic_count":0,"_bbp_total_reply_count":0,"_bbp_voice_count":0,"_bbp_anonymous_reply_count":0,"_bbp_topic_count_hidden":0,"_bbp_reply_count_hidden":0,"_bbp_forum_subforum_count":0,"om_disable_all_campaigns":false,"_uag_custom_page_level_css":"","_mi_skip_tracking":false,"_monsterinsights_sitenote_active":false,"_monsterinsights_sitenote_note":"","_monsterinsights_sitenote_category":0,"site-sidebar-layout":"default","site-content-layout":"default","ast-global-header-display":"","ast-main-header-display":"","ast-hfb-above-header-display":"","ast-hfb-below-header-display":"","ast-hfb-mobile-header-display":"","site-post-title":"","ast-breadcrumbs-content":"","ast-featured-img":"","footer-sml-layout":"","theme-transparent-header-meta":"default","adv-header-id-meta":"","stick-header-meta":"","header-above-stick-meta":"","header-main-stick-meta":"","header-below-stick-meta":"","footnotes":""},"class_list":["post-971","page","type-page","status-publish","hentry"],"aioseo_notices":[],"uagb_featured_image_src":{"full":false,"thumbnail":false,"medium":false,"medium_large":false,"large":false,"post-slider-thumb-size":false,"1536x1536":false,"2048x2048":false},"uagb_author_info":{"display_name":"solucaopublicidades@hotmail.com","author_link":"https:\/\/holosofia.com.br\/?author=1"},"uagb_comment_info":0,"uagb_excerpt":"21 \u2013 ALTRU\u00cdSMO \u00c9 SA\u00daDE Publicado em 23.09.06 Sa\u00fade, segundo a Organiza\u00e7\u00e3o Mundial de Sa\u00fade (OMS), \u00e9, al\u00e9m da aus\u00eancia de doen\u00e7a, a sensa\u00e7\u00e3o de bem-estar f\u00edsico, mental e social. O Programa Holos\u00f3fico de Sa\u00fade (PHS) acrescenta&#8230; e espiritual. Talvez a virtude que mais d\u00ea a sensa\u00e7\u00e3o de bem-estar f\u00edsico, mental, social e espiritual seja&hellip;","_links":{"self":[{"href":"https:\/\/holosofia.com.br\/index.php?rest_route=\/wp\/v2\/pages\/971","targetHints":{"allow":["GET"]}}],"collection":[{"href":"https:\/\/holosofia.com.br\/index.php?rest_route=\/wp\/v2\/pages"}],"about":[{"href":"https:\/\/holosofia.com.br\/index.php?rest_route=\/wp\/v2\/types\/page"}],"author":[{"embeddable":true,"href":"https:\/\/holosofia.com.br\/index.php?rest_route=\/wp\/v2\/users\/1"}],"replies":[{"embeddable":true,"href":"https:\/\/holosofia.com.br\/index.php?rest_route=%2Fwp%2Fv2%2Fcomments&post=971"}],"version-history":[{"count":1,"href":"https:\/\/holosofia.com.br\/index.php?rest_route=\/wp\/v2\/pages\/971\/revisions"}],"predecessor-version":[{"id":972,"href":"https:\/\/holosofia.com.br\/index.php?rest_route=\/wp\/v2\/pages\/971\/revisions\/972"}],"wp:attachment":[{"href":"https:\/\/holosofia.com.br\/index.php?rest_route=%2Fwp%2Fv2%2Fmedia&parent=971"}],"curies":[{"name":"wp","href":"https:\/\/api.w.org\/{rel}","templated":true}]}}