{"id":966,"date":"2023-01-04T02:01:44","date_gmt":"2023-01-04T02:01:44","guid":{"rendered":"https:\/\/holosofia.com.br\/?page_id=966"},"modified":"2023-01-04T02:02:06","modified_gmt":"2023-01-04T02:02:06","slug":"holocoluna-0020","status":"publish","type":"page","link":"https:\/\/holosofia.com.br\/?page_id=966","title":{"rendered":"HOLOCOLUNA &#8211; 0020"},"content":{"rendered":"<ol start=\"20\">\n<li>\n<h2>Agente Comunit\u00e1ria de Sa\u00fade ou Anjo da Guarda?<\/h2>\n<\/li>\n<\/ol>\n<h3 style=\"text-align: right;\">Publicado em 16.09.06<\/h3>\n<h3><\/h3>\n<h3>Como vimos no artigo anterior, o Programa de Sa\u00fade da Fam\u00edlia (PSF) se constitui na mais nova estrat\u00e9gia no setor sa\u00fade, sintonizada com os princ\u00edpios do SUS, mas basicamente voltada \u00e0 permanente defesa da vida do cidad\u00e3o.<\/h3>\n<h3>Tamb\u00e9m, vimos que a equipe do PSF \u00e9 multiprofissional, tendo como elemento de ponta a Agente Comunit\u00e1ria de Sa\u00fade (ACS), aquela que se dedica a intermin\u00e1veis caminhadas di\u00e1rias com o objetivo de visitar os domic\u00edlios para obter o perfil de sa\u00fade das pessoas assim como para certificar-se do uso adequado da medica\u00e7\u00e3o prescrita e do seguimento das orienta\u00e7\u00f5es m\u00e9dicas.<\/h3>\n<h3>A ACS deve dispor de conhecimentos b\u00e1sicos necess\u00e1rios para registrar os dados fornecidos pelo usu\u00e1rio, e tamb\u00e9m compreender aquilo que os demais profissionais da equipe expressam nos prontu\u00e1rios e nas receitas.<\/h3>\n<h3>Assim, com o objetivo de melhor capacitar a ACS, o Programa Holos\u00f3fico de Sa\u00fade (PHS) resolveu introduzir no contexto do Programa de Valoriza\u00e7\u00e3o do Servidor a atividade pedag\u00f3gica dentro das cinco equipes do PSF atuantes em Cajuru. Este evento est\u00e1 programado para a terceira quarta-feira de cada m\u00eas e tem o prop\u00f3sito maior de mobilizar o potencial intelectual de cada ACS, deixando-a melhor situada na equipe. Isto significa democratizar o conhecimento, lembrando ser um acontecimento aberto \u00e0 todos da comunidade. Venha participar!<\/h3>\n<h3>Na tarde do dia 13 deste, as equipes do PSF estiveram reunidas, juntamente com in\u00fameros convidados de outras unidades de sa\u00fade e pessoas da pr\u00f3pria comunidade, para desfrutarem de uma aula magn\u00e2nima, ministra, em parceria, por duas ACS \u2013 C\u00e9lia Cristina da Silva Barbosa e Jeane Alves da Silva \u2013, ambas pertencentes \u00e0 equipe do PSF do bairro da Piscina.<\/h3>\n<h3>Estas colegas de trabalho vieram comprovar a import\u00e2ncia de se aceitar desafios rumo ao crescimento pessoal e ao aprimoramento profissional. Elas ousaram escolher um tema extremamente complexo at\u00e9 mesmo para o profissional m\u00e9dico \u2013 DEPRESS\u00c3O. Mesmo assim, deram um show, n\u00e3o apenas sob o aspecto did\u00e1tico, mas tamb\u00e9m pela demonstra\u00e7\u00e3o do quanto pesquisaram, estudaram e assimilaram esta doen\u00e7a que tanto acomete as pessoas nas diferentes faixas et\u00e1rias no mundo moderno, especialmente as mulheres.<\/h3>\n<h3>Portanto, o presente artigo representa um justo reconhecimento p\u00fablico do valor profissional de duas colegas que t\u00eam demonstrado compet\u00eancia, dedica\u00e7\u00e3o e zelo na execu\u00e7\u00e3o de suas atividades profissionais, no \u00e2mbito do Servidor Municipal de Cajuru.<\/h3>\n<h3>Talvez n\u00e3o tenhamos a oportunidade de render esta merecida homenagem a todas as colegas, mas certamente n\u00e3o nos sentiremos surpresos com futuras e grandes revela\u00e7\u00f5es de outras ACS igualmente exemplares. Por isso, estendemos esta manifesta\u00e7\u00e3o de afeto \u00e0s pr\u00f3ximas neo-professoras das cinco equipes do PSF, incluindo as suas respectivas coordenadoras.<\/h3>\n<h3>Finalmente, \u00e9 imperativo ressaltar o quanto saud\u00e1vel nos parece exaltar as qualidades dos nossos semelhantes. Tal atitude resultar\u00e1 numa sensa\u00e7\u00e3o de bem-estar f\u00edsico, mental, social e espiritual, ou seja, num estado, reconhecidamente, de sa\u00fade \u00e0s pessoas, tanto do lado de l\u00e1 e do lado de c\u00e1.<\/h3>\n<h2><\/h2>\n<h2><\/h2>\n<h2><\/h2>\n<p>&nbsp;<\/p>\n<p>&nbsp;<\/p>\n","protected":false},"excerpt":{"rendered":"<p>Agente Comunit\u00e1ria de Sa\u00fade ou Anjo da Guarda? Publicado em 16.09.06 Como vimos no artigo anterior, o Programa de Sa\u00fade da Fam\u00edlia (PSF) se constitui na mais nova estrat\u00e9gia no setor sa\u00fade, sintonizada com os princ\u00edpios do SUS, mas basicamente voltada \u00e0 permanente defesa da vida do cidad\u00e3o. Tamb\u00e9m, vimos que a equipe do PSF &hellip;<\/p>\n<p class=\"read-more\"> <a class=\"\" href=\"https:\/\/holosofia.com.br\/?page_id=966\"> <span class=\"screen-reader-text\">HOLOCOLUNA &#8211; 0020<\/span> Leia mais &raquo;<\/a><\/p>\n","protected":false},"author":1,"featured_media":0,"parent":0,"menu_order":0,"comment_status":"closed","ping_status":"closed","template":"","meta":{"_bbp_topic_count":0,"_bbp_reply_count":0,"_bbp_total_topic_count":0,"_bbp_total_reply_count":0,"_bbp_voice_count":0,"_bbp_anonymous_reply_count":0,"_bbp_topic_count_hidden":0,"_bbp_reply_count_hidden":0,"_bbp_forum_subforum_count":0,"om_disable_all_campaigns":false,"_uag_custom_page_level_css":"","_mi_skip_tracking":false,"_monsterinsights_sitenote_active":false,"_monsterinsights_sitenote_note":"","_monsterinsights_sitenote_category":0,"site-sidebar-layout":"default","site-content-layout":"default","ast-global-header-display":"","ast-main-header-display":"","ast-hfb-above-header-display":"","ast-hfb-below-header-display":"","ast-hfb-mobile-header-display":"","site-post-title":"","ast-breadcrumbs-content":"","ast-featured-img":"","footer-sml-layout":"","theme-transparent-header-meta":"default","adv-header-id-meta":"","stick-header-meta":"","header-above-stick-meta":"","header-main-stick-meta":"","header-below-stick-meta":"","footnotes":""},"class_list":["post-966","page","type-page","status-publish","hentry"],"aioseo_notices":[],"uagb_featured_image_src":{"full":false,"thumbnail":false,"medium":false,"medium_large":false,"large":false,"post-slider-thumb-size":false,"1536x1536":false,"2048x2048":false},"uagb_author_info":{"display_name":"solucaopublicidades@hotmail.com","author_link":"https:\/\/holosofia.com.br\/?author=1"},"uagb_comment_info":0,"uagb_excerpt":"Agente Comunit\u00e1ria de Sa\u00fade ou Anjo da Guarda? Publicado em 16.09.06 Como vimos no artigo anterior, o Programa de Sa\u00fade da Fam\u00edlia (PSF) se constitui na mais nova estrat\u00e9gia no setor sa\u00fade, sintonizada com os princ\u00edpios do SUS, mas basicamente voltada \u00e0 permanente defesa da vida do cidad\u00e3o. Tamb\u00e9m, vimos que a equipe do PSF&hellip;","_links":{"self":[{"href":"https:\/\/holosofia.com.br\/index.php?rest_route=\/wp\/v2\/pages\/966","targetHints":{"allow":["GET"]}}],"collection":[{"href":"https:\/\/holosofia.com.br\/index.php?rest_route=\/wp\/v2\/pages"}],"about":[{"href":"https:\/\/holosofia.com.br\/index.php?rest_route=\/wp\/v2\/types\/page"}],"author":[{"embeddable":true,"href":"https:\/\/holosofia.com.br\/index.php?rest_route=\/wp\/v2\/users\/1"}],"replies":[{"embeddable":true,"href":"https:\/\/holosofia.com.br\/index.php?rest_route=%2Fwp%2Fv2%2Fcomments&post=966"}],"version-history":[{"count":1,"href":"https:\/\/holosofia.com.br\/index.php?rest_route=\/wp\/v2\/pages\/966\/revisions"}],"predecessor-version":[{"id":967,"href":"https:\/\/holosofia.com.br\/index.php?rest_route=\/wp\/v2\/pages\/966\/revisions\/967"}],"wp:attachment":[{"href":"https:\/\/holosofia.com.br\/index.php?rest_route=%2Fwp%2Fv2%2Fmedia&parent=966"}],"curies":[{"name":"wp","href":"https:\/\/api.w.org\/{rel}","templated":true}]}}