{"id":963,"date":"2023-01-04T02:00:14","date_gmt":"2023-01-04T02:00:14","guid":{"rendered":"https:\/\/holosofia.com.br\/?page_id=963"},"modified":"2023-01-04T02:00:42","modified_gmt":"2023-01-04T02:00:42","slug":"holocoluna-0019","status":"publish","type":"page","link":"https:\/\/holosofia.com.br\/?page_id=963","title":{"rendered":"HOLOCOLUNA &#8211; 0019"},"content":{"rendered":"<ol start=\"19\">\n<li>\n<h2>O PROGRAMA DE SA\u00daDE DA FAM\u00cdLIA \u2013 PSF<\/h2>\n<\/li>\n<\/ol>\n<h3 style=\"text-align: right;\">Publicado em 09.09.06<\/h3>\n<h3><\/h3>\n<h3>A Constitui\u00e7\u00e3o da Rep\u00fablica Federativa do Brasil de 1988, no T\u00edtulo VIII da Ordem Social, no Cap\u00edtulo I, da Disposi\u00e7\u00e3o Geral, no Art.193 diz: A ordem social tem como base o primado do trabalho, e como objetivo o bem-estar e a justi\u00e7a sociais. No Cap\u00edtulo II, Se\u00e7\u00e3o II, da Sa\u00fade, no Art. 196 expressa: A sa\u00fade \u00e9 direito de todos e dever do Estado, garantindo mediante pol\u00edticas sociais e econ\u00f4micas que visem \u00e0 redu\u00e7\u00e3o do risco de doen\u00e7a e de outros agravos e ao acesso universal e igualit\u00e1rio \u00e0s a\u00e7\u00f5es e servi\u00e7os para sua promo\u00e7\u00e3o, prote\u00e7\u00e3o e recupera\u00e7\u00e3o.<\/h3>\n<h3>Pelo acima exposto conclui-se que o SUS n\u00e3o \u00e9 um produto acabado. Ele \u00e9 uma aspira\u00e7\u00e3o nacional constitu\u00edda de princ\u00edpios e diretrizes. O SUS fundamenta-se em tr\u00eas princ\u00edpios: universalidade, igualdade e equidade. A equidade significa tratar as diferen\u00e7as em busca da igualdade. Portanto, se uma a\u00e7\u00e3o contempla a igualdade, contempla o SUS.<\/h3>\n<h3>A Aten\u00e7\u00e3o B\u00e1sica \u00e0 Sa\u00fade, com base na Lei Org\u00e2nica de Sa\u00fade (Lei 8.080) tem como fundamento os princ\u00edpios do SUS, e se constitui num conjunto de a\u00e7\u00f5es, de car\u00e1ter individual ou coletivo, situadas no primeiro n\u00edvel de aten\u00e7\u00e3o dos sistemas de sa\u00fade, voltadas para a promo\u00e7\u00e3o da sa\u00fade, a preven\u00e7\u00e3o de agravos, o tratamento e a reabilita\u00e7\u00e3o.<\/h3>\n<h3>Por fim, surge o Programa Sa\u00fade da Fam\u00edlia (PSF) como a mais nova estrat\u00e9gia no setor sa\u00fade, tamb\u00e9m sintonizada com os princ\u00edpios do SUS, mas basicamente voltada \u00e0 permanente defesa da vida do cidad\u00e3o. O PSF deve realizar uma assist\u00eancia integral, cont\u00ednua e de qualidade, desenvolvida por uma equipe multiprofissional na pr\u00f3pria unidade e nos domic\u00edlios. A equipe \u00e9 composta por m\u00e9dico, enfermeiro, auxiliar de enfermagem e quatro ou seis agentes comunit\u00e1rios de sa\u00fade.<\/h3>\n<h3>Neste momento, devo fazer uma pausa e repetir esta leitura at\u00e9 aqui, fazendo uma merecida reflex\u00e3o. Mas para que?<\/h3>\n<h3>Para, como cidad\u00e3o brasileiro, poder reconhecer o esfor\u00e7o dos dirigentes na busca de um atendimento global e eficiente \u00e0 sa\u00fade da nossa gente. Assim, estarei mais preparado para colocar-me a servi\u00e7o da divulga\u00e7\u00e3o das informa\u00e7\u00f5es necess\u00e1rias \u00e0 compreens\u00e3o da import\u00e2ncia do trabalho da equipe de profissionais do PSF.<\/h3>\n<h3>Em nossa Cajuru, dispomos de cinco equipes de PSF trabalhando continuamente nos bairros mais populosos e carentes de aten\u00e7\u00e3o global \u00e0 sa\u00fade. S\u00e3o profissionais\u00a0 competentes, atenciosos e dedicados na busca do bem comum.<\/h3>\n<h3>O reconhecimento da popula\u00e7\u00e3o j\u00e1 existe, mas precisa melhorar. E isto ser\u00e1 poss\u00edvel com a boa vontade de cada fam\u00edlia em receber os agentes comunit\u00e1rios, prestando-lhes todas as informa\u00e7\u00f5es necess\u00e1rias. Tamb\u00e9m, com a aten\u00e7\u00e3o e o cumprimento das orienta\u00e7\u00f5es fornecidas pelos demais profissionais \u2013 auxiliar de enfermagem, enfermeira e m\u00e9dico \u2013 relacionadas \u00e0 forma de vida, \u00e0 escolha dos alimentos, \u00e0 modera\u00e7\u00e3o no uso de gorduras, sal e outros condimentos, ao abandono de uso de drogas l\u00edcitas e il\u00edcitas. Tudo isto, no aspecto preventivo de futuras doen\u00e7as. Por outro lado, \u00e9 importante estar atento para o uso correto da medica\u00e7\u00e3o prescrita pelo m\u00e9dico.<\/h3>\n<h3>\u00a0Neste contexto, ressaltamos o papel decisivo da fam\u00edlia quanto \u00e0 necessidade de se manter unida e informada dos esfor\u00e7os direcionados \u00e0 aten\u00e7\u00e3o \u00e0 sa\u00fade de todos.<\/h3>\n<h3>Finalmente, resta a grande verdade: cada um deve fazer a sua parte. Fa\u00e7a a sua!<\/h3>\n<h3>A sa\u00fade \u00e9 fundamental na melhoria da qualidade de vida nossa de nossa fam\u00edlia.<\/h3>\n<p>&nbsp;<\/p>\n<p>&nbsp;<\/p>\n<p>&nbsp;<\/p>\n","protected":false},"excerpt":{"rendered":"<p>O PROGRAMA DE SA\u00daDE DA FAM\u00cdLIA \u2013 PSF Publicado em 09.09.06 A Constitui\u00e7\u00e3o da Rep\u00fablica Federativa do Brasil de 1988, no T\u00edtulo VIII da Ordem Social, no Cap\u00edtulo I, da Disposi\u00e7\u00e3o Geral, no Art.193 diz: A ordem social tem como base o primado do trabalho, e como objetivo o bem-estar e a justi\u00e7a sociais. No &hellip;<\/p>\n<p class=\"read-more\"> <a class=\"\" href=\"https:\/\/holosofia.com.br\/?page_id=963\"> <span class=\"screen-reader-text\">HOLOCOLUNA &#8211; 0019<\/span> Leia mais &raquo;<\/a><\/p>\n","protected":false},"author":1,"featured_media":0,"parent":0,"menu_order":0,"comment_status":"closed","ping_status":"closed","template":"","meta":{"_bbp_topic_count":0,"_bbp_reply_count":0,"_bbp_total_topic_count":0,"_bbp_total_reply_count":0,"_bbp_voice_count":0,"_bbp_anonymous_reply_count":0,"_bbp_topic_count_hidden":0,"_bbp_reply_count_hidden":0,"_bbp_forum_subforum_count":0,"om_disable_all_campaigns":false,"_uag_custom_page_level_css":"","_mi_skip_tracking":false,"_monsterinsights_sitenote_active":false,"_monsterinsights_sitenote_note":"","_monsterinsights_sitenote_category":0,"site-sidebar-layout":"default","site-content-layout":"default","ast-global-header-display":"","ast-main-header-display":"","ast-hfb-above-header-display":"","ast-hfb-below-header-display":"","ast-hfb-mobile-header-display":"","site-post-title":"","ast-breadcrumbs-content":"","ast-featured-img":"","footer-sml-layout":"","theme-transparent-header-meta":"default","adv-header-id-meta":"","stick-header-meta":"","header-above-stick-meta":"","header-main-stick-meta":"","header-below-stick-meta":"","footnotes":""},"class_list":["post-963","page","type-page","status-publish","hentry"],"aioseo_notices":[],"uagb_featured_image_src":{"full":false,"thumbnail":false,"medium":false,"medium_large":false,"large":false,"post-slider-thumb-size":false,"1536x1536":false,"2048x2048":false},"uagb_author_info":{"display_name":"solucaopublicidades@hotmail.com","author_link":"https:\/\/holosofia.com.br\/?author=1"},"uagb_comment_info":0,"uagb_excerpt":"O PROGRAMA DE SA\u00daDE DA FAM\u00cdLIA \u2013 PSF Publicado em 09.09.06 A Constitui\u00e7\u00e3o da Rep\u00fablica Federativa do Brasil de 1988, no T\u00edtulo VIII da Ordem Social, no Cap\u00edtulo I, da Disposi\u00e7\u00e3o Geral, no Art.193 diz: A ordem social tem como base o primado do trabalho, e como objetivo o bem-estar e a justi\u00e7a sociais. No&hellip;","_links":{"self":[{"href":"https:\/\/holosofia.com.br\/index.php?rest_route=\/wp\/v2\/pages\/963","targetHints":{"allow":["GET"]}}],"collection":[{"href":"https:\/\/holosofia.com.br\/index.php?rest_route=\/wp\/v2\/pages"}],"about":[{"href":"https:\/\/holosofia.com.br\/index.php?rest_route=\/wp\/v2\/types\/page"}],"author":[{"embeddable":true,"href":"https:\/\/holosofia.com.br\/index.php?rest_route=\/wp\/v2\/users\/1"}],"replies":[{"embeddable":true,"href":"https:\/\/holosofia.com.br\/index.php?rest_route=%2Fwp%2Fv2%2Fcomments&post=963"}],"version-history":[{"count":1,"href":"https:\/\/holosofia.com.br\/index.php?rest_route=\/wp\/v2\/pages\/963\/revisions"}],"predecessor-version":[{"id":964,"href":"https:\/\/holosofia.com.br\/index.php?rest_route=\/wp\/v2\/pages\/963\/revisions\/964"}],"wp:attachment":[{"href":"https:\/\/holosofia.com.br\/index.php?rest_route=%2Fwp%2Fv2%2Fmedia&parent=963"}],"curies":[{"name":"wp","href":"https:\/\/api.w.org\/{rel}","templated":true}]}}