{"id":952,"date":"2023-01-04T01:57:53","date_gmt":"2023-01-04T01:57:53","guid":{"rendered":"https:\/\/holosofia.com.br\/?page_id=952"},"modified":"2023-01-04T01:57:53","modified_gmt":"2023-01-04T01:57:53","slug":"holocoluna-0018","status":"publish","type":"page","link":"https:\/\/holosofia.com.br\/?page_id=952","title":{"rendered":"HOLOCOLUNA &#8211; 0018"},"content":{"rendered":"<ol start=\"18\">\n<li>\n<h2>O PROGRAMA HOLOS\u00d3FICO DE SA\u00daDE \u2013 PHS<\/h2>\n<\/li>\n<\/ol>\n<h3 style=\"text-align: right;\">Publicado em 02.09.06<\/h3>\n<h3><strong>\u00a0<\/strong><\/h3>\n<h3><strong>P<\/strong> &#8211; O que \u00e9 o PHS?<\/h3>\n<h3><strong>R<\/strong> &#8211; \u00c9 um programa de sa\u00fade origin\u00e1rio da Holosofia; ele se constitui num conjunto de a\u00e7\u00f5es hol\u00edsticas destinado ao tratamento das doen\u00e7as, \u00e0 manuten\u00e7\u00e3o da sa\u00fade e \u00e0 promo\u00e7\u00e3o do indiv\u00edduo no contexto social, mas tamb\u00e9m \u00e0 racionaliza\u00e7\u00e3o dos investimentos e \u00e0 melhoria da qualidade dos servi\u00e7os prestados.<\/h3>\n<h3><strong>P<\/strong> &#8211; O que \u00e9 Holosofia?<\/h3>\n<h3><strong>R<\/strong> &#8211; HOLOSOFIA \u2013 <em>(Gr. holos, inteiro, pleno, completo; Sofia, sabedoria)<\/em> \u00e9 a ci\u00eancia\/arte cujos princ\u00edpios proporcionam uma vida \u00e9tico-existencial plena, mediante a expans\u00e3o da consci\u00eancia pela medita\u00e7\u00e3o.<\/h3>\n<h3><strong>P<\/strong> &#8211; Como atua, na pr\u00e1tica, este revolucion\u00e1rio PHS?<\/h3>\n<h3><strong>R<\/strong>&#8211; A exeq\u00fcibilidade do PHS acontece atrav\u00e9s do Programa de Valoriza\u00e7\u00e3o do Servidor (PVS) e do Programa de Valoriza\u00e7\u00e3o do Servido (PVSD), de forma inclusivista, isto \u00e9, contemplando todas as pessoas, independentemente do sexo, cor, ra\u00e7a, nacionalidade, credo religioso, prefer\u00eancia pol\u00edtico-partid\u00e1ria ou condi\u00e7\u00e3o s\u00f3cio-econ\u00f4mica.<\/h3>\n<h3>O PVS prioriza a sa\u00fade, a satisfa\u00e7\u00e3o, a capacita\u00e7\u00e3o e a integra\u00e7\u00e3o pessoal e profissional do servidor, a come\u00e7ar pelo cadastramento individual, levantamento do seu perfil de sa\u00fade f\u00edsico-mental e conseq\u00fcente tratamento. Num segundo momento, proporciona workshop de crescimento pessoal e curso de aprimoramento profissional.<\/h3>\n<h3>O PVSD enfatiza as medidas de sa\u00fade preventivas e curativas, mas estimula a pr\u00e1tica de atividades f\u00edsicas, culturais e educacionais.<\/h3>\n<h3>Num ponto comum a estas duas vertentes, aplicam-se a\u00e7\u00f5es administrativas como a elabora\u00e7\u00e3o de organograma, adequa\u00e7\u00e3o do espa\u00e7o f\u00edsico de trabalho e racionaliza\u00e7\u00e3o dos investimentos.<\/h3>\n<h3>Os resultados obtidos alimentam o Banco Holos\u00f3fico de Dados (BHD), o qual se prop\u00f5e a disponibilizar todas as informa\u00e7\u00f5es.<\/h3>\n<h3><strong>P<\/strong> &#8211; O que o PHS entende por sa\u00fade?<\/h3>\n<h3><strong>R &#8211; <\/strong>Ele concorda e amplia o conceito da Organiza\u00e7\u00e3o Mundial de Sa\u00fade (OMS) ao afirmar que Sa\u00fade \u00e9, al\u00e9m da aus\u00eancia de doen\u00e7a, a sensa\u00e7\u00e3o de bem-estar f\u00edsico, mental, social e <strong>espiritual.<\/strong><\/h3>\n<h3><strong>P<\/strong> &#8211; Qual a rela\u00e7\u00e3o da Biblioteca com a Sa\u00fade?<\/h3>\n<h3><strong>R<\/strong> &#8211; Tem tudo a ver. A leitura n\u00e3o s\u00f3 promove culturalmente o indiv\u00edduo, mas tamb\u00e9m lhe d\u00e1 prazer, que por sua vez proporciona sensa\u00e7\u00e3o de bem-estar f\u00edsico, mental e espiritual, o que significa sa\u00fade. Acrescente-se a isto a mesma sensa\u00e7\u00e3o levada \u00e0 madrinha e seus familiares, como no caso da Biblioteca Prof \u00aa\u00a0 Jamile Lourdes Elias (Tia Doca). Portanto, sa\u00fade em dose dupla.<\/h3>\n<h3><strong>P<\/strong> &#8211; Qual a raz\u00e3o do PHS promover o Holo-motociclismo e ainda fundar o Holo-motos Cajuru Clube?<\/h3>\n<h3><strong>R<\/strong> &#8211; O Holo-motociclismo \u00e9 uma atividade recreativa que d\u00e1 muito prazer e boas sensa\u00e7\u00f5es; ele ainda se constitui num belo movimento de socializa\u00e7\u00e3o. A funda\u00e7\u00e3o do clube visa aglutinar, unir e reunir pessoas com id\u00eanticas prefer\u00eancias de lazer, enquanto vem homenagear um motociclista cajuruense renomado internacionalmente, no auge do seu vigor de desportista plural, pois atualmente exerce a fun\u00e7\u00e3o de instrutor de piloto de\u00a0 caminh\u00e3o, na categoria truk, em S\u00e3o Paulo. Neste particular, vale ressaltar que o Holo-motociclismo se traduz em e esbanja sa\u00fade, trazendo consigo a voca\u00e7\u00e3o de promover a sa\u00fade atrav\u00e9s de eventos sociais programados. Sa\u00fade \u00e9 tudo!<\/h3>\n<p><em>\u00a0<\/em><\/p>\n<p><em>\u00a0<\/em><\/p>\n<p>&nbsp;<\/p>\n","protected":false},"excerpt":{"rendered":"<p>O PROGRAMA HOLOS\u00d3FICO DE SA\u00daDE \u2013 PHS Publicado em 02.09.06 \u00a0 P &#8211; O que \u00e9 o PHS? R &#8211; \u00c9 um programa de sa\u00fade origin\u00e1rio da Holosofia; ele se constitui num conjunto de a\u00e7\u00f5es hol\u00edsticas destinado ao tratamento das doen\u00e7as, \u00e0 manuten\u00e7\u00e3o da sa\u00fade e \u00e0 promo\u00e7\u00e3o do indiv\u00edduo no contexto social, mas tamb\u00e9m &hellip;<\/p>\n<p class=\"read-more\"> <a class=\"\" href=\"https:\/\/holosofia.com.br\/?page_id=952\"> <span class=\"screen-reader-text\">HOLOCOLUNA &#8211; 0018<\/span> Leia mais &raquo;<\/a><\/p>\n","protected":false},"author":1,"featured_media":0,"parent":0,"menu_order":0,"comment_status":"closed","ping_status":"closed","template":"","meta":{"_bbp_topic_count":0,"_bbp_reply_count":0,"_bbp_total_topic_count":0,"_bbp_total_reply_count":0,"_bbp_voice_count":0,"_bbp_anonymous_reply_count":0,"_bbp_topic_count_hidden":0,"_bbp_reply_count_hidden":0,"_bbp_forum_subforum_count":0,"om_disable_all_campaigns":false,"_uag_custom_page_level_css":"","_mi_skip_tracking":false,"_monsterinsights_sitenote_active":false,"_monsterinsights_sitenote_note":"","_monsterinsights_sitenote_category":0,"site-sidebar-layout":"default","site-content-layout":"default","ast-global-header-display":"","ast-main-header-display":"","ast-hfb-above-header-display":"","ast-hfb-below-header-display":"","ast-hfb-mobile-header-display":"","site-post-title":"","ast-breadcrumbs-content":"","ast-featured-img":"","footer-sml-layout":"","theme-transparent-header-meta":"default","adv-header-id-meta":"","stick-header-meta":"","header-above-stick-meta":"","header-main-stick-meta":"","header-below-stick-meta":"","footnotes":""},"class_list":["post-952","page","type-page","status-publish","hentry"],"aioseo_notices":[],"uagb_featured_image_src":{"full":false,"thumbnail":false,"medium":false,"medium_large":false,"large":false,"post-slider-thumb-size":false,"1536x1536":false,"2048x2048":false},"uagb_author_info":{"display_name":"solucaopublicidades@hotmail.com","author_link":"https:\/\/holosofia.com.br\/?author=1"},"uagb_comment_info":0,"uagb_excerpt":"O PROGRAMA HOLOS\u00d3FICO DE SA\u00daDE \u2013 PHS Publicado em 02.09.06 \u00a0 P &#8211; O que \u00e9 o PHS? R &#8211; \u00c9 um programa de sa\u00fade origin\u00e1rio da Holosofia; ele se constitui num conjunto de a\u00e7\u00f5es hol\u00edsticas destinado ao tratamento das doen\u00e7as, \u00e0 manuten\u00e7\u00e3o da sa\u00fade e \u00e0 promo\u00e7\u00e3o do indiv\u00edduo no contexto social, mas tamb\u00e9m&hellip;","_links":{"self":[{"href":"https:\/\/holosofia.com.br\/index.php?rest_route=\/wp\/v2\/pages\/952","targetHints":{"allow":["GET"]}}],"collection":[{"href":"https:\/\/holosofia.com.br\/index.php?rest_route=\/wp\/v2\/pages"}],"about":[{"href":"https:\/\/holosofia.com.br\/index.php?rest_route=\/wp\/v2\/types\/page"}],"author":[{"embeddable":true,"href":"https:\/\/holosofia.com.br\/index.php?rest_route=\/wp\/v2\/users\/1"}],"replies":[{"embeddable":true,"href":"https:\/\/holosofia.com.br\/index.php?rest_route=%2Fwp%2Fv2%2Fcomments&post=952"}],"version-history":[{"count":1,"href":"https:\/\/holosofia.com.br\/index.php?rest_route=\/wp\/v2\/pages\/952\/revisions"}],"predecessor-version":[{"id":953,"href":"https:\/\/holosofia.com.br\/index.php?rest_route=\/wp\/v2\/pages\/952\/revisions\/953"}],"wp:attachment":[{"href":"https:\/\/holosofia.com.br\/index.php?rest_route=%2Fwp%2Fv2%2Fmedia&parent=952"}],"curies":[{"name":"wp","href":"https:\/\/api.w.org\/{rel}","templated":true}]}}