{"id":947,"date":"2023-01-04T01:56:36","date_gmt":"2023-01-04T01:56:36","guid":{"rendered":"https:\/\/holosofia.com.br\/?page_id=947"},"modified":"2023-01-04T01:56:36","modified_gmt":"2023-01-04T01:56:36","slug":"holocoluna-0017","status":"publish","type":"page","link":"https:\/\/holosofia.com.br\/?page_id=947","title":{"rendered":"HOLOCOLUNA &#8211; 0017"},"content":{"rendered":"<ol start=\"17\">\n<li>\n<h2>ORIGEM DA HOLOSOFIA<\/h2>\n<\/li>\n<\/ol>\n<h3 style=\"text-align: right;\">Publicado em 26.08.06<\/h3>\n<h3><\/h3>\n<h3>A experi\u00eancia pessoal de vida no Ocidente e no Oriente, ap\u00f3s uma sess\u00e3o de medita\u00e7\u00e3o na cidade de Poona, na \u00cdndia, resultou no insight: <em>\u201cA Hist\u00f3ria da Humanidade registra os movimentos de guerra em todos os momentos evolutivos das sociedades no mundo inteiro&#8230; Se tem sido poss\u00edvel formar batalh\u00f5es <u>destrutivos<\/u> baseados no ego\u00edsmo, talvez seja mais razo\u00e1vel e humano compor legi\u00f5es <u>construtivas<\/u> respaldadas no altru\u00edsmo\u201d.<\/em><\/h3>\n<h3>A id\u00e9ia concebida naquele instante inundava a alma do idealizador e pedia uma palavra pr\u00f3pria que viesse expressar com exatid\u00e3o a sua magnitude.<\/h3>\n<h3>Com isso, estabeleceu-se uma opera\u00e7\u00e3o combinat\u00f3ria de transpira\u00e7\u00e3o com inspira\u00e7\u00e3o, culminando com a associa\u00e7\u00e3o do prefixo grego <strong>holos<\/strong> (<em>inteiro, pleno, completo) <\/em>com <strong>sofia<\/strong> (<em>sabedoria<\/em>), finalizando, consequentemente, com a palavra HOLOSOFIA.<\/h3>\n<h3>A HOLOSOFIA, como proposta de uma NOVA forma de vida, viria implicar um elenco de princ\u00edpios* capaz de levar o indiv\u00edduo a significativo processo de reflex\u00e3o e interioriza\u00e7\u00e3o, este destinado \u00e0 quebra de paradigmas e, concomitante, \u00e0 reconstru\u00e7\u00e3o social, a partir da reorganiza\u00e7\u00e3o familiar pelo recrudescimento dos sentimentos de afeto, respeito e admira\u00e7\u00e3o m\u00fatuos.<\/h3>\n<h3>A conceitua\u00e7\u00e3o textual de HOLOSOFIA torna-se necess\u00e1ria \u00e0 sua perfeita compreens\u00e3o e sugere as suas ferramentas catalisadoras, sen\u00e3o vejamos:<\/h3>\n<h3>HOLOSOFIA \u2013 <em>(Gr. holos, inteiro, pleno, completo; Sofia, sabedoria)<\/em> \u00e9 a ci\u00eancia\/arte cujos princ\u00edpios proporcionam uma vida \u00e9tico-existencial plena, mediante a expans\u00e3o da consci\u00eancia pela medita\u00e7\u00e3o.<\/h3>\n<h3>Cultivar o h\u00e1bito de descobrir e enaltecer as virtudes uns dos outros, assim como o de estabelecer o amor como ingrediente indispens\u00e1vel ao relacionamento humanizado tornar-se-\u00e1 uma experi\u00eancia com resultados positivos id\u00eanticos sempre que repetida, caracterizando, assim, a HOLOSOFIA como ci\u00eancia.<\/h3>\n<h3>A HOLOSOFIA defende a possibilidade de harmonizar-se a realidade material com a vida espiritual, afirmando que tal fato decorre naturalmente do permanente exerc\u00edcio de troca do ego\u00edsmo pelo altru\u00edsmo e sinaliza a auto-recondu\u00e7\u00e3o do homem \u00e0 condi\u00e7\u00e3o de criatura humana e ser inteligente, traduzindo-se num fen\u00f4meno social excepcional ou numa expressiva obra de arte, a maravilhosa arte de viver feliz. Mas isto come\u00e7a em casa! Tudo que acontece no social \u00e9 um reflexo do que ocorre no seio de cada fam\u00edlia. Pense nisto!<\/h3>\n<h3>O homem que vive num clima de respeito ao contexto da Cria\u00e7\u00e3o, incluindo seus semelhantes, os animais, as plantas, a terra, os rios e mares e o ar, simplesmente confirma a sua condi\u00e7\u00e3o de ser pensante e expressa o quanto \u00e9 conscientemente \u00e9tico.<\/h3>\n<h3>Cristo, por ter desfrutado de profundos estados de medita\u00e7\u00e3o, frequentemente afirmava que \u201cn\u00e3o existe nenhum Deus fora, Deus est\u00e1 dentro de cada um de v\u00f3s\u201d. Tal assertiva vem caracterizar muito bem a Sua expans\u00e3o da consci\u00eancia e Sua proximidade com o Pai.<\/h3>\n<h3>Portanto, a HOLOSOFIA, ora implantada em nossa Cajuru \u2013 <em>atrav\u00e9s do Programa Holos\u00f3fico de Sa\u00fade (PHS)<\/em> \u2013, desponta como um raio de luz a iluminar, inicialmente, pessoas inteligentes, sens\u00edveis e espiritualizadas, para envolver, posteriormente, a todos e tornar-se o fio condutor entre os homens \u00a0rumo \u00e0 realiza\u00e7\u00e3o plena dos des\u00edgnios da Natureza ou do Pai.<\/h3>\n<h3>A HOLOSOFIA traz felicidade pessoal como fruto do deixar fluir bons pensamentos na cabe\u00e7a \u2013 <em>pensar bem de todos e de tudo<\/em> \u2013 e muito amor no cora\u00e7\u00e3o \u2013 <em>presente pela humildade, bondade, honestidade, amizade e perd\u00e3o \u2013, <\/em>onde estivermos<em> \u2013 ambiente familiar, escolar, no trabalho ou no social \u2013 <\/em>e com quem estivermos<em> \u2013 pais, companheiro(a), filhos, professores, colegas, chefes, amigos e at\u00e9 desconhecidos .<\/em><\/h3>\n<h3>Para tanto, s\u00e3o necess\u00e1rios, grande esfor\u00e7o, boa vontade e determina\u00e7\u00e3o. N\u00e3o h\u00e1 outro jeito!<\/h3>\n<h3>Escolha ser feliz. Isto \u00e9 ser hol\u00f3sofo. Parab\u00e9ns!<\/h3>\n<h3><em>\u00a0<\/em><\/h3>\n<h3><em>\u00a0<\/em><\/h3>\n<h3><em>* Leia \u201cConversando Com Deus\u201d publicado em 2001e dispon\u00edvel na Biblioteca Profa.Jamile, Cruz Alta.<\/em><\/h3>\n<p>&nbsp;<\/p>\n<p>&nbsp;<\/p>\n","protected":false},"excerpt":{"rendered":"<p>ORIGEM DA HOLOSOFIA Publicado em 26.08.06 A experi\u00eancia pessoal de vida no Ocidente e no Oriente, ap\u00f3s uma sess\u00e3o de medita\u00e7\u00e3o na cidade de Poona, na \u00cdndia, resultou no insight: \u201cA Hist\u00f3ria da Humanidade registra os movimentos de guerra em todos os momentos evolutivos das sociedades no mundo inteiro&#8230; Se tem sido poss\u00edvel formar batalh\u00f5es &hellip;<\/p>\n<p class=\"read-more\"> <a class=\"\" href=\"https:\/\/holosofia.com.br\/?page_id=947\"> <span class=\"screen-reader-text\">HOLOCOLUNA &#8211; 0017<\/span> Leia mais &raquo;<\/a><\/p>\n","protected":false},"author":1,"featured_media":0,"parent":0,"menu_order":0,"comment_status":"closed","ping_status":"closed","template":"","meta":{"_bbp_topic_count":0,"_bbp_reply_count":0,"_bbp_total_topic_count":0,"_bbp_total_reply_count":0,"_bbp_voice_count":0,"_bbp_anonymous_reply_count":0,"_bbp_topic_count_hidden":0,"_bbp_reply_count_hidden":0,"_bbp_forum_subforum_count":0,"om_disable_all_campaigns":false,"_uag_custom_page_level_css":"","_mi_skip_tracking":false,"_monsterinsights_sitenote_active":false,"_monsterinsights_sitenote_note":"","_monsterinsights_sitenote_category":0,"site-sidebar-layout":"default","site-content-layout":"default","ast-global-header-display":"","ast-main-header-display":"","ast-hfb-above-header-display":"","ast-hfb-below-header-display":"","ast-hfb-mobile-header-display":"","site-post-title":"","ast-breadcrumbs-content":"","ast-featured-img":"","footer-sml-layout":"","theme-transparent-header-meta":"default","adv-header-id-meta":"","stick-header-meta":"","header-above-stick-meta":"","header-main-stick-meta":"","header-below-stick-meta":"","footnotes":""},"class_list":["post-947","page","type-page","status-publish","hentry"],"aioseo_notices":[],"uagb_featured_image_src":{"full":false,"thumbnail":false,"medium":false,"medium_large":false,"large":false,"post-slider-thumb-size":false,"1536x1536":false,"2048x2048":false},"uagb_author_info":{"display_name":"solucaopublicidades@hotmail.com","author_link":"https:\/\/holosofia.com.br\/?author=1"},"uagb_comment_info":0,"uagb_excerpt":"ORIGEM DA HOLOSOFIA Publicado em 26.08.06 A experi\u00eancia pessoal de vida no Ocidente e no Oriente, ap\u00f3s uma sess\u00e3o de medita\u00e7\u00e3o na cidade de Poona, na \u00cdndia, resultou no insight: \u201cA Hist\u00f3ria da Humanidade registra os movimentos de guerra em todos os momentos evolutivos das sociedades no mundo inteiro&#8230; Se tem sido poss\u00edvel formar batalh\u00f5es&hellip;","_links":{"self":[{"href":"https:\/\/holosofia.com.br\/index.php?rest_route=\/wp\/v2\/pages\/947","targetHints":{"allow":["GET"]}}],"collection":[{"href":"https:\/\/holosofia.com.br\/index.php?rest_route=\/wp\/v2\/pages"}],"about":[{"href":"https:\/\/holosofia.com.br\/index.php?rest_route=\/wp\/v2\/types\/page"}],"author":[{"embeddable":true,"href":"https:\/\/holosofia.com.br\/index.php?rest_route=\/wp\/v2\/users\/1"}],"replies":[{"embeddable":true,"href":"https:\/\/holosofia.com.br\/index.php?rest_route=%2Fwp%2Fv2%2Fcomments&post=947"}],"version-history":[{"count":1,"href":"https:\/\/holosofia.com.br\/index.php?rest_route=\/wp\/v2\/pages\/947\/revisions"}],"predecessor-version":[{"id":948,"href":"https:\/\/holosofia.com.br\/index.php?rest_route=\/wp\/v2\/pages\/947\/revisions\/948"}],"wp:attachment":[{"href":"https:\/\/holosofia.com.br\/index.php?rest_route=%2Fwp%2Fv2%2Fmedia&parent=947"}],"curies":[{"name":"wp","href":"https:\/\/api.w.org\/{rel}","templated":true}]}}