{"id":883,"date":"2022-12-29T01:12:41","date_gmt":"2022-12-29T01:12:41","guid":{"rendered":"https:\/\/holosofia.com.br\/?page_id=883"},"modified":"2023-04-29T18:59:43","modified_gmt":"2023-04-29T18:59:43","slug":"14-saude-xi-violencia-politica","status":"publish","type":"page","link":"https:\/\/holosofia.com.br\/?page_id=883","title":{"rendered":"HOLOCOLUNA  &#8211; 0014"},"content":{"rendered":"<ol start=\"14\">\n<li>\n<h2>SA\u00daDE XI. Viol\u00eancia Pol\u00edtica<\/h2>\n<\/li>\n<\/ol>\n<h3 style=\"text-align: right;\">Publicado em 05.08.06<\/h3>\n<h3><\/h3>\n<h3>Sa\u00fade, segundo a Organiza\u00e7\u00e3o Mundial de Sa\u00fade (OMS), \u00e9, al\u00e9m da aus\u00eancia de doen\u00e7a, a sensa\u00e7\u00e3o de bem-estar f\u00edsico, mental e social. A Holosofia acrescenta&#8230; e espiritual.<\/h3>\n<h3>A partir de ent\u00e3o, conclui-se que o verdadeiro pol\u00edtico \u00e9 a pessoa que goza de um estado que se caracteriza pela aus\u00eancia de doen\u00e7a e ainda proporciona a sensa\u00e7\u00e3o de bem-estar f\u00edsico, mental, social e espiritual, o que lhe permite o desejo de compartilhar sua realidade com os seus semelhantes, dentro da sua cidade, do seu estado, do seu pa\u00eds, do seu planeta.<\/h3>\n<h3>Esta postura altru\u00edsta corresponde ao real significado da palavra <strong>pol\u00edtica<\/strong> \u2013 <em>polis, cidade<\/em>.<\/h3>\n<h3>Todas as pessoas voltadas para o bem comum s\u00e3o pol\u00edticas, na acep\u00e7\u00e3o da palavra.<\/h3>\n<h3>Entretanto, n\u00e3o raro, pessoas ego\u00edstas est\u00e3o povoando o contexto pol\u00edtico partid\u00e1rio, no mundo inteiro.<\/h3>\n<h3>Em sendo o ego\u00edsmo um sinalizador inequ\u00edvoco de doen\u00e7a comportamental, cap\u00edtulo de ocupa\u00e7\u00e3o da psiquiatria e\/ou psicologia modernas, parece \u00f3bvia a raz\u00e3o pela qual a humanidade sempre esteve envolvida em viol\u00eancia pol\u00edtica ou talvez viol\u00eancia \u201cp<strong>u<\/strong>l\u00edtica\u201d (\u201cp<strong>u<\/strong>l\u00edtico\u201d eu considero o travesti do p<strong>o<\/strong>l\u00edtico, ou o p<strong>o<\/strong>l\u00edtico doente)<\/h3>\n<h3>Nos dias atuais os exemplos de procedimentos pol\u00edticos doentios com suas respectivas conseq\u00fc\u00eancias danosas \u00e0s pessoas e ao pr\u00f3prio meio ambiente est\u00e3o chegando a limites humanamente insuport\u00e1veis.<\/h3>\n<h3>A expressiva maioria dos chefes pol\u00edticos das grandes pot\u00eancias mundiais, por ser portadora da \u201cs\u00edndrome do ego\u00edsmo selvagem\u201d, sequer se d\u00e1 conta das vidas humanas que tombam a cada minuto, promovendo cen\u00e1rios de carnificina, sofrimentos e modelos prejudiciais ao desenvolvimento do car\u00e1ter de inocentes sucessores desta atual popula\u00e7\u00e3o mundial. \u00c9 deplor\u00e1vel o que se v\u00eaem diariamente nos canais de TV!<\/h3>\n<h3>No Brasil, especialmente nas proximidades das elei\u00e7\u00f5es, boa parcela da popula\u00e7\u00e3o pol\u00edtica adota um comportamento demag\u00f3gico, tentando parecer altru\u00edsta atrav\u00e9s de visitas freq\u00fcentes e demoradas a bairros pobres, cumprimentando a todos, abra\u00e7ando e beijando criancinhas, quase sempre desnutridas e maltrapilhas.<\/h3>\n<h3>Mas o ego\u00edsmo acobertado se revela na indiferen\u00e7a \u00e0s condi\u00e7\u00f5es subumanas dessas pessoas mentirosamente acarinhadas. A\u00ed est\u00e1 a confirma\u00e7\u00e3o da patologia, que como tal, n\u00e3o permite ao doente perceber-se rid\u00edculo.<\/h3>\n<h3>Uma pessoa saud\u00e1vel jamais se exporia dessa forma.<\/h3>\n<h3>Os diversos registros de falcatruas e desvios do dinheiro p\u00fablico \u2013 mensal\u00e3o, negociata das ambul\u00e2ncias, d\u00f3lares na cueca&#8230; \u2013 promovem, al\u00e9m do desfalque de verbas importantes para a minimiza\u00e7\u00e3o do analfabetismo, constru\u00e7\u00e3o de casas populares e escolas, programas de saneamento e outros empreendimentos sociais, um preju\u00edzo moral devastador para aqueles que se esfor\u00e7am no cumprimento de seus deveres de cidad\u00e3os honrados.<\/h3>\n<h3>O quadro acima causa uma sensa\u00e7\u00e3o de mal-estar e revolta \u00e0quele que se det\u00e9m a refletir, mesmo superficialmente, mas \u00e9 necess\u00e1rio reconhecer que tudo isso \u00e9 devido a doen\u00e7as n\u00e3o diagnosticadas nem tratadas.<\/h3>\n<h3>Conclus\u00e3o: Vale a pena promover-se grupos de pessoas dispostas a repensar essa triste realidade para que, numa postura de responsabilidade compartilhada, possamos alimentar a expectativa de um mundo melhor, a partir de discuss\u00f5es aprofundadas dos diferentes temas indispens\u00e1veis a uma vida digna e saud\u00e1vel. Esta conquista necessita de uni\u00e3o, confian\u00e7a m\u00fatua e amor ao pr\u00f3ximo!<\/h3>\n<h3><\/h3>\n","protected":false},"excerpt":{"rendered":"<p>SA\u00daDE XI. Viol\u00eancia Pol\u00edtica Publicado em 05.08.06 Sa\u00fade, segundo a Organiza\u00e7\u00e3o Mundial de Sa\u00fade (OMS), \u00e9, al\u00e9m da aus\u00eancia de doen\u00e7a, a sensa\u00e7\u00e3o de bem-estar f\u00edsico, mental e social. A Holosofia acrescenta&#8230; e espiritual. A partir de ent\u00e3o, conclui-se que o verdadeiro pol\u00edtico \u00e9 a pessoa que goza de um estado que se caracteriza pela &hellip;<\/p>\n<p class=\"read-more\"> <a class=\"\" href=\"https:\/\/holosofia.com.br\/?page_id=883\"> <span class=\"screen-reader-text\">HOLOCOLUNA  &#8211; 0014<\/span> Leia mais &raquo;<\/a><\/p>\n","protected":false},"author":1,"featured_media":0,"parent":0,"menu_order":0,"comment_status":"closed","ping_status":"closed","template":"","meta":{"_bbp_topic_count":0,"_bbp_reply_count":0,"_bbp_total_topic_count":0,"_bbp_total_reply_count":0,"_bbp_voice_count":0,"_bbp_anonymous_reply_count":0,"_bbp_topic_count_hidden":0,"_bbp_reply_count_hidden":0,"_bbp_forum_subforum_count":0,"om_disable_all_campaigns":false,"_uag_custom_page_level_css":"","_mi_skip_tracking":false,"_monsterinsights_sitenote_active":false,"_monsterinsights_sitenote_note":"","_monsterinsights_sitenote_category":0,"site-sidebar-layout":"default","site-content-layout":"default","ast-global-header-display":"","ast-main-header-display":"","ast-hfb-above-header-display":"","ast-hfb-below-header-display":"","ast-hfb-mobile-header-display":"","site-post-title":"","ast-breadcrumbs-content":"","ast-featured-img":"","footer-sml-layout":"","theme-transparent-header-meta":"default","adv-header-id-meta":"","stick-header-meta":"","header-above-stick-meta":"","header-main-stick-meta":"","header-below-stick-meta":"","footnotes":""},"class_list":["post-883","page","type-page","status-publish","hentry"],"aioseo_notices":[],"uagb_featured_image_src":{"full":false,"thumbnail":false,"medium":false,"medium_large":false,"large":false,"post-slider-thumb-size":false,"1536x1536":false,"2048x2048":false},"uagb_author_info":{"display_name":"solucaopublicidades@hotmail.com","author_link":"https:\/\/holosofia.com.br\/?author=1"},"uagb_comment_info":0,"uagb_excerpt":"SA\u00daDE XI. Viol\u00eancia Pol\u00edtica Publicado em 05.08.06 Sa\u00fade, segundo a Organiza\u00e7\u00e3o Mundial de Sa\u00fade (OMS), \u00e9, al\u00e9m da aus\u00eancia de doen\u00e7a, a sensa\u00e7\u00e3o de bem-estar f\u00edsico, mental e social. A Holosofia acrescenta&#8230; e espiritual. A partir de ent\u00e3o, conclui-se que o verdadeiro pol\u00edtico \u00e9 a pessoa que goza de um estado que se caracteriza pela&hellip;","_links":{"self":[{"href":"https:\/\/holosofia.com.br\/index.php?rest_route=\/wp\/v2\/pages\/883","targetHints":{"allow":["GET"]}}],"collection":[{"href":"https:\/\/holosofia.com.br\/index.php?rest_route=\/wp\/v2\/pages"}],"about":[{"href":"https:\/\/holosofia.com.br\/index.php?rest_route=\/wp\/v2\/types\/page"}],"author":[{"embeddable":true,"href":"https:\/\/holosofia.com.br\/index.php?rest_route=\/wp\/v2\/users\/1"}],"replies":[{"embeddable":true,"href":"https:\/\/holosofia.com.br\/index.php?rest_route=%2Fwp%2Fv2%2Fcomments&post=883"}],"version-history":[{"count":2,"href":"https:\/\/holosofia.com.br\/index.php?rest_route=\/wp\/v2\/pages\/883\/revisions"}],"predecessor-version":[{"id":936,"href":"https:\/\/holosofia.com.br\/index.php?rest_route=\/wp\/v2\/pages\/883\/revisions\/936"}],"wp:attachment":[{"href":"https:\/\/holosofia.com.br\/index.php?rest_route=%2Fwp%2Fv2%2Fmedia&parent=883"}],"curies":[{"name":"wp","href":"https:\/\/api.w.org\/{rel}","templated":true}]}}