{"id":878,"date":"2022-12-29T01:09:28","date_gmt":"2022-12-29T01:09:28","guid":{"rendered":"https:\/\/holosofia.com.br\/?page_id=878"},"modified":"2022-12-29T22:59:07","modified_gmt":"2022-12-29T22:59:07","slug":"13-saude-x-holo-motociclismo","status":"publish","type":"page","link":"https:\/\/holosofia.com.br\/?page_id=878","title":{"rendered":"HOLOCOLUNA &#8211; 0013"},"content":{"rendered":"<ol start=\"13\">\n<li>\n<h2>SA\u00daDE X. Holo-motociclismo<\/h2>\n<\/li>\n<\/ol>\n<h3 style=\"text-align: right;\">Publicado em 29.07.06<\/h3>\n<h3><\/h3>\n<h3>A Organiza\u00e7\u00e3o Mundial de Sa\u00fade (OMS) define Sa\u00fade como, al\u00e9m da aus\u00eancia de doen\u00e7a, a sensa\u00e7\u00e3o de bem-estar f\u00edsico, mental e social. A Holosofia acrescenta&#8230; e <strong>espiritual.<\/strong><\/h3>\n<h3>O motociclismo, como as demais atividades de lazer, vem recebendo maior ades\u00e3o das pessoas nas diferentes camadas sociais no mundo inteiro.<\/h3>\n<h3>Nos Estados Unidos o turismo conta com empresas especializadas em oferecer passeios a motociclistas, disponibilizando as pr\u00f3prias motos, todas de grande porte, e um aparato que inclui guias tur\u00edsticos, equipes m\u00e9dicas, ambul\u00e2ncias e outras garantias ao longo do percurso, destacando-se o circuito de Daytona, um dos maiores encontros do mundo, 500.000 pessoas. Muitos brasileiros participam destas inesquec\u00edveis ocasi\u00f5es de aventura e entretenimento, aproveitando para fazer amigos de outras nacionalidades.<\/h3>\n<h3>No contexto hol\u00edstico do PHS o motociclismo vira holo-motociclismo, e \u00e9 visto como fonte de sa\u00fade, uma vez que proporciona sensa\u00e7\u00e3o de bem-estar f\u00edsico, mental, social e espiritual. Quem realmente curte moto sabe que isto \u00e9 verdade.<\/h3>\n<h3>Aqui, o holo-motociclismo, por ter como objetivo prec\u00edpuo a socializa\u00e7\u00e3o, a melhoria das rela\u00e7\u00f5es humanas no meio social, inclui, indistintamente, pessoas de todas as idades, de ambos os sexos, de diferentes profiss\u00f5es e camadas sociais, e onde todas as motos \u2013 bis, 125, 250, 600, 1.000 e 1.500 cilindradas \u2013, s\u00e3o bem-vindas e reconhecidas com a mesma distin\u00e7\u00e3o, pois s\u00e3o elas a ferramenta b\u00e1sica dentro desta estrat\u00e9gia de humaniza\u00e7\u00e3o e, consequentemente, quebra de barreiras e de preconceitos sociais.<\/h3>\n<h3>Podemos, sem qualquer exagero, dizer que se trata de uma holo-mototerapia.<\/h3>\n<h3>D\u00ea fim \u00e0 sua timidez e venha colaborar com a Nova Cajuru. Vai ser muito legal!<\/h3>\n<h3>O evento tr\u00e1s consigo, fundamentalmente, quatro particularidades interessantes:<\/h3>\n<h3>Primeiro, a celebra\u00e7\u00e3o da vida por pessoas adeptas ao equil\u00edbrio sobre duas rodas motorizadas, atraindo companheiros de outras regi\u00f5es, al\u00e9m de voc\u00ea.<\/h3>\n<h3>Segundo, a forma\u00e7\u00e3o do primeiro grupo de holo-motociclistas do mundo, denominado \u201c<strong>Holo-motos Cajuru clube<\/strong>\u201d. Voc\u00ea est\u00e1 convidado a ser \u201cs\u00f3cio fundador\u201d!<\/h3>\n<h3>Terceiro, o reconhecimento do maior motociclista vivo de Cajuru, o qual levou e elevou a nossa cidade em outras tantas partes do globo, o campe\u00e3o Adilson Cajuru.<\/h3>\n<h3>Quarto, acrescentar ao calend\u00e1rio festivo cajuruense um novo dia de comemora\u00e7\u00f5es, o dia 14 de agosto \u2013 <em>dia do anivers\u00e1rio do Adilson Cajuru<\/em> \u2013 como o dia oficial do Encontro do Holo-motociclismo em Cajuru, numa atitude de justa homenagem ao filho da Terra, que fez da moto o seu tapete m\u00e1gico rumo \u00e0s alturas da fama. Modelo positivo!<\/h3>\n<h3>Contudo, pelo fato de 14 de agosto cair numa segunda-feira, este 1\u00ba ENCONTRO ocorrer\u00e1 no dia 13. (S<em>em<\/em> <em>qualquer conota\u00e7\u00e3o \u00a0Zag\u00e1lica!). <\/em>Uma festa em fam\u00edlia.<\/h3>\n<h3>Lembrando o ad\u00e1gio popular de que a prata da casa \u00e9 pouco valorizada, observa-se, neste epis\u00f3dio, que no caso do \u201cGato-do-lar\u201d ou \u201cLar-gato\u201d \u00e9, exatamente, o contr\u00e1rio.<\/h3>\n<h3>\u00c9 assim que se inicia um movimento de reconstru\u00e7\u00e3o social, numa \u201ca\u00e7\u00e3o-crian\u00e7a\u201d de gente grande. O amor das pessoas \u00e9 o sol que irradia luz entre os homens e d\u00e1 vida.<\/h3>\n<h3>\u00c9 buscando a bondade do cora\u00e7\u00e3o mole infantil \u2013 <em>h\u00e1 muito sufocada pela competi\u00e7\u00e3o da cabe\u00e7a dura do adulto<\/em> \u2013 que se pode alimentar a expectativa de um mundo de paz.<\/h3>\n<h3>O amor s\u00f3 nasce em ambiente de amor.<\/h3>\n<h3 style=\"text-align: center;\"><em>\u00a0_________________________________________________________<\/em><br \/>\n1\u00aa. Reuni\u00e3o para a forma\u00e7\u00e3o do \u201cHolo-motos Cajuru Clube\u201d: 31.07, \u00e0s 19h. no Coruj\u00e3o.<br \/>\nVoc\u00ea \u00e9 convidado. Ligue: Secretaria de Sa\u00fade: 3667.1899 ou Dr. Saraiva: 9962.7813<br \/>\n_________________________________________________________<\/h3>\n<h3><\/h3>\n","protected":false},"excerpt":{"rendered":"<p>SA\u00daDE X. Holo-motociclismo Publicado em 29.07.06 A Organiza\u00e7\u00e3o Mundial de Sa\u00fade (OMS) define Sa\u00fade como, al\u00e9m da aus\u00eancia de doen\u00e7a, a sensa\u00e7\u00e3o de bem-estar f\u00edsico, mental e social. A Holosofia acrescenta&#8230; e espiritual. O motociclismo, como as demais atividades de lazer, vem recebendo maior ades\u00e3o das pessoas nas diferentes camadas sociais no mundo inteiro. Nos &hellip;<\/p>\n<p class=\"read-more\"> <a class=\"\" href=\"https:\/\/holosofia.com.br\/?page_id=878\"> <span class=\"screen-reader-text\">HOLOCOLUNA &#8211; 0013<\/span> Leia mais &raquo;<\/a><\/p>\n","protected":false},"author":1,"featured_media":0,"parent":0,"menu_order":0,"comment_status":"closed","ping_status":"closed","template":"","meta":{"_bbp_topic_count":0,"_bbp_reply_count":0,"_bbp_total_topic_count":0,"_bbp_total_reply_count":0,"_bbp_voice_count":0,"_bbp_anonymous_reply_count":0,"_bbp_topic_count_hidden":0,"_bbp_reply_count_hidden":0,"_bbp_forum_subforum_count":0,"om_disable_all_campaigns":false,"_uag_custom_page_level_css":"","_mi_skip_tracking":false,"_monsterinsights_sitenote_active":false,"_monsterinsights_sitenote_note":"","_monsterinsights_sitenote_category":0,"site-sidebar-layout":"default","site-content-layout":"default","ast-global-header-display":"","ast-main-header-display":"","ast-hfb-above-header-display":"","ast-hfb-below-header-display":"","ast-hfb-mobile-header-display":"","site-post-title":"","ast-breadcrumbs-content":"","ast-featured-img":"","footer-sml-layout":"","theme-transparent-header-meta":"default","adv-header-id-meta":"","stick-header-meta":"","header-above-stick-meta":"","header-main-stick-meta":"","header-below-stick-meta":"","footnotes":""},"class_list":["post-878","page","type-page","status-publish","hentry"],"aioseo_notices":[],"uagb_featured_image_src":{"full":false,"thumbnail":false,"medium":false,"medium_large":false,"large":false,"post-slider-thumb-size":false,"1536x1536":false,"2048x2048":false},"uagb_author_info":{"display_name":"solucaopublicidades@hotmail.com","author_link":"https:\/\/holosofia.com.br\/?author=1"},"uagb_comment_info":0,"uagb_excerpt":"SA\u00daDE X. Holo-motociclismo Publicado em 29.07.06 A Organiza\u00e7\u00e3o Mundial de Sa\u00fade (OMS) define Sa\u00fade como, al\u00e9m da aus\u00eancia de doen\u00e7a, a sensa\u00e7\u00e3o de bem-estar f\u00edsico, mental e social. A Holosofia acrescenta&#8230; e espiritual. O motociclismo, como as demais atividades de lazer, vem recebendo maior ades\u00e3o das pessoas nas diferentes camadas sociais no mundo inteiro. Nos&hellip;","_links":{"self":[{"href":"https:\/\/holosofia.com.br\/index.php?rest_route=\/wp\/v2\/pages\/878","targetHints":{"allow":["GET"]}}],"collection":[{"href":"https:\/\/holosofia.com.br\/index.php?rest_route=\/wp\/v2\/pages"}],"about":[{"href":"https:\/\/holosofia.com.br\/index.php?rest_route=\/wp\/v2\/types\/page"}],"author":[{"embeddable":true,"href":"https:\/\/holosofia.com.br\/index.php?rest_route=\/wp\/v2\/users\/1"}],"replies":[{"embeddable":true,"href":"https:\/\/holosofia.com.br\/index.php?rest_route=%2Fwp%2Fv2%2Fcomments&post=878"}],"version-history":[{"count":2,"href":"https:\/\/holosofia.com.br\/index.php?rest_route=\/wp\/v2\/pages\/878\/revisions"}],"predecessor-version":[{"id":935,"href":"https:\/\/holosofia.com.br\/index.php?rest_route=\/wp\/v2\/pages\/878\/revisions\/935"}],"wp:attachment":[{"href":"https:\/\/holosofia.com.br\/index.php?rest_route=%2Fwp%2Fv2%2Fmedia&parent=878"}],"curies":[{"name":"wp","href":"https:\/\/api.w.org\/{rel}","templated":true}]}}