{"id":846,"date":"2022-12-26T16:34:07","date_gmt":"2022-12-26T16:34:07","guid":{"rendered":"https:\/\/holosofia.com.br\/?page_id=846"},"modified":"2022-12-29T22:57:22","modified_gmt":"2022-12-29T22:57:22","slug":"11-saude-viii-violencia-policial","status":"publish","type":"page","link":"https:\/\/holosofia.com.br\/?page_id=846","title":{"rendered":"HOLOCOLUNA &#8211; 0011"},"content":{"rendered":"<ol start=\"11\">\n<li>\n<h2>SA\u00daDE VIII. Viol\u00eancia Policial<\/h2>\n<\/li>\n<\/ol>\n<h3 style=\"text-align: right;\">Publicado em 08.07.06<\/h3>\n<h3><\/h3>\n<h3>A Organiza\u00e7\u00e3o Mundial de Sa\u00fade (OMS) define Sa\u00fade como, al\u00e9m da aus\u00eancia de doen\u00e7a, a sensa\u00e7\u00e3o de bem-estar f\u00edsico, mental e social. A Holosofia acrescenta&#8230; e <strong>espiritual.<\/strong><\/h3>\n<h3>Portanto, considerando-se as referidas defini\u00e7\u00f5es, \u00e9 f\u00e1cil compreender a raz\u00e3o pela qual a humanidade vem se afundando cada vez mais no mar de viol\u00eancia. Uma viol\u00eancia multifacetada \u2013 <em>auto-viol\u00eancia, viol\u00eancia familiar, viol\u00eancia profissional, viol\u00eancia social, viol\u00eancia ambiental, viol\u00eancia sexual, <strong>viol\u00eancia policial<\/strong>, viol\u00eancia religiosa, viol\u00eancia pol\u00edtica, viol\u00eancia econ\u00f4mica&#8230;<\/em> \u2013 e origin\u00e1ria do \u00edntimo de cada pessoa, certamente sem sa\u00fade. Sem sa\u00fade. Este \u00e9 o ponto!<\/h3>\n<h3>Voc\u00ea, que vem acompanhando a Holo-coluna semanalmente, lembra que o par\u00e1grafo acima esteve presente em SA\u00daDE I; hoje ele volta para ratificar a seq\u00fc\u00eancia com que v\u00eam sendo abordas as multifacetas da viol\u00eancia. Isto, n\u00e3o para fazer a apologia da viol\u00eancia, mas para ressaltar a sa\u00fade como ferramenta indispens\u00e1vel \u00e0 conviv\u00eancia social harm\u00f4nica, respeitosa e verdadeiramente humana.<\/h3>\n<h3>A viol\u00eancia policial \u00e9 uma realidade culturalmente incutida naquele que se inicia na profiss\u00e3o. N\u00e3o raro assistimos, atrav\u00e9s dos canais de TV, cenas de viol\u00eancia praticadas contra os colegas novatos da pr\u00f3pria corpora\u00e7\u00e3o, como se fosse um comportamento modelo a ser seguido no exerc\u00edcio profissional ou um passaporte para adentrar ao mundo militar.<\/h3>\n<h3>Certamente, esta inven\u00e7\u00e3o foi criada por algu\u00e9m com dist\u00farbio psiqui\u00e1trico n\u00e3o diagnosticado, perpetuando-se atrav\u00e9s de outros igualmente acometidos. Este fato merece reflex\u00e3o, constata\u00e7\u00e3o e tratamento.<\/h3>\n<h3>Por outro lado, deve-se reconhecer que a condi\u00e7\u00e3o de policial \u00e9 bastante embrutecedora, principalmente nos grandes centros. O policial tem a miss\u00e3o de coibir a viol\u00eancia e garantir a seguran\u00e7a social a todo custo. Por isso, sente a necessidade de ser violento.<\/h3>\n<h3>A maioria das pessoas com as quais o policial se relaciona no desempenho de suas fun\u00e7\u00f5es \u00e9 portadora de doen\u00e7as causadoras de comportamentos anti-sociais e quase sempre sob o efeito de subst\u00e2ncias alucin\u00f3genas, s\u00e3o os marginais.<\/h3>\n<h3>Esta situa\u00e7\u00e3o d\u00e1 medo e gera inseguran\u00e7a ao pr\u00f3prio policial, que sente a sua vida amea\u00e7ada a cada momento. Mas aceitar o desafio \u00e9 preciso, mesmo desmotivado pela certeza da pouca valoriza\u00e7\u00e3o do seu empenho, facilmente constatada pelas incompetentes e absoletas medidas de puni\u00e7\u00e3o.<\/h3>\n<h3>Embora n\u00e3o pare\u00e7a, o policial \u00e9 freq\u00fcentemente acometido de doen\u00e7as psico-emocionais, muitas vezes culminando com aposentadoria precoce ou at\u00e9 mesmo suic\u00eddio.<\/h3>\n<h3>\u00c9 a isto que assistimos e assistiremos ainda por muitos anos, at\u00e9 que a sociedade tome consci\u00eancia e se ilumine o suficiente para entender que a solu\u00e7\u00e3o do problema da viol\u00eancia, tamb\u00e9m policial, est\u00e1 contida nas medidas gerais de aten\u00e7\u00e3o \u00e0 sa\u00fade.<\/h3>\n<h3><\/h3>\n<h3><\/h3>\n<h3><\/h3>\n<h3><\/h3>\n","protected":false},"excerpt":{"rendered":"<p>SA\u00daDE VIII. Viol\u00eancia Policial Publicado em 08.07.06 A Organiza\u00e7\u00e3o Mundial de Sa\u00fade (OMS) define Sa\u00fade como, al\u00e9m da aus\u00eancia de doen\u00e7a, a sensa\u00e7\u00e3o de bem-estar f\u00edsico, mental e social. A Holosofia acrescenta&#8230; e espiritual. Portanto, considerando-se as referidas defini\u00e7\u00f5es, \u00e9 f\u00e1cil compreender a raz\u00e3o pela qual a humanidade vem se afundando cada vez mais no &hellip;<\/p>\n<p class=\"read-more\"> <a class=\"\" href=\"https:\/\/holosofia.com.br\/?page_id=846\"> <span class=\"screen-reader-text\">HOLOCOLUNA &#8211; 0011<\/span> Leia mais &raquo;<\/a><\/p>\n","protected":false},"author":1,"featured_media":0,"parent":0,"menu_order":0,"comment_status":"closed","ping_status":"closed","template":"","meta":{"_bbp_topic_count":0,"_bbp_reply_count":0,"_bbp_total_topic_count":0,"_bbp_total_reply_count":0,"_bbp_voice_count":0,"_bbp_anonymous_reply_count":0,"_bbp_topic_count_hidden":0,"_bbp_reply_count_hidden":0,"_bbp_forum_subforum_count":0,"om_disable_all_campaigns":false,"_uag_custom_page_level_css":"","_mi_skip_tracking":false,"_monsterinsights_sitenote_active":false,"_monsterinsights_sitenote_note":"","_monsterinsights_sitenote_category":0,"site-sidebar-layout":"default","site-content-layout":"default","ast-global-header-display":"","ast-main-header-display":"","ast-hfb-above-header-display":"","ast-hfb-below-header-display":"","ast-hfb-mobile-header-display":"","site-post-title":"","ast-breadcrumbs-content":"","ast-featured-img":"","footer-sml-layout":"","theme-transparent-header-meta":"default","adv-header-id-meta":"","stick-header-meta":"","header-above-stick-meta":"","header-main-stick-meta":"","header-below-stick-meta":"","footnotes":""},"class_list":["post-846","page","type-page","status-publish","hentry"],"aioseo_notices":[],"uagb_featured_image_src":{"full":false,"thumbnail":false,"medium":false,"medium_large":false,"large":false,"post-slider-thumb-size":false,"1536x1536":false,"2048x2048":false},"uagb_author_info":{"display_name":"solucaopublicidades@hotmail.com","author_link":"https:\/\/holosofia.com.br\/?author=1"},"uagb_comment_info":0,"uagb_excerpt":"SA\u00daDE VIII. Viol\u00eancia Policial Publicado em 08.07.06 A Organiza\u00e7\u00e3o Mundial de Sa\u00fade (OMS) define Sa\u00fade como, al\u00e9m da aus\u00eancia de doen\u00e7a, a sensa\u00e7\u00e3o de bem-estar f\u00edsico, mental e social. A Holosofia acrescenta&#8230; e espiritual. Portanto, considerando-se as referidas defini\u00e7\u00f5es, \u00e9 f\u00e1cil compreender a raz\u00e3o pela qual a humanidade vem se afundando cada vez mais no&hellip;","_links":{"self":[{"href":"https:\/\/holosofia.com.br\/index.php?rest_route=\/wp\/v2\/pages\/846","targetHints":{"allow":["GET"]}}],"collection":[{"href":"https:\/\/holosofia.com.br\/index.php?rest_route=\/wp\/v2\/pages"}],"about":[{"href":"https:\/\/holosofia.com.br\/index.php?rest_route=\/wp\/v2\/types\/page"}],"author":[{"embeddable":true,"href":"https:\/\/holosofia.com.br\/index.php?rest_route=\/wp\/v2\/users\/1"}],"replies":[{"embeddable":true,"href":"https:\/\/holosofia.com.br\/index.php?rest_route=%2Fwp%2Fv2%2Fcomments&post=846"}],"version-history":[{"count":2,"href":"https:\/\/holosofia.com.br\/index.php?rest_route=\/wp\/v2\/pages\/846\/revisions"}],"predecessor-version":[{"id":933,"href":"https:\/\/holosofia.com.br\/index.php?rest_route=\/wp\/v2\/pages\/846\/revisions\/933"}],"wp:attachment":[{"href":"https:\/\/holosofia.com.br\/index.php?rest_route=%2Fwp%2Fv2%2Fmedia&parent=846"}],"curies":[{"name":"wp","href":"https:\/\/api.w.org\/{rel}","templated":true}]}}