{"id":840,"date":"2022-12-26T16:30:36","date_gmt":"2022-12-26T16:30:36","guid":{"rendered":"https:\/\/holosofia.com.br\/?page_id=840"},"modified":"2022-12-29T22:56:43","modified_gmt":"2022-12-29T22:56:43","slug":"10-saude-vii","status":"publish","type":"page","link":"https:\/\/holosofia.com.br\/?page_id=840","title":{"rendered":"HOLOCOLUNA &#8211; 0010"},"content":{"rendered":"<ol start=\"10\">\n<li>\n<h2><strong> SA\u00daDE VII. <\/strong><\/h2>\n<\/li>\n<\/ol>\n<h3 style=\"text-align: right;\">Publicado em 01.07.06<\/h3>\n<h3><strong>\u00a0<\/strong><\/h3>\n<h3>A Organiza\u00e7\u00e3o Mundial de Sa\u00fade (OMS) define Sa\u00fade como, al\u00e9m da aus\u00eancia de doen\u00e7a, a sensa\u00e7\u00e3o de bem-estar f\u00edsico, mental e social. A Holosofia acrescenta&#8230; e <strong>espiritual.<\/strong><\/h3>\n<h3>Portanto, diante das a\u00e7\u00f5es das pessoas, \u00e9 poss\u00edvel saber se elas gozam boa sa\u00fade ou n\u00e3o. O indiv\u00edduo saud\u00e1vel desfruta um estado de equil\u00edbrio; ele age com naturalidade e suavidade, jamais com viol\u00eancia.<\/h3>\n<h3>Mas, ser natural vem se tornando cada vez mais um desafio para o homem moderno, da\u00ed a freq\u00fc\u00eancia com que nos deparamos com estilos de vida semi-artificiais, onde for\u00e7ar a \u201cbarra\u201d, valer-se da viol\u00eancia, pode parecer a alternativa mais l\u00f3gica.<\/h3>\n<h3>Sem qualquer conota\u00e7\u00e3o de moralidade, mas para o exerc\u00edcio de uma importante reflex\u00e3o, vimos registrar tr\u00eas aspectos que t\u00e3o bem caracterizam a viol\u00eancia. A viol\u00eancia no contexto sexual.<\/h3>\n<h3>Primeiro, assistimos ao crescimento progressivo do n\u00famero de jovens \u2013 masculinos e femininos \u2013 inteligentes que insistem desnecessariamente em se aventurar no mundo da fama e do sucesso atrav\u00e9s da banaliza\u00e7\u00e3o do sexo, da exposi\u00e7\u00e3o de suas partes pudendas e cenas de atos sexuais expl\u00edcitos. Tal verdade se confirma ao se folhear revistas ou ligar-se a TV, em qualquer canal, n\u00e3o importando o hor\u00e1rio.<\/h3>\n<h3>Segundo, constata-se nos consult\u00f3rios de obstetr\u00edcia a eleva\u00e7\u00e3o do \u00edndice de adolescentes gr\u00e1vidas, quase sempre resultante do desfecho impetuoso moment\u00e2neo ou circunstancial dos envolvidos, denotando quase sempre algum grau de viol\u00eancia.<\/h3>\n<h3>Terceiro, h\u00e1 informes de que durante o ano de 2005 o mercado mundial de pornografia infantil movimentou mais de vinte bilh\u00f5es de d\u00f3lares, e que a crian\u00e7a mais nova ali exposta contava com apenas 1 ano e 6 meses de idade.<\/h3>\n<h3>Naturalmente, os fatos acima denunciam as diferentes intensidades da aus\u00eancia de sensa\u00e7\u00e3o de bem-estar f\u00edsico, mental, social e espiritual de ambas as partes, dos explorados e dos exploradores.<\/h3>\n<h3>Tudo isto causa muita perplexidade e indigna\u00e7\u00e3o, \u00e9 verdade!<\/h3>\n<h3>Entretanto, num segundo momento, \u00e9 preciso ir fundo e reconhecer as m\u00faltiplas raz\u00f5es que levam tanta gente ao descaminho da <strong>viol\u00eancia sexual<\/strong>.<\/h3>\n<h3>Assim, \u00e0 luz do verdadeiro conceito de sa\u00fade, torna-se razo\u00e1vel canalizar os recursos humanos e materiais para a promo\u00e7\u00e3o humana a partir de medidas reconhecidamente importantes para a manuten\u00e7\u00e3o da sa\u00fade e cria\u00e7\u00e3o de fontes alternativas de prazer e realiza\u00e7\u00e3o das pessoas.<\/h3>\n<h3>A sa\u00fade plena, portanto, permite ao indiv\u00edduo superar obst\u00e1culos e conquistar uma vida digna apenas pelo trabalho, criatividade e talento, deixando reservada ao sexo a posi\u00e7\u00e3o de suprema realiza\u00e7\u00e3o afetiva, com amor e ternura.<\/h3>\n<h3><\/h3>\n<h3><\/h3>\n<p><strong>\u00a0<\/strong><\/p>\n<p><strong>\u00a0<\/strong><\/p>\n<p><strong>\u00a0<\/strong><\/p>\n<p><strong>\u00a0<\/strong><\/p>\n<p><strong>\u00a0<\/strong><\/p>\n<p><strong>\u00a0<\/strong><\/p>\n<p>&nbsp;<\/p>\n","protected":false},"excerpt":{"rendered":"<p>SA\u00daDE VII. Publicado em 01.07.06 \u00a0 A Organiza\u00e7\u00e3o Mundial de Sa\u00fade (OMS) define Sa\u00fade como, al\u00e9m da aus\u00eancia de doen\u00e7a, a sensa\u00e7\u00e3o de bem-estar f\u00edsico, mental e social. A Holosofia acrescenta&#8230; e espiritual. Portanto, diante das a\u00e7\u00f5es das pessoas, \u00e9 poss\u00edvel saber se elas gozam boa sa\u00fade ou n\u00e3o. O indiv\u00edduo saud\u00e1vel desfruta um estado &hellip;<\/p>\n<p class=\"read-more\"> <a class=\"\" href=\"https:\/\/holosofia.com.br\/?page_id=840\"> <span class=\"screen-reader-text\">HOLOCOLUNA &#8211; 0010<\/span> Leia mais &raquo;<\/a><\/p>\n","protected":false},"author":1,"featured_media":0,"parent":0,"menu_order":0,"comment_status":"closed","ping_status":"closed","template":"","meta":{"_bbp_topic_count":0,"_bbp_reply_count":0,"_bbp_total_topic_count":0,"_bbp_total_reply_count":0,"_bbp_voice_count":0,"_bbp_anonymous_reply_count":0,"_bbp_topic_count_hidden":0,"_bbp_reply_count_hidden":0,"_bbp_forum_subforum_count":0,"om_disable_all_campaigns":false,"_uag_custom_page_level_css":"","_mi_skip_tracking":false,"_monsterinsights_sitenote_active":false,"_monsterinsights_sitenote_note":"","_monsterinsights_sitenote_category":0,"site-sidebar-layout":"default","site-content-layout":"default","ast-global-header-display":"","ast-main-header-display":"","ast-hfb-above-header-display":"","ast-hfb-below-header-display":"","ast-hfb-mobile-header-display":"","site-post-title":"","ast-breadcrumbs-content":"","ast-featured-img":"","footer-sml-layout":"","theme-transparent-header-meta":"default","adv-header-id-meta":"","stick-header-meta":"","header-above-stick-meta":"","header-main-stick-meta":"","header-below-stick-meta":"","footnotes":""},"class_list":["post-840","page","type-page","status-publish","hentry"],"aioseo_notices":[],"uagb_featured_image_src":{"full":false,"thumbnail":false,"medium":false,"medium_large":false,"large":false,"post-slider-thumb-size":false,"1536x1536":false,"2048x2048":false},"uagb_author_info":{"display_name":"solucaopublicidades@hotmail.com","author_link":"https:\/\/holosofia.com.br\/?author=1"},"uagb_comment_info":0,"uagb_excerpt":"SA\u00daDE VII. Publicado em 01.07.06 \u00a0 A Organiza\u00e7\u00e3o Mundial de Sa\u00fade (OMS) define Sa\u00fade como, al\u00e9m da aus\u00eancia de doen\u00e7a, a sensa\u00e7\u00e3o de bem-estar f\u00edsico, mental e social. A Holosofia acrescenta&#8230; e espiritual. Portanto, diante das a\u00e7\u00f5es das pessoas, \u00e9 poss\u00edvel saber se elas gozam boa sa\u00fade ou n\u00e3o. O indiv\u00edduo saud\u00e1vel desfruta um estado&hellip;","_links":{"self":[{"href":"https:\/\/holosofia.com.br\/index.php?rest_route=\/wp\/v2\/pages\/840","targetHints":{"allow":["GET"]}}],"collection":[{"href":"https:\/\/holosofia.com.br\/index.php?rest_route=\/wp\/v2\/pages"}],"about":[{"href":"https:\/\/holosofia.com.br\/index.php?rest_route=\/wp\/v2\/types\/page"}],"author":[{"embeddable":true,"href":"https:\/\/holosofia.com.br\/index.php?rest_route=\/wp\/v2\/users\/1"}],"replies":[{"embeddable":true,"href":"https:\/\/holosofia.com.br\/index.php?rest_route=%2Fwp%2Fv2%2Fcomments&post=840"}],"version-history":[{"count":3,"href":"https:\/\/holosofia.com.br\/index.php?rest_route=\/wp\/v2\/pages\/840\/revisions"}],"predecessor-version":[{"id":932,"href":"https:\/\/holosofia.com.br\/index.php?rest_route=\/wp\/v2\/pages\/840\/revisions\/932"}],"wp:attachment":[{"href":"https:\/\/holosofia.com.br\/index.php?rest_route=%2Fwp%2Fv2%2Fmedia&parent=840"}],"curies":[{"name":"wp","href":"https:\/\/api.w.org\/{rel}","templated":true}]}}