{"id":829,"date":"2022-12-26T12:50:08","date_gmt":"2022-12-26T12:50:08","guid":{"rendered":"https:\/\/holosofia.com.br\/?page_id=829"},"modified":"2022-12-29T22:54:27","modified_gmt":"2022-12-29T22:54:27","slug":"08-saude-v-violencia-ambiental","status":"publish","type":"page","link":"https:\/\/holosofia.com.br\/?page_id=829","title":{"rendered":"HOLOCOLUNA &#8211; 0008"},"content":{"rendered":"<ol start=\"8\">\n<li>\n<h2>SA\u00daDE V. Viol\u00eancia Ambiental<\/h2>\n<\/li>\n<\/ol>\n<h3 style=\"text-align: right;\">Publicado em 17.06.06<\/h3>\n<h3><\/h3>\n<h3>A Organiza\u00e7\u00e3o Mundial de Sa\u00fade (OMS) define Sa\u00fade como, al\u00e9m da aus\u00eancia de doen\u00e7a, a sensa\u00e7\u00e3o de bem-estar f\u00edsico, mental e social. A Holosofia acrescenta&#8230; e <strong>espiritual.<\/strong><\/h3>\n<h3>A pessoa saud\u00e1vel faz do seu interior um ambiente de serenidade, faz do seu lar um ambiente de paz, faz da sua cidade um ambiente apraz\u00edvel.<\/h3>\n<h3>Logo, a viol\u00eancia ambiental reflete o comprometimento da sa\u00fade das pessoas. Elas, por estarem doentes, tanto se violentam como agridem o meio ambiente.<\/h3>\n<h3>A patologia \u201cambi\u00e7\u00e3o m\u00f3rbida\u201d, a qual induz o homem ao ac\u00famulo de riquezas materiais em detrimento das doen\u00e7as e mortes causadas aos tr\u00eas reinos da natureza \u2013 <em>animal, vegetal e mineral<\/em> \u2013 pode ser considerada como a respons\u00e1vel pelo efeito estufa.<\/h3>\n<h3>Este fen\u00f4meno recebe tal denomina\u00e7\u00e3o por oferecer ao planeta terra condi\u00e7\u00f5es de aquecimento semelhantes ao de uma estufa.<\/h3>\n<h3>O excesso de combust\u00e3o que se verificam, principalmente, nos parques industriais dos maiores paises do mundo \u2013 Estados Unidos, China, Jap\u00e3o, Canad\u00e1 e outros \u2013 assim como na queima dos combust\u00edveis de automotores contribuem enormemente para a forma\u00e7\u00e3o de uma inimagin\u00e1vel e gigantesca camada de gases, com predomin\u00e2ncia do oz\u00f4nio, a qual se interp\u00f5e entre a terra e o sol, prejudicando as intera\u00e7\u00f5es interplanet\u00e1rias indispens\u00e1veis \u00e0 manuten\u00e7\u00e3o da vida saud\u00e1vel como um todo.<\/h3>\n<h3>O aquecimento do planeta terra vem sendo acompanhado por cientistas do mundo inteiro, e j\u00e1 se constata um processo acelerado de degelo nos p\u00f3los por conta disso.<\/h3>\n<h3>As experi\u00eancias com subst\u00e2ncias explosivas praticadas em alto mar de paises sintonizados com as guerras s\u00e3o fontes de graves agress\u00f5es ambientais, no contexto \u00e1guas e peixes; os vazamentos de componentes radioativos t\u00eam provocado inaceit\u00e1veis preju\u00edzos ambientais, no contexto terra, homem, animais e plantas.<\/h3>\n<h3>Os principais rios brasileiros est\u00e3o pedindo socorro h\u00e1 d\u00e9cadas! O \u201cVelho Chico\u201d, como \u00e9 chamado na intimidade o Rio S\u00e3o Francisco, al\u00e9m de agonizante pelo descaso secular, agora est\u00e1 amargando a dor pelo desvio do seu leito natural. O Rio Tiet\u00ea \u00e9 um paciente cian\u00f3tico que tem se mantido na UTI, \u201crespirando\u201d por aparelhos de dragagem em atividade nas 24 horas do dia, nos \u00faltimos anos.<\/h3>\n<h3>O adequado destino dado \u00e0s baterias e aos pneus p\u00f3s-utilizados vem se constituindo num desafio para os fabricantes, quando pressionados pela sociedade consumidora.<\/h3>\n<h3>Os recipientes, as embalagens e os lixos industriais, hospitalares e domiciliares v\u00eam gerando uma amea\u00e7a \u00e0 sa\u00fade p\u00fablica na maioria das cidades brasileiras, quase sempre com a aquiesc\u00eancia inconsciente de uma popula\u00e7\u00e3o pouco ou quase nada sens\u00edvel ao problema.<\/h3>\n<h3>Ao concluir esta breve reflex\u00e3o, o leitor pode facilmente concluir que a falta sa\u00fade \u2013 <em>aus\u00eancia de bem-estar f\u00edsico, mental, social ou espiritual <\/em>\u2013 leva, irremediavelmente, \u00e0 viol\u00eancia ambiental, por a\u00e7\u00e3o de uns e omiss\u00e3o de outros.<\/h3>\n<h3>O Programa Holos\u00f3fico de Sa\u00fade (PHS) trabalha com a possibilidade de promover estrat\u00e9gias que venham favorecer a expans\u00e3o da consci\u00eancia e, a partir de ent\u00e3o, seja facultado ao homem o equil\u00edbrio entre o ter e o ser.<\/h3>\n<h3>Equa\u00e7\u00e3o quase ut\u00f3pica, mas poss\u00edvel, pelo amor ou pela dor!<\/h3>\n<h3>Este \u00e9 o momento ideal para resgatarmos a nossa sa\u00fade e nos unirmos, pelo amor, em defesa do ambiente cajuruense e de suas belas nascentes.<\/h3>\n<h3><\/h3>\n<h3 style=\"text-align: right;\"><em>Sebasti\u00e3o Saraiva<\/em><br \/>\n<em>M\u00e9dico e Hol\u00f3sofo<\/em><\/h3>\n","protected":false},"excerpt":{"rendered":"<p>SA\u00daDE V. Viol\u00eancia Ambiental Publicado em 17.06.06 A Organiza\u00e7\u00e3o Mundial de Sa\u00fade (OMS) define Sa\u00fade como, al\u00e9m da aus\u00eancia de doen\u00e7a, a sensa\u00e7\u00e3o de bem-estar f\u00edsico, mental e social. A Holosofia acrescenta&#8230; e espiritual. A pessoa saud\u00e1vel faz do seu interior um ambiente de serenidade, faz do seu lar um ambiente de paz, faz da &hellip;<\/p>\n<p class=\"read-more\"> <a class=\"\" href=\"https:\/\/holosofia.com.br\/?page_id=829\"> <span class=\"screen-reader-text\">HOLOCOLUNA &#8211; 0008<\/span> Leia mais &raquo;<\/a><\/p>\n","protected":false},"author":1,"featured_media":0,"parent":0,"menu_order":0,"comment_status":"closed","ping_status":"closed","template":"","meta":{"_bbp_topic_count":0,"_bbp_reply_count":0,"_bbp_total_topic_count":0,"_bbp_total_reply_count":0,"_bbp_voice_count":0,"_bbp_anonymous_reply_count":0,"_bbp_topic_count_hidden":0,"_bbp_reply_count_hidden":0,"_bbp_forum_subforum_count":0,"om_disable_all_campaigns":false,"_uag_custom_page_level_css":"","_mi_skip_tracking":false,"_monsterinsights_sitenote_active":false,"_monsterinsights_sitenote_note":"","_monsterinsights_sitenote_category":0,"site-sidebar-layout":"default","site-content-layout":"default","ast-global-header-display":"","ast-main-header-display":"","ast-hfb-above-header-display":"","ast-hfb-below-header-display":"","ast-hfb-mobile-header-display":"","site-post-title":"","ast-breadcrumbs-content":"","ast-featured-img":"","footer-sml-layout":"","theme-transparent-header-meta":"default","adv-header-id-meta":"","stick-header-meta":"","header-above-stick-meta":"","header-main-stick-meta":"","header-below-stick-meta":"","footnotes":""},"class_list":["post-829","page","type-page","status-publish","hentry"],"aioseo_notices":[],"uagb_featured_image_src":{"full":false,"thumbnail":false,"medium":false,"medium_large":false,"large":false,"post-slider-thumb-size":false,"1536x1536":false,"2048x2048":false},"uagb_author_info":{"display_name":"solucaopublicidades@hotmail.com","author_link":"https:\/\/holosofia.com.br\/?author=1"},"uagb_comment_info":0,"uagb_excerpt":"SA\u00daDE V. Viol\u00eancia Ambiental Publicado em 17.06.06 A Organiza\u00e7\u00e3o Mundial de Sa\u00fade (OMS) define Sa\u00fade como, al\u00e9m da aus\u00eancia de doen\u00e7a, a sensa\u00e7\u00e3o de bem-estar f\u00edsico, mental e social. A Holosofia acrescenta&#8230; e espiritual. A pessoa saud\u00e1vel faz do seu interior um ambiente de serenidade, faz do seu lar um ambiente de paz, faz da&hellip;","_links":{"self":[{"href":"https:\/\/holosofia.com.br\/index.php?rest_route=\/wp\/v2\/pages\/829","targetHints":{"allow":["GET"]}}],"collection":[{"href":"https:\/\/holosofia.com.br\/index.php?rest_route=\/wp\/v2\/pages"}],"about":[{"href":"https:\/\/holosofia.com.br\/index.php?rest_route=\/wp\/v2\/types\/page"}],"author":[{"embeddable":true,"href":"https:\/\/holosofia.com.br\/index.php?rest_route=\/wp\/v2\/users\/1"}],"replies":[{"embeddable":true,"href":"https:\/\/holosofia.com.br\/index.php?rest_route=%2Fwp%2Fv2%2Fcomments&post=829"}],"version-history":[{"count":3,"href":"https:\/\/holosofia.com.br\/index.php?rest_route=\/wp\/v2\/pages\/829\/revisions"}],"predecessor-version":[{"id":929,"href":"https:\/\/holosofia.com.br\/index.php?rest_route=\/wp\/v2\/pages\/829\/revisions\/929"}],"wp:attachment":[{"href":"https:\/\/holosofia.com.br\/index.php?rest_route=%2Fwp%2Fv2%2Fmedia&parent=829"}],"curies":[{"name":"wp","href":"https:\/\/api.w.org\/{rel}","templated":true}]}}