{"id":824,"date":"2022-12-26T12:44:05","date_gmt":"2022-12-26T12:44:05","guid":{"rendered":"https:\/\/holosofia.com.br\/?page_id=824"},"modified":"2022-12-29T22:53:29","modified_gmt":"2022-12-29T22:53:29","slug":"07-saude-iv-violencia-profissional","status":"publish","type":"page","link":"https:\/\/holosofia.com.br\/?page_id=824","title":{"rendered":"HOLOSOFIA &#8211; 0007"},"content":{"rendered":"<ol start=\"7\">\n<li>\n<h2>SA\u00daDE IV. Viol\u00eancia Profissional<\/h2>\n<\/li>\n<\/ol>\n<h3 style=\"text-align: right;\">Publicado em 10.06.06<\/h3>\n<h3><\/h3>\n<h3>Sa\u00fade, segundo a Organiza\u00e7\u00e3o Mundial de Sa\u00fade (OMS), \u00e9, al\u00e9m da aus\u00eancia de doen\u00e7a, a sensa\u00e7\u00e3o de bem-estar f\u00edsico, mental e social. A Holosofia acrescenta&#8230; e espiritual.<\/h3>\n<h3>N\u00e3o apenas lendo estas defini\u00e7\u00f5es, mas internalizando-as e refletindo sobre cada palavra, torna-se f\u00e1cil visualizarmos e at\u00e9 sentirmos a beleza de uma sociedade saud\u00e1vel. Uma sociedade verdadeiramente humana e feliz. Uma sociedade ideal.<\/h3>\n<h3>\u00c9 exatamente este exerc\u00edcio que estamos fazendo neste momento. Agora, pare voc\u00ea por apenas dois minutos, feche os olhos, fa\u00e7a uma inspira\u00e7\u00e3o profunda e visualize a sua cidade com todas as pessoas gozando de plena sa\u00fade.<\/h3>\n<h3>Ent\u00e3o&#8230; sentiu que maravilha!?<\/h3>\n<h3>Mediante este exerc\u00edcio, podemos (eu e voc\u00ea) concluir que a sa\u00fade \u00e9 o caminho mais perto para a felicidade.<\/h3>\n<h3>Voltemo-nos, pois, para a nossa sociedade real.<\/h3>\n<h3>Neste instante, somos tomados por um sentimento de perplexidade, pois n\u00e3o conseguimos compreender o que leva as sociedades \u2013 local, nacional e mundial \u2013 a se privarem da felicidade, algo desejado por todos.<\/h3>\n<h3>Infelizmente, o que vemos e vivemos \u00e9 um estado de permanente competi\u00e7\u00e3o e, por isso, de extrema viol\u00eancia. Viol\u00eancia em todos os campos, inclusive no <strong>profissional<\/strong>.<\/h3>\n<h3>Nos prim\u00f3rdios da organiza\u00e7\u00e3o da sociedade americana, milhares de chineses eram trazidos para o mercado de trabalho nos Estados Unidos, por quest\u00f5es econ\u00f4micas, pois significavam m\u00e3o-de-obra barata em rela\u00e7\u00e3o os trabalhadores locais.<\/h3>\n<h3>Os chineses, al\u00e9m de ganharem muito pouco, viviam de forma prec\u00e1ria, residindo em aglomerados de min\u00fasculas casas de madeiras.<\/h3>\n<h3>Revoltados pela ocupa\u00e7\u00e3o do mercado de trabalho pelos chineses, grupos de trabalhadores americanos, no calar da noite, costumavam metralhar milhares daqueles indefesos imigrantes. Passado algum tempo, os importadores de chineses aportavam com mais navios lotados. Novamente, a hecatombe se repetia.<\/h3>\n<h3>Atualmente, assistimos \u00e0 importa\u00e7\u00e3o de trabalhadores nordestinos para atuarem como cortadores de cana na nossa regi\u00e3o. Estes em condi\u00e7\u00f5es semi-escravas, submetidos a longas jornadas de trabalho, recebendo sal\u00e1rios vis, dormindo no ch\u00e3o e sem higiene.<\/h3>\n<h3>A viol\u00eancia profissional pode ser constatada em in\u00fameras empresas de avia\u00e7\u00e3o e transportadoras rodovi\u00e1rias, atrav\u00e9s de excessivas horas de trabalho impostas aos seus funcion\u00e1rios, piloto\/tripula\u00e7\u00e3o e motoristas, respectivamente.<\/h3>\n<h3>A <strong>auto-viol\u00eancia profissional<\/strong> tamb\u00e9m existe.Tomemos dois exemplos:<\/h3>\n<h3>Primeiro, h\u00e1 pouco tempo, tomado pela famigerada competi\u00e7\u00e3o e gan\u00e2ncia s\u00f3cio-econ\u00f4mico \u2013 <em>aus\u00eancia de bem-estar mental, social e espiritual<\/em> \u2013, um apresentador de TV \u2013 Gugu \u2013 forjou a amea\u00e7a de seq\u00fcestro ao \u201cseu amigo\u201d, o padre Marcelo, chegando a apresentar no seu programa, ao vivo, os supostos criminosos no interior de uma van.<\/h3>\n<h3>A revela\u00e7\u00e3o da verdade revoltou a sociedade e rendeu momentos de vexame e humilha\u00e7\u00e3o ao doente apresentador, al\u00e9m do descr\u00e9dito imediato ao seu programa.<\/h3>\n<h3>Segundo, outros apresentadores de TV, com o mesmo objetivo \u2013 <em>com a mesma aus\u00eancia de bem-estar mental, social e espiritual<\/em> \u2013, subornam pessoas pobres \u2013 <em>tamb\u00e9m com aus\u00eancia de bem-estar mental, social e espiritual<\/em> \u2013 para simularem desaven\u00e7as amorosas, familiares e\/ou com a vizinhan\u00e7a. Eles maquinam estas situa\u00e7\u00f5es porque sabem que tais mis\u00e9rias atraem a aten\u00e7\u00e3o daqueles que com elas se identificam. Assim, garantem o ibope e o emprego, sem jamais se perceberem como doentes, mas espertos.<\/h3>\n<h3>Como a sa\u00fade \u00e9 importante e indispens\u00e1vel para conferir dignidade \u00e0s pessoas!<\/h3>\n<h3><\/h3>\n<h3 style=\"text-align: right;\"><em>Sebasti\u00e3o Saraiva<\/em><br \/>\n<em>M\u00e9dico e Hol\u00f3sofo<\/em><\/h3>\n","protected":false},"excerpt":{"rendered":"<p>SA\u00daDE IV. Viol\u00eancia Profissional Publicado em 10.06.06 Sa\u00fade, segundo a Organiza\u00e7\u00e3o Mundial de Sa\u00fade (OMS), \u00e9, al\u00e9m da aus\u00eancia de doen\u00e7a, a sensa\u00e7\u00e3o de bem-estar f\u00edsico, mental e social. A Holosofia acrescenta&#8230; e espiritual. N\u00e3o apenas lendo estas defini\u00e7\u00f5es, mas internalizando-as e refletindo sobre cada palavra, torna-se f\u00e1cil visualizarmos e at\u00e9 sentirmos a beleza de &hellip;<\/p>\n<p class=\"read-more\"> <a class=\"\" href=\"https:\/\/holosofia.com.br\/?page_id=824\"> <span class=\"screen-reader-text\">HOLOSOFIA &#8211; 0007<\/span> Leia mais &raquo;<\/a><\/p>\n","protected":false},"author":1,"featured_media":0,"parent":0,"menu_order":0,"comment_status":"closed","ping_status":"closed","template":"","meta":{"_bbp_topic_count":0,"_bbp_reply_count":0,"_bbp_total_topic_count":0,"_bbp_total_reply_count":0,"_bbp_voice_count":0,"_bbp_anonymous_reply_count":0,"_bbp_topic_count_hidden":0,"_bbp_reply_count_hidden":0,"_bbp_forum_subforum_count":0,"om_disable_all_campaigns":false,"_uag_custom_page_level_css":"","_mi_skip_tracking":false,"_monsterinsights_sitenote_active":false,"_monsterinsights_sitenote_note":"","_monsterinsights_sitenote_category":0,"site-sidebar-layout":"default","site-content-layout":"default","ast-global-header-display":"","ast-main-header-display":"","ast-hfb-above-header-display":"","ast-hfb-below-header-display":"","ast-hfb-mobile-header-display":"","site-post-title":"","ast-breadcrumbs-content":"","ast-featured-img":"","footer-sml-layout":"","theme-transparent-header-meta":"default","adv-header-id-meta":"","stick-header-meta":"","header-above-stick-meta":"","header-main-stick-meta":"","header-below-stick-meta":"","footnotes":""},"class_list":["post-824","page","type-page","status-publish","hentry"],"aioseo_notices":[],"uagb_featured_image_src":{"full":false,"thumbnail":false,"medium":false,"medium_large":false,"large":false,"post-slider-thumb-size":false,"1536x1536":false,"2048x2048":false},"uagb_author_info":{"display_name":"solucaopublicidades@hotmail.com","author_link":"https:\/\/holosofia.com.br\/?author=1"},"uagb_comment_info":0,"uagb_excerpt":"SA\u00daDE IV. Viol\u00eancia Profissional Publicado em 10.06.06 Sa\u00fade, segundo a Organiza\u00e7\u00e3o Mundial de Sa\u00fade (OMS), \u00e9, al\u00e9m da aus\u00eancia de doen\u00e7a, a sensa\u00e7\u00e3o de bem-estar f\u00edsico, mental e social. A Holosofia acrescenta&#8230; e espiritual. N\u00e3o apenas lendo estas defini\u00e7\u00f5es, mas internalizando-as e refletindo sobre cada palavra, torna-se f\u00e1cil visualizarmos e at\u00e9 sentirmos a beleza de&hellip;","_links":{"self":[{"href":"https:\/\/holosofia.com.br\/index.php?rest_route=\/wp\/v2\/pages\/824","targetHints":{"allow":["GET"]}}],"collection":[{"href":"https:\/\/holosofia.com.br\/index.php?rest_route=\/wp\/v2\/pages"}],"about":[{"href":"https:\/\/holosofia.com.br\/index.php?rest_route=\/wp\/v2\/types\/page"}],"author":[{"embeddable":true,"href":"https:\/\/holosofia.com.br\/index.php?rest_route=\/wp\/v2\/users\/1"}],"replies":[{"embeddable":true,"href":"https:\/\/holosofia.com.br\/index.php?rest_route=%2Fwp%2Fv2%2Fcomments&post=824"}],"version-history":[{"count":2,"href":"https:\/\/holosofia.com.br\/index.php?rest_route=\/wp\/v2\/pages\/824\/revisions"}],"predecessor-version":[{"id":928,"href":"https:\/\/holosofia.com.br\/index.php?rest_route=\/wp\/v2\/pages\/824\/revisions\/928"}],"wp:attachment":[{"href":"https:\/\/holosofia.com.br\/index.php?rest_route=%2Fwp%2Fv2%2Fmedia&parent=824"}],"curies":[{"name":"wp","href":"https:\/\/api.w.org\/{rel}","templated":true}]}}