{"id":818,"date":"2022-12-26T12:40:41","date_gmt":"2022-12-26T12:40:41","guid":{"rendered":"https:\/\/holosofia.com.br\/?page_id=818"},"modified":"2022-12-29T22:52:34","modified_gmt":"2022-12-29T22:52:34","slug":"818-2","status":"publish","type":"page","link":"https:\/\/holosofia.com.br\/?page_id=818","title":{"rendered":"HOLOCOLUNA &#8211; 0006"},"content":{"rendered":"<ol start=\"6\">\n<li>\n<h2>SA\u00daDE III. Viol\u00eancia Familiar<\/h2>\n<\/li>\n<\/ol>\n<h3 style=\"text-align: right;\">Publicado em 27.05.06<\/h3>\n<h3><\/h3>\n<h3>Sa\u00fade, segundo a Organiza\u00e7\u00e3o Mundial de Sa\u00fade (OMS), \u00e9, al\u00e9m da aus\u00eancia de doen\u00e7a, a sensa\u00e7\u00e3o de bem-estar f\u00edsico, mental e social. A Holosofia acrescenta&#8230; e espiritual.<\/h3>\n<h3>Dentro deste contexto, o ambiente familiar parece ser o primeiro a se ressentir da aus\u00eancia de sa\u00fade, mesmo que isto venha ocorrer em um \u00fanico dos seus membros. Naturalmente, a vida moderna pouco permite identificarem-se com facilidade os primeiros sintomas e, na maioria das vezes, a consuma\u00e7\u00e3o dos fatos resulta no ponto inequ\u00edvoco de reconhecimento de que as coisas j\u00e1 n\u00e3o vinham bem.<\/h3>\n<h3>N\u00e3o raro ficamos sabendo de hist\u00f3rias de viol\u00eancia f\u00edsica entre casais, assim como de espancamentos direcionados \u00e0 crian\u00e7a, quase sempre com evidentes despropor\u00e7\u00f5es entre as a\u00e7\u00f5es e as rea\u00e7\u00f5es.<\/h3>\n<h3>Uma an\u00e1lise superficial tende a concluir por uma postura simplista de cr\u00edtica ao agressor sem, contudo, considerar a sua hist\u00f3ria pregressa no aspecto comportamental.<\/h3>\n<h3>As dificuldades de realiza\u00e7\u00e3o dos sonhos e do cumprimento das responsabilidades profissionais e familiares terminam provocando um relativo distanciamento entre o casal que, inevitavelmente, atingir\u00e1 a rela\u00e7\u00e3o familiar como um todo.<\/h3>\n<h3>Pela sutileza do processo, em fase inicial, as coisas parecem sinalizar para uma situa\u00e7\u00e3o de desgaste naturalmente provocado pela rotina, mas na verdade verifica-se a\u00ed o primeiro momento de uma viol\u00eancia pessoal \u2013 de um dos c\u00f4njuges \u2013 com reflexo familiar.<\/h3>\n<h3>Este est\u00e1gio de distanciamento evolui para o de indiferen\u00e7a.. o de constrangimento&#8230; at\u00e9 chegar \u00e0 viol\u00eancia f\u00edsica ou psicol\u00f3gica entre ambos.<\/h3>\n<h3>Diante desta realidade, os filhos ficam \u00e0 deriva, sofrendo da s\u00edndrome do conflito interior, quase sempre somatizada, portanto, traduzida em manifesta\u00e7\u00f5es de doen\u00e7as f\u00edsicas evidentes ou mesmo em modifica\u00e7\u00f5es comportamentais observ\u00e1veis.<\/h3>\n<h3>Eis a\u00ed o momento de grande vulnerabilidade do filho ao ingresso no mundo da prostitui\u00e7\u00e3o e das drogas!<\/h3>\n<h3>Obviamente, n\u00e3o se justifica nem se deve aceitar qualquer modalidade de viol\u00eancia, especialmente no \u00e2mbito familiar, entretanto, conv\u00e9m salientar o quanto seria interessante a fam\u00edlia destinar alguns momentos di\u00e1rios ou semanais para avaliar a condi\u00e7\u00e3o individual dos seus membros, no que diz respeito ao grau de satisfa\u00e7\u00e3o pessoal e, consequentemente, a sensa\u00e7\u00e3o de bem-estar f\u00edsico, mental, social e espiritual de cada um.<\/h3>\n<h3>Assim, percebe-se que a sa\u00fade se revela como o mais importante patrim\u00f4nio familiar e valioso divisor de \u00e1guas, boas e m\u00e1s.<\/h3>\n<h3>Finalmente, a fam\u00edlia saud\u00e1vel \u00e9 aquela que est\u00e1 atenta \u00e0s filigranas, \u00e0s ocorr\u00eancias do dia-a-dia, cultivando o amor e desfrutando da presen\u00e7a de Deus no cora\u00e7\u00e3o de todos.<\/h3>\n<h3><\/h3>\n<h3 style=\"text-align: right;\"><em>Sebasti\u00e3o Saraiva<\/em><br \/>\n<em>M\u00e9dico e Hol\u00f3sofo<\/em><\/h3>\n<p>&nbsp;<\/p>\n<p>&nbsp;<\/p>\n<p>&nbsp;<\/p>\n","protected":false},"excerpt":{"rendered":"<p>SA\u00daDE III. Viol\u00eancia Familiar Publicado em 27.05.06 Sa\u00fade, segundo a Organiza\u00e7\u00e3o Mundial de Sa\u00fade (OMS), \u00e9, al\u00e9m da aus\u00eancia de doen\u00e7a, a sensa\u00e7\u00e3o de bem-estar f\u00edsico, mental e social. A Holosofia acrescenta&#8230; e espiritual. Dentro deste contexto, o ambiente familiar parece ser o primeiro a se ressentir da aus\u00eancia de sa\u00fade, mesmo que isto venha &hellip;<\/p>\n<p class=\"read-more\"> <a class=\"\" href=\"https:\/\/holosofia.com.br\/?page_id=818\"> <span class=\"screen-reader-text\">HOLOCOLUNA &#8211; 0006<\/span> Leia mais &raquo;<\/a><\/p>\n","protected":false},"author":1,"featured_media":0,"parent":0,"menu_order":0,"comment_status":"closed","ping_status":"closed","template":"","meta":{"_bbp_topic_count":0,"_bbp_reply_count":0,"_bbp_total_topic_count":0,"_bbp_total_reply_count":0,"_bbp_voice_count":0,"_bbp_anonymous_reply_count":0,"_bbp_topic_count_hidden":0,"_bbp_reply_count_hidden":0,"_bbp_forum_subforum_count":0,"om_disable_all_campaigns":false,"_uag_custom_page_level_css":"","_mi_skip_tracking":false,"_monsterinsights_sitenote_active":false,"_monsterinsights_sitenote_note":"","_monsterinsights_sitenote_category":0,"site-sidebar-layout":"default","site-content-layout":"default","ast-global-header-display":"","ast-main-header-display":"","ast-hfb-above-header-display":"","ast-hfb-below-header-display":"","ast-hfb-mobile-header-display":"","site-post-title":"","ast-breadcrumbs-content":"","ast-featured-img":"","footer-sml-layout":"","theme-transparent-header-meta":"default","adv-header-id-meta":"","stick-header-meta":"","header-above-stick-meta":"","header-main-stick-meta":"","header-below-stick-meta":"","footnotes":""},"class_list":["post-818","page","type-page","status-publish","hentry"],"aioseo_notices":[],"uagb_featured_image_src":{"full":false,"thumbnail":false,"medium":false,"medium_large":false,"large":false,"post-slider-thumb-size":false,"1536x1536":false,"2048x2048":false},"uagb_author_info":{"display_name":"solucaopublicidades@hotmail.com","author_link":"https:\/\/holosofia.com.br\/?author=1"},"uagb_comment_info":0,"uagb_excerpt":"SA\u00daDE III. Viol\u00eancia Familiar Publicado em 27.05.06 Sa\u00fade, segundo a Organiza\u00e7\u00e3o Mundial de Sa\u00fade (OMS), \u00e9, al\u00e9m da aus\u00eancia de doen\u00e7a, a sensa\u00e7\u00e3o de bem-estar f\u00edsico, mental e social. A Holosofia acrescenta&#8230; e espiritual. Dentro deste contexto, o ambiente familiar parece ser o primeiro a se ressentir da aus\u00eancia de sa\u00fade, mesmo que isto venha&hellip;","_links":{"self":[{"href":"https:\/\/holosofia.com.br\/index.php?rest_route=\/wp\/v2\/pages\/818","targetHints":{"allow":["GET"]}}],"collection":[{"href":"https:\/\/holosofia.com.br\/index.php?rest_route=\/wp\/v2\/pages"}],"about":[{"href":"https:\/\/holosofia.com.br\/index.php?rest_route=\/wp\/v2\/types\/page"}],"author":[{"embeddable":true,"href":"https:\/\/holosofia.com.br\/index.php?rest_route=\/wp\/v2\/users\/1"}],"replies":[{"embeddable":true,"href":"https:\/\/holosofia.com.br\/index.php?rest_route=%2Fwp%2Fv2%2Fcomments&post=818"}],"version-history":[{"count":3,"href":"https:\/\/holosofia.com.br\/index.php?rest_route=\/wp\/v2\/pages\/818\/revisions"}],"predecessor-version":[{"id":927,"href":"https:\/\/holosofia.com.br\/index.php?rest_route=\/wp\/v2\/pages\/818\/revisions\/927"}],"wp:attachment":[{"href":"https:\/\/holosofia.com.br\/index.php?rest_route=%2Fwp%2Fv2%2Fmedia&parent=818"}],"curies":[{"name":"wp","href":"https:\/\/api.w.org\/{rel}","templated":true}]}}