{"id":813,"date":"2022-12-26T12:36:34","date_gmt":"2022-12-26T12:36:34","guid":{"rendered":"https:\/\/holosofia.com.br\/?page_id=813"},"modified":"2022-12-29T22:51:35","modified_gmt":"2022-12-29T22:51:35","slug":"05-saude-ii-violencia-social","status":"publish","type":"page","link":"https:\/\/holosofia.com.br\/?page_id=813","title":{"rendered":"HOLOCOLUNA &#8211; 0005"},"content":{"rendered":"<ol start=\"5\">\n<li>\n<h2>SA\u00daDE II. Viol\u00eancia Social<\/h2>\n<\/li>\n<\/ol>\n<h3 style=\"text-align: right;\">Publicado em 20.05.06<\/h3>\n<h3><\/h3>\n<h3>Sa\u00fade, segundo a Organiza\u00e7\u00e3o Mundial de Sa\u00fade (OMS), \u00e9, al\u00e9m da aus\u00eancia de doen\u00e7a, a sensa\u00e7\u00e3o de bem-estar f\u00edsico, mental e social. A Holosofia acrescenta&#8230; e espiritual.<\/h3>\n<h3>O Dia das M\u00e3es deste ano foi alvo de manifesta\u00e7\u00f5es violentas por parte da popula\u00e7\u00e3o carcer\u00e1ria das principais cidades brasileiras. Houve pancadarias, depreda\u00e7\u00f5es e assassinatos, morrendo policiais e marginais e deixando a sociedade num estado de p\u00e2nico.<\/h3>\n<h3>Como n\u00e3o poderia deixar de ser, os \u00f3rg\u00e3os de comunica\u00e7\u00e3o, em especial a televis\u00e3o, se encarregaram da montagem do \u201cpalco\u201d e da apresenta\u00e7\u00e3o do \u201cespet\u00e1culo\u201d, pois para estes a pontua\u00e7\u00e3o do ibope est\u00e1 al\u00e9m da tranq\u00fcilidade social.<\/h3>\n<h3>Por outro lado, as autoridades ficaram atordoadas diante da impossibilidade de evitar a comprova\u00e7\u00e3o da fal\u00eancia da retr\u00f3grada filosofia punitiva aos meliantes. Pit\u00e1goras (570 a.C) dizia: mais vale construir escolas do que pres\u00eddios.<\/h3>\n<h3>O quadro acima denota, antes de tudo, o quanto est\u00e1 comprometido o estado de sa\u00fade da sociedade como um todo, dentro daquilo que preceitua a OMS. Fa\u00e7amos, pois, uma breve an\u00e1lise:<\/h3>\n<h3><strong>Primeiro<\/strong>, a delinq\u00fc\u00eancia s\u00f3 \u00e9 poss\u00edvel diante da aus\u00eancia da sensa\u00e7\u00e3o de bem-estar f\u00edsico, mental ou social, por conseguinte, na aus\u00eancia de sa\u00fade.<\/h3>\n<h3><strong>Segundo<\/strong>, grande parte da popula\u00e7\u00e3o carcer\u00e1ria brasileira \u00e9 constitu\u00edda por antigos menores egressos das FEBEMs.<\/h3>\n<h3><strong>Terceiro<\/strong>, por quest\u00f5es conjunturais e estruturais as FEBEMs, que t\u00eam a fun\u00e7\u00e3o prec\u00edpua de atender a sua clientela na dire\u00e7\u00e3o da re-socializa\u00e7\u00e3o, terminam se transformando em Centro de Aperfei\u00e7oamento em Conduta Anti-social, pois dali a maioria sai com significativas e novas experi\u00eancias para a pr\u00e1tica de a\u00e7\u00f5es delituosas.<\/h3>\n<h3><strong>Quinto<\/strong>, a raz\u00e3o pela qual as crian\u00e7as abandonam seus lares e passam a perambular pelas ruas \u00e9 multifatorial, incluindo, inicialmente, algum grau de desequil\u00edbrio mental e\/ou social de seus pais, o que se constitui num problema de sa\u00fade, de sa\u00fade p\u00fablica.<\/h3>\n<h3><strong>Sexto<\/strong>, os pais desses menores geralmente s\u00e3o menores tamb\u00e9m, por isso, sem condi\u00e7\u00f5es f\u00edsicas, psicol\u00f3gicas, emocionais e profissionais para assumir, de forma satisfat\u00f3ria, a condi\u00e7\u00e3o paterna\/materna. Este contexto impede os indiv\u00edduos (pais e filhos) de desfrutarem da sensa\u00e7\u00e3o de bem-estar f\u00edsico, mental e social, ou seja de gozarem sa\u00fade.<\/h3>\n<h3><strong>S\u00e9timo<\/strong>, os poderes constitu\u00eddos (executivo, legislativo e judici\u00e1rio) contam com pessoas comprometidas na sua sensa\u00e7\u00e3o de bem-estar f\u00edsico, mental e social, por isso deixam de implementar uma pol\u00edtica efetiva de sa\u00fade, uma vez que lhes falta a sa\u00fade tamb\u00e9m. Certamente, tamb\u00e9m por isso, n\u00e3o raro est\u00e3o envolvidos em atividades de enriquecimento f\u00e1cil.<\/h3>\n<h3><strong>Oitavo<\/strong>, a m\u00eddia congrega no seu quadro significativa parcela de pessoas com aus\u00eancia da sensa\u00e7\u00e3o de bem-estar f\u00edsico, mental e social, por isso, quase sempre se aproveita da falta de sa\u00fade dos demais para manifestar, inconscientemente, o seu estado de n\u00e3o-sa\u00fade.<\/h3>\n<h3>Esta \u00e9 uma abordagem imparcial e hol\u00edstica, garantida por quem, al\u00e9m da aus\u00eancia de doen\u00e7a, desfruta da sensa\u00e7\u00e3o de bem-estar f\u00edsico, mental, social e espiritual.<\/h3>\n<h3>Assim, reafirmamos que a viol\u00eancia \u00e9 origin\u00e1ria do \u00edntimo de cada pessoa, indubitavelmente sem sa\u00fade. Sem sa\u00fade. Este \u00e9 o ponto!<\/h3>\n<h3>Ningu\u00e9m, equilibrado f\u00edsica, mental, social e espiritualmente, ser\u00e1 capaz de cometer qualquer modalidade de viol\u00eancia. Por outro lada, a manipula\u00e7\u00e3o de massa parece estabelecer um estado de miopia mental mundial, deixando as pessoas sem sa\u00fade, vazias de esperan\u00e7a e de amor.<\/h3>\n<h3><strong>\u00a0<\/strong><\/h3>\n<h3 style=\"text-align: right;\"><em>Sebasti\u00e3o Saraiva<\/em><br \/>\n<em>M\u00e9dico e Hol\u00f3sofo<\/em><\/h3>\n<h3><strong>\u00a0<\/strong><\/h3>\n<p>&nbsp;<\/p>\n","protected":false},"excerpt":{"rendered":"<p>SA\u00daDE II. Viol\u00eancia Social Publicado em 20.05.06 Sa\u00fade, segundo a Organiza\u00e7\u00e3o Mundial de Sa\u00fade (OMS), \u00e9, al\u00e9m da aus\u00eancia de doen\u00e7a, a sensa\u00e7\u00e3o de bem-estar f\u00edsico, mental e social. A Holosofia acrescenta&#8230; e espiritual. O Dia das M\u00e3es deste ano foi alvo de manifesta\u00e7\u00f5es violentas por parte da popula\u00e7\u00e3o carcer\u00e1ria das principais cidades brasileiras. Houve &hellip;<\/p>\n<p class=\"read-more\"> <a class=\"\" href=\"https:\/\/holosofia.com.br\/?page_id=813\"> <span class=\"screen-reader-text\">HOLOCOLUNA &#8211; 0005<\/span> Leia mais &raquo;<\/a><\/p>\n","protected":false},"author":1,"featured_media":0,"parent":0,"menu_order":0,"comment_status":"closed","ping_status":"closed","template":"","meta":{"_bbp_topic_count":0,"_bbp_reply_count":0,"_bbp_total_topic_count":0,"_bbp_total_reply_count":0,"_bbp_voice_count":0,"_bbp_anonymous_reply_count":0,"_bbp_topic_count_hidden":0,"_bbp_reply_count_hidden":0,"_bbp_forum_subforum_count":0,"om_disable_all_campaigns":false,"_uag_custom_page_level_css":"","_mi_skip_tracking":false,"_monsterinsights_sitenote_active":false,"_monsterinsights_sitenote_note":"","_monsterinsights_sitenote_category":0,"site-sidebar-layout":"default","site-content-layout":"default","ast-global-header-display":"","ast-main-header-display":"","ast-hfb-above-header-display":"","ast-hfb-below-header-display":"","ast-hfb-mobile-header-display":"","site-post-title":"","ast-breadcrumbs-content":"","ast-featured-img":"","footer-sml-layout":"","theme-transparent-header-meta":"default","adv-header-id-meta":"","stick-header-meta":"","header-above-stick-meta":"","header-main-stick-meta":"","header-below-stick-meta":"","footnotes":""},"class_list":["post-813","page","type-page","status-publish","hentry"],"aioseo_notices":[],"uagb_featured_image_src":{"full":false,"thumbnail":false,"medium":false,"medium_large":false,"large":false,"post-slider-thumb-size":false,"1536x1536":false,"2048x2048":false},"uagb_author_info":{"display_name":"solucaopublicidades@hotmail.com","author_link":"https:\/\/holosofia.com.br\/?author=1"},"uagb_comment_info":0,"uagb_excerpt":"SA\u00daDE II. Viol\u00eancia Social Publicado em 20.05.06 Sa\u00fade, segundo a Organiza\u00e7\u00e3o Mundial de Sa\u00fade (OMS), \u00e9, al\u00e9m da aus\u00eancia de doen\u00e7a, a sensa\u00e7\u00e3o de bem-estar f\u00edsico, mental e social. A Holosofia acrescenta&#8230; e espiritual. O Dia das M\u00e3es deste ano foi alvo de manifesta\u00e7\u00f5es violentas por parte da popula\u00e7\u00e3o carcer\u00e1ria das principais cidades brasileiras. Houve&hellip;","_links":{"self":[{"href":"https:\/\/holosofia.com.br\/index.php?rest_route=\/wp\/v2\/pages\/813","targetHints":{"allow":["GET"]}}],"collection":[{"href":"https:\/\/holosofia.com.br\/index.php?rest_route=\/wp\/v2\/pages"}],"about":[{"href":"https:\/\/holosofia.com.br\/index.php?rest_route=\/wp\/v2\/types\/page"}],"author":[{"embeddable":true,"href":"https:\/\/holosofia.com.br\/index.php?rest_route=\/wp\/v2\/users\/1"}],"replies":[{"embeddable":true,"href":"https:\/\/holosofia.com.br\/index.php?rest_route=%2Fwp%2Fv2%2Fcomments&post=813"}],"version-history":[{"count":2,"href":"https:\/\/holosofia.com.br\/index.php?rest_route=\/wp\/v2\/pages\/813\/revisions"}],"predecessor-version":[{"id":926,"href":"https:\/\/holosofia.com.br\/index.php?rest_route=\/wp\/v2\/pages\/813\/revisions\/926"}],"wp:attachment":[{"href":"https:\/\/holosofia.com.br\/index.php?rest_route=%2Fwp%2Fv2%2Fmedia&parent=813"}],"curies":[{"name":"wp","href":"https:\/\/api.w.org\/{rel}","templated":true}]}}