{"id":808,"date":"2022-12-26T12:27:23","date_gmt":"2022-12-26T12:27:23","guid":{"rendered":"https:\/\/holosofia.com.br\/?page_id=808"},"modified":"2022-12-29T22:50:42","modified_gmt":"2022-12-29T22:50:42","slug":"04-saude-i-a-auto-violencia","status":"publish","type":"page","link":"https:\/\/holosofia.com.br\/?page_id=808","title":{"rendered":"HOLOCOLUNA &#8211; 0004"},"content":{"rendered":"<ol start=\"4\">\n<li>\n<h2>SA\u00daDE I. A Auto-viol\u00eancia<\/h2>\n<\/li>\n<\/ol>\n<h3 style=\"text-align: right;\"><strong>\u00a0<\/strong>Publicado em 13.05.06<\/h3>\n<h3><\/h3>\n<h3>Sa\u00fade, segundo a Organiza\u00e7\u00e3o Mundial de Sa\u00fade (OMS), \u00e9, al\u00e9m da aus\u00eancia de doen\u00e7a, a sensa\u00e7\u00e3o de bem-estar f\u00edsico, mental e social. A Holosofia acrescenta&#8230; e espiritual.<\/h3>\n<h3>Portanto, considerando-se as referidas defini\u00e7\u00f5es, \u00e9 f\u00e1cil compreender a raz\u00e3o pela qual a humanidade vem se afundando cada vez mais nesse mar de viol\u00eancia. Uma viol\u00eancia multifacetada \u2013 <em>auto-viol\u00eancia, viol\u00eancia familiar, viol\u00eancia profissional, viol\u00eancia social, viol\u00eancia ambiental, viol\u00eancia sexual, viol\u00eancia policial, viol\u00eancia religiosa, viol\u00eancia pol\u00edtica, viol\u00eancia econ\u00f4mica&#8230;<\/em> \u2013 e origin\u00e1ria do \u00edntimo de cada pessoa, certamente sem sa\u00fade. Sem sa\u00fade. Este \u00e9 o ponto!<\/h3>\n<h3>A <strong>auto-viol\u00eancia<\/strong> reflete a intensidade do sentimento de culpa imposta ao indiv\u00edduo. Ela pode ser expressa atrav\u00e9s de pensamentos, palavras e obras.<\/h3>\n<h3>A auto-viol\u00eancia oriunda dos pensamentos \u2013 <em>negativos e destrutivos<\/em> \u2013 termina levando a pessoa ao estado de apatia, depress\u00e3o e desinteresse pela vida; a auto-viol\u00eancia decorrente das palavras \u00e9 reconhecida pelos repetitivos epis\u00f3dios de lam\u00farias e blasf\u00eamias; e a auto-viol\u00eancia pr\u00e1tica est\u00e1 presente nos v\u00edcios \u2013 <em>uso de drogas l\u00edcitas e il\u00edcitas <\/em>\u2013, na exposi\u00e7\u00e3o abusiva aos perigos \u2013 <em>atitudes \u201cradicais\u201d<\/em> \u2013, nas competi\u00e7\u00f5es desmedidas \u2013 <em>boxe, f\u00f3rmula 1.<\/em>..\u2013,\u00a0 nos atos de auto-flagela\u00e7\u00e3o \u2013 <em>momentos de f\u00farias contidas ou por raz\u00f5es religiosas (maometanos)<\/em> \u2013 , nas a\u00e7\u00f5es de crueldade extrema \u2013 <em>o suic\u00eddio.<\/em><\/h3>\n<h3>A partir do acima exposto nada mais nos resta sen\u00e3o refletir a respeito. Esta reflex\u00e3o se constitui no passaporte inter-mundial. Pense nisto!<\/h3>\n<h3>Agora voc\u00ea pode escolher entre permanecer neste mundo da n\u00e3o-sa\u00fade ou aventurar-se no novo mundo da sa\u00fade. Esta op\u00e7\u00e3o \u00e9 muito pessoal e implica na quebra de paradigmas, os quais simbolizam o conforto da sua comodidade at\u00e9 ent\u00e3o.<\/h3>\n<h3>O fato \u00e9 que neste breve exerc\u00edcio pudemos verificar o quanto \u00e9 importante cultivar o h\u00e1bito da leitura e a pr\u00e1tica da reflex\u00e3o. Mais tarde descobriremos a divindade da medita\u00e7\u00e3o.<\/h3>\n<h3>Por falar em leitura, vale ressaltar que, se a Escrita come\u00e7ou 3500 a.C., o analfabeto est\u00e1, diante do alfabetizado, com um atraso de 5.500 anos. Esta diferen\u00e7a gera, no analfabeto, dificuldades internas que o deixa desconfort\u00e1vel, ou talvez sem uma sensa\u00e7\u00e3o de bem-estar social, o que, em \u00faltima inst\u00e2ncia, termina por comprometer a sua sa\u00fade.<\/h3>\n<h3>Logo, frente a esta \u00f3ptica holos\u00f3fica, proporcionar escola ao indiv\u00edduo \u00e9 antes de tudo uma a\u00e7\u00e3o de sa\u00fade.<\/h3>\n<h3>Por isso, o Programa Holos\u00f3fico de Sa\u00fade (PHS) inclui a erradica\u00e7\u00e3o do analfabetismo e a estimula\u00e7\u00e3o \u00e0 leitura no contexto das a\u00e7\u00f5es de sa\u00fade. Esta \u00e9 uma constata\u00e7\u00e3o da Holosofia<sup>1<\/sup>.<\/h3>\n<h3><em>(Acompanhe os pr\u00f3ximos cap\u00edtulos de Sa\u00fade II, III&#8230; e tenha um curso de sa\u00fade p\u00fablica)<\/em><\/h3>\n<h3><\/h3>\n<h3 style=\"text-align: right;\"><em>Sebasti\u00e3o Saraiva<\/em><br \/>\n<em>M\u00e9dico e Hol\u00f3sofo<\/em><\/h3>\n<h3><\/h3>\n<p>&nbsp;<\/p>\n<h3>(1) Holosofia \u00e9 a Ci\u00eancia\/Arte cujos princ\u00edpios proporcionam uma vida \u00e9tico-existencial plena, mediante a expans\u00e3o da consci\u00eancia pela medita\u00e7\u00e3o.<\/h3>\n","protected":false},"excerpt":{"rendered":"<p>SA\u00daDE I. A Auto-viol\u00eancia \u00a0Publicado em 13.05.06 Sa\u00fade, segundo a Organiza\u00e7\u00e3o Mundial de Sa\u00fade (OMS), \u00e9, al\u00e9m da aus\u00eancia de doen\u00e7a, a sensa\u00e7\u00e3o de bem-estar f\u00edsico, mental e social. A Holosofia acrescenta&#8230; e espiritual. Portanto, considerando-se as referidas defini\u00e7\u00f5es, \u00e9 f\u00e1cil compreender a raz\u00e3o pela qual a humanidade vem se afundando cada vez mais nesse &hellip;<\/p>\n<p class=\"read-more\"> <a class=\"\" href=\"https:\/\/holosofia.com.br\/?page_id=808\"> <span class=\"screen-reader-text\">HOLOCOLUNA &#8211; 0004<\/span> Leia mais &raquo;<\/a><\/p>\n","protected":false},"author":1,"featured_media":0,"parent":0,"menu_order":0,"comment_status":"closed","ping_status":"closed","template":"","meta":{"_bbp_topic_count":0,"_bbp_reply_count":0,"_bbp_total_topic_count":0,"_bbp_total_reply_count":0,"_bbp_voice_count":0,"_bbp_anonymous_reply_count":0,"_bbp_topic_count_hidden":0,"_bbp_reply_count_hidden":0,"_bbp_forum_subforum_count":0,"om_disable_all_campaigns":false,"_uag_custom_page_level_css":"","_mi_skip_tracking":false,"_monsterinsights_sitenote_active":false,"_monsterinsights_sitenote_note":"","_monsterinsights_sitenote_category":0,"site-sidebar-layout":"default","site-content-layout":"default","ast-global-header-display":"","ast-main-header-display":"","ast-hfb-above-header-display":"","ast-hfb-below-header-display":"","ast-hfb-mobile-header-display":"","site-post-title":"","ast-breadcrumbs-content":"","ast-featured-img":"","footer-sml-layout":"","theme-transparent-header-meta":"default","adv-header-id-meta":"","stick-header-meta":"","header-above-stick-meta":"","header-main-stick-meta":"","header-below-stick-meta":"","footnotes":""},"class_list":["post-808","page","type-page","status-publish","hentry"],"aioseo_notices":[],"uagb_featured_image_src":{"full":false,"thumbnail":false,"medium":false,"medium_large":false,"large":false,"post-slider-thumb-size":false,"1536x1536":false,"2048x2048":false},"uagb_author_info":{"display_name":"solucaopublicidades@hotmail.com","author_link":"https:\/\/holosofia.com.br\/?author=1"},"uagb_comment_info":0,"uagb_excerpt":"SA\u00daDE I. A Auto-viol\u00eancia \u00a0Publicado em 13.05.06 Sa\u00fade, segundo a Organiza\u00e7\u00e3o Mundial de Sa\u00fade (OMS), \u00e9, al\u00e9m da aus\u00eancia de doen\u00e7a, a sensa\u00e7\u00e3o de bem-estar f\u00edsico, mental e social. A Holosofia acrescenta&#8230; e espiritual. Portanto, considerando-se as referidas defini\u00e7\u00f5es, \u00e9 f\u00e1cil compreender a raz\u00e3o pela qual a humanidade vem se afundando cada vez mais nesse&hellip;","_links":{"self":[{"href":"https:\/\/holosofia.com.br\/index.php?rest_route=\/wp\/v2\/pages\/808","targetHints":{"allow":["GET"]}}],"collection":[{"href":"https:\/\/holosofia.com.br\/index.php?rest_route=\/wp\/v2\/pages"}],"about":[{"href":"https:\/\/holosofia.com.br\/index.php?rest_route=\/wp\/v2\/types\/page"}],"author":[{"embeddable":true,"href":"https:\/\/holosofia.com.br\/index.php?rest_route=\/wp\/v2\/users\/1"}],"replies":[{"embeddable":true,"href":"https:\/\/holosofia.com.br\/index.php?rest_route=%2Fwp%2Fv2%2Fcomments&post=808"}],"version-history":[{"count":2,"href":"https:\/\/holosofia.com.br\/index.php?rest_route=\/wp\/v2\/pages\/808\/revisions"}],"predecessor-version":[{"id":925,"href":"https:\/\/holosofia.com.br\/index.php?rest_route=\/wp\/v2\/pages\/808\/revisions\/925"}],"wp:attachment":[{"href":"https:\/\/holosofia.com.br\/index.php?rest_route=%2Fwp%2Fv2%2Fmedia&parent=808"}],"curies":[{"name":"wp","href":"https:\/\/api.w.org\/{rel}","templated":true}]}}