{"id":795,"date":"2022-12-26T11:35:34","date_gmt":"2022-12-26T11:35:34","guid":{"rendered":"https:\/\/holosofia.com.br\/?page_id=795"},"modified":"2022-12-29T22:48:41","modified_gmt":"2022-12-29T22:48:41","slug":"02-ser","status":"publish","type":"page","link":"https:\/\/holosofia.com.br\/?page_id=795","title":{"rendered":"HOLOCOLUNA &#8211; 0002"},"content":{"rendered":"<ol start=\"2\">\n<li>\n<h2>SER<\/h2>\n<\/li>\n<\/ol>\n<h4 style=\"text-align: right;\">Publicado em 29.04.06<\/h4>\n<h4><\/h4>\n<h4>Eu me descobri crian\u00e7a<br \/>\nCertamente, sem querer<br \/>\nS\u00f3 alegria e esperan\u00e7a<br \/>\nCercado de boa gente<br \/>\nEu me sentia um ser<\/h4>\n<h4>Quando na adolesc\u00eancia<br \/>\nTodos perseguindo o ter<br \/>\nCom tamanha influ\u00eancia<br \/>\nBalan\u00e7ando as estruturas<br \/>\nEra dif\u00edcil eu ser<\/h4>\n<h4>Um pouco mais adiante<br \/>\nTudo se podia crer<br \/>\nNuma competi\u00e7\u00e3o gigante<br \/>\nMenos que o homem adulto<br \/>\nPudesse tornar-se um ser<\/h4>\n<h4>Agora, bem mais maduro<br \/>\nOlhando dentro pude ver<br \/>\nNo quadro que emolduro<br \/>\nA ilus\u00e3o fica l\u00e1 fora<br \/>\nE c\u00e1 dentro est\u00e1 o ser<\/h4>\n<h4>Cajuru bela cidade<br \/>\nMuito boa de viver<br \/>\nA nossa felicidade<br \/>\n\u00c9 sintonizar com Deus<br \/>\nEscutando o pr\u00f3prio ser<\/h4>\n<h4><\/h4>\n<h4 style=\"text-align: right;\"><em>Sebasti\u00e3o Saraiva<\/em><br \/>\n<em>M\u00e9dico e Hol\u00f3sofo<\/em><br \/>\n<em>Contato: 9962.7813<\/em><\/h4>\n","protected":false},"excerpt":{"rendered":"<p>SER Publicado em 29.04.06 Eu me descobri crian\u00e7a Certamente, sem querer S\u00f3 alegria e esperan\u00e7a Cercado de boa gente Eu me sentia um ser Quando na adolesc\u00eancia Todos perseguindo o ter Com tamanha influ\u00eancia Balan\u00e7ando as estruturas Era dif\u00edcil eu ser Um pouco mais adiante Tudo se podia crer Numa competi\u00e7\u00e3o gigante Menos que o &hellip;<\/p>\n<p class=\"read-more\"> <a class=\"\" href=\"https:\/\/holosofia.com.br\/?page_id=795\"> <span class=\"screen-reader-text\">HOLOCOLUNA &#8211; 0002<\/span> Leia mais &raquo;<\/a><\/p>\n","protected":false},"author":1,"featured_media":0,"parent":0,"menu_order":0,"comment_status":"closed","ping_status":"closed","template":"","meta":{"_bbp_topic_count":0,"_bbp_reply_count":0,"_bbp_total_topic_count":0,"_bbp_total_reply_count":0,"_bbp_voice_count":0,"_bbp_anonymous_reply_count":0,"_bbp_topic_count_hidden":0,"_bbp_reply_count_hidden":0,"_bbp_forum_subforum_count":0,"om_disable_all_campaigns":false,"_uag_custom_page_level_css":"","_mi_skip_tracking":false,"_monsterinsights_sitenote_active":false,"_monsterinsights_sitenote_note":"","_monsterinsights_sitenote_category":0,"site-sidebar-layout":"default","site-content-layout":"default","ast-global-header-display":"","ast-main-header-display":"","ast-hfb-above-header-display":"","ast-hfb-below-header-display":"","ast-hfb-mobile-header-display":"","site-post-title":"","ast-breadcrumbs-content":"","ast-featured-img":"","footer-sml-layout":"","theme-transparent-header-meta":"default","adv-header-id-meta":"","stick-header-meta":"","header-above-stick-meta":"","header-main-stick-meta":"","header-below-stick-meta":"","footnotes":""},"class_list":["post-795","page","type-page","status-publish","hentry"],"aioseo_notices":[],"uagb_featured_image_src":{"full":false,"thumbnail":false,"medium":false,"medium_large":false,"large":false,"post-slider-thumb-size":false,"1536x1536":false,"2048x2048":false},"uagb_author_info":{"display_name":"solucaopublicidades@hotmail.com","author_link":"https:\/\/holosofia.com.br\/?author=1"},"uagb_comment_info":0,"uagb_excerpt":"SER Publicado em 29.04.06 Eu me descobri crian\u00e7a Certamente, sem querer S\u00f3 alegria e esperan\u00e7a Cercado de boa gente Eu me sentia um ser Quando na adolesc\u00eancia Todos perseguindo o ter Com tamanha influ\u00eancia Balan\u00e7ando as estruturas Era dif\u00edcil eu ser Um pouco mais adiante Tudo se podia crer Numa competi\u00e7\u00e3o gigante Menos que o&hellip;","_links":{"self":[{"href":"https:\/\/holosofia.com.br\/index.php?rest_route=\/wp\/v2\/pages\/795","targetHints":{"allow":["GET"]}}],"collection":[{"href":"https:\/\/holosofia.com.br\/index.php?rest_route=\/wp\/v2\/pages"}],"about":[{"href":"https:\/\/holosofia.com.br\/index.php?rest_route=\/wp\/v2\/types\/page"}],"author":[{"embeddable":true,"href":"https:\/\/holosofia.com.br\/index.php?rest_route=\/wp\/v2\/users\/1"}],"replies":[{"embeddable":true,"href":"https:\/\/holosofia.com.br\/index.php?rest_route=%2Fwp%2Fv2%2Fcomments&post=795"}],"version-history":[{"count":5,"href":"https:\/\/holosofia.com.br\/index.php?rest_route=\/wp\/v2\/pages\/795\/revisions"}],"predecessor-version":[{"id":923,"href":"https:\/\/holosofia.com.br\/index.php?rest_route=\/wp\/v2\/pages\/795\/revisions\/923"}],"wp:attachment":[{"href":"https:\/\/holosofia.com.br\/index.php?rest_route=%2Fwp%2Fv2%2Fmedia&parent=795"}],"curies":[{"name":"wp","href":"https:\/\/api.w.org\/{rel}","templated":true}]}}