{"id":2314,"date":"2024-11-01T21:00:39","date_gmt":"2024-11-01T21:00:39","guid":{"rendered":"https:\/\/holosofia.com.br\/?page_id=2314"},"modified":"2025-12-22T17:51:21","modified_gmt":"2025-12-22T17:51:21","slug":"o-psicologo","status":"publish","type":"page","link":"https:\/\/holosofia.com.br\/?page_id=2314","title":{"rendered":"O Psic\u00f3logo"},"content":{"rendered":"\t\t<div data-elementor-type=\"wp-post\" data-elementor-id=\"2314\" class=\"elementor elementor-2314\">\n\t\t\t\t\t\t\t\t\t<section class=\"elementor-section elementor-top-section elementor-element elementor-element-5d0348c elementor-section-boxed elementor-section-height-default elementor-section-height-default\" data-id=\"5d0348c\" data-element_type=\"section\">\n\t\t\t\t\t\t<div class=\"elementor-container elementor-column-gap-default\">\n\t\t\t\t\t<div class=\"elementor-column elementor-col-100 elementor-top-column elementor-element elementor-element-bdf45c8\" data-id=\"bdf45c8\" data-element_type=\"column\">\n\t\t\t<div class=\"elementor-widget-wrap elementor-element-populated\">\n\t\t\t\t\t\t\t\t<section class=\"elementor-section elementor-inner-section elementor-element elementor-element-71c0a87 elementor-section-boxed elementor-section-height-default elementor-section-height-default\" data-id=\"71c0a87\" data-element_type=\"section\">\n\t\t\t\t\t\t<div class=\"elementor-container elementor-column-gap-default\">\n\t\t\t\t\t<div class=\"elementor-column elementor-col-100 elementor-inner-column elementor-element elementor-element-95b108f\" data-id=\"95b108f\" data-element_type=\"column\">\n\t\t\t<div class=\"elementor-widget-wrap elementor-element-populated\">\n\t\t\t\t\t\t\t\t<div class=\"elementor-element elementor-element-71aee9c elementor-widget-divider--view-line elementor-widget elementor-widget-divider\" data-id=\"71aee9c\" data-element_type=\"widget\" data-widget_type=\"divider.default\">\n\t\t\t\t<div class=\"elementor-widget-container\">\n\t\t\t<style>\/*! elementor - v3.13.3 - 28-05-2023 *\/\n.elementor-widget-divider{--divider-border-style:none;--divider-border-width:1px;--divider-color:#0c0d0e;--divider-icon-size:20px;--divider-element-spacing:10px;--divider-pattern-height:24px;--divider-pattern-size:20px;--divider-pattern-url:none;--divider-pattern-repeat:repeat-x}.elementor-widget-divider .elementor-divider{display:flex}.elementor-widget-divider .elementor-divider__text{font-size:15px;line-height:1;max-width:95%}.elementor-widget-divider .elementor-divider__element{margin:0 var(--divider-element-spacing);flex-shrink:0}.elementor-widget-divider .elementor-icon{font-size:var(--divider-icon-size)}.elementor-widget-divider .elementor-divider-separator{display:flex;margin:0;direction:ltr}.elementor-widget-divider--view-line_icon .elementor-divider-separator,.elementor-widget-divider--view-line_text .elementor-divider-separator{align-items:center}.elementor-widget-divider--view-line_icon .elementor-divider-separator:after,.elementor-widget-divider--view-line_icon .elementor-divider-separator:before,.elementor-widget-divider--view-line_text .elementor-divider-separator:after,.elementor-widget-divider--view-line_text .elementor-divider-separator:before{display:block;content:\"\";border-bottom:0;flex-grow:1;border-top:var(--divider-border-width) var(--divider-border-style) var(--divider-color)}.elementor-widget-divider--element-align-left .elementor-divider .elementor-divider-separator>.elementor-divider__svg:first-of-type{flex-grow:0;flex-shrink:100}.elementor-widget-divider--element-align-left .elementor-divider-separator:before{content:none}.elementor-widget-divider--element-align-left .elementor-divider__element{margin-left:0}.elementor-widget-divider--element-align-right .elementor-divider .elementor-divider-separator>.elementor-divider__svg:last-of-type{flex-grow:0;flex-shrink:100}.elementor-widget-divider--element-align-right .elementor-divider-separator:after{content:none}.elementor-widget-divider--element-align-right .elementor-divider__element{margin-right:0}.elementor-widget-divider:not(.elementor-widget-divider--view-line_text):not(.elementor-widget-divider--view-line_icon) .elementor-divider-separator{border-top:var(--divider-border-width) var(--divider-border-style) var(--divider-color)}.elementor-widget-divider--separator-type-pattern{--divider-border-style:none}.elementor-widget-divider--separator-type-pattern.elementor-widget-divider--view-line .elementor-divider-separator,.elementor-widget-divider--separator-type-pattern:not(.elementor-widget-divider--view-line) .elementor-divider-separator:after,.elementor-widget-divider--separator-type-pattern:not(.elementor-widget-divider--view-line) .elementor-divider-separator:before,.elementor-widget-divider--separator-type-pattern:not([class*=elementor-widget-divider--view]) .elementor-divider-separator{width:100%;min-height:var(--divider-pattern-height);-webkit-mask-size:var(--divider-pattern-size) 100%;mask-size:var(--divider-pattern-size) 100%;-webkit-mask-repeat:var(--divider-pattern-repeat);mask-repeat:var(--divider-pattern-repeat);background-color:var(--divider-color);-webkit-mask-image:var(--divider-pattern-url);mask-image:var(--divider-pattern-url)}.elementor-widget-divider--no-spacing{--divider-pattern-size:auto}.elementor-widget-divider--bg-round{--divider-pattern-repeat:round}.rtl .elementor-widget-divider .elementor-divider__text{direction:rtl}.e-con-inner>.elementor-widget-divider,.e-con>.elementor-widget-divider{width:var(--container-widget-width,100%);--flex-grow:var(--container-widget-flex-grow)}<\/style>\t\t<div class=\"elementor-divider\">\n\t\t\t<span class=\"elementor-divider-separator\">\n\t\t\t\t\t\t<\/span>\n\t\t<\/div>\n\t\t\t\t<\/div>\n\t\t\t\t<\/div>\n\t\t\t\t<div class=\"elementor-element elementor-element-17554de elementor-widget elementor-widget-heading\" data-id=\"17554de\" data-element_type=\"widget\" data-widget_type=\"heading.default\">\n\t\t\t\t<div class=\"elementor-widget-container\">\n\t\t\t<style>\/*! elementor - v3.13.3 - 28-05-2023 *\/\n.elementor-heading-title{padding:0;margin:0;line-height:1}.elementor-widget-heading .elementor-heading-title[class*=elementor-size-]>a{color:inherit;font-size:inherit;line-height:inherit}.elementor-widget-heading .elementor-heading-title.elementor-size-small{font-size:15px}.elementor-widget-heading .elementor-heading-title.elementor-size-medium{font-size:19px}.elementor-widget-heading .elementor-heading-title.elementor-size-large{font-size:29px}.elementor-widget-heading .elementor-heading-title.elementor-size-xl{font-size:39px}.elementor-widget-heading .elementor-heading-title.elementor-size-xxl{font-size:59px}<\/style><h2 class=\"elementor-heading-title elementor-size-default\">SOBRE O FUNDADOR <\/h2>\t\t<\/div>\n\t\t\t\t<\/div>\n\t\t\t\t<div class=\"elementor-element elementor-element-fc07a73 elementor-widget-divider--view-line elementor-widget elementor-widget-divider\" data-id=\"fc07a73\" data-element_type=\"widget\" data-widget_type=\"divider.default\">\n\t\t\t\t<div class=\"elementor-widget-container\">\n\t\t\t\t\t<div class=\"elementor-divider\">\n\t\t\t<span class=\"elementor-divider-separator\">\n\t\t\t\t\t\t<\/span>\n\t\t<\/div>\n\t\t\t\t<\/div>\n\t\t\t\t<\/div>\n\t\t\t\t<section class=\"elementor-section elementor-inner-section elementor-element elementor-element-cc36d44 elementor-section-boxed elementor-section-height-default elementor-section-height-default\" data-id=\"cc36d44\" data-element_type=\"section\">\n\t\t\t\t\t\t<div class=\"elementor-container elementor-column-gap-default\">\n\t\t\t\t\t<div class=\"elementor-column elementor-col-100 elementor-inner-column elementor-element elementor-element-7d72de9\" data-id=\"7d72de9\" data-element_type=\"column\">\n\t\t\t<div class=\"elementor-widget-wrap elementor-element-populated\">\n\t\t\t\t\t\t\t\t<div class=\"elementor-element elementor-element-2bccad3 elementor-widget elementor-widget-heading\" data-id=\"2bccad3\" data-element_type=\"widget\" data-widget_type=\"heading.default\">\n\t\t\t\t<div class=\"elementor-widget-container\">\n\t\t\t<h2 class=\"elementor-heading-title elementor-size-default\">O Psic\u00f3logo<\/h2>\t\t<\/div>\n\t\t\t\t<\/div>\n\t\t\t\t<div class=\"elementor-element elementor-element-2042616 elementor-widget__width-initial elementor-widget elementor-widget-image\" data-id=\"2042616\" data-element_type=\"widget\" data-widget_type=\"image.default\">\n\t\t\t\t<div class=\"elementor-widget-container\">\n\t\t\t<style>\/*! elementor - v3.13.3 - 28-05-2023 *\/\n.elementor-widget-image{text-align:center}.elementor-widget-image a{display:inline-block}.elementor-widget-image a img[src$=\".svg\"]{width:48px}.elementor-widget-image img{vertical-align:middle;display:inline-block}<\/style>\t\t\t\t\t\t\t\t\t\t\t\t<img loading=\"lazy\" decoding=\"async\" width=\"226\" height=\"300\" src=\"https:\/\/holosofia.com.br\/wp-content\/uploads\/2024\/08\/Screenshot_20240808_113402_Photos-226x300.jpg\" class=\"attachment-medium size-medium wp-image-1815\" alt=\"\" srcset=\"https:\/\/holosofia.com.br\/wp-content\/uploads\/2024\/08\/Screenshot_20240808_113402_Photos-226x300.jpg 226w, https:\/\/holosofia.com.br\/wp-content\/uploads\/2024\/08\/Screenshot_20240808_113402_Photos-770x1024.jpg 770w, https:\/\/holosofia.com.br\/wp-content\/uploads\/2024\/08\/Screenshot_20240808_113402_Photos-768x1021.jpg 768w, https:\/\/holosofia.com.br\/wp-content\/uploads\/2024\/08\/Screenshot_20240808_113402_Photos.jpg 1080w\" sizes=\"auto, (max-width: 226px) 100vw, 226px\" \/>\t\t\t\t\t\t\t\t\t\t\t\t\t\t\t<\/div>\n\t\t\t\t<\/div>\n\t\t\t\t<div class=\"elementor-element elementor-element-fae1f95 elementor-widget elementor-widget-text-editor\" data-id=\"fae1f95\" data-element_type=\"widget\" data-widget_type=\"text-editor.default\">\n\t\t\t\t<div class=\"elementor-widget-container\">\n\t\t\t<style>\/*! elementor - v3.13.3 - 28-05-2023 *\/\n.elementor-widget-text-editor.elementor-drop-cap-view-stacked .elementor-drop-cap{background-color:#69727d;color:#fff}.elementor-widget-text-editor.elementor-drop-cap-view-framed .elementor-drop-cap{color:#69727d;border:3px solid;background-color:transparent}.elementor-widget-text-editor:not(.elementor-drop-cap-view-default) .elementor-drop-cap{margin-top:8px}.elementor-widget-text-editor:not(.elementor-drop-cap-view-default) .elementor-drop-cap-letter{width:1em;height:1em}.elementor-widget-text-editor .elementor-drop-cap{float:left;text-align:center;line-height:1;font-size:50px}.elementor-widget-text-editor .elementor-drop-cap-letter{display:inline-block}<\/style>\t\t\t\t<p dir=\"ltr\" style=\"line-height: 1.2; text-align: justify; margin-top: 0pt; margin-bottom: 0pt;\"><span style=\"font-size: 13.999999999999998pt; font-family: 'Times New Roman',serif; color: #000000; background-color: transparent; font-weight: 400; font-style: normal; font-variant: normal; text-decoration: none; vertical-align: baseline; white-space: pre-wrap;\">        Os livros de Psicologia passaram a marcar presen\u00e7a na sua biblioteca a partir do ano de 1969, ao entrar na Faculdade de Medicina. Ao longo do seu exerc\u00edcio profissional, no campo da Pediatria, desde 1975, a Psicologia Pr\u00e1tica passou a ser aplicada na sua intera\u00e7\u00e3o com as crian\u00e7as e familiares. Ali\u00e1s, um contexto delicado e complexo, por isso, exigente de abordagens cuidadosamente trabalhadas, em especial em situa\u00e7\u00f5es de maior agravamento da sa\u00fade da crian\u00e7a, assim como por ocasi\u00e3o da transmiss\u00e3o aos pais, da exist\u00eancia de malforma\u00e7\u00f5es fetais \u2013 leves, moderadas e graves e at\u00e9 aquelas incompat\u00edveis com a vida ap\u00f3s o nascimento \u2013 evidenciadas nos rec\u00e9m-nascidos, na d\u00e9cada de 1970, antes da ultrassonografia.&nbsp;<\/span><\/p>\n<p dir=\"ltr\" style=\"line-height: 1.2; text-align: justify; margin-top: 0pt; margin-bottom: 0pt;\"><span style=\"font-size: 13.999999999999998pt; font-family: 'Times New Roman',serif; color: #000000; background-color: transparent; font-weight: 400; font-style: normal; font-variant: normal; text-decoration: none; vertical-align: baseline; white-space: pre-wrap;\">        Nesse instante, vale abrir um espa\u00e7o para detalhar, mesmo que minimamente, o que \u00e9 a Psicologia.&nbsp;<\/span><\/p>\n<p dir=\"ltr\" style=\"line-height: 1.2; text-align: justify; margin-top: 0pt; margin-bottom: 0pt;\"><span style=\"font-size: 13.999999999999998pt; font-family: 'Times New Roman',serif; color: #000000; background-color: transparent; font-weight: 400; font-style: normal; font-variant: normal; text-decoration: none; vertical-align: baseline; white-space: pre-wrap;\">     No cotidiano ouvimos muito as pessoas falarem sobre psicologia; \u00e9 a psicologia usada na persuas\u00e3o pelo bom vendedor; \u00e9 a psicologia que o rapaz utiliza para conquistar a mo\u00e7a; \u00e9 a psicologia do amigo sempre disposto a ouvir quem lhe procura. Essa psicologia empregada no cotidiano \u00e9 conhecida como Psicologia do Senso Comum. Mas n\u00e3o deixa de ser uma psicologia.<\/span><\/p>\n<p dir=\"ltr\" style=\"line-height: 1.2; text-indent: 35.4pt; text-align: justify; margin-top: 0pt; margin-bottom: 0pt;\"><span style=\"font-size: 13.999999999999998pt; font-family: 'Times New Roman',serif; color: #000000; background-color: transparent; font-weight: 400; font-style: normal; font-variant: normal; text-decoration: none; vertical-align: baseline; white-space: pre-wrap;\">O conhecimento do senso comum, al\u00e9m de sua produ\u00e7\u00e3o caracter\u00edstica, acaba por se apropriar, de maneira muito singular, de conhecimentos produzidos pelos outros setores do saber humano. O senso comum mistura e recicla esses outros saberes, muito mais especializados, e os reduz a um tipo de teoria simplificada, produzindo uma determinada vis\u00e3o de mundo. (Ana Bock, Adair Furtado, Maria Teixeira. Psicologias. 15\u00aa ed. S\u00e3o Paulo. Editora Saraiva. 2018.p.5).<\/span><\/p>\n<p dir=\"ltr\" style=\"line-height: 1.2; text-indent: 35.4pt; text-align: justify; margin-top: 0pt; margin-bottom: 0pt;\"><span style=\"font-size: 13.999999999999998pt; font-family: 'Times New Roman',serif; color: #000000; background-color: transparent; font-weight: 400; font-style: normal; font-variant: normal; text-decoration: none; vertical-align: baseline; white-space: pre-wrap;\">A psicologia exercida pelo psic\u00f3logo decorre de estudos cient\u00edficos sistem\u00e1ticos, ordenados e, eminentemente, reflexivos. O estudo da Psicologia implica no conhecimento da biologia, filosofia, sociologia e antropologia; ele se det\u00e9m nas diferentes fun\u00e7\u00f5es do corpo e da mente humanos, incluindo a anatomia, a fisiologia a neurofisiologia, assim como a intera\u00e7\u00e3o do homem consigo mesmo, com o outro e com o meio ambiente, em dire\u00e7\u00e3o ao autoconhecimento.<\/span><\/p>\n<p dir=\"ltr\" style=\"line-height: 1.2; text-indent: 35.4pt; text-align: justify; margin-top: 0pt; margin-bottom: 0pt;\"><span style=\"font-size: 13.999999999999998pt; font-family: 'Times New Roman',serif; color: #000000; background-color: transparent; font-weight: 400; font-style: normal; font-variant: normal; text-decoration: none; vertical-align: baseline; white-space: pre-wrap;\">Depois dessa mui breve coloca\u00e7\u00e3o explicativa, visando proporcionar a distin\u00e7\u00e3o entre a Psicologia do Senso Comum e a Psicologia Ci\u00eancia, retomemos \u00e0 nossa apresenta\u00e7\u00e3o.&nbsp;&nbsp;<\/span><\/p>\n<p dir=\"ltr\" style=\"line-height: 1.2; text-indent: 35.4pt; text-align: justify; margin-top: 0pt; margin-bottom: 0pt;\"><span style=\"font-size: 13.999999999999998pt; font-family: 'Times New Roman',serif; color: #000000; background-color: transparent; font-weight: 400; font-style: normal; font-variant: normal; text-decoration: none; vertical-align: baseline; white-space: pre-wrap;\">Se, por um lado, a Psicologia sempre esteve presente no exerc\u00edcio da Pediatria, por outro, surge o desejo de antever as imperfei\u00e7\u00f5es da natureza na forma\u00e7\u00e3o fetal.<\/span><\/p>\n<p dir=\"ltr\" style=\"line-height: 1.2; text-indent: 35.4pt; text-align: justify; margin-top: 0pt; margin-bottom: 0pt;\"><span style=\"font-size: 13.999999999999998pt; font-family: 'Times New Roman',serif; color: #000000; background-color: transparent; font-weight: 400; font-style: normal; font-variant: normal; text-decoration: none; vertical-align: baseline; white-space: pre-wrap;\">Assim, com o advento da tecnologia, veio a decis\u00e3o de fazer o mestrado em Medicina Fetal, na UNIFESP. Esse Mestrado fora precedido de cinco anos dedicados \u00e0 especializa\u00e7\u00e3o em Ultrassonografia geral, com \u00eanfase na Ultrassonografia Obst\u00e9trica.&nbsp;<\/span><\/p>\n<p dir=\"ltr\" style=\"line-height: 1.2; text-indent: 35.4pt; text-align: justify; margin-top: 0pt; margin-bottom: 0pt;\"><span style=\"font-size: 13.999999999999998pt; font-family: 'Times New Roman',serif; color: #000000; background-color: transparent; font-weight: 400; font-style: normal; font-variant: normal; text-decoration: none; vertical-align: baseline; white-space: pre-wrap;\">Diante dessa realiza\u00e7\u00e3o, l\u00e1 estava a Psicologia a suscitar a sua oficializa\u00e7\u00e3o, tamb\u00e9m, atrav\u00e9s de um estudo ordenado e sistem\u00e1tico, embora j\u00e1 visitada ao longo de seis meses, com estudos na Osho Multiuniversity, em Poona-\u00cdndia. Dessa forma, o Pediatra n\u00e3o resiste, e \u00e9 vencido pela sedutora Psicologia, quando ingressa no Centro Universit\u00e1rio Est\u00e1cio S\u00e3o Lu\u00eds. Depois de cinco anos de namoro e noivado, vem a esperada oficializa\u00e7\u00e3o do aben\u00e7oado \u201ccasamento\u201d.<\/span><\/p>\n<p dir=\"ltr\" style=\"line-height: 1.2; text-indent: 35.4pt; text-align: justify; margin-top: 0pt; margin-bottom: 0pt;\"><span style=\"font-size: 13.999999999999998pt; font-family: 'Times New Roman',serif; color: #000000; background-color: transparent; font-weight: 400; font-style: normal; font-variant: normal; text-decoration: none; vertical-align: baseline; white-space: pre-wrap;\">Na condi\u00e7\u00e3o de Psic\u00f3logo busca a especializa\u00e7\u00e3o na abordagem TCC (Terapia Cognitivo-Comportamental), e opta por atuar nos campos da Urologia e da Sexologia.<\/span><\/p>\n<p dir=\"ltr\" style=\"line-height: 1.2; text-indent: 35.4pt; text-align: justify; margin-top: 0pt; margin-bottom: 0pt;\"><span style=\"font-size: 13.999999999999998pt; font-family: 'Times New Roman',serif; color: #000000; background-color: transparent; font-weight: 400; font-style: normal; font-variant: normal; text-decoration: none; vertical-align: baseline; white-space: pre-wrap;\">A Urologia \u00e9 uma especialidade m\u00e9dica que estuda, formula diagn\u00f3stico e institui o tratamento cl\u00ednico e cir\u00fargico de doen\u00e7as do aparelho urin\u00e1rio (rins, ureteres, bexiga, uretra) em homens e mulheres, e do sistema reprodutor masculino (pr\u00f3stata, test\u00edculos, p\u00eanis, ves\u00edculas seminais). Os problemas (lit\u00edase renal, infec\u00e7\u00f5es urin\u00e1rias, incontin\u00eancia urin\u00e1ria, infertilidade masculina, disfun\u00e7\u00e3o er\u00e9til, ejacula\u00e7\u00e3o precoce e ejacula\u00e7\u00e3o retardada) pr\u00f3prios da Urologia, quase sempre, afetam a condi\u00e7\u00e3o psicol\u00f3gica (sa\u00fade mental, que envolve o funcionamento cerebral, pensamentos e racioc\u00ednio) e emocional (sa\u00fade emocional, o modo como a pessoa reconhece, entende e gerencia seus sentimentos e rea\u00e7\u00f5es no dia-a-dia) do paciente, passando a exigir aten\u00e7\u00e3o psicol\u00f3gica.<\/span><\/p>\n<p dir=\"ltr\" style=\"line-height: 1.2; text-indent: 35.4pt; text-align: justify; margin-top: 0pt; margin-bottom: 0pt;\"><span style=\"font-size: 13.999999999999998pt; font-family: 'Times New Roman',serif; color: #000000; background-color: transparent; font-weight: 400; font-style: normal; font-variant: normal; text-decoration: none; vertical-align: baseline; white-space: pre-wrap;\">A Sexologia \u00e9 um campo multidisciplinar voltado ao estudo dos v\u00e1rios aspectos da sexualidade humana, cabendo \u00e0 Psicologia focar na forma\u00e7\u00e3o da identidade sexual e de g\u00eanero, na orienta\u00e7\u00e3o sexual, na atra\u00e7\u00e3o e desejo, no papel das emo\u00e7\u00f5es e da cogni\u00e7\u00e3o na experi\u00eancia sexual, e o impacto do trauma e dos problemas de sa\u00fade mental na sexualidade.<\/span><\/p>\n<p dir=\"ltr\" style=\"line-height: 1.2; text-indent: 35.4pt; text-align: justify; margin-top: 0pt; margin-bottom: 0pt;\"><span style=\"font-size: 13.999999999999998pt; font-family: 'Times New Roman',serif; color: #000000; background-color: transparent; font-weight: 400; font-style: normal; font-variant: normal; text-decoration: none; vertical-align: baseline; white-space: pre-wrap;\">Atualmente, o psic\u00f3logo Sebasti\u00e3o Saraiva vem exercendo suas atividades na Cl\u00ednica Ponto do Ser, na sala 919, do Edif\u00edcio Business Center, Jardim Renascen\u00e7a, S\u00e3o Lu\u00eds do Maranh\u00e3o-Brasil. E o seu contato (WhatsApp) \u00e9: (98)98282.9888<\/span><\/p>\t\t\t\t\t\t<\/div>\n\t\t\t\t<\/div>\n\t\t\t\t\t<\/div>\n\t\t<\/div>\n\t\t\t\t\t\t\t<\/div>\n\t\t<\/section>\n\t\t\t\t\t<\/div>\n\t\t<\/div>\n\t\t\t\t\t\t\t<\/div>\n\t\t<\/section>\n\t\t\t\t\t<\/div>\n\t\t<\/div>\n\t\t\t\t\t\t\t<\/div>\n\t\t<\/section>\n\t\t\t\t\t\t\t<\/div>\n\t\t","protected":false},"excerpt":{"rendered":"<p>SOBRE O FUNDADOR O Psic\u00f3logo Os livros de Psicologia passaram a marcar presen\u00e7a na sua biblioteca a partir do ano de 1969, ao entrar na Faculdade de Medicina. Ao longo do seu exerc\u00edcio profissional, no campo da Pediatria, desde 1975, a Psicologia Pr\u00e1tica passou a ser aplicada na sua intera\u00e7\u00e3o com as crian\u00e7as e familiares. &hellip;<\/p>\n<p class=\"read-more\"> <a class=\"\" href=\"https:\/\/holosofia.com.br\/?page_id=2314\"> <span class=\"screen-reader-text\">O Psic\u00f3logo<\/span> Leia mais &raquo;<\/a><\/p>\n","protected":false},"author":3,"featured_media":0,"parent":0,"menu_order":0,"comment_status":"closed","ping_status":"closed","template":"","meta":{"_bbp_topic_count":0,"_bbp_reply_count":0,"_bbp_total_topic_count":0,"_bbp_total_reply_count":0,"_bbp_voice_count":0,"_bbp_anonymous_reply_count":0,"_bbp_topic_count_hidden":0,"_bbp_reply_count_hidden":0,"_bbp_forum_subforum_count":0,"om_disable_all_campaigns":false,"_uag_custom_page_level_css":"","_mi_skip_tracking":false,"_monsterinsights_sitenote_active":false,"_monsterinsights_sitenote_note":"","_monsterinsights_sitenote_category":0,"site-sidebar-layout":"no-sidebar","site-content-layout":"page-builder","ast-global-header-display":"","ast-main-header-display":"","ast-hfb-above-header-display":"","ast-hfb-below-header-display":"","ast-hfb-mobile-header-display":"","site-post-title":"disabled","ast-breadcrumbs-content":"","ast-featured-img":"disabled","footer-sml-layout":"","theme-transparent-header-meta":"","adv-header-id-meta":"","stick-header-meta":"","header-above-stick-meta":"","header-main-stick-meta":"","header-below-stick-meta":"","footnotes":""},"class_list":["post-2314","page","type-page","status-publish","hentry"],"aioseo_notices":[],"uagb_featured_image_src":{"full":false,"thumbnail":false,"medium":false,"medium_large":false,"large":false,"post-slider-thumb-size":false,"1536x1536":false,"2048x2048":false},"uagb_author_info":{"display_name":"Sebasti\u00e3o Jos\u00e9 Saraiva Filho","author_link":"https:\/\/holosofia.com.br\/?author=3"},"uagb_comment_info":0,"uagb_excerpt":"SOBRE O FUNDADOR O Psic\u00f3logo Os livros de Psicologia passaram a marcar presen\u00e7a na sua biblioteca a partir do ano de 1969, ao entrar na Faculdade de Medicina. Ao longo do seu exerc\u00edcio profissional, no campo da Pediatria, desde 1975, a Psicologia Pr\u00e1tica passou a ser aplicada na sua intera\u00e7\u00e3o com as crian\u00e7as e familiares.&hellip;","_links":{"self":[{"href":"https:\/\/holosofia.com.br\/index.php?rest_route=\/wp\/v2\/pages\/2314","targetHints":{"allow":["GET"]}}],"collection":[{"href":"https:\/\/holosofia.com.br\/index.php?rest_route=\/wp\/v2\/pages"}],"about":[{"href":"https:\/\/holosofia.com.br\/index.php?rest_route=\/wp\/v2\/types\/page"}],"author":[{"embeddable":true,"href":"https:\/\/holosofia.com.br\/index.php?rest_route=\/wp\/v2\/users\/3"}],"replies":[{"embeddable":true,"href":"https:\/\/holosofia.com.br\/index.php?rest_route=%2Fwp%2Fv2%2Fcomments&post=2314"}],"version-history":[{"count":16,"href":"https:\/\/holosofia.com.br\/index.php?rest_route=\/wp\/v2\/pages\/2314\/revisions"}],"predecessor-version":[{"id":3207,"href":"https:\/\/holosofia.com.br\/index.php?rest_route=\/wp\/v2\/pages\/2314\/revisions\/3207"}],"wp:attachment":[{"href":"https:\/\/holosofia.com.br\/index.php?rest_route=%2Fwp%2Fv2%2Fmedia&parent=2314"}],"curies":[{"name":"wp","href":"https:\/\/api.w.org\/{rel}","templated":true}]}}