{"id":1597,"date":"2023-06-05T23:31:29","date_gmt":"2023-06-05T23:31:29","guid":{"rendered":"https:\/\/holosofia.com.br\/?page_id=1597"},"modified":"2023-06-05T23:31:29","modified_gmt":"2023-06-05T23:31:29","slug":"holocoluna-0097","status":"publish","type":"page","link":"https:\/\/holosofia.com.br\/?page_id=1597","title":{"rendered":"Holocoluna &#8211; 0097"},"content":{"rendered":"<ol start=\"97\">\n<li>\n<h3>INTERA\u00c7\u00c3O<\/h3>\n<\/li>\n<\/ol>\n<h3>Publicado em 19.07.08<\/h3>\n<p>&nbsp;<\/p>\n<h4>A intera\u00e7\u00e3o (inter+a\u00e7\u00e3o) \u00e9 concebida pelos lexic\u00f3logos como a a\u00e7\u00e3o que se exerce mutuamente entre duas ou mais coisas, ou duas ou mais pessoas; a\u00e7\u00e3o rec\u00edproca.<\/h4>\n<h4>\u00a0\u00a0\u00a0\u00a0\u00a0\u00a0\u00a0\u00a0\u00a0\u00a0\u00a0 A pr\u00f3pria vida nos ensina o milagre da intera\u00e7\u00e3o. O homem interage com a mulher na forma\u00e7\u00e3o do casal; a intera\u00e7\u00e3o do espermatoz\u00f3ide com o \u00f3vulo resulta no ovo. Este necessita interagir com o \u00fatero para que a nida\u00e7\u00e3o (fixa\u00e7\u00e3o na parede uterina) se estabele\u00e7a e as mudan\u00e7as seguintes produzam o embri\u00e3o.<\/h4>\n<h4>\u00a0\u00a0\u00a0\u00a0\u00a0\u00a0\u00a0\u00a0\u00a0\u00a0\u00a0 \u00c9 a intera\u00e7\u00e3o funcional favor\u00e1vel do embri\u00e3o com a gr\u00e1vida ao longo do per\u00edodo gestacional que permite o est\u00e1gio fetal e o nascimento do beb\u00ea e, conseq\u00fcentemente, a perpetua\u00e7\u00e3o da esp\u00e9cie humana.<\/h4>\n<h4>\u00a0\u00a0\u00a0\u00a0\u00a0\u00a0\u00a0\u00a0\u00a0\u00a0\u00a0 A intera\u00e7\u00e3o do homem e demais seres vivos com o ecossistema \u00e9 respons\u00e1vel pelas trocas que tornam a vida poss\u00edvel, destacando-se a respira\u00e7\u00e3o. Portanto, n\u00e3o seria exagero nenhum afirmar que o mundo \u201crespira\u201d intera\u00e7\u00e3o.<\/h4>\n<h4>\u00a0\u00a0\u00a0\u00a0\u00a0\u00a0\u00a0\u00a0\u00a0\u00a0\u00a0 Observar as atividades organizacionais de algumas esp\u00e9cies como as formigas, as abelhas e os cupins notam-se a beleza operacional de uma vida social que corre por conta da intera\u00e7\u00e3o espont\u00e2nea e \u201cirracional\u201d \u2013 se assim podemos dizer \u2013 entre seus membros e o meio ambiente.<\/h4>\n<h4>\u00a0\u00a0\u00a0\u00a0\u00a0\u00a0\u00a0\u00a0\u00a0\u00a0\u00a0 O homem, por ser dotado de intelig\u00eancia racional e sentimento de justi\u00e7a, vivencia a import\u00e2ncia da intera\u00e7\u00e3o de forma consciente, o que o coloca em posi\u00e7\u00e3o privilegiada do ponto de vista da sociabilidade.<\/h4>\n<h4>\u00a0\u00a0\u00a0\u00a0\u00a0\u00a0\u00a0\u00a0\u00a0\u00a0\u00a0 Nas duas \u00faltimas d\u00e9cadas o mundo vem assistindo ao processo de globaliza\u00e7\u00e3o, especialmente no setor econ\u00f4mico, resultando na expans\u00e3o do com\u00e9rcio e da ind\u00fastria dos pa\u00edses desenvolvidos, assunto, ali\u00e1s, fartamente divulgado pelo sistema de comunica\u00e7\u00e3o, tamb\u00e9m globalizado.<\/h4>\n<h4>\u00a0\u00a0\u00a0\u00a0\u00a0\u00a0\u00a0\u00a0\u00a0\u00a0\u00a0 A supremacia das na\u00e7\u00f5es ricas sobre as sociedades subdesenvolvidas se traduz pela imposi\u00e7\u00e3o daquelas sobre estas no tocante \u00e0 absor\u00e7\u00e3o das produ\u00e7\u00f5es tecnol\u00f3gicas, como acontece na telefonia celular, na computa\u00e7\u00e3o, nos aparelhos de TV, na ind\u00fastria automobil\u00edstica e nos equipamentos m\u00e9dico-hospitalares.<\/h4>\n<h4>\u00a0\u00a0\u00a0\u00a0\u00a0\u00a0\u00a0\u00a0\u00a0\u00a0\u00a0 A for\u00e7a presente na economia se constitui numa locomotiva a puxar os vag\u00f5es dos demais setores, incluindo o da cultura. Isto equivale reconhecer a necessidade de melhor preparar os jovens para competir no mercado de trabalho.<\/h4>\n<h4>\u00a0\u00a0\u00a0\u00a0\u00a0\u00a0\u00a0\u00a0\u00a0\u00a0\u00a0 A melhor qualifica\u00e7\u00e3o da juventude depende, fundamentalmente, da sensibilidade daqueles que det\u00eam o poder s\u00f3cio-cultural e pol\u00edtico, a partir da qual oportunidades s\u00e3o criadas e disponibilizadas como ferramenta de intera\u00e7\u00e3o social.<\/h4>\n<h4>\u00a0\u00a0\u00a0\u00a0\u00a0\u00a0\u00a0\u00a0\u00a0\u00a0\u00a0 Foi com essa compreens\u00e3o que a Holosofia introduziu no Programa Holos\u00f3fico de Sa\u00fade (PHS) uma atividade destinada a estimular a apresenta\u00e7\u00e3o e o debate de temas de interesse da comunidade cajuruense, denominado Ch\u00e1 Holos\u00f3fico.<\/h4>\n<h4>\u00a0\u00a0\u00a0\u00a0\u00a0\u00a0\u00a0\u00a0\u00a0\u00a0\u00a0 O Ch\u00e1 Holos\u00f3fico acontece na 2\u00aa ter\u00e7a-feira de cada m\u00eas e representa um encontro de intera\u00e7\u00e3o s\u00f3cio-cultural entre amigos e intelectuais da cidade, objetivando o despertar para uma realidade cada vez mais exigente de intelig\u00eancia e m\u00e3o-de-obra especializada. Mas sempre num clima informal e de camaradagem. \u00c9 muito legal!<\/h4>\n<h4 style=\"text-align: right;\">Sebasti\u00e3o Saraiva<\/h4>\n<h4 style=\"text-align: right;\">M\u00e9dico e Hol\u00f3sofo<\/h4>\n","protected":false},"excerpt":{"rendered":"<p>INTERA\u00c7\u00c3O Publicado em 19.07.08 &nbsp; A intera\u00e7\u00e3o (inter+a\u00e7\u00e3o) \u00e9 concebida pelos lexic\u00f3logos como a a\u00e7\u00e3o que se exerce mutuamente entre duas ou mais coisas, ou duas ou mais pessoas; a\u00e7\u00e3o rec\u00edproca. \u00a0\u00a0\u00a0\u00a0\u00a0\u00a0\u00a0\u00a0\u00a0\u00a0\u00a0 A pr\u00f3pria vida nos ensina o milagre da intera\u00e7\u00e3o. O homem interage com a mulher na forma\u00e7\u00e3o do casal; a intera\u00e7\u00e3o do espermatoz\u00f3ide &hellip;<\/p>\n<p class=\"read-more\"> <a class=\"\" href=\"https:\/\/holosofia.com.br\/?page_id=1597\"> <span class=\"screen-reader-text\">Holocoluna &#8211; 0097<\/span> Leia mais &raquo;<\/a><\/p>\n","protected":false},"author":1,"featured_media":0,"parent":0,"menu_order":0,"comment_status":"closed","ping_status":"closed","template":"","meta":{"_bbp_topic_count":0,"_bbp_reply_count":0,"_bbp_total_topic_count":0,"_bbp_total_reply_count":0,"_bbp_voice_count":0,"_bbp_anonymous_reply_count":0,"_bbp_topic_count_hidden":0,"_bbp_reply_count_hidden":0,"_bbp_forum_subforum_count":0,"om_disable_all_campaigns":false,"_uag_custom_page_level_css":"","_mi_skip_tracking":false,"_monsterinsights_sitenote_active":false,"_monsterinsights_sitenote_note":"","_monsterinsights_sitenote_category":0,"site-sidebar-layout":"default","site-content-layout":"default","ast-global-header-display":"","ast-main-header-display":"","ast-hfb-above-header-display":"","ast-hfb-below-header-display":"","ast-hfb-mobile-header-display":"","site-post-title":"","ast-breadcrumbs-content":"","ast-featured-img":"","footer-sml-layout":"","theme-transparent-header-meta":"default","adv-header-id-meta":"","stick-header-meta":"","header-above-stick-meta":"","header-main-stick-meta":"","header-below-stick-meta":"","footnotes":""},"class_list":["post-1597","page","type-page","status-publish","hentry"],"aioseo_notices":[],"uagb_featured_image_src":{"full":false,"thumbnail":false,"medium":false,"medium_large":false,"large":false,"post-slider-thumb-size":false,"1536x1536":false,"2048x2048":false},"uagb_author_info":{"display_name":"solucaopublicidades@hotmail.com","author_link":"https:\/\/holosofia.com.br\/?author=1"},"uagb_comment_info":0,"uagb_excerpt":"INTERA\u00c7\u00c3O Publicado em 19.07.08 &nbsp; A intera\u00e7\u00e3o (inter+a\u00e7\u00e3o) \u00e9 concebida pelos lexic\u00f3logos como a a\u00e7\u00e3o que se exerce mutuamente entre duas ou mais coisas, ou duas ou mais pessoas; a\u00e7\u00e3o rec\u00edproca. \u00a0\u00a0\u00a0\u00a0\u00a0\u00a0\u00a0\u00a0\u00a0\u00a0\u00a0 A pr\u00f3pria vida nos ensina o milagre da intera\u00e7\u00e3o. O homem interage com a mulher na forma\u00e7\u00e3o do casal; a intera\u00e7\u00e3o do espermatoz\u00f3ide&hellip;","_links":{"self":[{"href":"https:\/\/holosofia.com.br\/index.php?rest_route=\/wp\/v2\/pages\/1597","targetHints":{"allow":["GET"]}}],"collection":[{"href":"https:\/\/holosofia.com.br\/index.php?rest_route=\/wp\/v2\/pages"}],"about":[{"href":"https:\/\/holosofia.com.br\/index.php?rest_route=\/wp\/v2\/types\/page"}],"author":[{"embeddable":true,"href":"https:\/\/holosofia.com.br\/index.php?rest_route=\/wp\/v2\/users\/1"}],"replies":[{"embeddable":true,"href":"https:\/\/holosofia.com.br\/index.php?rest_route=%2Fwp%2Fv2%2Fcomments&post=1597"}],"version-history":[{"count":1,"href":"https:\/\/holosofia.com.br\/index.php?rest_route=\/wp\/v2\/pages\/1597\/revisions"}],"predecessor-version":[{"id":1598,"href":"https:\/\/holosofia.com.br\/index.php?rest_route=\/wp\/v2\/pages\/1597\/revisions\/1598"}],"wp:attachment":[{"href":"https:\/\/holosofia.com.br\/index.php?rest_route=%2Fwp%2Fv2%2Fmedia&parent=1597"}],"curies":[{"name":"wp","href":"https:\/\/api.w.org\/{rel}","templated":true}]}}