{"id":1586,"date":"2023-06-05T23:28:02","date_gmt":"2023-06-05T23:28:02","guid":{"rendered":"https:\/\/holosofia.com.br\/?page_id=1586"},"modified":"2023-06-05T23:28:02","modified_gmt":"2023-06-05T23:28:02","slug":"holocoluna-0095","status":"publish","type":"page","link":"https:\/\/holosofia.com.br\/?page_id=1586","title":{"rendered":"Holocoluna &#8211; 0095"},"content":{"rendered":"<ol start=\"95\">\n<li>\n<h3>IDEAL<\/h3>\n<\/li>\n<\/ol>\n<h3 style=\"text-align: right;\">Publicado em 05.07.08<\/h3>\n<p>&nbsp;<\/p>\n<h4>Ideal \u00e9 aquilo que move o indiv\u00edduo rumo \u00e0s suas realiza\u00e7\u00f5es e cujas convic\u00e7\u00f5es garantem a continuidade de sua marcha.<\/h4>\n<h4>\u00a0\u00a0\u00a0\u00a0\u00a0\u00a0\u00a0\u00a0\u00a0\u00a0\u00a0 A exist\u00eancia das diferentes atividades humanas indica a diversidade pr\u00f3pria do campo ideol\u00f3gico.<\/h4>\n<h4>\u00a0\u00a0\u00a0\u00a0\u00a0\u00a0\u00a0\u00a0\u00a0\u00a0\u00a0 Contudo, h\u00e1 de se compreender que existem pessoas desenvolvendo atividades por for\u00e7a das circunst\u00e2ncias \u2013 influ\u00eancia familiar, oportunidade de mercado, eleva\u00e7\u00e3o do status social, aspira\u00e7\u00e3o de maior ganho financeiro, etc. \u2013, por isso, privadas do incompar\u00e1vel sentimento de alegria existencial proporcionado apenas pelo fazer ideol\u00f3gico.<\/h4>\n<h4>\u00a0\u00a0\u00a0\u00a0\u00a0\u00a0\u00a0\u00a0\u00a0\u00a0\u00a0 Logo, conceber uma id\u00e9ia e transform\u00e1-la num ideal faz do idealista uma pessoa obstinada e feliz, o que, em \u00faltima inst\u00e2ncia, significa um ser humano plenamente saud\u00e1vel, ou seja, um detentor da sensa\u00e7\u00e3o de bem-estar f\u00edsico, mental, social e espiritual.<\/h4>\n<h4>\u00a0\u00a0\u00a0\u00a0\u00a0\u00a0\u00a0\u00a0\u00a0\u00a0\u00a0 A raz\u00e3o maior da vida consiste na busca da felicidade, motivo pelo qual cada criatura almeja a paz, a harmonia e a igualdade social. Essa raz\u00e3o, para o idealista, torna-se a sua pr\u00f3pria forma de viver, requerendo para isso muita dedica\u00e7\u00e3o, grande esfor\u00e7o e sacrif\u00edcio dos interesses pessoais.<\/h4>\n<h4>\u00a0\u00a0\u00a0\u00a0\u00a0\u00a0\u00a0\u00a0\u00a0\u00a0\u00a0 Como exemplo de idealista destaca-se aquele que opta pelo magist\u00e9rio, cuja proposta \u00e9 iluminar o mundo escuro da ignor\u00e2ncia onde vivem os buscadores do conhecimento, seus diletos alunos.<\/h4>\n<h4>\u00a0\u00a0\u00a0\u00a0\u00a0\u00a0\u00a0\u00a0\u00a0\u00a0\u00a0 Entretanto, a escola do in\u00edcio do s\u00e9culo XXI vem apresentando uma exig\u00eancia adicional, o desafio de administrar o \u00edmpeto de agressividade dos alunos, geralmente provocado pela falta de orienta\u00e7\u00e3o dos pais e, outras vezes, decorrente do uso rotineiro de drogas il\u00edcitas.<\/h4>\n<h4>A freq\u00fc\u00eancia com que os fatos violentos v\u00eam acontecendo nas escolas do pa\u00eds inteiro vem contribuindo para o n\u00famero progressivo de desist\u00eancia de professores em sala de aula, assim como para a dificuldade em arregimentar novos educadores, o que tem ensejado debates, tanto no \u00e2mbito da Educa\u00e7\u00e3o quanto no da Sa\u00fade.<\/h4>\n<h4>Com o objetivo de motivar os professores, de poder contar com a presen\u00e7a dos pais e de sanear o problema comportamental dos alunos na rede municipal de Cajuru, a Secretaria Municipal da Educa\u00e7\u00e3o formulou ao Programa Holos\u00f3fico de Sa\u00fade (PHS) pedido de colabora\u00e7\u00e3o, desde o segundo semestre de 2007, quando foi institu\u00eddo o m\u00f3dulo denominado Holo-harmonia Educacional (HhE).<\/h4>\n<h4>O projeto desenvolvido e apresentado para a execu\u00e7\u00e3o do m\u00f3dulo HhE se fundamenta\u00a0 em atividades reflexivas e em tr\u00eas momentos. Inicialmente, palestras para a escola \u2013 diretores, professores, monitores e funcion\u00e1rios da administra\u00e7\u00e3o \u2013; depois, para os alunos \u2013, do Jardim ao Magist\u00e9rio \u2013; e finalmente, para os pais dos alunos.<\/h4>\n<h4>Os resultados ser\u00e3o conhecidos t\u00e3o logo se conclua o trabalho \u2013 06 de agosto 2008 \u2013 e se proceda a an\u00e1lise do mesmo. Mas repercuss\u00f5es positivas j\u00e1 s\u00e3o sentidas por todos.<\/h4>\n<h4>Assim, fica claro o quanto \u00e9 importante e necess\u00e1rio aliar a uni\u00e3o \u00e0 f\u00e9 em nome da sobreviv\u00eancia do sonhador, do idealista. Ele faz a diferencia.<\/h4>\n<h4>Sebasti\u00e3o Saraiva<\/h4>\n<h4>M\u00e9dico e Hol\u00f3sofo<\/h4>\n","protected":false},"excerpt":{"rendered":"<p>IDEAL Publicado em 05.07.08 &nbsp; Ideal \u00e9 aquilo que move o indiv\u00edduo rumo \u00e0s suas realiza\u00e7\u00f5es e cujas convic\u00e7\u00f5es garantem a continuidade de sua marcha. \u00a0\u00a0\u00a0\u00a0\u00a0\u00a0\u00a0\u00a0\u00a0\u00a0\u00a0 A exist\u00eancia das diferentes atividades humanas indica a diversidade pr\u00f3pria do campo ideol\u00f3gico. \u00a0\u00a0\u00a0\u00a0\u00a0\u00a0\u00a0\u00a0\u00a0\u00a0\u00a0 Contudo, h\u00e1 de se compreender que existem pessoas desenvolvendo atividades por for\u00e7a das circunst\u00e2ncias \u2013 &hellip;<\/p>\n<p class=\"read-more\"> <a class=\"\" href=\"https:\/\/holosofia.com.br\/?page_id=1586\"> <span class=\"screen-reader-text\">Holocoluna &#8211; 0095<\/span> Leia mais &raquo;<\/a><\/p>\n","protected":false},"author":1,"featured_media":0,"parent":0,"menu_order":0,"comment_status":"closed","ping_status":"closed","template":"","meta":{"_bbp_topic_count":0,"_bbp_reply_count":0,"_bbp_total_topic_count":0,"_bbp_total_reply_count":0,"_bbp_voice_count":0,"_bbp_anonymous_reply_count":0,"_bbp_topic_count_hidden":0,"_bbp_reply_count_hidden":0,"_bbp_forum_subforum_count":0,"om_disable_all_campaigns":false,"_uag_custom_page_level_css":"","_mi_skip_tracking":false,"_monsterinsights_sitenote_active":false,"_monsterinsights_sitenote_note":"","_monsterinsights_sitenote_category":0,"site-sidebar-layout":"default","site-content-layout":"default","ast-global-header-display":"","ast-main-header-display":"","ast-hfb-above-header-display":"","ast-hfb-below-header-display":"","ast-hfb-mobile-header-display":"","site-post-title":"","ast-breadcrumbs-content":"","ast-featured-img":"","footer-sml-layout":"","theme-transparent-header-meta":"default","adv-header-id-meta":"","stick-header-meta":"","header-above-stick-meta":"","header-main-stick-meta":"","header-below-stick-meta":"","footnotes":""},"class_list":["post-1586","page","type-page","status-publish","hentry"],"aioseo_notices":[],"uagb_featured_image_src":{"full":false,"thumbnail":false,"medium":false,"medium_large":false,"large":false,"post-slider-thumb-size":false,"1536x1536":false,"2048x2048":false},"uagb_author_info":{"display_name":"solucaopublicidades@hotmail.com","author_link":"https:\/\/holosofia.com.br\/?author=1"},"uagb_comment_info":0,"uagb_excerpt":"IDEAL Publicado em 05.07.08 &nbsp; Ideal \u00e9 aquilo que move o indiv\u00edduo rumo \u00e0s suas realiza\u00e7\u00f5es e cujas convic\u00e7\u00f5es garantem a continuidade de sua marcha. \u00a0\u00a0\u00a0\u00a0\u00a0\u00a0\u00a0\u00a0\u00a0\u00a0\u00a0 A exist\u00eancia das diferentes atividades humanas indica a diversidade pr\u00f3pria do campo ideol\u00f3gico. \u00a0\u00a0\u00a0\u00a0\u00a0\u00a0\u00a0\u00a0\u00a0\u00a0\u00a0 Contudo, h\u00e1 de se compreender que existem pessoas desenvolvendo atividades por for\u00e7a das circunst\u00e2ncias \u2013&hellip;","_links":{"self":[{"href":"https:\/\/holosofia.com.br\/index.php?rest_route=\/wp\/v2\/pages\/1586","targetHints":{"allow":["GET"]}}],"collection":[{"href":"https:\/\/holosofia.com.br\/index.php?rest_route=\/wp\/v2\/pages"}],"about":[{"href":"https:\/\/holosofia.com.br\/index.php?rest_route=\/wp\/v2\/types\/page"}],"author":[{"embeddable":true,"href":"https:\/\/holosofia.com.br\/index.php?rest_route=\/wp\/v2\/users\/1"}],"replies":[{"embeddable":true,"href":"https:\/\/holosofia.com.br\/index.php?rest_route=%2Fwp%2Fv2%2Fcomments&post=1586"}],"version-history":[{"count":1,"href":"https:\/\/holosofia.com.br\/index.php?rest_route=\/wp\/v2\/pages\/1586\/revisions"}],"predecessor-version":[{"id":1588,"href":"https:\/\/holosofia.com.br\/index.php?rest_route=\/wp\/v2\/pages\/1586\/revisions\/1588"}],"wp:attachment":[{"href":"https:\/\/holosofia.com.br\/index.php?rest_route=%2Fwp%2Fv2%2Fmedia&parent=1586"}],"curies":[{"name":"wp","href":"https:\/\/api.w.org\/{rel}","templated":true}]}}