{"id":1580,"date":"2023-06-05T23:25:29","date_gmt":"2023-06-05T23:25:29","guid":{"rendered":"https:\/\/holosofia.com.br\/?page_id=1580"},"modified":"2023-06-05T23:27:25","modified_gmt":"2023-06-05T23:27:25","slug":"holocoluna-0094","status":"publish","type":"page","link":"https:\/\/holosofia.com.br\/?page_id=1580","title":{"rendered":"Holocoluna &#8211; 0094"},"content":{"rendered":"<ol start=\"94\">\n<li>\n<h3>OPORTUNIDADE<\/h3>\n<\/li>\n<\/ol>\n<h3 style=\"text-align: right;\">Publicado em 28.06.08<\/h3>\n<p>&nbsp;<\/p>\n<h4>As experi\u00eancias acumuladas encontram na oportunidade a chance de sua utiliza\u00e7\u00e3o, mas a oportunidade, por si, permite o ac\u00famulo de experi\u00eancias, tamb\u00e9m.<\/h4>\n<h4>A vida \u00e9 paradoxal, e isto se verifica em rela\u00e7\u00e3o ao contexto empregat\u00edcio, pois se sabe que, de um lado, existem pessoas experientes desempregadas, e do outro, a dificuldade de emprego para os inexperientes.<\/h4>\n<h4>Indiscutivelmente, o mundo moderno est\u00e1 ficando, cada vez mais exigente, por isso, al\u00e9m dos conhecimentos pr\u00f3prios da capacita\u00e7\u00e3o profissional, todas as experi\u00eancias pessoais devem estar a servi\u00e7o do indiv\u00edduo por ocasi\u00e3o da primeira oportunidade de sua entrada no mercado de trabalho.<\/h4>\n<h4>\u00c1 medida que a crian\u00e7a vai galgando nova s\u00e9rie na escola a cada ano, ela tamb\u00e9m vivencia novas situa\u00e7\u00f5es relacionais nos ambientes familiar, escolar e social, o que contribui para o desenvolvimento do seu potencial humano.<\/h4>\n<h4>A bagagem de orienta\u00e7\u00e3o comportamental que a fam\u00edlia passa aos filhos se reverter\u00e1, naturalmente, em importante diferencial n\u00e3o apenas no momento de pleitear um emprego, mas durante a sua perman\u00eancia na institui\u00e7\u00e3o, e at\u00e9 para futuras promo\u00e7\u00f5es internas.<\/h4>\n<h4>Logo, h\u00e1 de se acompanhar o aproveitamento escolar dos jovens assim como marcar presen\u00e7a no seu dia-a-dia. Ambos os aspectos denotam, al\u00e9m do amor, a consci\u00eancia dos pais no tocante \u00e0 forma\u00e7\u00e3o plena dos seus filhos. E isto \u00e9 necess\u00e1rio e \u00fatil.<\/h4>\n<h4>Pelo acima exposto parece f\u00e1cil concluir o quanto prejudicial se torna a aus\u00eancia dos pais, especialmente da m\u00e3e, na vida dos filhos. Mas \u00e9 esta triste realidade que se verifica no mundo atual, e se deve ao fato da necessidade de complementar a renda familiar para honrar as despesas dom\u00e9sticas.<\/h4>\n<h4>A maioria das crian\u00e7as dos bairros da periferia de Cajuru n\u00e3o \u00e9 exce\u00e7\u00e3o; essas pequenas criaturas, ao retornarem da escola, ficam sozinhas, \u00e0 deriva, permanecendo grande parte do tempo nas ruas, quase sempre descal\u00e7as e com roupas pouco limpas.<\/h4>\n<h4>O Programa Holos\u00f3fico de Sa\u00fade (PHS), compreendendo a import\u00e2ncia de se oferecer um \u201cporto seguro\u201d , uma oportunidade, para esses seres humanos inocentes e deixados \u00e0 pr\u00f3pria sorte, optou por estabelecer <strong>Holo-bibliotecas Comunit\u00e1rias<\/strong> (HbC) nos bairros \u2013 Cohab, Cruz Alta, Cruzeiro, Dom Bosco e Piscina \u2013 de maior risco social.<\/h4>\n<h4>Assim, no pr\u00f3ximo dia 04 de julho o bairro da Cruz Alta estar\u00e1 comemorando o 2\u00ba anivers\u00e1rio da HbC Prof<sup>e<\/sup> Jamile Lourdes Elias, enquanto o Dom Bosco festejar\u00e1 o 1\u00ba anivers\u00e1rio da HbC Rita do Prado Gon\u00e7alves. Ser\u00e1 um dia de festas e alegrias para muitos.<\/h4>\n<h4>O bairro da Piscina receber\u00e1, na manh\u00e3 de domingo (29 de junho), os primeiros trabalhadores volunt\u00e1rios para demolir o pequeno c\u00f4modo ali existente, como atividade preliminar da constru\u00e7\u00e3o da sua HbC, \u00e0 qual ser\u00e1 anexado o <strong>Centro de Medita\u00e7\u00e3o<\/strong>. O Projeto \u00e9 de autoria do arquiteto Jos\u00e9 Eduardo. E na noite de 3\u00aa feira (1\u00ba de julho), \u00e0s 18h30min haver\u00e1 uma <strong>Holo-reuni\u00e3o Comunit\u00e1ria<\/strong> no Gin\u00e1sio de Esporte da APAE. Tema: A <strong>HbC.<\/strong><\/h4>\n<h4>Nossos jovens, os futuros cidad\u00e3os cajuruenses, est\u00e3o precisando \u00e9 de oportunidade.<\/h4>\n<h4>Sebasti\u00e3o Saraiva<\/h4>\n<h4>M\u00e9dico e Hol\u00f3sofo<\/h4>\n","protected":false},"excerpt":{"rendered":"<p>OPORTUNIDADE Publicado em 28.06.08 &nbsp; As experi\u00eancias acumuladas encontram na oportunidade a chance de sua utiliza\u00e7\u00e3o, mas a oportunidade, por si, permite o ac\u00famulo de experi\u00eancias, tamb\u00e9m. A vida \u00e9 paradoxal, e isto se verifica em rela\u00e7\u00e3o ao contexto empregat\u00edcio, pois se sabe que, de um lado, existem pessoas experientes desempregadas, e do outro, a &hellip;<\/p>\n<p class=\"read-more\"> <a class=\"\" href=\"https:\/\/holosofia.com.br\/?page_id=1580\"> <span class=\"screen-reader-text\">Holocoluna &#8211; 0094<\/span> Leia mais &raquo;<\/a><\/p>\n","protected":false},"author":1,"featured_media":0,"parent":0,"menu_order":0,"comment_status":"closed","ping_status":"closed","template":"","meta":{"_bbp_topic_count":0,"_bbp_reply_count":0,"_bbp_total_topic_count":0,"_bbp_total_reply_count":0,"_bbp_voice_count":0,"_bbp_anonymous_reply_count":0,"_bbp_topic_count_hidden":0,"_bbp_reply_count_hidden":0,"_bbp_forum_subforum_count":0,"om_disable_all_campaigns":false,"_uag_custom_page_level_css":"","_mi_skip_tracking":false,"_monsterinsights_sitenote_active":false,"_monsterinsights_sitenote_note":"","_monsterinsights_sitenote_category":0,"site-sidebar-layout":"default","site-content-layout":"default","ast-global-header-display":"","ast-main-header-display":"","ast-hfb-above-header-display":"","ast-hfb-below-header-display":"","ast-hfb-mobile-header-display":"","site-post-title":"","ast-breadcrumbs-content":"","ast-featured-img":"","footer-sml-layout":"","theme-transparent-header-meta":"default","adv-header-id-meta":"","stick-header-meta":"","header-above-stick-meta":"","header-main-stick-meta":"","header-below-stick-meta":"","footnotes":""},"class_list":["post-1580","page","type-page","status-publish","hentry"],"aioseo_notices":[],"uagb_featured_image_src":{"full":false,"thumbnail":false,"medium":false,"medium_large":false,"large":false,"post-slider-thumb-size":false,"1536x1536":false,"2048x2048":false},"uagb_author_info":{"display_name":"solucaopublicidades@hotmail.com","author_link":"https:\/\/holosofia.com.br\/?author=1"},"uagb_comment_info":0,"uagb_excerpt":"OPORTUNIDADE Publicado em 28.06.08 &nbsp; As experi\u00eancias acumuladas encontram na oportunidade a chance de sua utiliza\u00e7\u00e3o, mas a oportunidade, por si, permite o ac\u00famulo de experi\u00eancias, tamb\u00e9m. A vida \u00e9 paradoxal, e isto se verifica em rela\u00e7\u00e3o ao contexto empregat\u00edcio, pois se sabe que, de um lado, existem pessoas experientes desempregadas, e do outro, a&hellip;","_links":{"self":[{"href":"https:\/\/holosofia.com.br\/index.php?rest_route=\/wp\/v2\/pages\/1580","targetHints":{"allow":["GET"]}}],"collection":[{"href":"https:\/\/holosofia.com.br\/index.php?rest_route=\/wp\/v2\/pages"}],"about":[{"href":"https:\/\/holosofia.com.br\/index.php?rest_route=\/wp\/v2\/types\/page"}],"author":[{"embeddable":true,"href":"https:\/\/holosofia.com.br\/index.php?rest_route=\/wp\/v2\/users\/1"}],"replies":[{"embeddable":true,"href":"https:\/\/holosofia.com.br\/index.php?rest_route=%2Fwp%2Fv2%2Fcomments&post=1580"}],"version-history":[{"count":2,"href":"https:\/\/holosofia.com.br\/index.php?rest_route=\/wp\/v2\/pages\/1580\/revisions"}],"predecessor-version":[{"id":1585,"href":"https:\/\/holosofia.com.br\/index.php?rest_route=\/wp\/v2\/pages\/1580\/revisions\/1585"}],"wp:attachment":[{"href":"https:\/\/holosofia.com.br\/index.php?rest_route=%2Fwp%2Fv2%2Fmedia&parent=1580"}],"curies":[{"name":"wp","href":"https:\/\/api.w.org\/{rel}","templated":true}]}}