{"id":1575,"date":"2023-06-05T23:22:35","date_gmt":"2023-06-05T23:22:35","guid":{"rendered":"https:\/\/holosofia.com.br\/?page_id=1575"},"modified":"2023-06-05T23:24:12","modified_gmt":"2023-06-05T23:24:12","slug":"holocoluna-0093","status":"publish","type":"page","link":"https:\/\/holosofia.com.br\/?page_id=1575","title":{"rendered":"holocoluna &#8211; 0093"},"content":{"rendered":"<ol start=\"93\">\n<li>\n<h3>RESPEITABILIDADE<\/h3>\n<\/li>\n<\/ol>\n<h3 style=\"text-align: right;\">Publicado em 21.06.08<\/h3>\n<p>&nbsp;<\/p>\n<h4>No contexto da respeitabilidade o verbo respeitar exibe uma farta lista de significados, e isto se constata facilmente mediante a leitura das seguintes frases:<\/h4>\n<h4>Meu filho, voc\u00ea deve tratar a todos com respeito (<em>considerar<\/em>).<\/h4>\n<h4>Digno de confian\u00e7a \u00e9 aquele que respeita (<em>honrar<\/em>) a palavra empenhada.<\/h4>\n<h4>O que voc\u00ea sugeriu eu respeito (<em>acatar<\/em>).<\/h4>\n<h4>O cat\u00f3lico respeita (<em>venerar<\/em>) a imagem dos santos.<\/h4>\n<h4>Aquele que respeita (<em>observar<\/em>) os sinais de tr\u00e2nsito trafega com mais seguran\u00e7a.<\/h4>\n<h4>Eu trabalho com dedica\u00e7\u00e3o e respeito (<em>cumprir<\/em>) o meu hor\u00e1rio.<\/h4>\n<h4>Aquela mo\u00e7a sabe se dar ao respeito (<em>impor<\/em>) , por isso \u00e9 admirada por todos.<\/h4>\n<h4>Eu respeito (<em>compreender)<\/em> a condi\u00e7\u00e3o de analfabeto do meu vizinho.<\/h4>\n<h4>O dicionarista Celso Pedro Luft afirma que a palavra <strong>respeito<\/strong> \u00e9 um substantivo masculino que denota acatamento, rever\u00eancia, ponto de vista, aspecto, refer\u00eancia e rela\u00e7\u00e3o.<\/h4>\n<h4>Com tais considera\u00e7\u00f5es conclui-se que para real\u00e7ar a import\u00e2ncia das virtudes individuais em nome das rela\u00e7\u00f5es humanas respeitosas seja no \u00e2mbito familiar, escolar, profissional ou social, parece fundamental recorrer aos ensinamentos b\u00e1sicos e elementares da L\u00edngua Portuguesa.<\/h4>\n<h4>Apesar de a respeitabilidade ser aprendida pela experi\u00eancia pessoal, ela \u00e9 refor\u00e7ada pela pr\u00e1tica da leitura reflexiva. E ela contribui para a sensa\u00e7\u00e3o de bem-estar f\u00edsico, mental, social e espiritual.<\/h4>\n<h4>Logo, respeitabilidade \u00e9, al\u00e9m de educa\u00e7\u00e3o, <strong>sa\u00fade.<\/strong><\/h4>\n<h4>\u00a0\u00a0\u00a0\u00a0\u00a0\u00a0\u00a0\u00a0\u00a0\u00a0\u00a0 Portanto, a sociedade que opta por cultivar uma conviv\u00eancia respeitosa demonstra maturidade e intelig\u00eancia e, de acr\u00e9scimo, reafirma o seu estado de saudena<a href=\"#_ftn1\" name=\"_ftnref1\">*<\/a> (<em>sa\u00fade plena<\/em>).<\/h4>\n<h4>\u00a0\u00a0\u00a0\u00a0\u00a0\u00a0\u00a0\u00a0\u00a0\u00a0\u00a0 A vida consiste num processo perene de aprimoramento individual, refletindo no reparo das imperfei\u00e7\u00f5es humanas em dire\u00e7\u00e3o a um mundo melhor de se viver. Essa concep\u00e7\u00e3o abomina a cr\u00edtica e contempla a reflex\u00e3o, a compreens\u00e3o e o respeito ao outro.<\/h4>\n<h4>\u00a0\u00a0\u00a0\u00a0\u00a0\u00a0\u00a0\u00a0\u00a0\u00a0\u00a0 Em toda fam\u00edlia e em toda comunidade h\u00e1 comportamentos relacionais compat\u00edveis com aquilo que a maioria preceitua como normais, mas o reconhecimento da complexidade pr\u00f3pria do ser humano impede a postura ridicularizadora do pr\u00f3ximo diante de fatos aparentemente esdr\u00faxulos.<\/h4>\n<h4>\u00a0\u00a0\u00a0\u00a0\u00a0\u00a0\u00a0\u00a0\u00a0\u00a0\u00a0 O Programa Holos\u00f3fico de Sa\u00fade (PHS) vem desenvolvendo uma modalidade de a\u00e7\u00e3o m\u00e9dico-social, \u201cHolo-ressurrei\u00e7\u00e3o Feminina (HrF)\u201d, junto \u00e0s detentas de Cajuru, cujos dados parecem sinalizar para uma realidade ca\u00f3tica de inexist\u00eancia da respeitabilidade \u00e0 vida digna.<\/h4>\n<h4>Naquele c\u00e1rcere p\u00fablico est\u00e3o cumprindo penas as v\u00edtimas da n\u00e3o-respeitabilidade, talvez desde a vida intrauterina, s\u00e3o mulheres que, de modo equivocado, buscaram nos atos anti-sociais as solu\u00e7\u00f5es dos seus problemas. O que \u00e9 uma pena.<\/h4>\n<h4>Por tudo isto, resta-nos cuidar das gr\u00e1vidas, crian\u00e7as e jovens com respeitabilidade.<\/h4>\n<h4 style=\"text-align: right;\">Sebasti\u00e3o Saraiva<\/h4>\n<h4 style=\"text-align: right;\">M\u00e9dico e Hol\u00f3sofo<\/h4>\n<h4><a href=\"#_ftnref1\" name=\"_ftn1\">*<\/a> Termo criado pela Holosofia para exprimir sa\u00fade nos planos f\u00edsico, mental, social e espiritual.<\/h4>\n","protected":false},"excerpt":{"rendered":"<p>RESPEITABILIDADE Publicado em 21.06.08 &nbsp; No contexto da respeitabilidade o verbo respeitar exibe uma farta lista de significados, e isto se constata facilmente mediante a leitura das seguintes frases: Meu filho, voc\u00ea deve tratar a todos com respeito (considerar). Digno de confian\u00e7a \u00e9 aquele que respeita (honrar) a palavra empenhada. O que voc\u00ea sugeriu eu &hellip;<\/p>\n<p class=\"read-more\"> <a class=\"\" href=\"https:\/\/holosofia.com.br\/?page_id=1575\"> <span class=\"screen-reader-text\">holocoluna &#8211; 0093<\/span> Leia mais &raquo;<\/a><\/p>\n","protected":false},"author":1,"featured_media":0,"parent":0,"menu_order":0,"comment_status":"closed","ping_status":"closed","template":"","meta":{"_bbp_topic_count":0,"_bbp_reply_count":0,"_bbp_total_topic_count":0,"_bbp_total_reply_count":0,"_bbp_voice_count":0,"_bbp_anonymous_reply_count":0,"_bbp_topic_count_hidden":0,"_bbp_reply_count_hidden":0,"_bbp_forum_subforum_count":0,"om_disable_all_campaigns":false,"_uag_custom_page_level_css":"","_mi_skip_tracking":false,"_monsterinsights_sitenote_active":false,"_monsterinsights_sitenote_note":"","_monsterinsights_sitenote_category":0,"site-sidebar-layout":"default","site-content-layout":"default","ast-global-header-display":"","ast-main-header-display":"","ast-hfb-above-header-display":"","ast-hfb-below-header-display":"","ast-hfb-mobile-header-display":"","site-post-title":"","ast-breadcrumbs-content":"","ast-featured-img":"","footer-sml-layout":"","theme-transparent-header-meta":"default","adv-header-id-meta":"","stick-header-meta":"","header-above-stick-meta":"","header-main-stick-meta":"","header-below-stick-meta":"","footnotes":""},"class_list":["post-1575","page","type-page","status-publish","hentry"],"aioseo_notices":[],"uagb_featured_image_src":{"full":false,"thumbnail":false,"medium":false,"medium_large":false,"large":false,"post-slider-thumb-size":false,"1536x1536":false,"2048x2048":false},"uagb_author_info":{"display_name":"solucaopublicidades@hotmail.com","author_link":"https:\/\/holosofia.com.br\/?author=1"},"uagb_comment_info":0,"uagb_excerpt":"RESPEITABILIDADE Publicado em 21.06.08 &nbsp; No contexto da respeitabilidade o verbo respeitar exibe uma farta lista de significados, e isto se constata facilmente mediante a leitura das seguintes frases: Meu filho, voc\u00ea deve tratar a todos com respeito (considerar). Digno de confian\u00e7a \u00e9 aquele que respeita (honrar) a palavra empenhada. O que voc\u00ea sugeriu eu&hellip;","_links":{"self":[{"href":"https:\/\/holosofia.com.br\/index.php?rest_route=\/wp\/v2\/pages\/1575","targetHints":{"allow":["GET"]}}],"collection":[{"href":"https:\/\/holosofia.com.br\/index.php?rest_route=\/wp\/v2\/pages"}],"about":[{"href":"https:\/\/holosofia.com.br\/index.php?rest_route=\/wp\/v2\/types\/page"}],"author":[{"embeddable":true,"href":"https:\/\/holosofia.com.br\/index.php?rest_route=\/wp\/v2\/users\/1"}],"replies":[{"embeddable":true,"href":"https:\/\/holosofia.com.br\/index.php?rest_route=%2Fwp%2Fv2%2Fcomments&post=1575"}],"version-history":[{"count":1,"href":"https:\/\/holosofia.com.br\/index.php?rest_route=\/wp\/v2\/pages\/1575\/revisions"}],"predecessor-version":[{"id":1576,"href":"https:\/\/holosofia.com.br\/index.php?rest_route=\/wp\/v2\/pages\/1575\/revisions\/1576"}],"wp:attachment":[{"href":"https:\/\/holosofia.com.br\/index.php?rest_route=%2Fwp%2Fv2%2Fmedia&parent=1575"}],"curies":[{"name":"wp","href":"https:\/\/api.w.org\/{rel}","templated":true}]}}