{"id":1569,"date":"2023-06-05T23:19:42","date_gmt":"2023-06-05T23:19:42","guid":{"rendered":"https:\/\/holosofia.com.br\/?page_id=1569"},"modified":"2023-06-05T23:19:42","modified_gmt":"2023-06-05T23:19:42","slug":"holocoluna-0092","status":"publish","type":"page","link":"https:\/\/holosofia.com.br\/?page_id=1569","title":{"rendered":"Holocoluna &#8211; 0092"},"content":{"rendered":"<ol start=\"92\">\n<li>\n<h3>PENSAMENTO<\/h3>\n<\/li>\n<\/ol>\n<h3 style=\"text-align: right;\">Publicado em 14.06.08<\/h3>\n<p>&nbsp;<\/p>\n<h4>\u00c9 comum algu\u00e9m dizer ao mal sucedido que tudo aconteceu pelo fato do mesmo n\u00e3o haver pensado antes.<\/h4>\n<h4>Nesse caso, quem n\u00e3o pensou antes, o cr\u00edtico ou o fracassado?<\/h4>\n<h4>O cr\u00edtico talvez tenha se apressado o suficiente para n\u00e3o perceber o seu pensamento antes de fazer a cr\u00edtica, embora possa ter alguma raz\u00e3o em rela\u00e7\u00e3o ao fato de criticar. Mas o ideal teria sido o cr\u00edtico ouvir o que o criticado pensou antes de agir, uma vez que toda a\u00e7\u00e3o pressup\u00f5e um pensamento. Isto vem contrariar aqueles que afirmam ter feito algo sem pensar.\u00a0 Sem pensar nas conseq\u00fc\u00eancias, seria prefer\u00edvel assim dizer.<\/h4>\n<h4>Com esta assertiva, a Holosofia quer defender a id\u00e9ia de que toda a\u00e7\u00e3o \u00e9 precedida de um pensamento, consciente ou inconscientemente.<\/h4>\n<h4>Assim, por raz\u00f5es did\u00e1ticas, poder\u00edamos classificar o pensamento em duas categorias: pensamento n\u00e3o-pensado; e pensamento pensado.<\/h4>\n<h4>O pensamento n\u00e3o-pensado \u00e9 aquele que ocorre de forma autom\u00e1tica ou inconsciente ou distorcida; ele costuma culminar com atitudes cujos desdobramentos podem surpreender o pensador, positivo ou negativamente. H\u00e1 um misto de insanidade e irresponsabilidade.<\/h4>\n<h4>O pensamento n\u00e3o-pensado \u00e9 a causa das mis\u00e9rias existenciais e quase sempre sinaliza para algum grau de comprometimento da sa\u00fade do \u201csemi-pensador\u201d; ele ocasiona fatos inaceit\u00e1veis e comportamentos conden\u00e1veis capazes de atingir a muitos, como os desvios do dinheiro p\u00fablico, a corrup\u00e7\u00e3o, a ind\u00fastria do arsenal b\u00e9lico, incluindo navios submarinos e porta-avi\u00f5es, as guerras e tantas outras modalidades de viol\u00eancia do homem contra o pr\u00f3prio homem e o ecossistema.<\/h4>\n<h4>O pensamento pensado passa por um processo complexo de elabora\u00e7\u00e3o e tem na reflex\u00e3o a condi\u00e7\u00e3o necess\u00e1ria para oferecer ao pensante a garantia da construtividade boa e \u00e9tica; ele permite que as a\u00e7\u00f5es sejam praticadas com consci\u00eancia.<\/h4>\n<h4>A\u00e7\u00f5es praticadas com consci\u00eancia s\u00e3o aquelas que denotam real sintonia do racional com o emocional, da mente com o cora\u00e7\u00e3o, do corpo com o esp\u00edrito, do filho com o Pai.<\/h4>\n<h4>Os pensadores de pensamentos pensados s\u00e3o exemplares, por isso, respeitados, cultuados e idolatrados pela massa semi-pensante; eles representam por si a condi\u00e7\u00e3o de humanidade do ser humano.<\/h4>\n<h4>As civiliza\u00e7\u00f5es que nos antecederam chamaram os seus pensadores de pensamentos pensados de s\u00e1bios, fil\u00f3sofos e mestres, os quais fizeram escolas e at\u00e9 religi\u00f5es, e permanecem vivos entre n\u00f3s. Destacamos Siddhartha Gautama (Buda) \u2013 \u201cO que somos \u00e9 a conseq\u00fc\u00eancia do que pensamos\u201d \u2013; S\u00f3crates \u2013 \u201cAchei que me convinha mais correr perigo com o que era justo que, por medo da morte e do c\u00e1rcere, concordar com o injusto\u201d \u2013; Jesus Cristo \u2013 \u201cAmai-vos uns aos outros\u201d \u2013 Osho \u2013 \u201cSe a tua felicidade tiver alguma raz\u00e3o ela ser\u00e1 ef\u00eamera, mas se n\u00e3o a tiver ela ser\u00e1 eterna\u201d.<\/h4>\n<h4>Voc\u00ea acha justo permitir que os seus pensamentos prejudiquem a sua vida, na fam\u00edlia, no trabalho e no ambiente social? Fique esperto!<\/h4>\n<h4 style=\"text-align: right;\">Sebasti\u00e3o Saraiva<\/h4>\n<h4 style=\"text-align: right;\">M\u00e9dico e Hol\u00f3sofo<\/h4>\n","protected":false},"excerpt":{"rendered":"<p>PENSAMENTO Publicado em 14.06.08 &nbsp; \u00c9 comum algu\u00e9m dizer ao mal sucedido que tudo aconteceu pelo fato do mesmo n\u00e3o haver pensado antes. Nesse caso, quem n\u00e3o pensou antes, o cr\u00edtico ou o fracassado? O cr\u00edtico talvez tenha se apressado o suficiente para n\u00e3o perceber o seu pensamento antes de fazer a cr\u00edtica, embora possa &hellip;<\/p>\n<p class=\"read-more\"> <a class=\"\" href=\"https:\/\/holosofia.com.br\/?page_id=1569\"> <span class=\"screen-reader-text\">Holocoluna &#8211; 0092<\/span> Leia mais &raquo;<\/a><\/p>\n","protected":false},"author":1,"featured_media":0,"parent":0,"menu_order":0,"comment_status":"closed","ping_status":"closed","template":"","meta":{"_bbp_topic_count":0,"_bbp_reply_count":0,"_bbp_total_topic_count":0,"_bbp_total_reply_count":0,"_bbp_voice_count":0,"_bbp_anonymous_reply_count":0,"_bbp_topic_count_hidden":0,"_bbp_reply_count_hidden":0,"_bbp_forum_subforum_count":0,"om_disable_all_campaigns":false,"_uag_custom_page_level_css":"","_mi_skip_tracking":false,"_monsterinsights_sitenote_active":false,"_monsterinsights_sitenote_note":"","_monsterinsights_sitenote_category":0,"site-sidebar-layout":"default","site-content-layout":"default","ast-global-header-display":"","ast-main-header-display":"","ast-hfb-above-header-display":"","ast-hfb-below-header-display":"","ast-hfb-mobile-header-display":"","site-post-title":"","ast-breadcrumbs-content":"","ast-featured-img":"","footer-sml-layout":"","theme-transparent-header-meta":"default","adv-header-id-meta":"","stick-header-meta":"","header-above-stick-meta":"","header-main-stick-meta":"","header-below-stick-meta":"","footnotes":""},"class_list":["post-1569","page","type-page","status-publish","hentry"],"aioseo_notices":[],"uagb_featured_image_src":{"full":false,"thumbnail":false,"medium":false,"medium_large":false,"large":false,"post-slider-thumb-size":false,"1536x1536":false,"2048x2048":false},"uagb_author_info":{"display_name":"solucaopublicidades@hotmail.com","author_link":"https:\/\/holosofia.com.br\/?author=1"},"uagb_comment_info":0,"uagb_excerpt":"PENSAMENTO Publicado em 14.06.08 &nbsp; \u00c9 comum algu\u00e9m dizer ao mal sucedido que tudo aconteceu pelo fato do mesmo n\u00e3o haver pensado antes. Nesse caso, quem n\u00e3o pensou antes, o cr\u00edtico ou o fracassado? O cr\u00edtico talvez tenha se apressado o suficiente para n\u00e3o perceber o seu pensamento antes de fazer a cr\u00edtica, embora possa&hellip;","_links":{"self":[{"href":"https:\/\/holosofia.com.br\/index.php?rest_route=\/wp\/v2\/pages\/1569","targetHints":{"allow":["GET"]}}],"collection":[{"href":"https:\/\/holosofia.com.br\/index.php?rest_route=\/wp\/v2\/pages"}],"about":[{"href":"https:\/\/holosofia.com.br\/index.php?rest_route=\/wp\/v2\/types\/page"}],"author":[{"embeddable":true,"href":"https:\/\/holosofia.com.br\/index.php?rest_route=\/wp\/v2\/users\/1"}],"replies":[{"embeddable":true,"href":"https:\/\/holosofia.com.br\/index.php?rest_route=%2Fwp%2Fv2%2Fcomments&post=1569"}],"version-history":[{"count":1,"href":"https:\/\/holosofia.com.br\/index.php?rest_route=\/wp\/v2\/pages\/1569\/revisions"}],"predecessor-version":[{"id":1571,"href":"https:\/\/holosofia.com.br\/index.php?rest_route=\/wp\/v2\/pages\/1569\/revisions\/1571"}],"wp:attachment":[{"href":"https:\/\/holosofia.com.br\/index.php?rest_route=%2Fwp%2Fv2%2Fmedia&parent=1569"}],"curies":[{"name":"wp","href":"https:\/\/api.w.org\/{rel}","templated":true}]}}