{"id":1465,"date":"2023-04-07T12:32:51","date_gmt":"2023-04-07T12:32:51","guid":{"rendered":"https:\/\/holosofia.com.br\/?page_id=1465"},"modified":"2023-04-07T12:32:51","modified_gmt":"2023-04-07T12:32:51","slug":"holocoluna-0091","status":"publish","type":"page","link":"https:\/\/holosofia.com.br\/?page_id=1465","title":{"rendered":"Holocoluna &#8211; 0091"},"content":{"rendered":"<ol start=\"91\">\n<li>\n<h3>COMPROMETIMENTO<\/h3>\n<\/li>\n<\/ol>\n<h3 style=\"text-align: right;\">Publicado em 07\/06\/2008<\/h3>\n<p>&nbsp;<\/p>\n<h4>Comprometer, segundo o lexic\u00f3grafo Aur\u00e9lio Buarque de Holanda, \u00e9 obrigar por compromisso.<\/h4>\n<h4>O compromisso est\u00e1 presente na vida das pessoas, queiram elas ou n\u00e3o, estejam conscientes ou inconscientes.<\/h4>\n<h4>Logo ao nascer, \u00e9 imposto ao indiv\u00edduo o compromisso de se manter vivo, pela respira\u00e7\u00e3o. E isto ele faz involunt\u00e1rio e inconscientemente. A partir de ent\u00e3o, novos compromissos v\u00e3o aparecendo, indefinidamente.<\/h4>\n<h4>Nos primeiros anos, por raz\u00f5es \u00f3bvias, a maioria dos compromissos infantis \u00e9 partilhada com os pais, os quais assumem a sublime fun\u00e7\u00e3o de construtores dos filhos.<\/h4>\n<h4>Construir os filhos de hoje \u00e9 edificar os homens de amanh\u00e3. E nesse processo inclui-se a arte de ensin\u00e1-los a identificar e assumir os compromissos, de forma consciente e respons\u00e1vel.<\/h4>\n<h4>Naturalmente, os valores cultivados no ambiente familiar precisam ser refor\u00e7ados pela escola, atrav\u00e9s dos professores, uma vez que a institui\u00e7\u00e3o educacional exerce uma influ\u00eancia expressiva na forma\u00e7\u00e3o do senso cr\u00edtico do discente. Da\u00ed a necessidade de se ressaltar, insistentemente, a import\u00e2ncia da intera\u00e7\u00e3o do bin\u00f4mio escola\/pais.<\/h4>\n<h4>O real comprometimento dos pais com o papel da maternidade\/paternidade aliado ao comprometimento da escola com a educa\u00e7\u00e3o resultar\u00e1 no comprometimento do educando com ambos, estabelecendo-se, portanto, um clima de pleno comprometimento.<\/h4>\n<h4>O jovem habituado a encarar o estado de comprometimento como algo inerente \u00e0 pr\u00f3pria exist\u00eancia, desenvolve a habilidade de responder aos seus compromissos com dedica\u00e7\u00e3o e zelo, passando a merecer o respeito e a admira\u00e7\u00e3o de todos. \u00c9 esta situa\u00e7\u00e3o favor\u00e1vel que impulsiona o indiv\u00edduo a trilhar com entusiasmo o caminho do bem, consolidando a cada dia a sua boa reputa\u00e7\u00e3o.<\/h4>\n<h4>Na idade adulta, aquele que aprendeu o valor do comprometimento estar\u00e1 sempre se manifestando com clareza e determina\u00e7\u00e3o, e se constituir\u00e1 num diferencial dentre aqueles que ignoram ou negligenciam tal aspecto.<\/h4>\n<h4>A pessoa comprometida \u00e9 espontaneamente aut\u00eantica, se envolve com tudo que realiza e comunica confiabilidade. Tudo parece fluir de modo a desconhecer obst\u00e1culos, e o \u00eaxito se torna uma constante.<\/h4>\n<h4>Por outro lado, n\u00e3o raro, encontramos pessoas que, pela falta da pr\u00e1tica do exerc\u00edcio do comprometimento, desenvolvem suas atividades de modo superficial, sem se comprometer com as tarefas nem com os companheiros de caminhadas, por isso, passam a vida a se lamentar e a cumular experi\u00eancias de fracasso. Esses fracassados causam desconfian\u00e7a e s\u00e3o nada confi\u00e1veis.<\/h4>\n<h4>Eis porque o apre\u00e7o da Holosofia pela base de valores e princ\u00edpios oriundos do trabalho conjunto da fam\u00edlia e a da escola como fator de sucesso e promo\u00e7\u00e3o humana.<\/h4>\n<h4 style=\"text-align: right;\">Sebasti\u00e3o Saraiva<\/h4>\n<h4 style=\"text-align: right;\">M\u00e9dico e Hol\u00f3sofo<\/h4>\n<h4 style=\"text-align: right;\">Site: <a href=\"http:\/\/www.holosofia.com.br\">www.holosofia.com.br<\/a><\/h4>\n","protected":false},"excerpt":{"rendered":"<p>COMPROMETIMENTO Publicado em 07\/06\/2008 &nbsp; Comprometer, segundo o lexic\u00f3grafo Aur\u00e9lio Buarque de Holanda, \u00e9 obrigar por compromisso. O compromisso est\u00e1 presente na vida das pessoas, queiram elas ou n\u00e3o, estejam conscientes ou inconscientes. Logo ao nascer, \u00e9 imposto ao indiv\u00edduo o compromisso de se manter vivo, pela respira\u00e7\u00e3o. E isto ele faz involunt\u00e1rio e inconscientemente. &hellip;<\/p>\n<p class=\"read-more\"> <a class=\"\" href=\"https:\/\/holosofia.com.br\/?page_id=1465\"> <span class=\"screen-reader-text\">Holocoluna &#8211; 0091<\/span> Leia mais &raquo;<\/a><\/p>\n","protected":false},"author":1,"featured_media":0,"parent":0,"menu_order":0,"comment_status":"closed","ping_status":"closed","template":"","meta":{"_bbp_topic_count":0,"_bbp_reply_count":0,"_bbp_total_topic_count":0,"_bbp_total_reply_count":0,"_bbp_voice_count":0,"_bbp_anonymous_reply_count":0,"_bbp_topic_count_hidden":0,"_bbp_reply_count_hidden":0,"_bbp_forum_subforum_count":0,"om_disable_all_campaigns":false,"_uag_custom_page_level_css":"","_mi_skip_tracking":false,"_monsterinsights_sitenote_active":false,"_monsterinsights_sitenote_note":"","_monsterinsights_sitenote_category":0,"site-sidebar-layout":"default","site-content-layout":"default","ast-global-header-display":"","ast-main-header-display":"","ast-hfb-above-header-display":"","ast-hfb-below-header-display":"","ast-hfb-mobile-header-display":"","site-post-title":"","ast-breadcrumbs-content":"","ast-featured-img":"","footer-sml-layout":"","theme-transparent-header-meta":"default","adv-header-id-meta":"","stick-header-meta":"","header-above-stick-meta":"","header-main-stick-meta":"","header-below-stick-meta":"","footnotes":""},"class_list":["post-1465","page","type-page","status-publish","hentry"],"aioseo_notices":[],"uagb_featured_image_src":{"full":false,"thumbnail":false,"medium":false,"medium_large":false,"large":false,"post-slider-thumb-size":false,"1536x1536":false,"2048x2048":false},"uagb_author_info":{"display_name":"solucaopublicidades@hotmail.com","author_link":"https:\/\/holosofia.com.br\/?author=1"},"uagb_comment_info":0,"uagb_excerpt":"COMPROMETIMENTO Publicado em 07\/06\/2008 &nbsp; Comprometer, segundo o lexic\u00f3grafo Aur\u00e9lio Buarque de Holanda, \u00e9 obrigar por compromisso. O compromisso est\u00e1 presente na vida das pessoas, queiram elas ou n\u00e3o, estejam conscientes ou inconscientes. Logo ao nascer, \u00e9 imposto ao indiv\u00edduo o compromisso de se manter vivo, pela respira\u00e7\u00e3o. E isto ele faz involunt\u00e1rio e inconscientemente.&hellip;","_links":{"self":[{"href":"https:\/\/holosofia.com.br\/index.php?rest_route=\/wp\/v2\/pages\/1465","targetHints":{"allow":["GET"]}}],"collection":[{"href":"https:\/\/holosofia.com.br\/index.php?rest_route=\/wp\/v2\/pages"}],"about":[{"href":"https:\/\/holosofia.com.br\/index.php?rest_route=\/wp\/v2\/types\/page"}],"author":[{"embeddable":true,"href":"https:\/\/holosofia.com.br\/index.php?rest_route=\/wp\/v2\/users\/1"}],"replies":[{"embeddable":true,"href":"https:\/\/holosofia.com.br\/index.php?rest_route=%2Fwp%2Fv2%2Fcomments&post=1465"}],"version-history":[{"count":1,"href":"https:\/\/holosofia.com.br\/index.php?rest_route=\/wp\/v2\/pages\/1465\/revisions"}],"predecessor-version":[{"id":1466,"href":"https:\/\/holosofia.com.br\/index.php?rest_route=\/wp\/v2\/pages\/1465\/revisions\/1466"}],"wp:attachment":[{"href":"https:\/\/holosofia.com.br\/index.php?rest_route=%2Fwp%2Fv2%2Fmedia&parent=1465"}],"curies":[{"name":"wp","href":"https:\/\/api.w.org\/{rel}","templated":true}]}}