{"id":1460,"date":"2023-04-07T12:29:59","date_gmt":"2023-04-07T12:29:59","guid":{"rendered":"https:\/\/holosofia.com.br\/?page_id=1460"},"modified":"2023-04-07T12:29:59","modified_gmt":"2023-04-07T12:29:59","slug":"holocoluna-0090","status":"publish","type":"page","link":"https:\/\/holosofia.com.br\/?page_id=1460","title":{"rendered":"Holocoluna &#8211; 0090"},"content":{"rendered":"<ol start=\"90\">\n<li>\n<h3>DETERMINA\u00c7\u00c3O<\/h3>\n<\/li>\n<\/ol>\n<h3 style=\"text-align: right;\">Publicado em 31\/05\/2008<\/h3>\n<p>&nbsp;<\/p>\n<h4>Quando algu\u00e9m demonstra firmeza nas suas decis\u00f5es e nas suas a\u00e7\u00f5es logo \u00e9 reconhecido como uma pessoa determinada.<\/h4>\n<h4>A determina\u00e7\u00e3o \u00e9 um dos atributos imprescind\u00edveis no processo de transforma\u00e7\u00e3o de sonhos em realidades; ela impulsiona o indiv\u00edduo rumo a seus objetivos, garantindo o sucesso almejado.<\/h4>\n<h4>A determina\u00e7\u00e3o tem muito de individual, mas algo pode ser constru\u00eddo. Neste particular os pais t\u00eam um papel extremante relevante.<\/h4>\n<h4>Desde cedo, a crian\u00e7a capta dos pais e do ambiente familiar a firmeza com que todos desenvolvem as suas atitudes no dia-a-dia. Esse sentimento de firmeza vivenciado e acumulado no inconsciente da crian\u00e7a se constituir\u00e1 num patrim\u00f4nio pessoal a ser utilizado nas suas realiza\u00e7\u00f5es futuras, sob a forma de determina\u00e7\u00e3o.<\/h4>\n<h4>Num segundo momento, os pais tamb\u00e9m exercem a fun\u00e7\u00e3o de construtores da determina\u00e7\u00e3o, ao estimular e encorajar a crian\u00e7a a encarar e resolver seus \u201cprobleminhas\u201d por si mesma, isto \u00e9, dentro da vis\u00e3o pertinente \u00e0 sua faixa et\u00e1ria. Essa experi\u00eancia tende a elevar a auto-estima e, conseq\u00fcentemente, a autoconfian\u00e7a do filho.<\/h4>\n<h4>Tamb\u00e9m, incentivar o jovem a desenvolver o h\u00e1bito da boa leitura parece uma iniciativa, cujo ganho resultar\u00e1 em valores de favorecimento \u00e0 postura de pessoa determinada.<\/h4>\n<h4>Aquele que age com determina\u00e7\u00e3o sente-se como leg\u00edtimo desbravador e aut\u00eantico respons\u00e1vel pelas suas conquistas, e comunica a todos o seu ar de vitorioso, com sua simpatia e admira\u00e7\u00e3o.<\/h4>\n<h4>No mundo moderno, a velocidade vem ocupando espa\u00e7o cada vez maior; os fatos acontecem mui rapidamente, seja na esfera material ou na relacional, sen\u00e3o vejamos.<\/h4>\n<h4>No mercado, o lan\u00e7amento de um produto cuja tecnologia de ponta \u00e9 identificada, j\u00e1 tr\u00e1s a previs\u00e3o de quando este se tornar\u00e1 obsoleto. Isto mostra, de um lado, a determina\u00e7\u00e3o do produtor em manter o fluxo da lucratividade, e do outro, a falta de determina\u00e7\u00e3o do consumidor, ao deixar-se manipular facilmente.<\/h4>\n<h4>A paci\u00eancia, a generosidade e a compreens\u00e3o presentes nas rela\u00e7\u00f5es est\u00e1veis dos casais de outrora cederam lugar aos tra\u00e7os de desvalia afetiva dos \u201cficantes\u201d eventuais de hoje. Esta situa\u00e7\u00e3o denota o quanto as rela\u00e7\u00f5es humanas est\u00e3o carentes de determina\u00e7\u00e3o.<\/h4>\n<h4>A realidade atual convida a cada um de n\u00f3s para um momento de reflex\u00e3o. \u00c9 necess\u00e1rio refletirmos sobre a nossa condi\u00e7\u00e3o de ser pensante e, assim, determinarmos a import\u00e2ncia da determina\u00e7\u00e3o, para n\u00f3s e para os nossos descentes.<\/h4>\n<h4>\u00c9 com esta \u00f3ptica que a Holosofia vislumbra a melhoria da qualidade de vida das pessoas, individualmente, a harmonia familiar e profundas transforma\u00e7\u00f5es sociais em dire\u00e7\u00e3o \u00e0 humaniza\u00e7\u00e3o das na\u00e7\u00f5es.<\/h4>\n<h4 style=\"text-align: right;\">Sebasti\u00e3o Saraiva<\/h4>\n<h4 style=\"text-align: right;\">M\u00e9dico e Hol\u00f3sofo<\/h4>\n<h4 style=\"text-align: right;\">Site: <a href=\"http:\/\/www.holosofia.com.br\">www.holosofia.com.br<\/a><\/h4>\n","protected":false},"excerpt":{"rendered":"<p>DETERMINA\u00c7\u00c3O Publicado em 31\/05\/2008 &nbsp; Quando algu\u00e9m demonstra firmeza nas suas decis\u00f5es e nas suas a\u00e7\u00f5es logo \u00e9 reconhecido como uma pessoa determinada. A determina\u00e7\u00e3o \u00e9 um dos atributos imprescind\u00edveis no processo de transforma\u00e7\u00e3o de sonhos em realidades; ela impulsiona o indiv\u00edduo rumo a seus objetivos, garantindo o sucesso almejado. A determina\u00e7\u00e3o tem muito de &hellip;<\/p>\n<p class=\"read-more\"> <a class=\"\" href=\"https:\/\/holosofia.com.br\/?page_id=1460\"> <span class=\"screen-reader-text\">Holocoluna &#8211; 0090<\/span> Leia mais &raquo;<\/a><\/p>\n","protected":false},"author":1,"featured_media":0,"parent":0,"menu_order":0,"comment_status":"closed","ping_status":"closed","template":"","meta":{"_bbp_topic_count":0,"_bbp_reply_count":0,"_bbp_total_topic_count":0,"_bbp_total_reply_count":0,"_bbp_voice_count":0,"_bbp_anonymous_reply_count":0,"_bbp_topic_count_hidden":0,"_bbp_reply_count_hidden":0,"_bbp_forum_subforum_count":0,"om_disable_all_campaigns":false,"_uag_custom_page_level_css":"","_mi_skip_tracking":false,"_monsterinsights_sitenote_active":false,"_monsterinsights_sitenote_note":"","_monsterinsights_sitenote_category":0,"site-sidebar-layout":"default","site-content-layout":"default","ast-global-header-display":"","ast-main-header-display":"","ast-hfb-above-header-display":"","ast-hfb-below-header-display":"","ast-hfb-mobile-header-display":"","site-post-title":"","ast-breadcrumbs-content":"","ast-featured-img":"","footer-sml-layout":"","theme-transparent-header-meta":"default","adv-header-id-meta":"","stick-header-meta":"","header-above-stick-meta":"","header-main-stick-meta":"","header-below-stick-meta":"","footnotes":""},"class_list":["post-1460","page","type-page","status-publish","hentry"],"aioseo_notices":[],"uagb_featured_image_src":{"full":false,"thumbnail":false,"medium":false,"medium_large":false,"large":false,"post-slider-thumb-size":false,"1536x1536":false,"2048x2048":false},"uagb_author_info":{"display_name":"solucaopublicidades@hotmail.com","author_link":"https:\/\/holosofia.com.br\/?author=1"},"uagb_comment_info":0,"uagb_excerpt":"DETERMINA\u00c7\u00c3O Publicado em 31\/05\/2008 &nbsp; Quando algu\u00e9m demonstra firmeza nas suas decis\u00f5es e nas suas a\u00e7\u00f5es logo \u00e9 reconhecido como uma pessoa determinada. A determina\u00e7\u00e3o \u00e9 um dos atributos imprescind\u00edveis no processo de transforma\u00e7\u00e3o de sonhos em realidades; ela impulsiona o indiv\u00edduo rumo a seus objetivos, garantindo o sucesso almejado. A determina\u00e7\u00e3o tem muito de&hellip;","_links":{"self":[{"href":"https:\/\/holosofia.com.br\/index.php?rest_route=\/wp\/v2\/pages\/1460","targetHints":{"allow":["GET"]}}],"collection":[{"href":"https:\/\/holosofia.com.br\/index.php?rest_route=\/wp\/v2\/pages"}],"about":[{"href":"https:\/\/holosofia.com.br\/index.php?rest_route=\/wp\/v2\/types\/page"}],"author":[{"embeddable":true,"href":"https:\/\/holosofia.com.br\/index.php?rest_route=\/wp\/v2\/users\/1"}],"replies":[{"embeddable":true,"href":"https:\/\/holosofia.com.br\/index.php?rest_route=%2Fwp%2Fv2%2Fcomments&post=1460"}],"version-history":[{"count":1,"href":"https:\/\/holosofia.com.br\/index.php?rest_route=\/wp\/v2\/pages\/1460\/revisions"}],"predecessor-version":[{"id":1461,"href":"https:\/\/holosofia.com.br\/index.php?rest_route=\/wp\/v2\/pages\/1460\/revisions\/1461"}],"wp:attachment":[{"href":"https:\/\/holosofia.com.br\/index.php?rest_route=%2Fwp%2Fv2%2Fmedia&parent=1460"}],"curies":[{"name":"wp","href":"https:\/\/api.w.org\/{rel}","templated":true}]}}