{"id":1449,"date":"2023-04-07T12:24:42","date_gmt":"2023-04-07T12:24:42","guid":{"rendered":"https:\/\/holosofia.com.br\/?page_id=1449"},"modified":"2023-04-07T12:24:42","modified_gmt":"2023-04-07T12:24:42","slug":"holocoluna-0088","status":"publish","type":"page","link":"https:\/\/holosofia.com.br\/?page_id=1449","title":{"rendered":"Holocoluna &#8211; 0088"},"content":{"rendered":"<ol start=\"88\">\n<li>\n<h3>SONHOS<\/h3>\n<\/li>\n<\/ol>\n<h3><\/h3>\n<h3 style=\"text-align: right;\">Publicado em 17\/05\/2008<\/h3>\n<p>&nbsp;<\/p>\n<h4>Um dos maiores sentidos da vida \u00e9 a realiza\u00e7\u00e3o.<\/h4>\n<h4>A realiza\u00e7\u00e3o \u00e9 a fase que precede aos sonhos, ou seja, \u00e9 a transforma\u00e7\u00e3o dos sonhos em realidade. Logo, a realiza\u00e7\u00e3o s\u00f3 \u00e9 poss\u00edvel para os sonhadores.<\/h4>\n<h4>O jovem judeu iluminado e dedicado disc\u00edpulo dos ess\u00eanios (<em>escolas secretas do Egito e da \u00cdndia<\/em>) alimentou o sonho da igualdade humana, atrav\u00e9s do amor ao pr\u00f3ximo. A realiza\u00e7\u00e3o do seu sonho se fez pela implanta\u00e7\u00e3o deste mesmo sonho no mundo dos sonhos de seus seguidores. O sonho de Jesus se realizou no Cristo.<\/h4>\n<h4>Aquela crian\u00e7a \u2013 <em>Alberto Santos Dumont, mineiro da cidade de Palmira, hoje Santos Dumont\/MG (1873-1932)<\/em> \u2013, que dedicava parte do seu tempo a contemplar o v\u00f4o dos p\u00e1ssaros, imaginara o quanto seria agrad\u00e1vel voar. Essa imagina\u00e7\u00e3o fixara resid\u00eancia no mundo dos seus sonhos e, mais tarde, tornara-o o \u201cpai da avia\u00e7\u00e3o\u201d.<\/h4>\n<h4>O sentimento de desconforto gerado pela fuma\u00e7a e o flamejar dos lampi\u00f5es a iluminar as noites escuras levou o garoto a sonhar com a id\u00e9ia de ter uma chama fixa e protegida por um inv\u00f3lucro de vidro transparente. A realidade desse sonho, ocorrida em 1879, levou ao reconhecimento de Thomas Alva Edison (1847-1931) como inventor da l\u00e2mpada.<\/h4>\n<h4>O sonho de se comunicar com familiares e amigos a longas dist\u00e2ncias tornara-se um desafio \u00e0 capacidade criativa do escoc\u00eas Alexander Graham Bell (1847- 1922), por algum tempo. No dia 14 de fevereiro de 1876, o sonhador viria a realiza\u00e7\u00e3o de o seu sonho ser batizada com nome de telefone.<\/h4>\n<h4>A diversidade dos desenhos dos pr\u00e9dios das diferentes cidades conhecidas pelo menino brasileiro \u2013 <em>apenas nascido em Toulon, na Fran\u00e7a<\/em> \u2013 despertou o sonho da m\u00e1gica geom\u00e9trica. A realiza\u00e7\u00e3o do sonhador perpetuou-se nas obras inauguradas no dia 21 de abril de 1960, no planalto brasileiro. L\u00facio Mar\u00e7al Ferreira Ribeiro Lima Costa (1902-1998) \u2013 <em>professor, colega e parceiro do ainda atuante Oscar Ribeiro de Almeida de Niemeyer Soares (1907)<\/em> \u2013 sonhou e realizou muito.<\/h4>\n<h4>O garoto humilde de Pernambuco ouvia dizer que a insatisfa\u00e7\u00e3o das necessidades b\u00e1sicas de vida suas, de seus familiares e de seus conterr\u00e2neos decorria da indiferen\u00e7a dos pol\u00edticos. Tal sentimento fez com que Luiz In\u00e1cio Lula da Silvai inclu\u00edsse nos seus sonhos a id\u00e9ia de ser Presidente do Brasil. O tamanho do sonho fora tanto que a realiza\u00e7\u00e3o aconteceu no dia 27 outubro de 2002 e se repetiu no dia 29 de outubro de 2006.<\/h4>\n<h4>Naturalmente, h\u00e1 sonhos simples, h\u00e1 sonhos complexos; alguns at\u00e9 parecem absurdos e inalcan\u00e7\u00e1veis. Mas a realiza\u00e7\u00e3o dos sonhos est\u00e1 na depend\u00eancia da intensidade com que o sonhador sonha, e tamb\u00e9m age.<\/h4>\n<h4>O caminho percorrido do sonho \u00e0 realiza\u00e7\u00e3o \u00e9 chamado a\u00e7\u00e3o-determina\u00e7\u00e3o.<\/h4>\n<h4>Fa\u00e7amos, pois, da vida um palco de grandes realiza\u00e7\u00f5es, a partir de belos sonhos, sempre com amor.<\/h4>\n<h4><\/h4>\n<h4>Sebasti\u00e3o Saraiva<\/h4>\n<h4>M\u00e9dico e Hol\u00f3sofo<\/h4>\n<h4>Site: <a href=\"http:\/\/www.holosofia.com.br\">www.holosofia.com.br<\/a><\/h4>\n","protected":false},"excerpt":{"rendered":"<p>SONHOS Publicado em 17\/05\/2008 &nbsp; Um dos maiores sentidos da vida \u00e9 a realiza\u00e7\u00e3o. A realiza\u00e7\u00e3o \u00e9 a fase que precede aos sonhos, ou seja, \u00e9 a transforma\u00e7\u00e3o dos sonhos em realidade. Logo, a realiza\u00e7\u00e3o s\u00f3 \u00e9 poss\u00edvel para os sonhadores. O jovem judeu iluminado e dedicado disc\u00edpulo dos ess\u00eanios (escolas secretas do Egito e &hellip;<\/p>\n<p class=\"read-more\"> <a class=\"\" href=\"https:\/\/holosofia.com.br\/?page_id=1449\"> <span class=\"screen-reader-text\">Holocoluna &#8211; 0088<\/span> Leia mais &raquo;<\/a><\/p>\n","protected":false},"author":1,"featured_media":0,"parent":0,"menu_order":0,"comment_status":"closed","ping_status":"closed","template":"","meta":{"_bbp_topic_count":0,"_bbp_reply_count":0,"_bbp_total_topic_count":0,"_bbp_total_reply_count":0,"_bbp_voice_count":0,"_bbp_anonymous_reply_count":0,"_bbp_topic_count_hidden":0,"_bbp_reply_count_hidden":0,"_bbp_forum_subforum_count":0,"om_disable_all_campaigns":false,"_uag_custom_page_level_css":"","_mi_skip_tracking":false,"_monsterinsights_sitenote_active":false,"_monsterinsights_sitenote_note":"","_monsterinsights_sitenote_category":0,"site-sidebar-layout":"default","site-content-layout":"default","ast-global-header-display":"","ast-main-header-display":"","ast-hfb-above-header-display":"","ast-hfb-below-header-display":"","ast-hfb-mobile-header-display":"","site-post-title":"","ast-breadcrumbs-content":"","ast-featured-img":"","footer-sml-layout":"","theme-transparent-header-meta":"default","adv-header-id-meta":"","stick-header-meta":"","header-above-stick-meta":"","header-main-stick-meta":"","header-below-stick-meta":"","footnotes":""},"class_list":["post-1449","page","type-page","status-publish","hentry"],"aioseo_notices":[],"uagb_featured_image_src":{"full":false,"thumbnail":false,"medium":false,"medium_large":false,"large":false,"post-slider-thumb-size":false,"1536x1536":false,"2048x2048":false},"uagb_author_info":{"display_name":"solucaopublicidades@hotmail.com","author_link":"https:\/\/holosofia.com.br\/?author=1"},"uagb_comment_info":0,"uagb_excerpt":"SONHOS Publicado em 17\/05\/2008 &nbsp; Um dos maiores sentidos da vida \u00e9 a realiza\u00e7\u00e3o. A realiza\u00e7\u00e3o \u00e9 a fase que precede aos sonhos, ou seja, \u00e9 a transforma\u00e7\u00e3o dos sonhos em realidade. Logo, a realiza\u00e7\u00e3o s\u00f3 \u00e9 poss\u00edvel para os sonhadores. O jovem judeu iluminado e dedicado disc\u00edpulo dos ess\u00eanios (escolas secretas do Egito e&hellip;","_links":{"self":[{"href":"https:\/\/holosofia.com.br\/index.php?rest_route=\/wp\/v2\/pages\/1449","targetHints":{"allow":["GET"]}}],"collection":[{"href":"https:\/\/holosofia.com.br\/index.php?rest_route=\/wp\/v2\/pages"}],"about":[{"href":"https:\/\/holosofia.com.br\/index.php?rest_route=\/wp\/v2\/types\/page"}],"author":[{"embeddable":true,"href":"https:\/\/holosofia.com.br\/index.php?rest_route=\/wp\/v2\/users\/1"}],"replies":[{"embeddable":true,"href":"https:\/\/holosofia.com.br\/index.php?rest_route=%2Fwp%2Fv2%2Fcomments&post=1449"}],"version-history":[{"count":1,"href":"https:\/\/holosofia.com.br\/index.php?rest_route=\/wp\/v2\/pages\/1449\/revisions"}],"predecessor-version":[{"id":1450,"href":"https:\/\/holosofia.com.br\/index.php?rest_route=\/wp\/v2\/pages\/1449\/revisions\/1450"}],"wp:attachment":[{"href":"https:\/\/holosofia.com.br\/index.php?rest_route=%2Fwp%2Fv2%2Fmedia&parent=1449"}],"curies":[{"name":"wp","href":"https:\/\/api.w.org\/{rel}","templated":true}]}}