{"id":1444,"date":"2023-04-07T12:22:50","date_gmt":"2023-04-07T12:22:50","guid":{"rendered":"https:\/\/holosofia.com.br\/?page_id=1444"},"modified":"2023-04-07T12:22:50","modified_gmt":"2023-04-07T12:22:50","slug":"holocoluna-0087","status":"publish","type":"page","link":"https:\/\/holosofia.com.br\/?page_id=1444","title":{"rendered":"Holocoluna &#8211; 0087"},"content":{"rendered":"<ol start=\"87\">\n<li>\n<h3>PERCEP\u00c7\u00c3O<\/h3>\n<\/li>\n<\/ol>\n<h3 style=\"text-align: right;\">Publicado em\u00a0 10\/05\/2008<\/h3>\n<p>&nbsp;<\/p>\n<h4>Como eu percebo a mim mesmo?<\/h4>\n<h4>Como eu percebo o universo?<\/h4>\n<h4>Como eu me percebo no universo?<\/h4>\n<h4>O resultado destas percep\u00e7\u00f5es define as minhas a\u00e7\u00f5es e rea\u00e7\u00f5es, esteja eu consciente ou n\u00e3o a respeito desta verdade.<\/h4>\n<h4>A auto-percep\u00e7\u00e3o consciente tem um papel importante na adequa\u00e7\u00e3o comportamental do indiv\u00edduo, tornando poss\u00edveis as boas rela\u00e7\u00f5es, tanto no ambiente familiar quanto no escolar, no profissional e no social. \u00c9 a partir dela que a pessoa exerce a auto-cr\u00edtica e, conseq\u00fcentemente, o auto-aprimoramento, culminando com a eleva\u00e7\u00e3o da auto-estima e a humaniza\u00e7\u00e3o da pessoa. Estas condi\u00e7\u00f5es s\u00e3o indispens\u00e1veis para a obten\u00e7\u00e3o da sa\u00fade \u2013 <em>sa\u00fade \u00e9, al\u00e9m da aus\u00eancia de doen\u00e7a, a sensa\u00e7\u00e3o de bem-estar f\u00edsico, mental, social e espiritual <\/em><a href=\"#_ftn1\" name=\"_ftnref1\">*<\/a> \u2013, do sucesso e da felicidade.<\/h4>\n<h4>A auto-percep\u00e7\u00e3o desperta o indiv\u00edduo para a sua rela\u00e7\u00e3o consigo mesmo, destacando-se os cuidados voltados para a manuten\u00e7\u00e3o do funcionamento org\u00e2nico, incluindo a qualidade dos alimentos, da \u00e1gua, do ar e do sono, a atividade f\u00edsica regular e a aus\u00eancia de v\u00edcios.<\/h4>\n<h4>Criaturas com este perfil s\u00e3o bem humoradas, gentis e educadas, tamb\u00e9m, otimistas, e entusiastas, e passam boas energias. Ao ambiente familiar emprestam um excelente modelo de valoriza\u00e7\u00e3o existencial, permitindo a todos a racionaliza\u00e7\u00e3o e a responsabilidade individual diante da vida. Na institui\u00e7\u00e3o escolar, como educadores, exercem suas atividades com simpatia e profici\u00eancia, e como discentes, comportam-se de modo respeitoso e cordial, transformando o processo do ensinar\/aprender numa experi\u00eancia de prazer.<\/h4>\n<h4>A auto-percep\u00e7\u00e3o proporciona ao indiv\u00edduo lucidez suficiente para o reconhecimento dos seus limites, fato decisivo para o bom relacionamento nos contextos profissional e social.<\/h4>\n<h4>Aquele que percebe o universo como <strong>uno<\/strong> apesar de <strong>diverso<\/strong> \u00e9 capaz de contemplar o Criador nos detalhes, nas maravilhas e nas contradi\u00e7\u00f5es da cria\u00e7\u00e3o e, assim, viver a vida sem se deter na tentativa de explicar o inexplic\u00e1vel.<\/h4>\n<h4>A din\u00e2mica universal tem uma constante, \u00e9 a muta\u00e7\u00e3o. Esta engloba todos os seres, movimentando-os, transformando-os e extinguindo-os. O ser humano experimenta estas tr\u00eas circunst\u00e2ncias; ele se movimenta voluntariamente de um lugar para outro; ele se transforma pela maturidade natural com o passar dos anos; e ele se extingue, individualmente, com a morte.<\/h4>\n<h4>Esta maneira de como eu (o ser humano) me percebo no universo faz com que eu me sinta um mero e ef\u00eamero passageiro \u2013 na forma f\u00edsica \u2013 desta nave terrestre. Tal percep\u00e7\u00e3o auxilia na tomada de consci\u00eancia do quanto devemos viver a vida como uma miss\u00e3o universal a ser cumprida. E que seja num clima de irmandade, humildade, solidariedade, afeto, considera\u00e7\u00e3o, respeito, aten\u00e7\u00e3o e amor ao pr\u00f3ximo. Esta, uma percep\u00e7\u00e3o holos\u00f3fica da vida.<\/h4>\n<h4>Sebasti\u00e3o Saraiva<\/h4>\n<h4>M\u00e9dico e Hol\u00f3sofo<\/h4>\n<h4>Site: <a href=\"http:\/\/www.holosofia.com.br\">www.holosofia.com.br<\/a><\/h4>\n<h4>______________________________________<\/h4>\n<h4><a href=\"#_ftnref1\" name=\"_ftn1\">*<\/a> Segundo o Programa Holos\u00f3fico de Sa\u00fade (PHS).<\/h4>\n","protected":false},"excerpt":{"rendered":"<p>PERCEP\u00c7\u00c3O Publicado em\u00a0 10\/05\/2008 &nbsp; Como eu percebo a mim mesmo? Como eu percebo o universo? Como eu me percebo no universo? O resultado destas percep\u00e7\u00f5es define as minhas a\u00e7\u00f5es e rea\u00e7\u00f5es, esteja eu consciente ou n\u00e3o a respeito desta verdade. A auto-percep\u00e7\u00e3o consciente tem um papel importante na adequa\u00e7\u00e3o comportamental do indiv\u00edduo, tornando poss\u00edveis &hellip;<\/p>\n<p class=\"read-more\"> <a class=\"\" href=\"https:\/\/holosofia.com.br\/?page_id=1444\"> <span class=\"screen-reader-text\">Holocoluna &#8211; 0087<\/span> Leia mais &raquo;<\/a><\/p>\n","protected":false},"author":1,"featured_media":0,"parent":0,"menu_order":0,"comment_status":"closed","ping_status":"closed","template":"","meta":{"_bbp_topic_count":0,"_bbp_reply_count":0,"_bbp_total_topic_count":0,"_bbp_total_reply_count":0,"_bbp_voice_count":0,"_bbp_anonymous_reply_count":0,"_bbp_topic_count_hidden":0,"_bbp_reply_count_hidden":0,"_bbp_forum_subforum_count":0,"om_disable_all_campaigns":false,"_uag_custom_page_level_css":"","_mi_skip_tracking":false,"_monsterinsights_sitenote_active":false,"_monsterinsights_sitenote_note":"","_monsterinsights_sitenote_category":0,"site-sidebar-layout":"default","site-content-layout":"default","ast-global-header-display":"","ast-main-header-display":"","ast-hfb-above-header-display":"","ast-hfb-below-header-display":"","ast-hfb-mobile-header-display":"","site-post-title":"","ast-breadcrumbs-content":"","ast-featured-img":"","footer-sml-layout":"","theme-transparent-header-meta":"default","adv-header-id-meta":"","stick-header-meta":"","header-above-stick-meta":"","header-main-stick-meta":"","header-below-stick-meta":"","footnotes":""},"class_list":["post-1444","page","type-page","status-publish","hentry"],"aioseo_notices":[],"uagb_featured_image_src":{"full":false,"thumbnail":false,"medium":false,"medium_large":false,"large":false,"post-slider-thumb-size":false,"1536x1536":false,"2048x2048":false},"uagb_author_info":{"display_name":"solucaopublicidades@hotmail.com","author_link":"https:\/\/holosofia.com.br\/?author=1"},"uagb_comment_info":0,"uagb_excerpt":"PERCEP\u00c7\u00c3O Publicado em\u00a0 10\/05\/2008 &nbsp; Como eu percebo a mim mesmo? Como eu percebo o universo? Como eu me percebo no universo? O resultado destas percep\u00e7\u00f5es define as minhas a\u00e7\u00f5es e rea\u00e7\u00f5es, esteja eu consciente ou n\u00e3o a respeito desta verdade. A auto-percep\u00e7\u00e3o consciente tem um papel importante na adequa\u00e7\u00e3o comportamental do indiv\u00edduo, tornando poss\u00edveis&hellip;","_links":{"self":[{"href":"https:\/\/holosofia.com.br\/index.php?rest_route=\/wp\/v2\/pages\/1444","targetHints":{"allow":["GET"]}}],"collection":[{"href":"https:\/\/holosofia.com.br\/index.php?rest_route=\/wp\/v2\/pages"}],"about":[{"href":"https:\/\/holosofia.com.br\/index.php?rest_route=\/wp\/v2\/types\/page"}],"author":[{"embeddable":true,"href":"https:\/\/holosofia.com.br\/index.php?rest_route=\/wp\/v2\/users\/1"}],"replies":[{"embeddable":true,"href":"https:\/\/holosofia.com.br\/index.php?rest_route=%2Fwp%2Fv2%2Fcomments&post=1444"}],"version-history":[{"count":1,"href":"https:\/\/holosofia.com.br\/index.php?rest_route=\/wp\/v2\/pages\/1444\/revisions"}],"predecessor-version":[{"id":1445,"href":"https:\/\/holosofia.com.br\/index.php?rest_route=\/wp\/v2\/pages\/1444\/revisions\/1445"}],"wp:attachment":[{"href":"https:\/\/holosofia.com.br\/index.php?rest_route=%2Fwp%2Fv2%2Fmedia&parent=1444"}],"curies":[{"name":"wp","href":"https:\/\/api.w.org\/{rel}","templated":true}]}}