{"id":1438,"date":"2023-04-07T12:19:45","date_gmt":"2023-04-07T12:19:45","guid":{"rendered":"https:\/\/holosofia.com.br\/?page_id=1438"},"modified":"2023-04-07T12:19:45","modified_gmt":"2023-04-07T12:19:45","slug":"holocoluna-0086","status":"publish","type":"page","link":"https:\/\/holosofia.com.br\/?page_id=1438","title":{"rendered":"Holocoluna &#8211; 0086"},"content":{"rendered":"<ol start=\"86\">\n<li>\n<h3>CORAGEM<\/h3>\n<\/li>\n<\/ol>\n<h3 style=\"text-align: right;\">Publicado em 03\/05\/2008<\/h3>\n<p>&nbsp;<\/p>\n<h4>A vida se constitui numa viagem ininterrupta que vai do nascimento \u00e0 morte. Ao longo deste breve trecho encontram-se incont\u00e1veis vias alternativas de acesso \u00e0s realiza\u00e7\u00f5es, algumas bastante estreitas e outras muito largas, algumas cheias de obst\u00e1culos e outras planas e livres, algumas escuras e outras iluminadas.<\/h4>\n<h4>Escolher estas vias alternativas a cada momento \u00e9 o desafio a que todos n\u00f3s estamos submetidos. E para isso, \u00e9 necess\u00e1rio coragem. Coragem para decidir.<\/h4>\n<h4>A coragem \u00e9 filha da autoconfian\u00e7a e impulsiona o indiv\u00edduo a novas experi\u00eancias, desde as mais simples \u00e0s mais complexas.<\/h4>\n<h4>O corajoso difere do inconseq\u00fcente. Enquanto aquele escolhe a estrada de forma consciente e se prepara para responder com habilidade diante de poss\u00edveis riscos, este se aventura ignorando as conseq\u00fc\u00eancias.<\/h4>\n<h4>A coragem do indiv\u00edduo para dirigir um carro numa cidade movimentada est\u00e1 na decis\u00e3o de se habilitar e, posteriormente, assumir a dire\u00e7\u00e3o do auto. Embora isto possa parecer banal, h\u00e1 pessoas sem tal coragem.<\/h4>\n<h4>O simples fato de se reconhecer as virtudes alheias, de se elogiar algu\u00e9m e de se desculpar frente a equ\u00edvocos ou erros cometidos, requer coragem.<\/h4>\n<h4>A pessoa que decide abandonar a sua zona de conforto, mudando-se da cidade onde nasceu para um estado ou pais diferente, \u00e9 reconhecida como corajosa.<\/h4>\n<h4>Aqueles que desenvolvem atividades profissionais de risco, embora devidamente qualificados e paramentados \u2013 policiais, bombeiros, mergulhadores, pilotos de avi\u00e3o, comandantes de navios, p\u00e1ra-quedistas, mantenedores de rede el\u00e9trica de alta tens\u00e3o, oper\u00e1rios de edif\u00edcios e rep\u00f3rteres de guerra \u2013 demonstram coragem.<\/h4>\n<h4>O astronauta, mesmo tendo recebido o mais demorado e minucioso treinamento, \u00e9 considerado como detentor de muita coragem.<\/h4>\n<h4>A pessoa que se descobre homossexual e decide, a partir de determinada ocasi\u00e3o, manifestar-se publicamente, sabe o quanto o enfrentamento do preconceito familiar, profissional e social \u00e9 inevit\u00e1vel, por isso, haja coragem.<\/h4>\n<h4>A realiza\u00e7\u00e3o de ideais sociais implica na contrariedade de interesses dos dominantes, gerando grandes conflitos e atos de viol\u00eancia, portanto, imposs\u00edvel sem boa dose de coragem.<\/h4>\n<h4>A Holosofia entende a coragem como um atributo necess\u00e1rio \u00e0 constru\u00e7\u00e3o positivista, assim sendo, desconhece como coragem a disposi\u00e7\u00e3o perversa de algu\u00e9m a praticar o mal, a si ou a outrem. Logo, o suicida e o homicida n\u00e3o existem pela coragem, mas pela patologia.<\/h4>\n<h4>Na aus\u00eancia da coragem, instala-se o medo. Este tem a capacidade de imobilizar, de engessar as pessoas, tornando-as ref\u00e9ns da inveja, das lam\u00farias e das reclama\u00e7\u00f5es, portanto, infelizes.<\/h4>\n<h4>Fa\u00e7amos, pois, da coragem uma companheira imprescind\u00edvel \u00e0s nossas realiza\u00e7\u00f5es.<\/h4>\n<h4>Sebasti\u00e3o Saraiva<\/h4>\n<h4>M\u00e9dico e Hol\u00f3sofo<\/h4>\n<h4>Site: <a href=\"http:\/\/www.holosofia.com.br\">www.holosofia.com.br<\/a><\/h4>\n","protected":false},"excerpt":{"rendered":"<p>CORAGEM Publicado em 03\/05\/2008 &nbsp; A vida se constitui numa viagem ininterrupta que vai do nascimento \u00e0 morte. Ao longo deste breve trecho encontram-se incont\u00e1veis vias alternativas de acesso \u00e0s realiza\u00e7\u00f5es, algumas bastante estreitas e outras muito largas, algumas cheias de obst\u00e1culos e outras planas e livres, algumas escuras e outras iluminadas. Escolher estas vias &hellip;<\/p>\n<p class=\"read-more\"> <a class=\"\" href=\"https:\/\/holosofia.com.br\/?page_id=1438\"> <span class=\"screen-reader-text\">Holocoluna &#8211; 0086<\/span> Leia mais &raquo;<\/a><\/p>\n","protected":false},"author":1,"featured_media":0,"parent":0,"menu_order":0,"comment_status":"closed","ping_status":"closed","template":"","meta":{"_bbp_topic_count":0,"_bbp_reply_count":0,"_bbp_total_topic_count":0,"_bbp_total_reply_count":0,"_bbp_voice_count":0,"_bbp_anonymous_reply_count":0,"_bbp_topic_count_hidden":0,"_bbp_reply_count_hidden":0,"_bbp_forum_subforum_count":0,"om_disable_all_campaigns":false,"_uag_custom_page_level_css":"","_mi_skip_tracking":false,"_monsterinsights_sitenote_active":false,"_monsterinsights_sitenote_note":"","_monsterinsights_sitenote_category":0,"site-sidebar-layout":"default","site-content-layout":"default","ast-global-header-display":"","ast-main-header-display":"","ast-hfb-above-header-display":"","ast-hfb-below-header-display":"","ast-hfb-mobile-header-display":"","site-post-title":"","ast-breadcrumbs-content":"","ast-featured-img":"","footer-sml-layout":"","theme-transparent-header-meta":"default","adv-header-id-meta":"","stick-header-meta":"","header-above-stick-meta":"","header-main-stick-meta":"","header-below-stick-meta":"","footnotes":""},"class_list":["post-1438","page","type-page","status-publish","hentry"],"aioseo_notices":[],"uagb_featured_image_src":{"full":false,"thumbnail":false,"medium":false,"medium_large":false,"large":false,"post-slider-thumb-size":false,"1536x1536":false,"2048x2048":false},"uagb_author_info":{"display_name":"solucaopublicidades@hotmail.com","author_link":"https:\/\/holosofia.com.br\/?author=1"},"uagb_comment_info":0,"uagb_excerpt":"CORAGEM Publicado em 03\/05\/2008 &nbsp; A vida se constitui numa viagem ininterrupta que vai do nascimento \u00e0 morte. Ao longo deste breve trecho encontram-se incont\u00e1veis vias alternativas de acesso \u00e0s realiza\u00e7\u00f5es, algumas bastante estreitas e outras muito largas, algumas cheias de obst\u00e1culos e outras planas e livres, algumas escuras e outras iluminadas. Escolher estas vias&hellip;","_links":{"self":[{"href":"https:\/\/holosofia.com.br\/index.php?rest_route=\/wp\/v2\/pages\/1438","targetHints":{"allow":["GET"]}}],"collection":[{"href":"https:\/\/holosofia.com.br\/index.php?rest_route=\/wp\/v2\/pages"}],"about":[{"href":"https:\/\/holosofia.com.br\/index.php?rest_route=\/wp\/v2\/types\/page"}],"author":[{"embeddable":true,"href":"https:\/\/holosofia.com.br\/index.php?rest_route=\/wp\/v2\/users\/1"}],"replies":[{"embeddable":true,"href":"https:\/\/holosofia.com.br\/index.php?rest_route=%2Fwp%2Fv2%2Fcomments&post=1438"}],"version-history":[{"count":1,"href":"https:\/\/holosofia.com.br\/index.php?rest_route=\/wp\/v2\/pages\/1438\/revisions"}],"predecessor-version":[{"id":1440,"href":"https:\/\/holosofia.com.br\/index.php?rest_route=\/wp\/v2\/pages\/1438\/revisions\/1440"}],"wp:attachment":[{"href":"https:\/\/holosofia.com.br\/index.php?rest_route=%2Fwp%2Fv2%2Fmedia&parent=1438"}],"curies":[{"name":"wp","href":"https:\/\/api.w.org\/{rel}","templated":true}]}}