{"id":1431,"date":"2023-04-01T13:42:01","date_gmt":"2023-04-01T13:42:01","guid":{"rendered":"https:\/\/holosofia.com.br\/?page_id=1431"},"modified":"2023-04-01T13:42:14","modified_gmt":"2023-04-01T13:42:14","slug":"1431-2","status":"publish","type":"page","link":"https:\/\/holosofia.com.br\/?page_id=1431","title":{"rendered":"Holocoluna &#8211; 0085"},"content":{"rendered":"<ol start=\"85\">\n<li>\n<h3>GENEROSIDADE<\/h3>\n<\/li>\n<\/ol>\n<h3 style=\"text-align: right;\">Publicado em 26\/04\/2008<\/h3>\n<p>&nbsp;<\/p>\n<h4>A palavra generosidade significa bondade. Generosidade \u00e9 uma virtude pr\u00f3pria das pessoas s\u00e1bias.<\/h4>\n<h4>O processo evolutivo das sociedades tem conduzido os indiv\u00edduos ao sistema capitalista, o qual contempla a competi\u00e7\u00e3o como o caminho mais pr\u00f3ximo \u00e0 obten\u00e7\u00e3o do sucesso. O sucesso que se caracteriza pelo ac\u00famulo de capital, de bens materiais.<\/h4>\n<h4>Nesta realidade prevalece o esp\u00edrito da for\u00e7a ao inv\u00e9s da for\u00e7a do esp\u00edrito. O ego\u00edsmo se sobrep\u00f5e ao altru\u00edsmo. Enquanto aquele elege o interesse pessoal como prioridade, permitindo \u00e0s pessoas se manterem indiferentes \u00e0s necessidades do outro, este deixa fluir o amor ao pr\u00f3ximo em forma de generosidade.<\/h4>\n<h4>A pessoa generosa aproveita todos os momentos da sua vida para expressar a sua bondade para com os seus semelhantes; ela est\u00e1 sempre disposta a dar algo de si, seja um sorriso, um perd\u00e3o, um elogio ou um ombro amigo; ela tamb\u00e9m entende que a oferta de recursos materiais a quem necessita \u00e9 um ato generoso.<\/h4>\n<h4>Considerando-se que o cidad\u00e3o \u00e9 o resultado de tudo aquilo que lhe foi dado e negado, portanto, uma constru\u00e7\u00e3o social a partir da fam\u00edlia, \u00e9 l\u00edcito defender a id\u00e9ia de que a\u00a0 generosidade seja lembrada como ingrediente precioso e indispens\u00e1vel na forma\u00e7\u00e3o de nossas crian\u00e7as e de nossos jovens.<\/h4>\n<h4>Este deve ser o pensamento de quem reconhece o papel de educador, n\u00e3o s\u00f3 nos pais e na escola, mas em todas as pessoas da sociedade. Por isso, torna-se imprescind\u00edvel que cada um de n\u00f3s esteja consciente do quanto pode contribuir com a sa\u00fade e a paz sociais, a partir de atitudes individuais de generosidade.<\/h4>\n<h4>Temos pouco tempo, portanto, aproveitando a velocidade do \u201ctrem-bala\u201d dos dias de hoje, entremos urgentemente no vag\u00e3o do altru\u00edsmo e fa\u00e7amos a nossa parte, sejamos generosos com os nossos filhos, com o(a) nosso(a) companheiro(a), com os nossos idosos, com os nossos amigos, com os nossos colegas de trabalho, com os nossos vizinhos, enfim, com todos.<\/h4>\n<h4>Logo, a generosidade deve ser a virtude com a qual preencheremos o vazio existente nas rela\u00e7\u00f5es inter-pessoais, nas diferentes esferas do conv\u00edvio humano, no mundo inteiro.<\/h4>\n<h4>Somente assim poderemos continuar acalentando a esperan\u00e7a de resgatar o verdadeiro esp\u00edrito humanit\u00e1rio pr\u00f3prio do homo sapiens e, finalmente, banir as grandes mazelas familiares e sociais produzidas por comportamentos nada generosos.<\/h4>\n<h4>Este \u00e9 o momento para voc\u00ea, deliberada e conscientemente, decidir realizar atos de generosidade e sentir-se saud\u00e1vel e feliz. Esta foi a minha escolha de hoje.<\/h4>\n<h4>Sebasti\u00e3o Saraiva<\/h4>\n<h4>M\u00e9dico e Hol\u00f3sofo<\/h4>\n<h4>Site: <a href=\"http:\/\/www.holosofia.com.br\">www.holosofia.com.br<\/a><\/h4>\n","protected":false},"excerpt":{"rendered":"<p>GENEROSIDADE Publicado em 26\/04\/2008 &nbsp; A palavra generosidade significa bondade. Generosidade \u00e9 uma virtude pr\u00f3pria das pessoas s\u00e1bias. O processo evolutivo das sociedades tem conduzido os indiv\u00edduos ao sistema capitalista, o qual contempla a competi\u00e7\u00e3o como o caminho mais pr\u00f3ximo \u00e0 obten\u00e7\u00e3o do sucesso. O sucesso que se caracteriza pelo ac\u00famulo de capital, de bens &hellip;<\/p>\n<p class=\"read-more\"> <a class=\"\" href=\"https:\/\/holosofia.com.br\/?page_id=1431\"> <span class=\"screen-reader-text\">Holocoluna &#8211; 0085<\/span> Leia mais &raquo;<\/a><\/p>\n","protected":false},"author":1,"featured_media":0,"parent":0,"menu_order":0,"comment_status":"closed","ping_status":"closed","template":"","meta":{"_bbp_topic_count":0,"_bbp_reply_count":0,"_bbp_total_topic_count":0,"_bbp_total_reply_count":0,"_bbp_voice_count":0,"_bbp_anonymous_reply_count":0,"_bbp_topic_count_hidden":0,"_bbp_reply_count_hidden":0,"_bbp_forum_subforum_count":0,"om_disable_all_campaigns":false,"_uag_custom_page_level_css":"","_mi_skip_tracking":false,"_monsterinsights_sitenote_active":false,"_monsterinsights_sitenote_note":"","_monsterinsights_sitenote_category":0,"site-sidebar-layout":"default","site-content-layout":"default","ast-global-header-display":"","ast-main-header-display":"","ast-hfb-above-header-display":"","ast-hfb-below-header-display":"","ast-hfb-mobile-header-display":"","site-post-title":"","ast-breadcrumbs-content":"","ast-featured-img":"","footer-sml-layout":"","theme-transparent-header-meta":"default","adv-header-id-meta":"","stick-header-meta":"","header-above-stick-meta":"","header-main-stick-meta":"","header-below-stick-meta":"","footnotes":""},"class_list":["post-1431","page","type-page","status-publish","hentry"],"aioseo_notices":[],"uagb_featured_image_src":{"full":false,"thumbnail":false,"medium":false,"medium_large":false,"large":false,"post-slider-thumb-size":false,"1536x1536":false,"2048x2048":false},"uagb_author_info":{"display_name":"solucaopublicidades@hotmail.com","author_link":"https:\/\/holosofia.com.br\/?author=1"},"uagb_comment_info":0,"uagb_excerpt":"GENEROSIDADE Publicado em 26\/04\/2008 &nbsp; A palavra generosidade significa bondade. Generosidade \u00e9 uma virtude pr\u00f3pria das pessoas s\u00e1bias. O processo evolutivo das sociedades tem conduzido os indiv\u00edduos ao sistema capitalista, o qual contempla a competi\u00e7\u00e3o como o caminho mais pr\u00f3ximo \u00e0 obten\u00e7\u00e3o do sucesso. O sucesso que se caracteriza pelo ac\u00famulo de capital, de bens&hellip;","_links":{"self":[{"href":"https:\/\/holosofia.com.br\/index.php?rest_route=\/wp\/v2\/pages\/1431","targetHints":{"allow":["GET"]}}],"collection":[{"href":"https:\/\/holosofia.com.br\/index.php?rest_route=\/wp\/v2\/pages"}],"about":[{"href":"https:\/\/holosofia.com.br\/index.php?rest_route=\/wp\/v2\/types\/page"}],"author":[{"embeddable":true,"href":"https:\/\/holosofia.com.br\/index.php?rest_route=\/wp\/v2\/users\/1"}],"replies":[{"embeddable":true,"href":"https:\/\/holosofia.com.br\/index.php?rest_route=%2Fwp%2Fv2%2Fcomments&post=1431"}],"version-history":[{"count":2,"href":"https:\/\/holosofia.com.br\/index.php?rest_route=\/wp\/v2\/pages\/1431\/revisions"}],"predecessor-version":[{"id":1433,"href":"https:\/\/holosofia.com.br\/index.php?rest_route=\/wp\/v2\/pages\/1431\/revisions\/1433"}],"wp:attachment":[{"href":"https:\/\/holosofia.com.br\/index.php?rest_route=%2Fwp%2Fv2%2Fmedia&parent=1431"}],"curies":[{"name":"wp","href":"https:\/\/api.w.org\/{rel}","templated":true}]}}