{"id":1423,"date":"2023-04-01T13:40:09","date_gmt":"2023-04-01T13:40:09","guid":{"rendered":"https:\/\/holosofia.com.br\/?page_id=1423"},"modified":"2023-04-01T13:40:09","modified_gmt":"2023-04-01T13:40:09","slug":"holocoluna-0084","status":"publish","type":"page","link":"https:\/\/holosofia.com.br\/?page_id=1423","title":{"rendered":"Holocoluna &#8211; 0084"},"content":{"rendered":"<ol start=\"84\">\n<li>\n<h3>DESEJO<\/h3>\n<\/li>\n<\/ol>\n<h3 style=\"text-align: right;\">Publicado em 19\/04\/2008<\/h3>\n<p>&nbsp;<\/p>\n<h4>\u00a0\u00a0\u00a0\u00a0\u00a0\u00a0\u00a0\u00a0\u00a0\u00a0\u00a0 A palavra desejo \u00e9 definida pelos dicion\u00e1rios como vontade de possuir, ambi\u00e7\u00e3o; vontade de comer, apetite; aspira\u00e7\u00e3o, anelo.<\/h4>\n<h4>A Holosofia compreende o desejo como um sentimento humano de bipolaridade; ao p\u00f3lo negativo chama ambi\u00e7\u00e3o, e ao p\u00f3lo positivo, aspira\u00e7\u00e3o.<\/h4>\n<h4>O p\u00f3lo negativo do desejo lembra a avidez pelos bens materiais. Logo, a pessoa que se deixa levar por essa modalidade de desejo, invariavelmente, estar\u00e1 atraindo conseq\u00fc\u00eancias indesejadas, tanto para si quanto para os outros.<\/h4>\n<h4>A quase tudo que temos assistido de viol\u00eancia nas sociedades mundiais decorre do desejo negativo de pessoas, individualmente, ou de grupos de pessoas; aquelas que defendem a tese de que o fim justifica os meios.<\/h4>\n<h4>\u00c9 com esta concep\u00e7\u00e3o que a desigualdade social se alimenta e a elite do Poder se perpetua na fun\u00e7\u00e3o de explorador da massa pobre e ignorante, o que t\u00e3o bem caracteriza o mundo capitalista. O atual mundo da globaliza\u00e7\u00e3o.<\/h4>\n<h4>Mas, por outro lado, identificamos essa massa marginalizada desempenhando o que a psicologia denomina de papel complementar; ela, de forma inconsciente, se permitindo manipular rumo ao desejo de obter bens, muitas das vezes desnecess\u00e1rios.<\/h4>\n<h4>No aspecto individual, a pol\u00edcia vem contabilizando o aumento progressivo de roubos e assaltos, a maioria seguida de mortes, mesmo nas pequenas cidades, e at\u00e9 nas zonas rurais. Por qu\u00ea? Pela presen\u00e7a do desejo negativo de possuir algo que o esfor\u00e7o pessoal n\u00e3o permite conquistar. Vale ressaltar que a realidade social \u00e9 fruto da pr\u00f3pria sociedade.<\/h4>\n<h4>Na esfera <strong>po<\/strong>l\u00edtica, ou melhor, na esfera <strong>pu<\/strong>l\u00edtica \u2013 esta entendida pela Holosofia como travesti daquela \u2013 o desejo, da maioria, de se manter no dom\u00ednio resulta na pouca aten\u00e7\u00e3o dispensada \u00e0 essencial ferramenta de liberta\u00e7\u00e3o do povo, a Educa\u00e7\u00e3o. N\u00e3o uma educa\u00e7\u00e3o fundamentada no simples repasse de informa\u00e7\u00f5es, mas uma educa\u00e7\u00e3o inteligente. Uma educa\u00e7\u00e3o de \u201cprovoca\u00e7\u00e3o mental\u201d, de \u201cpensar\u201d. Ali\u00e1s, esta educa\u00e7\u00e3o \u00e9 poss\u00edvel fora da escola, tamb\u00e9m; ela \u00e9 poss\u00edvel no meio familiar, nas rodas sociais e no ambiente de trabalho.<\/h4>\n<h4>H\u00e1 de se perguntar, por que o desejo negativo \u00e9 t\u00e3o f\u00e1cil de prosperar?<\/h4>\n<h4>Porque as pessoas \u2013 de l\u00e1 e de c\u00e1 \u2013 n\u00e3o t\u00eam consci\u00eancia, pois se a tivesse n\u00e3o seria poss\u00edvel. Da\u00ed a import\u00e2ncia e a necessidade da expans\u00e3o da consci\u00eancia, pela medita\u00e7\u00e3o, segundo a Holosofia (brevemente, Cajuru contar\u00e1 com o Jesus\u2019 Meditation Center)<\/h4>\n<h4>O p\u00f3lo positivo do desejo sinaliza para o singelo sentimento da aspira\u00e7\u00e3o, aut\u00eantico atributo indispens\u00e1vel \u00e0 realiza\u00e7\u00e3o humana. Aqui existe o desejo pelo possuir bens tamb\u00e9m, mas este desejo guarda, intrinsecamente, o sentido de necessidade real, compromisso, responsabilidade e \u00e9tica.<\/h4>\n<h4>O desejo positivo \u00e9 eticamente construtivo. Individualmente, a pessoa alimenta o desejo de realizar algo que n\u00e3o apenas sonhou, mas que dedicou grande esfor\u00e7o nessa dire\u00e7\u00e3o. \u00c9 o desejo de crescer, humanamente. Portanto, \u00e9 um desejo leg\u00edtimo, l\u00edcito e legal.<\/h4>\n<h4>No campo social, o desejo positivo est\u00e1 focado no bem-comum, na felicidade de todos e na paz de esp\u00edrito. Unamo-nos, pois, em torno deste desejo!<\/h4>\n<h4>Sebasti\u00e3o Saraiva<\/h4>\n<h4>M\u00e9dico e Hol\u00f3sofo<\/h4>\n<h4>Site: <a href=\"http:\/\/www.holosofia.com.br\">www.holosofia.com.br<\/a><\/h4>\n","protected":false},"excerpt":{"rendered":"<p>DESEJO Publicado em 19\/04\/2008 &nbsp; \u00a0\u00a0\u00a0\u00a0\u00a0\u00a0\u00a0\u00a0\u00a0\u00a0\u00a0 A palavra desejo \u00e9 definida pelos dicion\u00e1rios como vontade de possuir, ambi\u00e7\u00e3o; vontade de comer, apetite; aspira\u00e7\u00e3o, anelo. A Holosofia compreende o desejo como um sentimento humano de bipolaridade; ao p\u00f3lo negativo chama ambi\u00e7\u00e3o, e ao p\u00f3lo positivo, aspira\u00e7\u00e3o. O p\u00f3lo negativo do desejo lembra a avidez pelos bens &hellip;<\/p>\n<p class=\"read-more\"> <a class=\"\" href=\"https:\/\/holosofia.com.br\/?page_id=1423\"> <span class=\"screen-reader-text\">Holocoluna &#8211; 0084<\/span> Leia mais &raquo;<\/a><\/p>\n","protected":false},"author":1,"featured_media":0,"parent":0,"menu_order":0,"comment_status":"closed","ping_status":"closed","template":"","meta":{"_bbp_topic_count":0,"_bbp_reply_count":0,"_bbp_total_topic_count":0,"_bbp_total_reply_count":0,"_bbp_voice_count":0,"_bbp_anonymous_reply_count":0,"_bbp_topic_count_hidden":0,"_bbp_reply_count_hidden":0,"_bbp_forum_subforum_count":0,"om_disable_all_campaigns":false,"_uag_custom_page_level_css":"","_mi_skip_tracking":false,"_monsterinsights_sitenote_active":false,"_monsterinsights_sitenote_note":"","_monsterinsights_sitenote_category":0,"site-sidebar-layout":"default","site-content-layout":"default","ast-global-header-display":"","ast-main-header-display":"","ast-hfb-above-header-display":"","ast-hfb-below-header-display":"","ast-hfb-mobile-header-display":"","site-post-title":"","ast-breadcrumbs-content":"","ast-featured-img":"","footer-sml-layout":"","theme-transparent-header-meta":"default","adv-header-id-meta":"","stick-header-meta":"","header-above-stick-meta":"","header-main-stick-meta":"","header-below-stick-meta":"","footnotes":""},"class_list":["post-1423","page","type-page","status-publish","hentry"],"aioseo_notices":[],"uagb_featured_image_src":{"full":false,"thumbnail":false,"medium":false,"medium_large":false,"large":false,"post-slider-thumb-size":false,"1536x1536":false,"2048x2048":false},"uagb_author_info":{"display_name":"solucaopublicidades@hotmail.com","author_link":"https:\/\/holosofia.com.br\/?author=1"},"uagb_comment_info":0,"uagb_excerpt":"DESEJO Publicado em 19\/04\/2008 &nbsp; \u00a0\u00a0\u00a0\u00a0\u00a0\u00a0\u00a0\u00a0\u00a0\u00a0\u00a0 A palavra desejo \u00e9 definida pelos dicion\u00e1rios como vontade de possuir, ambi\u00e7\u00e3o; vontade de comer, apetite; aspira\u00e7\u00e3o, anelo. A Holosofia compreende o desejo como um sentimento humano de bipolaridade; ao p\u00f3lo negativo chama ambi\u00e7\u00e3o, e ao p\u00f3lo positivo, aspira\u00e7\u00e3o. O p\u00f3lo negativo do desejo lembra a avidez pelos bens&hellip;","_links":{"self":[{"href":"https:\/\/holosofia.com.br\/index.php?rest_route=\/wp\/v2\/pages\/1423","targetHints":{"allow":["GET"]}}],"collection":[{"href":"https:\/\/holosofia.com.br\/index.php?rest_route=\/wp\/v2\/pages"}],"about":[{"href":"https:\/\/holosofia.com.br\/index.php?rest_route=\/wp\/v2\/types\/page"}],"author":[{"embeddable":true,"href":"https:\/\/holosofia.com.br\/index.php?rest_route=\/wp\/v2\/users\/1"}],"replies":[{"embeddable":true,"href":"https:\/\/holosofia.com.br\/index.php?rest_route=%2Fwp%2Fv2%2Fcomments&post=1423"}],"version-history":[{"count":1,"href":"https:\/\/holosofia.com.br\/index.php?rest_route=\/wp\/v2\/pages\/1423\/revisions"}],"predecessor-version":[{"id":1424,"href":"https:\/\/holosofia.com.br\/index.php?rest_route=\/wp\/v2\/pages\/1423\/revisions\/1424"}],"wp:attachment":[{"href":"https:\/\/holosofia.com.br\/index.php?rest_route=%2Fwp%2Fv2%2Fmedia&parent=1423"}],"curies":[{"name":"wp","href":"https:\/\/api.w.org\/{rel}","templated":true}]}}