{"id":1415,"date":"2023-04-01T13:38:01","date_gmt":"2023-04-01T13:38:01","guid":{"rendered":"https:\/\/holosofia.com.br\/?page_id=1415"},"modified":"2023-04-01T13:38:01","modified_gmt":"2023-04-01T13:38:01","slug":"holocoluna-0083","status":"publish","type":"page","link":"https:\/\/holosofia.com.br\/?page_id=1415","title":{"rendered":"Holocoluna &#8211; 0083"},"content":{"rendered":"<ol start=\"83\">\n<li>\n<h3>AUDI\u00caNCIA P\u00daBLICA DA SA\u00daDE<\/h3>\n<\/li>\n<\/ol>\n<h3 style=\"text-align: right;\">Publicado em 05\/04\/2008<\/h3>\n<p>&nbsp;<\/p>\n<h4>Nada mais nobre do que a postura de reconhecimento da import\u00e2ncia e necessidade de respeito ao outro, principalmente quando esse outro \u00e9 a sociedade.<\/h4>\n<h4>\u00a0\u00a0\u00a0\u00a0\u00a0\u00a0\u00a0\u00a0\u00a0\u00a0\u00a0 Na noite de 27 de mar\u00e7o passado, o cajuruense teve a feliz oportunidade de exercer a sua cidadania, fazendo-se presente ao evento de presta\u00e7\u00e3o de contas dos investimentos p\u00fablicos na \u00e1rea da sa\u00fade.<\/h4>\n<h4>\u00a0\u00a0\u00a0\u00a0\u00a0\u00a0\u00a0\u00a0\u00a0\u00a0\u00a0 A C\u00e2mara municipal, nas pessoas dos vereadores presentes \u2013 Jos\u00e9 Barbosa, Norberto Cippiciani e Orlando Batista Tincani (Beb\u00e9) \u2013, acolheu a todos \u2013 o Prefeito Municipal, Jo\u00e3o Batista Ruggeri R\u00e9;\u00a0 a Secret\u00e1ria Municipal de Sa\u00fade, Cl\u00e1udia Orsi Zacharias Beihy Menta; a Diretora de Sa\u00fade, S\u00f4nia Regina \u00c1lvares da Silva; as equipes da Estrat\u00e9gia de Sa\u00fade da Fam\u00edlia (ESF), representadas pelo coordenador geral (e gestor do Programa Holos\u00f3fico de Sa\u00fade \u2013 PHS) Sebasti\u00e3o Jos\u00e9 Saraiva Filho, as enfermeiras coordenadoras Ana Paula de Ara\u00fajo Ferreira Const\u00e2ncio, Carla Roberta Anacleto Godoi, Elaine Reis da Silva e Rosilene do Carmo Costa Matos, e o m\u00e9dico da fam\u00edlia Luiz Geraldo Iunes Elias; os Diretores do CEMEC e do CEO, Eliana Bastos Nascimento e o Dr. Lu\u00eds Carlos, respectivamente; os chefes dos setores da Vigil\u00e2ncia Sanit\u00e1ria, Toninho; da Vigil\u00e2ncia Epidemiol\u00f3gica, a enfermeira Roberta Ara\u00fajo; do Transporte, Augustinho; da Promo\u00e7\u00e3o Social, Valdir; a Coordenadora do N\u00facleo de Apoio Social ao PHS, Tatiane Ferreira; e in\u00fameras outras pessoas da sociedade, dentre as quais uma comiss\u00e3o de representantes do bairro Dom Bosco \u2013 com carinho e as\u00a0 honras da casa. Foi uma noite inesquec\u00edvel para aquele que acalenta o sentimento de amor ao pr\u00f3ximo, no contexto social.<\/h4>\n<h4>\u00a0\u00a0\u00a0\u00a0\u00a0\u00a0\u00a0\u00a0\u00a0\u00a0\u00a0 Estes s\u00e3o os momentos imperd\u00edveis para o cidad\u00e3o manifestar a sua esperan\u00e7a de mudan\u00e7as sociais de forma n\u00e3o apenas especular, mas efetiva, atrav\u00e9s da sua presen\u00e7a.<\/h4>\n<h4>\u00a0\u00a0\u00a0\u00a0\u00a0\u00a0\u00a0\u00a0\u00a0\u00a0\u00a0 Os recursos financeiros gerados pela arrecada\u00e7\u00e3o dos impostos dos mun\u00edcipes e somados \u00e0s verbas repassadas pelos governos estadual e federal s\u00e3o aplicados em benef\u00edcio da popula\u00e7\u00e3o municipal e, neste particular, para a sa\u00fade.<\/h4>\n<h4>Naturalmente, se o dinheiro do povo \u00e9 entregue ao Poder Executivo para ser utilizado em benef\u00edcio do povo, \u00e9 \u00f3bvio que o Poder Executivo d\u00ea satisfa\u00e7\u00e3o ao povo, dizendo como aplicou esse dinheiro. Esta pr\u00e1tica enaltece a responsabilidade, a honestidade e a \u00e9tica; ela interessa a ambas as partes, ao Poder Executivo e ao povo.<\/h4>\n<h4>No ambiente familiar, quando o pai \u2013 o dono do dinheiro \u2013 d\u00e1 algum valor para o filho efetivar uma compra, o que acontece? \u00a0O fato produz em ambos a expectativa do \u00eaxito, e isto se d\u00e1 no momento do retorno do filho, na presta\u00e7\u00e3o de contas. Esta pr\u00e1tica \u00e9 educativa e contempla a honestidade e a \u00e9tica. Logo, comportamentos \u00e9ticos s\u00e3o constru\u00eddos.<\/h4>\n<h4>\u00a0\u00a0\u00a0\u00a0\u00a0\u00a0\u00a0\u00a0\u00a0\u00a0\u00a0 Portanto, foi com este esp\u00edrito que ali estavam todos. De um lado, o prefeito, respaldando os profissionais da sa\u00fade como expositores da maneira como o dinheiro p\u00fablico foi utilizado, e do outro os vereadores e o povo a tomar conhecimento das informa\u00e7\u00f5es, e tendo a liberdade para aceitar ou questionar. O esbo\u00e7o de um belo exerc\u00edcio democr\u00e1tico.<\/h4>\n<h4>\u00a0\u00a0\u00a0\u00a0\u00a0\u00a0\u00a0\u00a0\u00a0\u00a0\u00a0 A boa fam\u00edlia d\u00e1 bons filhos, a boa sociedade d\u00e1 bons pol\u00edticos.<\/h4>\n<p>&nbsp;<\/p>\n<h4 style=\"text-align: right;\">Sebasti\u00e3o Saraiva<\/h4>\n<h4 style=\"text-align: right;\">M\u00e9dico e Hol\u00f3sofo<\/h4>\n<h4 style=\"text-align: right;\">Site: <a href=\"http:\/\/www.holosofia.com.br\">www.holosofia.com.br<\/a><\/h4>\n","protected":false},"excerpt":{"rendered":"<p>AUDI\u00caNCIA P\u00daBLICA DA SA\u00daDE Publicado em 05\/04\/2008 &nbsp; Nada mais nobre do que a postura de reconhecimento da import\u00e2ncia e necessidade de respeito ao outro, principalmente quando esse outro \u00e9 a sociedade. \u00a0\u00a0\u00a0\u00a0\u00a0\u00a0\u00a0\u00a0\u00a0\u00a0\u00a0 Na noite de 27 de mar\u00e7o passado, o cajuruense teve a feliz oportunidade de exercer a sua cidadania, fazendo-se presente ao evento &hellip;<\/p>\n<p class=\"read-more\"> <a class=\"\" href=\"https:\/\/holosofia.com.br\/?page_id=1415\"> <span class=\"screen-reader-text\">Holocoluna &#8211; 0083<\/span> Leia mais &raquo;<\/a><\/p>\n","protected":false},"author":1,"featured_media":0,"parent":0,"menu_order":0,"comment_status":"closed","ping_status":"closed","template":"","meta":{"_bbp_topic_count":0,"_bbp_reply_count":0,"_bbp_total_topic_count":0,"_bbp_total_reply_count":0,"_bbp_voice_count":0,"_bbp_anonymous_reply_count":0,"_bbp_topic_count_hidden":0,"_bbp_reply_count_hidden":0,"_bbp_forum_subforum_count":0,"om_disable_all_campaigns":false,"_uag_custom_page_level_css":"","_mi_skip_tracking":false,"_monsterinsights_sitenote_active":false,"_monsterinsights_sitenote_note":"","_monsterinsights_sitenote_category":0,"site-sidebar-layout":"default","site-content-layout":"default","ast-global-header-display":"","ast-main-header-display":"","ast-hfb-above-header-display":"","ast-hfb-below-header-display":"","ast-hfb-mobile-header-display":"","site-post-title":"","ast-breadcrumbs-content":"","ast-featured-img":"","footer-sml-layout":"","theme-transparent-header-meta":"default","adv-header-id-meta":"","stick-header-meta":"","header-above-stick-meta":"","header-main-stick-meta":"","header-below-stick-meta":"","footnotes":""},"class_list":["post-1415","page","type-page","status-publish","hentry"],"aioseo_notices":[],"uagb_featured_image_src":{"full":false,"thumbnail":false,"medium":false,"medium_large":false,"large":false,"post-slider-thumb-size":false,"1536x1536":false,"2048x2048":false},"uagb_author_info":{"display_name":"solucaopublicidades@hotmail.com","author_link":"https:\/\/holosofia.com.br\/?author=1"},"uagb_comment_info":0,"uagb_excerpt":"AUDI\u00caNCIA P\u00daBLICA DA SA\u00daDE Publicado em 05\/04\/2008 &nbsp; Nada mais nobre do que a postura de reconhecimento da import\u00e2ncia e necessidade de respeito ao outro, principalmente quando esse outro \u00e9 a sociedade. \u00a0\u00a0\u00a0\u00a0\u00a0\u00a0\u00a0\u00a0\u00a0\u00a0\u00a0 Na noite de 27 de mar\u00e7o passado, o cajuruense teve a feliz oportunidade de exercer a sua cidadania, fazendo-se presente ao evento&hellip;","_links":{"self":[{"href":"https:\/\/holosofia.com.br\/index.php?rest_route=\/wp\/v2\/pages\/1415","targetHints":{"allow":["GET"]}}],"collection":[{"href":"https:\/\/holosofia.com.br\/index.php?rest_route=\/wp\/v2\/pages"}],"about":[{"href":"https:\/\/holosofia.com.br\/index.php?rest_route=\/wp\/v2\/types\/page"}],"author":[{"embeddable":true,"href":"https:\/\/holosofia.com.br\/index.php?rest_route=\/wp\/v2\/users\/1"}],"replies":[{"embeddable":true,"href":"https:\/\/holosofia.com.br\/index.php?rest_route=%2Fwp%2Fv2%2Fcomments&post=1415"}],"version-history":[{"count":1,"href":"https:\/\/holosofia.com.br\/index.php?rest_route=\/wp\/v2\/pages\/1415\/revisions"}],"predecessor-version":[{"id":1416,"href":"https:\/\/holosofia.com.br\/index.php?rest_route=\/wp\/v2\/pages\/1415\/revisions\/1416"}],"wp:attachment":[{"href":"https:\/\/holosofia.com.br\/index.php?rest_route=%2Fwp%2Fv2%2Fmedia&parent=1415"}],"curies":[{"name":"wp","href":"https:\/\/api.w.org\/{rel}","templated":true}]}}