{"id":1403,"date":"2023-03-25T15:07:24","date_gmt":"2023-03-25T15:07:24","guid":{"rendered":"https:\/\/holosofia.com.br\/?page_id=1403"},"modified":"2023-03-25T15:07:24","modified_gmt":"2023-03-25T15:07:24","slug":"holocoluna-0082","status":"publish","type":"page","link":"https:\/\/holosofia.com.br\/?page_id=1403","title":{"rendered":"Holocoluna &#8211; 0082"},"content":{"rendered":"<ol start=\"82\">\n<li>\n<h3>O APEGO<\/h3>\n<\/li>\n<\/ol>\n<h3><\/h3>\n<h3 style=\"text-align: right;\">Publicado em 29\/03\/2008<\/h3>\n<p>&nbsp;<\/p>\n<h4>O ciclo da vida \u00e9 incessante, e guarda consigo profunda beleza.<\/h4>\n<h4>O nascimento de uma crian\u00e7a \u00e9 um acontecimento que felicita a todos e enriquece o mundo. \u00c9 verdade, enriquece mesmo.<\/h4>\n<h4>A maior e aut\u00eantica riqueza universal \u00e9 a vida, uma reafirma\u00e7\u00e3o do milagre que mais encanta a humanidade, por isso, objeto de inspira\u00e7\u00e3o da emo\u00e7\u00e3o est\u00e9tica dos poetas e de investiga\u00e7\u00e3o da ci\u00eancia.<\/h4>\n<h4>O fen\u00f4meno vida \u00e9 a doce maravilha que desafio \u00e0 imagina\u00e7\u00e3o do homem, tanto para compreend\u00ea-la quanto para preserv\u00e1-la e viv\u00ea-la.<\/h4>\n<h4>A vida \u00e9 singular na sua ess\u00eancia, mas \u00e9 plural na sua exist\u00eancia. A vida do rec\u00e9m-nascido consiste nas vidas de suas c\u00e9lulas, portanto, s\u00e3o bilh\u00f5es de vidas manifestadas em uma \u00fanica vida. Que lindo!<\/h4>\n<h4>O homem primitivo, talvez, pelo fato de ter estado focado na busca dos meios de sua subsist\u00eancia, n\u00e3o lhe tenha sido poss\u00edvel refletir a respeito da vida dessa forma. O que \u00e9 compreens\u00edvel.<\/h4>\n<h4>O homem moderno, talvez, por se encontrar ref\u00e9m da gan\u00e2ncia pelo ac\u00famulo de bens materiais, n\u00e3o tenha se encontrado como ser vivente, mas como m\u00e1quina cumulativa de patrim\u00f4nio. O que \u00e9 uma pena.<\/h4>\n<h4>Reconhecer a vida como vida \u00e9 uma felicidade. A felicidade \u00e9 um sentimento que brota no interior da pessoa, \u00e9 uma sensa\u00e7\u00e3o de sintonia, de integra\u00e7\u00e3o com o Universo. Esta sensa\u00e7\u00e3o parece confirmar a presen\u00e7a do filho diante da For\u00e7a Criadora, diante do Pai. Nesse instante acontece a entrega. Os dois se unificam.<\/h4>\n<h4>O apego \u00e9 um aferro excessivo. O indiv\u00edduo manifesta excessiva afei\u00e7\u00e3o \u00e0 posse, estabelecendo uma situa\u00e7\u00e3o de pris\u00e3o a outras pessoas ou a bens materiais.<\/h4>\n<h4>Imagine como deve se sentir uma criatura que passou a vida (n\u00e3o vivendo) amontoando patrim\u00f4nios, na certeza de que este \u00e9 verdadeiro sentido da sua exist\u00eancia, ao perder uma m\u00ednima parcela do que acumulou.<\/h4>\n<h4>Dependendo da intensidade do apego, a pessoa pode contrair doen\u00e7as \u2013 hipertens\u00e3o arterial, acidente vascular cerebral, tristeza extrema (depress\u00e3o), dist\u00farbios de comportamento \u2013 tornar-se agressiva e, at\u00e9, cometer suic\u00eddio. O Apego subestima a vida, infelizmente.<\/h4>\n<h4>O apego, pelos seus desdobramentos prejudiciais a uma vida saud\u00e1vel, deve ser evitado. Como ele \u00e9 um h\u00e1bito que se desenvolve e se fortalece de forma sutil, h\u00e1 de se ficar atento para os primeiros sinais da sua presen\u00e7a e, quando j\u00e1 instalado deve ser tratado.<\/h4>\n<h4>Os primeiros sinais do apego est\u00e3o nas dificuldades em partilhar parte dos bens com algu\u00e9m em situa\u00e7\u00e3o de reconhecida necessidade, ou guardar aquilo que j\u00e1 n\u00e3o utiliza.<\/h4>\n<h4>O tratamento do apego consiste na determina\u00e7\u00e3o de praticar doa\u00e7\u00f5es regulares a quem necessita, mais no aspecto social que individual. Assim, al\u00e9m de educativo, serve a muitos.<\/h4>\n<h4>O desapego ser\u00e1 reconhecido no sentimento de felicidade que brotar\u00e1 no cora\u00e7\u00e3o a cada ato de entrega do bem, que tamb\u00e9m \u00e9 sua. Nessas entregas a unifica\u00e7\u00e3o acontece.<\/h4>\n<h4>Sebasti\u00e3o Saraiva<\/h4>\n<h4>M\u00e9dico e Hol\u00f3sofo<\/h4>\n<h4>Site: <a href=\"http:\/\/www.holosofia.com.br\">www.holosofia.com.br<\/a><\/h4>\n","protected":false},"excerpt":{"rendered":"<p>O APEGO Publicado em 29\/03\/2008 &nbsp; O ciclo da vida \u00e9 incessante, e guarda consigo profunda beleza. O nascimento de uma crian\u00e7a \u00e9 um acontecimento que felicita a todos e enriquece o mundo. \u00c9 verdade, enriquece mesmo. A maior e aut\u00eantica riqueza universal \u00e9 a vida, uma reafirma\u00e7\u00e3o do milagre que mais encanta a humanidade, &hellip;<\/p>\n<p class=\"read-more\"> <a class=\"\" href=\"https:\/\/holosofia.com.br\/?page_id=1403\"> <span class=\"screen-reader-text\">Holocoluna &#8211; 0082<\/span> Leia mais &raquo;<\/a><\/p>\n","protected":false},"author":1,"featured_media":0,"parent":0,"menu_order":0,"comment_status":"closed","ping_status":"closed","template":"","meta":{"_bbp_topic_count":0,"_bbp_reply_count":0,"_bbp_total_topic_count":0,"_bbp_total_reply_count":0,"_bbp_voice_count":0,"_bbp_anonymous_reply_count":0,"_bbp_topic_count_hidden":0,"_bbp_reply_count_hidden":0,"_bbp_forum_subforum_count":0,"om_disable_all_campaigns":false,"_uag_custom_page_level_css":"","_mi_skip_tracking":false,"_monsterinsights_sitenote_active":false,"_monsterinsights_sitenote_note":"","_monsterinsights_sitenote_category":0,"site-sidebar-layout":"default","site-content-layout":"default","ast-global-header-display":"","ast-main-header-display":"","ast-hfb-above-header-display":"","ast-hfb-below-header-display":"","ast-hfb-mobile-header-display":"","site-post-title":"","ast-breadcrumbs-content":"","ast-featured-img":"","footer-sml-layout":"","theme-transparent-header-meta":"default","adv-header-id-meta":"","stick-header-meta":"","header-above-stick-meta":"","header-main-stick-meta":"","header-below-stick-meta":"","footnotes":""},"class_list":["post-1403","page","type-page","status-publish","hentry"],"aioseo_notices":[],"uagb_featured_image_src":{"full":false,"thumbnail":false,"medium":false,"medium_large":false,"large":false,"post-slider-thumb-size":false,"1536x1536":false,"2048x2048":false},"uagb_author_info":{"display_name":"solucaopublicidades@hotmail.com","author_link":"https:\/\/holosofia.com.br\/?author=1"},"uagb_comment_info":0,"uagb_excerpt":"O APEGO Publicado em 29\/03\/2008 &nbsp; O ciclo da vida \u00e9 incessante, e guarda consigo profunda beleza. O nascimento de uma crian\u00e7a \u00e9 um acontecimento que felicita a todos e enriquece o mundo. \u00c9 verdade, enriquece mesmo. A maior e aut\u00eantica riqueza universal \u00e9 a vida, uma reafirma\u00e7\u00e3o do milagre que mais encanta a humanidade,&hellip;","_links":{"self":[{"href":"https:\/\/holosofia.com.br\/index.php?rest_route=\/wp\/v2\/pages\/1403","targetHints":{"allow":["GET"]}}],"collection":[{"href":"https:\/\/holosofia.com.br\/index.php?rest_route=\/wp\/v2\/pages"}],"about":[{"href":"https:\/\/holosofia.com.br\/index.php?rest_route=\/wp\/v2\/types\/page"}],"author":[{"embeddable":true,"href":"https:\/\/holosofia.com.br\/index.php?rest_route=\/wp\/v2\/users\/1"}],"replies":[{"embeddable":true,"href":"https:\/\/holosofia.com.br\/index.php?rest_route=%2Fwp%2Fv2%2Fcomments&post=1403"}],"version-history":[{"count":1,"href":"https:\/\/holosofia.com.br\/index.php?rest_route=\/wp\/v2\/pages\/1403\/revisions"}],"predecessor-version":[{"id":1404,"href":"https:\/\/holosofia.com.br\/index.php?rest_route=\/wp\/v2\/pages\/1403\/revisions\/1404"}],"wp:attachment":[{"href":"https:\/\/holosofia.com.br\/index.php?rest_route=%2Fwp%2Fv2%2Fmedia&parent=1403"}],"curies":[{"name":"wp","href":"https:\/\/api.w.org\/{rel}","templated":true}]}}