{"id":1398,"date":"2023-03-25T15:05:42","date_gmt":"2023-03-25T15:05:42","guid":{"rendered":"https:\/\/holosofia.com.br\/?page_id=1398"},"modified":"2023-03-25T15:05:42","modified_gmt":"2023-03-25T15:05:42","slug":"holocoluna-0081","status":"publish","type":"page","link":"https:\/\/holosofia.com.br\/?page_id=1398","title":{"rendered":"Holocoluna &#8211; 0081"},"content":{"rendered":"<ol start=\"81\">\n<li>\n<h3>UNI\u00c3O<\/h3>\n<\/li>\n<\/ol>\n<h3><\/h3>\n<h3 style=\"text-align: right;\">Publicado em 22\/03\/2008<\/h3>\n<p>&nbsp;<\/p>\n<h4>A Holosofia ressalta a uni\u00e3o como aspecto fundamental de apoio ao desenvolvimento potencial individual e realiza\u00e7\u00e3o social com humanidade.<\/h4>\n<h4>Cada criatura \u00e9 origin\u00e1ria do processo de uni\u00e3o, a uni\u00e3o entre o pai e a m\u00e3e. Depois, ela passa a conviver numa segunda forma de uni\u00e3o que \u00e9 a sua fam\u00edlia, incluindo os irm\u00e3os, os av\u00f3s, os tios e demais membros.<\/h4>\n<h4>Mais tarde, com a chegada da adolesc\u00eancia, o indiv\u00edduo passa a experimentar a sensa\u00e7\u00e3o de \u201cdesgarrado\u201d, o que lhe induz naturalmente \u00e0 procura de um modelo novo de uni\u00e3o, uma uni\u00e3o com seus iguais. Eis a raz\u00e3o pela qual os jovens se sentem mais \u00e0 vontade quando agrupados. \u00c9 a\u00ed que eles compartilham seus desejos, suas aspira\u00e7\u00f5es, seus medos e suas fantasias.<\/h4>\n<h4>A uni\u00e3o desses seres humanos, numa fase da vida caracterizada pela inseguran\u00e7a na busca de identidade pr\u00f3pria, tamb\u00e9m, os encoraja rumo \u00e0 aventura da paquera. A paquera \u00e9 o ensaio para uma nova modalidade de uni\u00e3o, uma uni\u00e3o n\u00e3o mais de iguais, mas de diferentes. \u00c9 a uni\u00e3o homog\u00eanea de amigos dando lugar \u00e0 uni\u00e3o heterog\u00eanea de casais.<\/h4>\n<h4>O casal de jovens encontra na uni\u00e3o a fonte inspiradora de seus sonhos e os motivos para alavancar as suas potencialidades f\u00edsicas, emocionais e intelectuais, ocasionando o in\u00edcio da elabora\u00e7\u00e3o de planos para o futuro.<\/h4>\n<h4>Paralelamente, o casal estabelece outros tipos de uni\u00e3o, a uni\u00e3o com colegas de escola, colegas de trabalho e com amigos mais \u00edntimos.<\/h4>\n<h4>O tempo passa e o casal resolve reconhecer a uni\u00e3o como um fato definitivo para ambos, acontecendo, ent\u00e3o, a oficializa\u00e7\u00e3o da uni\u00e3o pelo casamento.<\/h4>\n<h4>O nascimento do primeiro filho do casal testemunha o fechamento do ciclo existencial no contexto da uni\u00e3o, e o processo continua, indefinidamente.<\/h4>\n<h4>At\u00e9 ent\u00e3o, estivemos ocupados com a uni\u00e3o como fen\u00f4meno essencial para o desenvolvimento e felicidade do ser humano, mas, agora, precisamos registrar que essa uni\u00e3o resulta do sentimento de amor que as pessoas s\u00e3o capazes de nutrir, umas pelas outras.<\/h4>\n<h4>O amor individual deve crescer e ganhar corpo suficiente para se tornar um amor social. O amor social \u00e9 identificado pelo la\u00e7o de uni\u00e3o presente em todas as camadas da sociedade, das mais humildes \u00e0s mais abastadas.<\/h4>\n<h4>\u00c9 essa uni\u00e3o social que promove a igualdade entre os homens, que real\u00e7a a dignidade humana e que aproxima o filho do Pai.<\/h4>\n<h4>A Sabedoria Universal ou Deus, ao enriquecer o homem com intelig\u00eancia diferenciada e uma verdadeira cole\u00e7\u00e3o de virtudes e sentimentos, dentre os o amor, quer reafirmar esse ser como o mais not\u00e1vel exemplar da cria\u00e7\u00e3o.<\/h4>\n<h4>Portanto, valer-se do amor para construir-se a uni\u00e3o, em todos os espa\u00e7os \u00e9, antes de tudo, um ato de gratid\u00e3o diante da imensur\u00e1vel generosidade do Criador.<\/h4>\n<h4>Sebasti\u00e3o Saraiva<\/h4>\n<h4>M\u00e9dico e Hol\u00f3sofo<\/h4>\n<h4>Site: <a href=\"http:\/\/www.holosofia.com.br\">www.holosofia.com.br<\/a><\/h4>\n","protected":false},"excerpt":{"rendered":"<p>UNI\u00c3O Publicado em 22\/03\/2008 &nbsp; A Holosofia ressalta a uni\u00e3o como aspecto fundamental de apoio ao desenvolvimento potencial individual e realiza\u00e7\u00e3o social com humanidade. Cada criatura \u00e9 origin\u00e1ria do processo de uni\u00e3o, a uni\u00e3o entre o pai e a m\u00e3e. Depois, ela passa a conviver numa segunda forma de uni\u00e3o que \u00e9 a sua fam\u00edlia, &hellip;<\/p>\n<p class=\"read-more\"> <a class=\"\" href=\"https:\/\/holosofia.com.br\/?page_id=1398\"> <span class=\"screen-reader-text\">Holocoluna &#8211; 0081<\/span> Leia mais &raquo;<\/a><\/p>\n","protected":false},"author":1,"featured_media":0,"parent":0,"menu_order":0,"comment_status":"closed","ping_status":"closed","template":"","meta":{"_bbp_topic_count":0,"_bbp_reply_count":0,"_bbp_total_topic_count":0,"_bbp_total_reply_count":0,"_bbp_voice_count":0,"_bbp_anonymous_reply_count":0,"_bbp_topic_count_hidden":0,"_bbp_reply_count_hidden":0,"_bbp_forum_subforum_count":0,"om_disable_all_campaigns":false,"_uag_custom_page_level_css":"","_mi_skip_tracking":false,"_monsterinsights_sitenote_active":false,"_monsterinsights_sitenote_note":"","_monsterinsights_sitenote_category":0,"site-sidebar-layout":"default","site-content-layout":"default","ast-global-header-display":"","ast-main-header-display":"","ast-hfb-above-header-display":"","ast-hfb-below-header-display":"","ast-hfb-mobile-header-display":"","site-post-title":"","ast-breadcrumbs-content":"","ast-featured-img":"","footer-sml-layout":"","theme-transparent-header-meta":"default","adv-header-id-meta":"","stick-header-meta":"","header-above-stick-meta":"","header-main-stick-meta":"","header-below-stick-meta":"","footnotes":""},"class_list":["post-1398","page","type-page","status-publish","hentry"],"aioseo_notices":[],"uagb_featured_image_src":{"full":false,"thumbnail":false,"medium":false,"medium_large":false,"large":false,"post-slider-thumb-size":false,"1536x1536":false,"2048x2048":false},"uagb_author_info":{"display_name":"solucaopublicidades@hotmail.com","author_link":"https:\/\/holosofia.com.br\/?author=1"},"uagb_comment_info":0,"uagb_excerpt":"UNI\u00c3O Publicado em 22\/03\/2008 &nbsp; A Holosofia ressalta a uni\u00e3o como aspecto fundamental de apoio ao desenvolvimento potencial individual e realiza\u00e7\u00e3o social com humanidade. Cada criatura \u00e9 origin\u00e1ria do processo de uni\u00e3o, a uni\u00e3o entre o pai e a m\u00e3e. Depois, ela passa a conviver numa segunda forma de uni\u00e3o que \u00e9 a sua fam\u00edlia,&hellip;","_links":{"self":[{"href":"https:\/\/holosofia.com.br\/index.php?rest_route=\/wp\/v2\/pages\/1398","targetHints":{"allow":["GET"]}}],"collection":[{"href":"https:\/\/holosofia.com.br\/index.php?rest_route=\/wp\/v2\/pages"}],"about":[{"href":"https:\/\/holosofia.com.br\/index.php?rest_route=\/wp\/v2\/types\/page"}],"author":[{"embeddable":true,"href":"https:\/\/holosofia.com.br\/index.php?rest_route=\/wp\/v2\/users\/1"}],"replies":[{"embeddable":true,"href":"https:\/\/holosofia.com.br\/index.php?rest_route=%2Fwp%2Fv2%2Fcomments&post=1398"}],"version-history":[{"count":1,"href":"https:\/\/holosofia.com.br\/index.php?rest_route=\/wp\/v2\/pages\/1398\/revisions"}],"predecessor-version":[{"id":1399,"href":"https:\/\/holosofia.com.br\/index.php?rest_route=\/wp\/v2\/pages\/1398\/revisions\/1399"}],"wp:attachment":[{"href":"https:\/\/holosofia.com.br\/index.php?rest_route=%2Fwp%2Fv2%2Fmedia&parent=1398"}],"curies":[{"name":"wp","href":"https:\/\/api.w.org\/{rel}","templated":true}]}}