{"id":1381,"date":"2023-03-25T14:58:49","date_gmt":"2023-03-25T14:58:49","guid":{"rendered":"https:\/\/holosofia.com.br\/?page_id=1381"},"modified":"2023-03-25T14:58:49","modified_gmt":"2023-03-25T14:58:49","slug":"holocoluna-0078","status":"publish","type":"page","link":"https:\/\/holosofia.com.br\/?page_id=1381","title":{"rendered":"Holocoluna &#8211; 0078"},"content":{"rendered":"<h3>78 \u2013 O PERD\u00c3O<\/h3>\n<h3><\/h3>\n<h3 style=\"text-align: right;\">Publicado em 01\/03\/2008<\/h3>\n<p>&nbsp;<\/p>\n<h4>\u00a0\u00a0\u00a0\u00a0\u00a0\u00a0\u00a0\u00a0\u00a0\u00a0\u00a0 A vida \u00e9 um caminhar rumo ao aprimoramento. O aprimoramento para a totalidade, n\u00e3o para a perfei\u00e7\u00e3o. A totalidade \u00e9 uma dimens\u00e3o poss\u00edvel e saud\u00e1vel, a perfei\u00e7\u00e3o \u00e9 um ponto inating\u00edvel, um objetivo neur\u00f3tico, como dizia Osho.<\/h4>\n<h4>\u00a0\u00a0\u00a0\u00a0\u00a0\u00a0\u00a0\u00a0\u00a0\u00a0\u00a0 Enquanto caminhamos, realizamos grandes feitos e constru\u00edmos muitos amigos, mas, tamb\u00e9m, cometemos v\u00e1rios equ\u00edvocos e magoamos pessoas. E esta realidade est\u00e1 presente na vida de todas as criaturas.<\/h4>\n<h4>Logo, todos n\u00f3s precisamos manter acesa, internamente, a chama que ilumina a nossa consci\u00eancia para, desse modo, reconhecermos o quanto devemos pedir perd\u00e3o em alguns momentos e sabermos perdoar em outros. O exerc\u00edcio da reflex\u00e3o nos auxilia muito nessa dire\u00e7\u00e3o, mas \u00e9 a medita\u00e7\u00e3o que, finalmente, nos convence.<\/h4>\n<h4>A medita\u00e7\u00e3o enaltece o altru\u00edsmo em detrimento ao ego\u00edsmo, e faz com que o indiv\u00edduo conhe\u00e7a a humildade. Essa humildade, uma vez conhecida, tornar-se-\u00e1 uma companheira insepar\u00e1vel. \u00c9 no ventre da humildade que nasce o amor.<\/h4>\n<h4>O amor \u00e9 a tela na qual projetamos o nosso perd\u00e3o, tanto o nosso perd\u00e3o concedido quanto o nosso pedido de perd\u00e3o.<\/h4>\n<h4>Portanto, a dificuldade de pedir perd\u00e3o ou a resist\u00eancia em perdoar denuncia a escassez de amor da pessoa. E essa escassez de amor deve ser conscientizada para que o indiv\u00edduo n\u00e3o interrompa o seu aprimoramento enquanto vive.<\/h4>\n<h4>A conscientiza\u00e7\u00e3o da escassez de amor deixa o indiv\u00edduo menos leviano e com novas posturas mentais, principalmente diante de figuras de sua rever\u00eancia e admira\u00e7\u00e3o.<\/h4>\n<h4>\u00c9 nas ocasi\u00f5es em que nos dirigimos ao Pai que temos a necessidade de sermos verdadeiros, sinceros e honestos, falando aquilo que realmente venha corresponder \u00e0 verdade.<\/h4>\n<h4>Quase sempre nos deparamos com pessoas, nas casas de ora\u00e7\u00e3o, rezando o \u201cPai Nosso\u201d, o que \u00e9 muito louv\u00e1vel. Contudo, constatamos facilmente o quanto essas pessoas n\u00e3o se d\u00e3o conta do que est\u00e3o falando. Elas parecem apenas repetir as palavras que comp\u00f5em a ora\u00e7\u00e3o, mas n\u00e3o demonstram o compromisso com aquilo que falam. Assim, n\u00e3o crescem.<\/h4>\n<h4>O \u201cPai Nosso\u201d tem um trecho que exprime a responsabilidade e o compromisso impl\u00edcitos nas palavras do orador diante de Deus: \u201c&#8230; perdoai as nossas ofensas assim como n\u00f3s perdoamos a quem nos tem ofendido&#8230;.\u201d<\/h4>\n<h4>\u00a0\u00a0\u00a0\u00a0\u00a0\u00a0\u00a0\u00a0\u00a0\u00a0\u00a0 Se o religioso tem consci\u00eancia do que diz, e procede igual, deve prosseguir rezando o \u201cPai Nosso\u201d e se sentir uma pessoa digna e amorosa, mas se n\u00e3o a tem o ideal ser\u00e1 escolher uma reza menos comprometedora, pelo menos at\u00e9 atingir a coer\u00eancia entre o falar e o fazer.<\/h4>\n<h4>\u00a0\u00a0\u00a0\u00a0\u00a0\u00a0\u00a0\u00a0\u00a0\u00a0\u00a0 Enganar a si e aos semelhantes, apesar de feio, \u00e9 poss\u00edvel. Enganar a Deus \u00e9 uma tentativa insana e sem sucesso.<\/h4>\n<h4>\u00a0\u00a0\u00a0\u00a0\u00a0\u00a0\u00a0\u00a0\u00a0\u00a0\u00a0 Talvez essa postura nada verdadeira e de pouca considera\u00e7\u00e3o com Deus seja a raz\u00e3o de alguns pedidos tamb\u00e9m n\u00e3o considerados. Deus \u00e9, naturalmente, bom, mas \u00e9 justo.<\/h4>\n<h4>Sebasti\u00e3o Saraiva<\/h4>\n<h4>M\u00e9dico e Hol\u00f3sofo<\/h4>\n<h4>Site: <a href=\"http:\/\/www.holosofia.com.br\">www.holosofia.com.br<\/a><\/h4>\n","protected":false},"excerpt":{"rendered":"<p>78 \u2013 O PERD\u00c3O Publicado em 01\/03\/2008 &nbsp; \u00a0\u00a0\u00a0\u00a0\u00a0\u00a0\u00a0\u00a0\u00a0\u00a0\u00a0 A vida \u00e9 um caminhar rumo ao aprimoramento. O aprimoramento para a totalidade, n\u00e3o para a perfei\u00e7\u00e3o. A totalidade \u00e9 uma dimens\u00e3o poss\u00edvel e saud\u00e1vel, a perfei\u00e7\u00e3o \u00e9 um ponto inating\u00edvel, um objetivo neur\u00f3tico, como dizia Osho. \u00a0\u00a0\u00a0\u00a0\u00a0\u00a0\u00a0\u00a0\u00a0\u00a0\u00a0 Enquanto caminhamos, realizamos grandes feitos e constru\u00edmos muitos &hellip;<\/p>\n<p class=\"read-more\"> <a class=\"\" href=\"https:\/\/holosofia.com.br\/?page_id=1381\"> <span class=\"screen-reader-text\">Holocoluna &#8211; 0078<\/span> Leia mais &raquo;<\/a><\/p>\n","protected":false},"author":1,"featured_media":0,"parent":0,"menu_order":0,"comment_status":"closed","ping_status":"closed","template":"","meta":{"_bbp_topic_count":0,"_bbp_reply_count":0,"_bbp_total_topic_count":0,"_bbp_total_reply_count":0,"_bbp_voice_count":0,"_bbp_anonymous_reply_count":0,"_bbp_topic_count_hidden":0,"_bbp_reply_count_hidden":0,"_bbp_forum_subforum_count":0,"om_disable_all_campaigns":false,"_uag_custom_page_level_css":"","_mi_skip_tracking":false,"_monsterinsights_sitenote_active":false,"_monsterinsights_sitenote_note":"","_monsterinsights_sitenote_category":0,"site-sidebar-layout":"default","site-content-layout":"default","ast-global-header-display":"","ast-main-header-display":"","ast-hfb-above-header-display":"","ast-hfb-below-header-display":"","ast-hfb-mobile-header-display":"","site-post-title":"","ast-breadcrumbs-content":"","ast-featured-img":"","footer-sml-layout":"","theme-transparent-header-meta":"default","adv-header-id-meta":"","stick-header-meta":"","header-above-stick-meta":"","header-main-stick-meta":"","header-below-stick-meta":"","footnotes":""},"class_list":["post-1381","page","type-page","status-publish","hentry"],"aioseo_notices":[],"uagb_featured_image_src":{"full":false,"thumbnail":false,"medium":false,"medium_large":false,"large":false,"post-slider-thumb-size":false,"1536x1536":false,"2048x2048":false},"uagb_author_info":{"display_name":"solucaopublicidades@hotmail.com","author_link":"https:\/\/holosofia.com.br\/?author=1"},"uagb_comment_info":0,"uagb_excerpt":"78 \u2013 O PERD\u00c3O Publicado em 01\/03\/2008 &nbsp; \u00a0\u00a0\u00a0\u00a0\u00a0\u00a0\u00a0\u00a0\u00a0\u00a0\u00a0 A vida \u00e9 um caminhar rumo ao aprimoramento. O aprimoramento para a totalidade, n\u00e3o para a perfei\u00e7\u00e3o. A totalidade \u00e9 uma dimens\u00e3o poss\u00edvel e saud\u00e1vel, a perfei\u00e7\u00e3o \u00e9 um ponto inating\u00edvel, um objetivo neur\u00f3tico, como dizia Osho. \u00a0\u00a0\u00a0\u00a0\u00a0\u00a0\u00a0\u00a0\u00a0\u00a0\u00a0 Enquanto caminhamos, realizamos grandes feitos e constru\u00edmos muitos&hellip;","_links":{"self":[{"href":"https:\/\/holosofia.com.br\/index.php?rest_route=\/wp\/v2\/pages\/1381","targetHints":{"allow":["GET"]}}],"collection":[{"href":"https:\/\/holosofia.com.br\/index.php?rest_route=\/wp\/v2\/pages"}],"about":[{"href":"https:\/\/holosofia.com.br\/index.php?rest_route=\/wp\/v2\/types\/page"}],"author":[{"embeddable":true,"href":"https:\/\/holosofia.com.br\/index.php?rest_route=\/wp\/v2\/users\/1"}],"replies":[{"embeddable":true,"href":"https:\/\/holosofia.com.br\/index.php?rest_route=%2Fwp%2Fv2%2Fcomments&post=1381"}],"version-history":[{"count":1,"href":"https:\/\/holosofia.com.br\/index.php?rest_route=\/wp\/v2\/pages\/1381\/revisions"}],"predecessor-version":[{"id":1383,"href":"https:\/\/holosofia.com.br\/index.php?rest_route=\/wp\/v2\/pages\/1381\/revisions\/1383"}],"wp:attachment":[{"href":"https:\/\/holosofia.com.br\/index.php?rest_route=%2Fwp%2Fv2%2Fmedia&parent=1381"}],"curies":[{"name":"wp","href":"https:\/\/api.w.org\/{rel}","templated":true}]}}