{"id":1376,"date":"2023-03-25T14:56:22","date_gmt":"2023-03-25T14:56:22","guid":{"rendered":"https:\/\/holosofia.com.br\/?page_id=1376"},"modified":"2023-03-25T14:57:50","modified_gmt":"2023-03-25T14:57:50","slug":"holocoluna-0077","status":"publish","type":"page","link":"https:\/\/holosofia.com.br\/?page_id=1376","title":{"rendered":"Holocoluna &#8211; 0077"},"content":{"rendered":"<ol start=\"77\">\n<li>\n<h3>HUMILDADE<\/h3>\n<\/li>\n<\/ol>\n<h3><\/h3>\n<h3 style=\"text-align: right;\">Publicado em 23\/02\/2008<\/h3>\n<p>&nbsp;<\/p>\n<h4>\u00a0\u00a0\u00a0\u00a0\u00a0\u00a0\u00a0\u00a0\u00a0\u00a0\u00a0 Certa vez chegou ao mosteiro um jovem para se tornar monge. O jovem era de fam\u00edlia rica, mas admirava a vida de ermit\u00e3o.<\/h4>\n<h4>\u00a0\u00a0\u00a0\u00a0\u00a0\u00a0\u00a0\u00a0\u00a0\u00a0\u00a0 No primeiro momento o rec\u00e9m-chegado se apresenta ao mestre e fala da sua disposi\u00e7\u00e3o em se juntar aos demais disc\u00edpulos.<\/h4>\n<h4>Ent\u00e3o, o mestre sugere que o rapaz execute a limpeza dos banheiros como a sua primeira atividade rumo ao objetivo proposto.<\/h4>\n<h4>\u00a0\u00a0\u00a0\u00a0\u00a0\u00a0\u00a0\u00a0\u00a0\u00a0\u00a0 O jovem, ao adentrar o recinto pr\u00f3prio para a realiza\u00e7\u00e3o das necessidades fisiol\u00f3gicas, se v\u00ea numa situa\u00e7\u00e3o extremamente constrangedora para a sua condi\u00e7\u00e3o de pessoa bem sucedida, pois, al\u00e9m do mau cheiro e da pouca higiene local, encontra ali apenas \u00e1gua e uma vassoura quase sem p\u00ealos, e, mesmo assim, com o cabo quebrado, o que lhe obrigaria a se curvar sobre a sujeira enquanto limpasse.<\/h4>\n<h4>O rapaz pensa duas vezes, e resolve ir at\u00e9 o mestre para expor o seu ponto de vista.<\/h4>\n<h4>&#8211; Mestre, desculpe, mas eu gostaria de executar uma tarefa de n\u00edvel melhor. Sinceramente, n\u00e3o estou preparado para trabalhos desta natureza.<\/h4>\n<h4>&#8211; Ent\u00e3o volte para casa, este n\u00e3o \u00e9 o seu momento. Se voc\u00ea ainda n\u00e3o se acha preparado para uma simples limpeza de banheiros, como poderia estar preparado para se tornar um disc\u00edpulo?<\/h4>\n<h4>Infelizmente, as pessoas, quase sempre, est\u00e3o focadas nos resultados finais e esquecem o longo e tortuoso caminho a percorrer.<\/h4>\n<h4>A posi\u00e7\u00e3o de mestre \u00e9 bonita, admir\u00e1vel e sedutora, pois passa a id\u00e9ia de algu\u00e9m que consegue equacionar os problemas da vida e desfrutar a felicidade de forma tranq\u00fcila e serena. E isto \u00e9 verdade. S\u00f3 que para isso o mestre transcendeu grandes obst\u00e1culos. N\u00e3o obst\u00e1culos externos e identific\u00e1veis racionalmente, mas obst\u00e1culos interiores armazenados, inconscientemente, ao longo da vida.<\/h4>\n<h4>Dentre os grandes obst\u00e1culos para o crescimento interior est\u00e3o a arrog\u00e2ncia e a prepot\u00eancia; a primeira decorre do orgulho excessivo, e a segunda do sentir-se com poder.<\/h4>\n<h4>Contudo, a humildade, como as demais virtudes, \u00e9 poss\u00edvel aprender conscientemente, desde que haja boa vontade e determina\u00e7\u00e3o.<\/h4>\n<h4>\u00a0\u00a0\u00a0\u00a0\u00a0\u00a0\u00a0\u00a0\u00a0\u00a0\u00a0 O exerc\u00edcio da humildade \u00e9 uma experi\u00eancia edificante, e requer a ren\u00fancia de muitos \u201cvalores\u201d concebidos pela maioria das pessoas de todas as sociedades do mundo.<\/h4>\n<h4>O exemplo maior de humildade est\u00e1 em Jesus, especialmente nos \u00faltimos minutos da sua crucifica\u00e7\u00e3o, quando assim se expressou: \u201cOh Pai, perdoa-os, eles n\u00e3o sabem o que fazem.\u201d<\/h4>\n<h4>Com estas palavras, Jesus n\u00e3o quis simplesmente ressaltar a sua humildade consciente, mas, principalmente, demonstrar que o amor ao pr\u00f3ximo tem na humildade a sua \u00fanica e verdadeira fonte.<\/h4>\n<h4><\/h4>\n<h4 style=\"text-align: right;\">Sebasti\u00e3o Saraiva<\/h4>\n<h4 style=\"text-align: right;\">M\u00e9dico e Hol\u00f3sofo<\/h4>\n<h4 style=\"text-align: right;\">Site: <a href=\"http:\/\/www.holosofia.com.br\">www.holosofia.com.br<\/a><\/h4>\n","protected":false},"excerpt":{"rendered":"<p>HUMILDADE Publicado em 23\/02\/2008 &nbsp; \u00a0\u00a0\u00a0\u00a0\u00a0\u00a0\u00a0\u00a0\u00a0\u00a0\u00a0 Certa vez chegou ao mosteiro um jovem para se tornar monge. O jovem era de fam\u00edlia rica, mas admirava a vida de ermit\u00e3o. \u00a0\u00a0\u00a0\u00a0\u00a0\u00a0\u00a0\u00a0\u00a0\u00a0\u00a0 No primeiro momento o rec\u00e9m-chegado se apresenta ao mestre e fala da sua disposi\u00e7\u00e3o em se juntar aos demais disc\u00edpulos. Ent\u00e3o, o mestre sugere que &hellip;<\/p>\n<p class=\"read-more\"> <a class=\"\" href=\"https:\/\/holosofia.com.br\/?page_id=1376\"> <span class=\"screen-reader-text\">Holocoluna &#8211; 0077<\/span> Leia mais &raquo;<\/a><\/p>\n","protected":false},"author":1,"featured_media":0,"parent":0,"menu_order":0,"comment_status":"closed","ping_status":"closed","template":"","meta":{"_bbp_topic_count":0,"_bbp_reply_count":0,"_bbp_total_topic_count":0,"_bbp_total_reply_count":0,"_bbp_voice_count":0,"_bbp_anonymous_reply_count":0,"_bbp_topic_count_hidden":0,"_bbp_reply_count_hidden":0,"_bbp_forum_subforum_count":0,"om_disable_all_campaigns":false,"_uag_custom_page_level_css":"","_mi_skip_tracking":false,"_monsterinsights_sitenote_active":false,"_monsterinsights_sitenote_note":"","_monsterinsights_sitenote_category":0,"site-sidebar-layout":"default","site-content-layout":"default","ast-global-header-display":"","ast-main-header-display":"","ast-hfb-above-header-display":"","ast-hfb-below-header-display":"","ast-hfb-mobile-header-display":"","site-post-title":"","ast-breadcrumbs-content":"","ast-featured-img":"","footer-sml-layout":"","theme-transparent-header-meta":"default","adv-header-id-meta":"","stick-header-meta":"","header-above-stick-meta":"","header-main-stick-meta":"","header-below-stick-meta":"","footnotes":""},"class_list":["post-1376","page","type-page","status-publish","hentry"],"aioseo_notices":[],"uagb_featured_image_src":{"full":false,"thumbnail":false,"medium":false,"medium_large":false,"large":false,"post-slider-thumb-size":false,"1536x1536":false,"2048x2048":false},"uagb_author_info":{"display_name":"solucaopublicidades@hotmail.com","author_link":"https:\/\/holosofia.com.br\/?author=1"},"uagb_comment_info":0,"uagb_excerpt":"HUMILDADE Publicado em 23\/02\/2008 &nbsp; \u00a0\u00a0\u00a0\u00a0\u00a0\u00a0\u00a0\u00a0\u00a0\u00a0\u00a0 Certa vez chegou ao mosteiro um jovem para se tornar monge. O jovem era de fam\u00edlia rica, mas admirava a vida de ermit\u00e3o. \u00a0\u00a0\u00a0\u00a0\u00a0\u00a0\u00a0\u00a0\u00a0\u00a0\u00a0 No primeiro momento o rec\u00e9m-chegado se apresenta ao mestre e fala da sua disposi\u00e7\u00e3o em se juntar aos demais disc\u00edpulos. Ent\u00e3o, o mestre sugere que&hellip;","_links":{"self":[{"href":"https:\/\/holosofia.com.br\/index.php?rest_route=\/wp\/v2\/pages\/1376","targetHints":{"allow":["GET"]}}],"collection":[{"href":"https:\/\/holosofia.com.br\/index.php?rest_route=\/wp\/v2\/pages"}],"about":[{"href":"https:\/\/holosofia.com.br\/index.php?rest_route=\/wp\/v2\/types\/page"}],"author":[{"embeddable":true,"href":"https:\/\/holosofia.com.br\/index.php?rest_route=\/wp\/v2\/users\/1"}],"replies":[{"embeddable":true,"href":"https:\/\/holosofia.com.br\/index.php?rest_route=%2Fwp%2Fv2%2Fcomments&post=1376"}],"version-history":[{"count":1,"href":"https:\/\/holosofia.com.br\/index.php?rest_route=\/wp\/v2\/pages\/1376\/revisions"}],"predecessor-version":[{"id":1377,"href":"https:\/\/holosofia.com.br\/index.php?rest_route=\/wp\/v2\/pages\/1376\/revisions\/1377"}],"wp:attachment":[{"href":"https:\/\/holosofia.com.br\/index.php?rest_route=%2Fwp%2Fv2%2Fmedia&parent=1376"}],"curies":[{"name":"wp","href":"https:\/\/api.w.org\/{rel}","templated":true}]}}