{"id":1370,"date":"2023-03-25T14:53:33","date_gmt":"2023-03-25T14:53:33","guid":{"rendered":"https:\/\/holosofia.com.br\/?page_id=1370"},"modified":"2023-03-25T14:55:15","modified_gmt":"2023-03-25T14:55:15","slug":"holocoluna-0076","status":"publish","type":"page","link":"https:\/\/holosofia.com.br\/?page_id=1370","title":{"rendered":"Holocoluna &#8211; 0076"},"content":{"rendered":"<ol start=\"76\">\n<li>\n<h3>FELICIDADE<\/h3>\n<\/li>\n<\/ol>\n<h3><\/h3>\n<h3 style=\"text-align: right;\">Publicado em 09\/02\/2008<\/h3>\n<p>&nbsp;<\/p>\n<h4>\u00a0\u00a0\u00a0\u00a0\u00a0\u00a0\u00a0\u00a0\u00a0\u00a0\u00a0 O filho, que se preparava para prestar o exame vestibular e ingressar na Faculdade de Engenharia, deixava a fam\u00edlia inteira na expectativa. Os pais j\u00e1 haviam passado por experi\u00eancia semelhante, portanto, sabiam, quase exatamente, o que significava tal empreitada. O pai era m\u00e9dico e a m\u00e3e psic\u00f3loga.<\/h4>\n<h4>\u00a0\u00a0\u00a0\u00a0\u00a0\u00a0\u00a0\u00a0\u00a0\u00a0\u00a0 Numa situa\u00e7\u00e3o como esta \u00e9 dispens\u00e1vel dizer o quanto o casal estimulava o filho a se concentrar nos estudos.\u00a0 Os pais, tamb\u00e9m, rezavam diariamente pela aprova\u00e7\u00e3o do filho.<\/h4>\n<h4>\u00a0\u00a0\u00a0\u00a0\u00a0\u00a0\u00a0\u00a0\u00a0\u00a0\u00a0 O filho fez as provas e ficou aguardando o resultado, que sairia em uma semana. Ali\u00e1s, uma semana que se tornou um s\u00e9culo para os tr\u00eas.<\/h4>\n<h4>\u00a0\u00a0\u00a0\u00a0\u00a0\u00a0\u00a0\u00a0\u00a0\u00a0\u00a0 Finalmente, saiu o resultado: \u201caprovado.\u201d<\/h4>\n<h4>\u00a0\u00a0\u00a0\u00a0\u00a0\u00a0\u00a0\u00a0\u00a0\u00a0\u00a0 Que felicidade!<\/h4>\n<h4>\u00a0\u00a0\u00a0\u00a0\u00a0\u00a0\u00a0\u00a0\u00a0\u00a0\u00a0 O marido desempregado j\u00e1 iria entrar para o quinto m\u00eas de exaustiva procura de trabalho e distribui\u00e7\u00e3o do curr\u00edculo. Ele, a esposa e seus quatro filhos menores rezavam muito, at\u00e9 resolveram fazer uma promessa: deixar a TV desligada por trinta dias.<\/h4>\n<h4>\u00a0\u00a0\u00a0\u00a0\u00a0\u00a0\u00a0\u00a0\u00a0\u00a0\u00a0 Depois de alguns dias, o telefone tocou e algu\u00e9m confirmara o novo emprego.<\/h4>\n<h4>\u00a0\u00a0\u00a0\u00a0\u00a0\u00a0\u00a0\u00a0\u00a0\u00a0\u00a0 Que felicidade!<\/h4>\n<h4>\u00a0\u00a0\u00a0\u00a0\u00a0\u00a0\u00a0\u00a0\u00a0\u00a0\u00a0 A esposa, uma senhora de cinq\u00fcenta e oito anos, percebeu um caro\u00e7o na mama esquerda. Logo, mostrou ao marido. Este partilhou o fato com os dois filhos, ele dentista, e ela enfermeira rec\u00e9m-formada.<\/h4>\n<h4>\u00a0Imediatamente providenciaram uma consulta ao especialista, o qual solicitou ultra-sonografia e retirada do material para bi\u00f3psia. O resultado seria conhecido em tr\u00eas dias.<\/h4>\n<h4>\u00a0\u00a0\u00a0\u00a0\u00a0\u00a0\u00a0\u00a0\u00a0\u00a0\u00a0 O pavor pela possibilidade de uma les\u00e3o maligna tomou conta da fam\u00edlia.<\/h4>\n<h4>\u00a0\u00a0\u00a0\u00a0\u00a0\u00a0\u00a0\u00a0\u00a0\u00a0\u00a0 Nas primeiras horas do terceiro dia o telefone toca e o m\u00e9dico informa: o resultado saiu, \u00e9 apenas um cisto. Parab\u00e9ns!<\/h4>\n<h4>\u00a0\u00a0\u00a0\u00a0\u00a0\u00a0\u00a0\u00a0\u00a0\u00a0\u00a0 Que felicidade!<\/h4>\n<h4>\u00a0\u00a0\u00a0\u00a0\u00a0\u00a0\u00a0\u00a0\u00a0\u00a0\u00a0 Depois dos exemplos acima, h\u00e1 de se perguntar: o que \u00e9 felicidade?<\/h4>\n<h4>\u00a0\u00a0\u00a0\u00a0\u00a0\u00a0\u00a0\u00a0\u00a0\u00a0\u00a0 A felicidade \u00e9 um sentimento indefin\u00edvel, \u00e9 algo que acontece no \u00edntimo da pessoa, no esp\u00edrito do feliz.<\/h4>\n<h4>Num sentido mais profundo concordamos com Osho, um s\u00e1bio indiano, que diz: \u201cse a tua felicidade tem uma raz\u00e3o ela \u00e9 passageira, se n\u00e3o a tem, \u00e9 eterna.\u201d<\/h4>\n<h4>A felicidade \u00e9 uma quest\u00e3o de consci\u00eancia, \u00e9 voc\u00ea ter consci\u00eancia holo-existencial, ou seja, \u00e9 voc\u00ea reconhecer o sentido e o valor de todo o Universo, inclusive o seu e o do pr\u00f3ximo no referido contexto. \u00c9 a partir dessa consci\u00eancia que voc\u00ea se d\u00e1 conta da magnitude da cria\u00e7\u00e3o Universal e descobre Deus. O seu Deus interior.<\/h4>\n<h4>Assim, voc\u00ea se tornar\u00e1 uma pessoa capaz de identificar maravilhas nas m\u00ednimas coisas da vida, e se sentir feliz por isso.<\/h4>\n<h4>Em sendo a vida uma d\u00e1diva divina, s\u00f3 estar vivo j\u00e1 \u00e9 motivo de felicidade, se tivermos tal consci\u00eancia.<\/h4>\n<p>&nbsp;<\/p>\n<h4 style=\"text-align: right;\">Sebasti\u00e3o Saraiva<\/h4>\n<h4 style=\"text-align: right;\">M\u00e9dico e Hol\u00f3sofo<\/h4>\n<h4 style=\"text-align: right;\">Site: <a href=\"http:\/\/www.holosofia.com.br\">www.holosofia.com.br<\/a><\/h4>\n","protected":false},"excerpt":{"rendered":"<p>FELICIDADE Publicado em 09\/02\/2008 &nbsp; \u00a0\u00a0\u00a0\u00a0\u00a0\u00a0\u00a0\u00a0\u00a0\u00a0\u00a0 O filho, que se preparava para prestar o exame vestibular e ingressar na Faculdade de Engenharia, deixava a fam\u00edlia inteira na expectativa. Os pais j\u00e1 haviam passado por experi\u00eancia semelhante, portanto, sabiam, quase exatamente, o que significava tal empreitada. O pai era m\u00e9dico e a m\u00e3e psic\u00f3loga. \u00a0\u00a0\u00a0\u00a0\u00a0\u00a0\u00a0\u00a0\u00a0\u00a0\u00a0 Numa &hellip;<\/p>\n<p class=\"read-more\"> <a class=\"\" href=\"https:\/\/holosofia.com.br\/?page_id=1370\"> <span class=\"screen-reader-text\">Holocoluna &#8211; 0076<\/span> Leia mais &raquo;<\/a><\/p>\n","protected":false},"author":1,"featured_media":0,"parent":0,"menu_order":0,"comment_status":"closed","ping_status":"closed","template":"","meta":{"_bbp_topic_count":0,"_bbp_reply_count":0,"_bbp_total_topic_count":0,"_bbp_total_reply_count":0,"_bbp_voice_count":0,"_bbp_anonymous_reply_count":0,"_bbp_topic_count_hidden":0,"_bbp_reply_count_hidden":0,"_bbp_forum_subforum_count":0,"om_disable_all_campaigns":false,"_uag_custom_page_level_css":"","_mi_skip_tracking":false,"_monsterinsights_sitenote_active":false,"_monsterinsights_sitenote_note":"","_monsterinsights_sitenote_category":0,"site-sidebar-layout":"default","site-content-layout":"default","ast-global-header-display":"","ast-main-header-display":"","ast-hfb-above-header-display":"","ast-hfb-below-header-display":"","ast-hfb-mobile-header-display":"","site-post-title":"","ast-breadcrumbs-content":"","ast-featured-img":"","footer-sml-layout":"","theme-transparent-header-meta":"default","adv-header-id-meta":"","stick-header-meta":"","header-above-stick-meta":"","header-main-stick-meta":"","header-below-stick-meta":"","footnotes":""},"class_list":["post-1370","page","type-page","status-publish","hentry"],"aioseo_notices":[],"uagb_featured_image_src":{"full":false,"thumbnail":false,"medium":false,"medium_large":false,"large":false,"post-slider-thumb-size":false,"1536x1536":false,"2048x2048":false},"uagb_author_info":{"display_name":"solucaopublicidades@hotmail.com","author_link":"https:\/\/holosofia.com.br\/?author=1"},"uagb_comment_info":0,"uagb_excerpt":"FELICIDADE Publicado em 09\/02\/2008 &nbsp; \u00a0\u00a0\u00a0\u00a0\u00a0\u00a0\u00a0\u00a0\u00a0\u00a0\u00a0 O filho, que se preparava para prestar o exame vestibular e ingressar na Faculdade de Engenharia, deixava a fam\u00edlia inteira na expectativa. Os pais j\u00e1 haviam passado por experi\u00eancia semelhante, portanto, sabiam, quase exatamente, o que significava tal empreitada. O pai era m\u00e9dico e a m\u00e3e psic\u00f3loga. \u00a0\u00a0\u00a0\u00a0\u00a0\u00a0\u00a0\u00a0\u00a0\u00a0\u00a0 Numa&hellip;","_links":{"self":[{"href":"https:\/\/holosofia.com.br\/index.php?rest_route=\/wp\/v2\/pages\/1370","targetHints":{"allow":["GET"]}}],"collection":[{"href":"https:\/\/holosofia.com.br\/index.php?rest_route=\/wp\/v2\/pages"}],"about":[{"href":"https:\/\/holosofia.com.br\/index.php?rest_route=\/wp\/v2\/types\/page"}],"author":[{"embeddable":true,"href":"https:\/\/holosofia.com.br\/index.php?rest_route=\/wp\/v2\/users\/1"}],"replies":[{"embeddable":true,"href":"https:\/\/holosofia.com.br\/index.php?rest_route=%2Fwp%2Fv2%2Fcomments&post=1370"}],"version-history":[{"count":2,"href":"https:\/\/holosofia.com.br\/index.php?rest_route=\/wp\/v2\/pages\/1370\/revisions"}],"predecessor-version":[{"id":1375,"href":"https:\/\/holosofia.com.br\/index.php?rest_route=\/wp\/v2\/pages\/1370\/revisions\/1375"}],"wp:attachment":[{"href":"https:\/\/holosofia.com.br\/index.php?rest_route=%2Fwp%2Fv2%2Fmedia&parent=1370"}],"curies":[{"name":"wp","href":"https:\/\/api.w.org\/{rel}","templated":true}]}}