{"id":1365,"date":"2023-03-25T14:50:54","date_gmt":"2023-03-25T14:50:54","guid":{"rendered":"https:\/\/holosofia.com.br\/?page_id=1365"},"modified":"2023-03-25T14:50:54","modified_gmt":"2023-03-25T14:50:54","slug":"holocoluna-0075","status":"publish","type":"page","link":"https:\/\/holosofia.com.br\/?page_id=1365","title":{"rendered":"Holocoluna &#8211; 0075"},"content":{"rendered":"<ol start=\"75\">\n<li>\n<h3>AMIGO<\/h3>\n<\/li>\n<\/ol>\n<h3><\/h3>\n<h3 style=\"text-align: right;\">Publicado em 02\/02\/2008<\/h3>\n<p>&nbsp;<\/p>\n<h4>O ser humano \u00e9 um animal social; ele sente necessidade de viver em companhia de seus semelhantes, a come\u00e7ar pelos seus familiares, em especial a sua m\u00e3e.<\/h4>\n<h4>A conviv\u00eancia harm\u00f4nica entre a m\u00e3e e o beb\u00ea, ainda na vida intrauterina, proporciona a este a cria\u00e7\u00e3o e o desenvolvimento da sua afetividade. Esta harmonia, ap\u00f3s o nascimento, se traduz, fundamentalmente, pela pr\u00e1tica da amamenta\u00e7\u00e3o espont\u00e2nea, e por tempo mais demorado, em situa\u00e7\u00f5es normais de sa\u00fade de ambos.<\/h4>\n<h4>O la\u00e7o de afeto criado pelo beb\u00ea na sua rela\u00e7\u00e3o com a m\u00e3e vir\u00e1 se constituir na sua matriz afetiva, a qual se diferenciar\u00e1 nas modalidades de afetos correspondentes \u00e0s diferentes rela\u00e7\u00f5es a ser estabelecidas com o mundo externo ao longo da vida do indiv\u00edduo, seja com as demais pessoas, com os animais ou com as plantas.<\/h4>\n<h4>Tal afirmativa vem ressaltar a import\u00e2ncia e a repercuss\u00e3o positiva da boa matriz afetiva no desenvolvimento e consolida\u00e7\u00e3o do sentimento amoroso do ser humano.<\/h4>\n<h4>O sentimento amoroso permeia tanto o plano emocional quanto o racional, e o seu ponto de equil\u00edbrio \u00e9 a amizade. O equil\u00edbrio lembra sa\u00fade. Logo, ser saud\u00e1vel \u00e9 ser amigo.<\/h4>\n<h4>O amigo \u00e9 aquele que aceita o outro na sua forma original, sem pretender adicionar ou excluir algo, e ainda, se felicita com felicidade alheia.<\/h4>\n<h4>Portanto, assumir a postura de verdadeiro amigo requer maturidade e consci\u00eancia suficientes para reconhecer a transpar\u00eancia, a solidariedade e a cumplicidade como valores pr\u00f3prios da amizade.<\/h4>\n<h4>Conv\u00e9m sublinhar que as rela\u00e7\u00f5es amorosas s\u00e3o, quase sempre, recheadas com momentos de grandes turbul\u00eancias, e isto acontece pelo fato do sentimento afetivo de uma ou de ambas as partes envolvidas habitar preponderantemente um dos planos, emocional ou racional, dando lugar \u00e0 competi\u00e7\u00e3o, \u00e0 domina\u00e7\u00e3o e \u00e0 manipula\u00e7\u00e3o.<\/h4>\n<h4>O casal encontrar\u00e1 na amizade a consolida\u00e7\u00e3o da afetividade que um nutre pelo outro, ocasi\u00e3o em que o companheirismo e a admira\u00e7\u00e3o m\u00fatua estar\u00e3o unidos em nome da paz. A paz exala o aroma da felicidade e d\u00e1 o real sentido ao relacionamento.<\/h4>\n<h4>Extrapolando o \u00e2mbito familiar, as rela\u00e7\u00f5es com os colegas de trabalho ou mesmo nos meios sociais guardam vari\u00e1veis graus de afetividade, e quando surgem situa\u00e7\u00f5es capazes de aprofundar essa afetividade, o amigo se revela.<\/h4>\n<h4>O indiv\u00edduo que se relaciona com os animais ou com as plantas, prestando aten\u00e7\u00e3o aos detalhes e se deixando envolver naturalmente, logo se sentir\u00e1 transformado num amigo de todos. \u00c9 antigo o aforismo: o c\u00e3o \u00e9 o melhor amigo do homem.<\/h4>\n<h4>Tamb\u00e9m, h\u00e1 quem diga que amigo \u00e9 aquele desinteressado pelo ter do outro. Talvez, por isso, algu\u00e9m tenha dito que o c\u00e3o s\u00f3 \u00e9 o melhor amigo do homem porque n\u00e3o conhece dinheiro.<\/h4>\n<h4>\u00a0De qualquer forma, podemos sonhar com a transforma\u00e7\u00e3o do mundo num para\u00edso, a partir do momento em que cada um de n\u00f3s se permita tornar-se amigo.<\/h4>\n<p>&nbsp;<\/p>\n<h4 style=\"text-align: right;\">Sebasti\u00e3o Saraiva<\/h4>\n<h4 style=\"text-align: right;\">M\u00e9dico e Hol\u00f3sofo<\/h4>\n<h4 style=\"text-align: right;\">Site: <a href=\"http:\/\/www.holosofia.com.br\">www.holosofia.com.br<\/a><\/h4>\n","protected":false},"excerpt":{"rendered":"<p>AMIGO Publicado em 02\/02\/2008 &nbsp; O ser humano \u00e9 um animal social; ele sente necessidade de viver em companhia de seus semelhantes, a come\u00e7ar pelos seus familiares, em especial a sua m\u00e3e. A conviv\u00eancia harm\u00f4nica entre a m\u00e3e e o beb\u00ea, ainda na vida intrauterina, proporciona a este a cria\u00e7\u00e3o e o desenvolvimento da sua &hellip;<\/p>\n<p class=\"read-more\"> <a class=\"\" href=\"https:\/\/holosofia.com.br\/?page_id=1365\"> <span class=\"screen-reader-text\">Holocoluna &#8211; 0075<\/span> Leia mais &raquo;<\/a><\/p>\n","protected":false},"author":1,"featured_media":0,"parent":0,"menu_order":0,"comment_status":"closed","ping_status":"closed","template":"","meta":{"_bbp_topic_count":0,"_bbp_reply_count":0,"_bbp_total_topic_count":0,"_bbp_total_reply_count":0,"_bbp_voice_count":0,"_bbp_anonymous_reply_count":0,"_bbp_topic_count_hidden":0,"_bbp_reply_count_hidden":0,"_bbp_forum_subforum_count":0,"om_disable_all_campaigns":false,"_uag_custom_page_level_css":"","_mi_skip_tracking":false,"_monsterinsights_sitenote_active":false,"_monsterinsights_sitenote_note":"","_monsterinsights_sitenote_category":0,"site-sidebar-layout":"default","site-content-layout":"default","ast-global-header-display":"","ast-main-header-display":"","ast-hfb-above-header-display":"","ast-hfb-below-header-display":"","ast-hfb-mobile-header-display":"","site-post-title":"","ast-breadcrumbs-content":"","ast-featured-img":"","footer-sml-layout":"","theme-transparent-header-meta":"default","adv-header-id-meta":"","stick-header-meta":"","header-above-stick-meta":"","header-main-stick-meta":"","header-below-stick-meta":"","footnotes":""},"class_list":["post-1365","page","type-page","status-publish","hentry"],"aioseo_notices":[],"uagb_featured_image_src":{"full":false,"thumbnail":false,"medium":false,"medium_large":false,"large":false,"post-slider-thumb-size":false,"1536x1536":false,"2048x2048":false},"uagb_author_info":{"display_name":"solucaopublicidades@hotmail.com","author_link":"https:\/\/holosofia.com.br\/?author=1"},"uagb_comment_info":0,"uagb_excerpt":"AMIGO Publicado em 02\/02\/2008 &nbsp; O ser humano \u00e9 um animal social; ele sente necessidade de viver em companhia de seus semelhantes, a come\u00e7ar pelos seus familiares, em especial a sua m\u00e3e. A conviv\u00eancia harm\u00f4nica entre a m\u00e3e e o beb\u00ea, ainda na vida intrauterina, proporciona a este a cria\u00e7\u00e3o e o desenvolvimento da sua&hellip;","_links":{"self":[{"href":"https:\/\/holosofia.com.br\/index.php?rest_route=\/wp\/v2\/pages\/1365","targetHints":{"allow":["GET"]}}],"collection":[{"href":"https:\/\/holosofia.com.br\/index.php?rest_route=\/wp\/v2\/pages"}],"about":[{"href":"https:\/\/holosofia.com.br\/index.php?rest_route=\/wp\/v2\/types\/page"}],"author":[{"embeddable":true,"href":"https:\/\/holosofia.com.br\/index.php?rest_route=\/wp\/v2\/users\/1"}],"replies":[{"embeddable":true,"href":"https:\/\/holosofia.com.br\/index.php?rest_route=%2Fwp%2Fv2%2Fcomments&post=1365"}],"version-history":[{"count":1,"href":"https:\/\/holosofia.com.br\/index.php?rest_route=\/wp\/v2\/pages\/1365\/revisions"}],"predecessor-version":[{"id":1366,"href":"https:\/\/holosofia.com.br\/index.php?rest_route=\/wp\/v2\/pages\/1365\/revisions\/1366"}],"wp:attachment":[{"href":"https:\/\/holosofia.com.br\/index.php?rest_route=%2Fwp%2Fv2%2Fmedia&parent=1365"}],"curies":[{"name":"wp","href":"https:\/\/api.w.org\/{rel}","templated":true}]}}