{"id":1269,"date":"2023-02-07T01:53:31","date_gmt":"2023-02-07T01:53:31","guid":{"rendered":"https:\/\/holosofia.com.br\/?page_id=1269"},"modified":"2023-03-25T14:28:34","modified_gmt":"2023-03-25T14:28:34","slug":"holocoluna-0071","status":"publish","type":"page","link":"https:\/\/holosofia.com.br\/?page_id=1269","title":{"rendered":"Holocoluna &#8211; 0071"},"content":{"rendered":"<ol start=\"71\">\n<li>\n<h3>O IDOSO<\/h3>\n<\/li>\n<\/ol>\n<h3 style=\"text-align: right;\">Publicado em 08\/12\/2007<\/h3>\n<p>&nbsp;<\/p>\n<h4>Como vimos no artigo anterior, a vida extrauterina tem in\u00edcio com o RN e termina com o idoso. Esses dois p\u00f3los guardam semelhan\u00e7as entre si.<\/h4>\n<h4>Enquanto o RN se apresenta dependente pela sua imaturidade neuro- ps\u00edquico-motora, o idoso se torna semi-dependente pela p\u00f3s-maturidade desses segmentos. Por isso, ambos necessitam e merecem aten\u00e7\u00e3o especial.<\/h4>\n<h4>A Pessoa idosa expressa pelas rugas da pele e pelo branco dos cabelos o ac\u00famulo dos anos vividos. Tamb\u00e9m, mostra, pela suavidade dos movimentos corporais e pelas falhas eventuais da mem\u00f3ria, o quanto esgotou as suas energias. Energias f\u00edsicas, mentais, emocionais e espirituais.<\/h4>\n<h4>O esgotamento energ\u00e9tico f\u00edsico, mental e emocional se d\u00e1 pela execu\u00e7\u00e3o cont\u00ednua dos trabalhos celulares dos diferentes \u00f3rg\u00e3os do indiv\u00edduo ao longo da vida. O esgotamento energ\u00e9tico espiritual, dependendo do n\u00edvel de consci\u00eancia individual, pode ocorrer, mas pode inexistir ou at\u00e9 se reverter em ac\u00famulo de energia.<\/h4>\n<h4>O esgotamento energ\u00e9tico verificado no organismo do idoso n\u00e3o se trata de um esgotamento energ\u00e9tico puro e simples, na verdade, aconteceram transforma\u00e7\u00f5es e, simultaneamente, transfer\u00eancias e trocas energ\u00e9ticas. No Universo tudo se transforma!<\/h4>\n<h4>A energia do idoso foi transformada, transferida e compartilhada com todos os setores de sua rela\u00e7\u00e3o existencial \u2013 <em>c\u00f4njuge, prole, familiares, amigos, colegas de trabalho.<\/em><\/h4>\n<h4>O c\u00f4njuge inicialmente compartilha energias diferentes, por isso a rela\u00e7\u00e3o \u00e9 mais vigorosa; com o tempo as energias individuais se assemelham, e j\u00e1 n\u00e3o h\u00e1 mais troca, apenas o fluxo de uma mesma energia de um para o outro, da\u00ed o \u201crelax\u201d relacional.<\/h4>\n<h4>Em cada filho h\u00e1 uma matriz energ\u00e9tica, trazida dos pais. O aspecto \u201ccuidar do filho\u201d exige a cria\u00e7\u00e3o de um campo magn\u00e9tico-emocional que consome grande carga energ\u00e9tica dos pais, destacando-se o item \u201cpreocupa\u00e7\u00e3o\u201d, seja em rela\u00e7\u00e3o ao comportamento, \u00e0 seguran\u00e7a-integridade ou ao futuro do mesmo.<\/h4>\n<h4>A exist\u00eancia de algum membro da fam\u00edlia n\u00e3o-nuclear que venha exigir maior cuidado ou preocupa\u00e7\u00e3o termina por se tornar um verdadeiro \u201cvampiro\u201d energ\u00e9tico dos pais ou do(a) vov\u00f4(\u00f3). Tal vampirismo pode se encontrar tamb\u00e9m nas rela\u00e7\u00f5es sociais e profissionais.<\/h4>\n<h4>As decep\u00e7\u00f5es acumuladas no campo amoroso assim como a insatisfa\u00e7\u00e3o pela n\u00e3o-afinidade com a profiss\u00e3o escolhida, mas exercida indefinidamente, aceleram o esgotamento energ\u00e9tico e geram no idoso muita tristeza.<\/h4>\n<h4>A tristeza encontra na ociosidade imposta pela aposentadoria a oportunidade para galgar o t\u00edtulo de depress\u00e3o. Este diagn\u00f3stico \u00e9 cada vez mais freq\u00fcente entre os idosos.<\/h4>\n<h4>Quase sempre o sal\u00e1rio do idoso aposentado \u00e9 corro\u00eddo pela cesta b\u00e1sica de medicamentos, o que lhe deixa de baixo astral, piorando o seu relacionamento com os familiares mais jovens, quase sempre assoberbados pelas tarefas di\u00e1rias. O idoso sente-se muito solit\u00e1rio.<\/h4>\n<h4>Lembremos, pois, que a aten\u00e7\u00e3o dispensada ao idoso \u00e9 capaz de ressuscit\u00e1-lo das cinzas.<\/h4>\n<h4>Parte da sua energia veio do seu idoso, aproxime-se mais dele enquanto h\u00e1 tempo.<\/h4>\n<h4 style=\"text-align: right;\"><em>Sebasti\u00e3o Saraiva<\/em><\/h4>\n<h4 style=\"text-align: right;\"><em>M\u00e9dico e Hol\u00f3sofo<\/em><\/h4>\n","protected":false},"excerpt":{"rendered":"<p>O IDOSO Publicado em 08\/12\/2007 &nbsp; Como vimos no artigo anterior, a vida extrauterina tem in\u00edcio com o RN e termina com o idoso. Esses dois p\u00f3los guardam semelhan\u00e7as entre si. Enquanto o RN se apresenta dependente pela sua imaturidade neuro- ps\u00edquico-motora, o idoso se torna semi-dependente pela p\u00f3s-maturidade desses segmentos. Por isso, ambos necessitam &hellip;<\/p>\n<p class=\"read-more\"> <a class=\"\" href=\"https:\/\/holosofia.com.br\/?page_id=1269\"> <span class=\"screen-reader-text\">Holocoluna &#8211; 0071<\/span> Leia mais &raquo;<\/a><\/p>\n","protected":false},"author":1,"featured_media":0,"parent":0,"menu_order":0,"comment_status":"closed","ping_status":"closed","template":"","meta":{"_bbp_topic_count":0,"_bbp_reply_count":0,"_bbp_total_topic_count":0,"_bbp_total_reply_count":0,"_bbp_voice_count":0,"_bbp_anonymous_reply_count":0,"_bbp_topic_count_hidden":0,"_bbp_reply_count_hidden":0,"_bbp_forum_subforum_count":0,"om_disable_all_campaigns":false,"_uag_custom_page_level_css":"","_mi_skip_tracking":false,"_monsterinsights_sitenote_active":false,"_monsterinsights_sitenote_note":"","_monsterinsights_sitenote_category":0,"site-sidebar-layout":"default","site-content-layout":"default","ast-global-header-display":"","ast-main-header-display":"","ast-hfb-above-header-display":"","ast-hfb-below-header-display":"","ast-hfb-mobile-header-display":"","site-post-title":"","ast-breadcrumbs-content":"","ast-featured-img":"","footer-sml-layout":"","theme-transparent-header-meta":"default","adv-header-id-meta":"","stick-header-meta":"","header-above-stick-meta":"","header-main-stick-meta":"","header-below-stick-meta":"","footnotes":""},"class_list":["post-1269","page","type-page","status-publish","hentry"],"aioseo_notices":[],"uagb_featured_image_src":{"full":false,"thumbnail":false,"medium":false,"medium_large":false,"large":false,"post-slider-thumb-size":false,"1536x1536":false,"2048x2048":false},"uagb_author_info":{"display_name":"solucaopublicidades@hotmail.com","author_link":"https:\/\/holosofia.com.br\/?author=1"},"uagb_comment_info":0,"uagb_excerpt":"O IDOSO Publicado em 08\/12\/2007 &nbsp; Como vimos no artigo anterior, a vida extrauterina tem in\u00edcio com o RN e termina com o idoso. Esses dois p\u00f3los guardam semelhan\u00e7as entre si. Enquanto o RN se apresenta dependente pela sua imaturidade neuro- ps\u00edquico-motora, o idoso se torna semi-dependente pela p\u00f3s-maturidade desses segmentos. Por isso, ambos necessitam&hellip;","_links":{"self":[{"href":"https:\/\/holosofia.com.br\/index.php?rest_route=\/wp\/v2\/pages\/1269","targetHints":{"allow":["GET"]}}],"collection":[{"href":"https:\/\/holosofia.com.br\/index.php?rest_route=\/wp\/v2\/pages"}],"about":[{"href":"https:\/\/holosofia.com.br\/index.php?rest_route=\/wp\/v2\/types\/page"}],"author":[{"embeddable":true,"href":"https:\/\/holosofia.com.br\/index.php?rest_route=\/wp\/v2\/users\/1"}],"replies":[{"embeddable":true,"href":"https:\/\/holosofia.com.br\/index.php?rest_route=%2Fwp%2Fv2%2Fcomments&post=1269"}],"version-history":[{"count":2,"href":"https:\/\/holosofia.com.br\/index.php?rest_route=\/wp\/v2\/pages\/1269\/revisions"}],"predecessor-version":[{"id":1354,"href":"https:\/\/holosofia.com.br\/index.php?rest_route=\/wp\/v2\/pages\/1269\/revisions\/1354"}],"wp:attachment":[{"href":"https:\/\/holosofia.com.br\/index.php?rest_route=%2Fwp%2Fv2%2Fmedia&parent=1269"}],"curies":[{"name":"wp","href":"https:\/\/api.w.org\/{rel}","templated":true}]}}