{"id":1263,"date":"2023-02-07T01:52:06","date_gmt":"2023-02-07T01:52:06","guid":{"rendered":"https:\/\/holosofia.com.br\/?page_id=1263"},"modified":"2023-03-25T14:27:47","modified_gmt":"2023-03-25T14:27:47","slug":"holocoluna-0070","status":"publish","type":"page","link":"https:\/\/holosofia.com.br\/?page_id=1263","title":{"rendered":"Holocoluna &#8211; 0070"},"content":{"rendered":"<ol start=\"70\">\n<li>\n<h3>O ADULTO<\/h3>\n<\/li>\n<\/ol>\n<h3 style=\"text-align: right;\">Publicado em 01\/12\/2007<\/h3>\n<p>&nbsp;<\/p>\n<h4>Por quest\u00f5es did\u00e1ticas, a vida, sob o aspecto cronol\u00f3gico, compreende duas fases, a intrauterina \u2013 <em>embrion\u00e1ria, os tr\u00eas primeiros meses da gesta\u00e7\u00e3o; e fetal, do quarto m\u00eas gestacional ao nascimento<\/em> \u2013 e a extrauterina \u2013 <em>do nascimento ao \u00f3bito.<\/em><\/h4>\n<h4>A fase extrauterina \u00e9 dividida em oito per\u00edodos.<\/h4>\n<h4>Primeiro, <strong>rec\u00e9m-nascido<\/strong> (RN) \u2013 <em>corresponde aos primeiros 30 dias de vida<\/em>; segundo, \u00a0<strong>lactente<\/strong> \u2013 <em>at\u00e9 completar o 1\u00ba anivers\u00e1rio<\/em>; terceiro, <strong>crian\u00e7a pequena<\/strong> ou pr\u00e9-escolar \u2013 at\u00e9 os 3 anos de idade; quarto, <strong>crian\u00e7a maior<\/strong> ou escolar \u2013 <em>dos 4 aos 9 anos<\/em>; quinto, <strong>pr\u00e9-adolescente<\/strong> \u2013 <em>dos 10 \u00a0aos 12 anos \u2013 <\/em>; \u00a0sexto, <strong>adolescente<\/strong> \u2013 <em>dos 13 aos 21 anos<\/em>; s\u00e9timo, <strong>adulto<\/strong> \u2013 <em>dos 22 aos 65 anos, quando se aposenta<\/em>; e oitavo, <strong>idoso<\/strong> \u2013 <em>depois dos 65 anos (o Estatuto do Idoso considera o indiv\u00edduo como tal a partir dos 60 anos).<\/em><\/h4>\n<h4>Como podemos constatar, a adultice \u00e9 o mais longo \u2013 <em>33 anos<\/em> \u2013 per\u00edodo da vida da pessoa, tem in\u00edcio com o fim do crescimento e termina com o evidente decl\u00ednio da sua capacidade produtiva, tanto f\u00edsica como intelectual.<\/h4>\n<h4>Considera-se o adulto um indiv\u00edduo maduro, portanto, pronto para assumir a responsabilidade de conduzir o seu destino, o da sua fam\u00edlia e o da pr\u00f3pria sociedade.<\/h4>\n<h4>O adulto conduz o seu destino utilizando, adequadamente, as experi\u00eancias at\u00e9 ent\u00e3o adquiridas, e reconhecendo a influ\u00eancia social do seu comportamento e atitudes.\u00a0\u00a0 \u00c9 nesse per\u00edodo que a criatura conclui os seus estudos, conquista uma profiss\u00e3o e opta por constituir a pr\u00f3pria fam\u00edlia.<\/h4>\n<h4>Constituir a pr\u00f3pria fam\u00edlia implica na uni\u00e3o com algu\u00e9m pela qual se nutre um forte sentimento de afeto, respeito e admira\u00e7\u00e3o. Tal uni\u00e3o p\u00f5e fim \u00e0 liberdade individual da pessoa, e, isso precisa ser reconhecido. Esse reconhecimento \u00e9 fundamental para a manuten\u00e7\u00e3o da harmonia do casal de maduros, de adultos.<\/h4>\n<h4>Depois, com o planejamento para a chegada dos filhos, os dois adultos se articulam de forma a consolidar a rela\u00e7\u00e3o e, assim, poderem conduzir o destino das crian\u00e7as, a partir da institui\u00e7\u00e3o dos valores \u2013 <em>adequa\u00e7\u00e3o, altru\u00edsmo, aten\u00e7\u00e3o, bondade, caridade, carinho,<\/em> <em>compromisso,<\/em> <em>cordialidade, generosidade, gentileza, gratid\u00e3o, honestidade, humildade, respeito m\u00fatuo, responsabilidade, sinceridade, ternura, trabalho, etc. <\/em>\u2013 indispens\u00e1veis na constru\u00e7\u00e3o do verdadeiro cidad\u00e3o, do verdadeiro ser humano.<\/h4>\n<h4>Naturalmente, uma sociedade formada por verdadeiros seres humanos refletir\u00e1, com fidedignidade, o grau de maturidade da sua popula\u00e7\u00e3o adulta.<\/h4>\n<h4>Por tudo aqui posto, nada mais humano passa nos parecer do que o adulto refletir sobre a grandeza da sua responsabilidade existencial e, numa postura de quem goza de lucidez e sa\u00fade plena ou \u201csaudena\u201d<a href=\"#_ftn1\" name=\"_ftnref1\">*<\/a>, conduzir o seu destino, o da sua fam\u00edlia e o da pr\u00f3pria sociedade.<\/h4>\n<h4><em>\u00a0\u00a0\u00a0\u00a0\u00a0\u00a0\u00a0\u00a0\u00a0\u00a0\u00a0 <\/em>Aquele que ostenta idade cronol\u00f3gica compat\u00edvel com a condi\u00e7\u00e3o de adulto, mas ignora as exig\u00eancias de tal condi\u00e7\u00e3o, confessa-se profundamente enfermo e nada maduro, passando a merecer aten\u00e7\u00e3o terap\u00eautica at\u00e9 completar o seu processo de matura\u00e7\u00e3o.<\/h4>\n<h4>\u00a0\u00a0\u00a0\u00a0\u00a0\u00a0\u00a0\u00a0\u00a0\u00a0\u00a0 As mis\u00e9rias interiores do adulto decorrem das car\u00eancias nos per\u00edodos anteriores.<\/h4>\n<h4 style=\"text-align: right;\"><em>Sebasti\u00e3o Saraiva<\/em><\/h4>\n<h4 style=\"text-align: right;\"><em>M\u00e9dico e Hol\u00f3sofo<\/em><\/h4>\n<p><!--more--><\/p>\n<p><a href=\"#_ftnref1\" name=\"_ftn1\">*<\/a>\u00a0 O autor funde as palavras sa\u00fade plena, para significar sa\u00fade nos planos f\u00edsico, mental, social espiritual.<\/p>\n","protected":false},"excerpt":{"rendered":"<p>O ADULTO Publicado em 01\/12\/2007 &nbsp; Por quest\u00f5es did\u00e1ticas, a vida, sob o aspecto cronol\u00f3gico, compreende duas fases, a intrauterina \u2013 embrion\u00e1ria, os tr\u00eas primeiros meses da gesta\u00e7\u00e3o; e fetal, do quarto m\u00eas gestacional ao nascimento \u2013 e a extrauterina \u2013 do nascimento ao \u00f3bito. A fase extrauterina \u00e9 dividida em oito per\u00edodos. Primeiro, rec\u00e9m-nascido &hellip;<\/p>\n<p class=\"read-more\"> <a class=\"\" href=\"https:\/\/holosofia.com.br\/?page_id=1263\"> <span class=\"screen-reader-text\">Holocoluna &#8211; 0070<\/span> Leia mais &raquo;<\/a><\/p>\n","protected":false},"author":1,"featured_media":0,"parent":0,"menu_order":0,"comment_status":"closed","ping_status":"closed","template":"","meta":{"_bbp_topic_count":0,"_bbp_reply_count":0,"_bbp_total_topic_count":0,"_bbp_total_reply_count":0,"_bbp_voice_count":0,"_bbp_anonymous_reply_count":0,"_bbp_topic_count_hidden":0,"_bbp_reply_count_hidden":0,"_bbp_forum_subforum_count":0,"om_disable_all_campaigns":false,"_uag_custom_page_level_css":"","_mi_skip_tracking":false,"_monsterinsights_sitenote_active":false,"_monsterinsights_sitenote_note":"","_monsterinsights_sitenote_category":0,"site-sidebar-layout":"default","site-content-layout":"default","ast-global-header-display":"","ast-main-header-display":"","ast-hfb-above-header-display":"","ast-hfb-below-header-display":"","ast-hfb-mobile-header-display":"","site-post-title":"","ast-breadcrumbs-content":"","ast-featured-img":"","footer-sml-layout":"","theme-transparent-header-meta":"default","adv-header-id-meta":"","stick-header-meta":"","header-above-stick-meta":"","header-main-stick-meta":"","header-below-stick-meta":"","footnotes":""},"class_list":["post-1263","page","type-page","status-publish","hentry"],"aioseo_notices":[],"uagb_featured_image_src":{"full":false,"thumbnail":false,"medium":false,"medium_large":false,"large":false,"post-slider-thumb-size":false,"1536x1536":false,"2048x2048":false},"uagb_author_info":{"display_name":"solucaopublicidades@hotmail.com","author_link":"https:\/\/holosofia.com.br\/?author=1"},"uagb_comment_info":0,"uagb_excerpt":"O ADULTO Publicado em 01\/12\/2007 &nbsp; Por quest\u00f5es did\u00e1ticas, a vida, sob o aspecto cronol\u00f3gico, compreende duas fases, a intrauterina \u2013 embrion\u00e1ria, os tr\u00eas primeiros meses da gesta\u00e7\u00e3o; e fetal, do quarto m\u00eas gestacional ao nascimento \u2013 e a extrauterina \u2013 do nascimento ao \u00f3bito. A fase extrauterina \u00e9 dividida em oito per\u00edodos. Primeiro, rec\u00e9m-nascido&hellip;","_links":{"self":[{"href":"https:\/\/holosofia.com.br\/index.php?rest_route=\/wp\/v2\/pages\/1263","targetHints":{"allow":["GET"]}}],"collection":[{"href":"https:\/\/holosofia.com.br\/index.php?rest_route=\/wp\/v2\/pages"}],"about":[{"href":"https:\/\/holosofia.com.br\/index.php?rest_route=\/wp\/v2\/types\/page"}],"author":[{"embeddable":true,"href":"https:\/\/holosofia.com.br\/index.php?rest_route=\/wp\/v2\/users\/1"}],"replies":[{"embeddable":true,"href":"https:\/\/holosofia.com.br\/index.php?rest_route=%2Fwp%2Fv2%2Fcomments&post=1263"}],"version-history":[{"count":2,"href":"https:\/\/holosofia.com.br\/index.php?rest_route=\/wp\/v2\/pages\/1263\/revisions"}],"predecessor-version":[{"id":1353,"href":"https:\/\/holosofia.com.br\/index.php?rest_route=\/wp\/v2\/pages\/1263\/revisions\/1353"}],"wp:attachment":[{"href":"https:\/\/holosofia.com.br\/index.php?rest_route=%2Fwp%2Fv2%2Fmedia&parent=1263"}],"curies":[{"name":"wp","href":"https:\/\/api.w.org\/{rel}","templated":true}]}}