{"id":1258,"date":"2023-02-07T01:49:20","date_gmt":"2023-02-07T01:49:20","guid":{"rendered":"https:\/\/holosofia.com.br\/?page_id=1258"},"modified":"2023-03-25T14:12:30","modified_gmt":"2023-03-25T14:12:30","slug":"holocoluna-0069","status":"publish","type":"page","link":"https:\/\/holosofia.com.br\/?page_id=1258","title":{"rendered":"Holocoluna &#8211; 0069"},"content":{"rendered":"<ol start=\"69\">\n<li>\n<h3>O ADOLESCENTE<\/h3>\n<\/li>\n<\/ol>\n<h3 style=\"text-align: right;\">Publicado em 17\/11\/2007<\/h3>\n<p>&nbsp;<\/p>\n<h4>Toda aquela bagagem de carinho, aten\u00e7\u00e3o e respeito fornecida \u00e0 crian\u00e7a, foi internalizada e tornou-se um valioso patrim\u00f4nio existencial, e agora ser\u00e1 repassada para o adolescente. Foi isso que conclu\u00edmos no artigo passado \u2013 <em>A Crian\u00e7a.<\/em><\/h4>\n<h4>O adolescente \u00e9 uma pessoa que, na viagem da vida, encontra-se no trecho de maiores turbul\u00eancias, tanto interna como externamente.<\/h4>\n<h4>As turbul\u00eancias internas s\u00e3o produzidas pela avalanche dos horm\u00f4nios necess\u00e1rios \u00e0 travessia rumo \u00e0 idade adulta.<\/h4>\n<h4>As altera\u00e7\u00f5es fisiol\u00f3gicas decorrentes da presen\u00e7a hormonal fazem com que o adolescente se sinta um estranho de si mesmo. O crescimento parece acelerado, o corpo ganha formas diferentes, os pelos axilares e pubianos chamam a aten\u00e7\u00e3o, as mamas adquirem volumes avantajados \u2013 <em>no adolescente, logo se normalizam, na adolescente, tende a crescer<\/em> \u2013 a voz apresenta um timbre caracter\u00edstico, as espinhas na face se manifestam e surge uma cara nova.<\/h4>\n<h4>Tudo isso contribui para introduzir o adolescente a uma situa\u00e7\u00e3o desconhecida, a come\u00e7ar pelo ch\u00e3o movedi\u00e7o da rela\u00e7\u00e3o amorosa, uma aventura da qual jamais se libertar\u00e1. O adulto e o idoso sabem que isso \u00e9 verdade.<\/h4>\n<h4>O adolescente se comporta como se fosse um carro-pipa desejoso em abastecer a todos com a sua carga hormonal. Ele se acha o dono da verdade, por isso questiona tanto; ele ostenta muito poder, por isso quer resolver tudo, e na hora; ele se v\u00ea encantador, por isso quer seduzir; ele se imagina grande, por isso quer ser adulto.<\/h4>\n<h4>Por outro lado, o adolescente, tamb\u00e9m, se sente confuso, por isso a inseguran\u00e7a, a timidez, a introspec\u00e7\u00e3o.<\/h4>\n<h4>Com tantas mudan\u00e7as internas, o mundo externo tamb\u00e9m se transforma. Ent\u00e3o, o adolescente percebe-se pressionado a se posicionar de forma diferente daquela a que a crian\u00e7a estava acostumada. \u00c9 a\u00ed que ele busca uma estrat\u00e9gia pr\u00f3pria para se proteger; ele procura os seus iguais, ele procura se agrupar a outros adolescentes. Eles assumem a postura das ovelhas, vivem em rebanhos. Talvez, por isso, seja importante o \u201cpastor\u201d ficar atento!<\/h4>\n<h4>Em alguns momentos o adolescente percebe o mundo como algo a ser conquistado, como um desafio a ser encarado, por isso se aventura sem muita cautela. Da\u00ed a necessidade de um suporte psicol\u00f3gico, o que se traduz por mais aten\u00e7\u00e3o e muitos di\u00e1logos.<\/h4>\n<h4>As turbul\u00eancias externas s\u00e3o representadas pelas rela\u00e7\u00f5es humanas pouco cordiais e nada fraternas no mundo da maioria dos adultos. H\u00e1 uma verdadeira car\u00eancia de carinho, aten\u00e7\u00e3o e respeito entre eles. Por isso, o adolescente sem a bagagem inicialmente mencionada, fica \u00e0 deriva, tornando-se presa f\u00e1cil nas m\u00e3os desses adultos, tamb\u00e9m carentes, por isso, pessoas m\u00e1s, inconscientemente. Pessoas m\u00e1s para elas e para o adolescente.<\/h4>\n<h4>O adolescente, por tudo que passa, merece compreens\u00e3o e tratamento diferenciado. Por tudo que representa, merece mais carinho, aten\u00e7\u00e3o e respeito, mas com firmeza. Muita firmeza.<\/h4>\n<h4>O adolescente \u00e9 uma criatura especial!<\/h4>\n<h4 style=\"text-align: right;\"><em>Sebasti\u00e3o Saraiva<\/em><\/h4>\n<h4 style=\"text-align: right;\"><em>M\u00e9dico e Hol\u00f3sofo<\/em><\/h4>\n","protected":false},"excerpt":{"rendered":"<p>O ADOLESCENTE Publicado em 17\/11\/2007 &nbsp; Toda aquela bagagem de carinho, aten\u00e7\u00e3o e respeito fornecida \u00e0 crian\u00e7a, foi internalizada e tornou-se um valioso patrim\u00f4nio existencial, e agora ser\u00e1 repassada para o adolescente. Foi isso que conclu\u00edmos no artigo passado \u2013 A Crian\u00e7a. O adolescente \u00e9 uma pessoa que, na viagem da vida, encontra-se no trecho &hellip;<\/p>\n<p class=\"read-more\"> <a class=\"\" href=\"https:\/\/holosofia.com.br\/?page_id=1258\"> <span class=\"screen-reader-text\">Holocoluna &#8211; 0069<\/span> Leia mais &raquo;<\/a><\/p>\n","protected":false},"author":1,"featured_media":0,"parent":0,"menu_order":0,"comment_status":"closed","ping_status":"closed","template":"","meta":{"_bbp_topic_count":0,"_bbp_reply_count":0,"_bbp_total_topic_count":0,"_bbp_total_reply_count":0,"_bbp_voice_count":0,"_bbp_anonymous_reply_count":0,"_bbp_topic_count_hidden":0,"_bbp_reply_count_hidden":0,"_bbp_forum_subforum_count":0,"om_disable_all_campaigns":false,"_uag_custom_page_level_css":"","_mi_skip_tracking":false,"_monsterinsights_sitenote_active":false,"_monsterinsights_sitenote_note":"","_monsterinsights_sitenote_category":0,"site-sidebar-layout":"default","site-content-layout":"default","ast-global-header-display":"","ast-main-header-display":"","ast-hfb-above-header-display":"","ast-hfb-below-header-display":"","ast-hfb-mobile-header-display":"","site-post-title":"","ast-breadcrumbs-content":"","ast-featured-img":"","footer-sml-layout":"","theme-transparent-header-meta":"default","adv-header-id-meta":"","stick-header-meta":"","header-above-stick-meta":"","header-main-stick-meta":"","header-below-stick-meta":"","footnotes":""},"class_list":["post-1258","page","type-page","status-publish","hentry"],"aioseo_notices":[],"uagb_featured_image_src":{"full":false,"thumbnail":false,"medium":false,"medium_large":false,"large":false,"post-slider-thumb-size":false,"1536x1536":false,"2048x2048":false},"uagb_author_info":{"display_name":"solucaopublicidades@hotmail.com","author_link":"https:\/\/holosofia.com.br\/?author=1"},"uagb_comment_info":0,"uagb_excerpt":"O ADOLESCENTE Publicado em 17\/11\/2007 &nbsp; Toda aquela bagagem de carinho, aten\u00e7\u00e3o e respeito fornecida \u00e0 crian\u00e7a, foi internalizada e tornou-se um valioso patrim\u00f4nio existencial, e agora ser\u00e1 repassada para o adolescente. Foi isso que conclu\u00edmos no artigo passado \u2013 A Crian\u00e7a. O adolescente \u00e9 uma pessoa que, na viagem da vida, encontra-se no trecho&hellip;","_links":{"self":[{"href":"https:\/\/holosofia.com.br\/index.php?rest_route=\/wp\/v2\/pages\/1258","targetHints":{"allow":["GET"]}}],"collection":[{"href":"https:\/\/holosofia.com.br\/index.php?rest_route=\/wp\/v2\/pages"}],"about":[{"href":"https:\/\/holosofia.com.br\/index.php?rest_route=\/wp\/v2\/types\/page"}],"author":[{"embeddable":true,"href":"https:\/\/holosofia.com.br\/index.php?rest_route=\/wp\/v2\/users\/1"}],"replies":[{"embeddable":true,"href":"https:\/\/holosofia.com.br\/index.php?rest_route=%2Fwp%2Fv2%2Fcomments&post=1258"}],"version-history":[{"count":3,"href":"https:\/\/holosofia.com.br\/index.php?rest_route=\/wp\/v2\/pages\/1258\/revisions"}],"predecessor-version":[{"id":1352,"href":"https:\/\/holosofia.com.br\/index.php?rest_route=\/wp\/v2\/pages\/1258\/revisions\/1352"}],"wp:attachment":[{"href":"https:\/\/holosofia.com.br\/index.php?rest_route=%2Fwp%2Fv2%2Fmedia&parent=1258"}],"curies":[{"name":"wp","href":"https:\/\/api.w.org\/{rel}","templated":true}]}}