{"id":1247,"date":"2023-02-07T01:44:59","date_gmt":"2023-02-07T01:44:59","guid":{"rendered":"https:\/\/holosofia.com.br\/?page_id=1247"},"modified":"2023-03-25T14:11:01","modified_gmt":"2023-03-25T14:11:01","slug":"holocoluna-0067","status":"publish","type":"page","link":"https:\/\/holosofia.com.br\/?page_id=1247","title":{"rendered":"Holocoluna &#8211; 0067"},"content":{"rendered":"<ol start=\"67\">\n<li>\n<h3>O REC\u00c9M-NASCIDO<\/h3>\n<\/li>\n<\/ol>\n<h3 style=\"text-align: right;\">Publicado em 03\/11\/2007<\/h3>\n<p>&nbsp;<\/p>\n<h4>A gravidez \u00e9 uma das experi\u00eancias mais singelas ao alcance do ser humano.<\/h4>\n<h4>O per\u00edodo gestacional envolve a todos, e causa grandes expectativas.<\/h4>\n<h4>O nascimento do beb\u00ea \u00e9 o ponto alto do processo de perpetua\u00e7\u00e3o da esp\u00e9cie. \u00c9 nesta ocasi\u00e3o que os familiares se re\u00fanem para celebrar o grande momento, a chegada do mais novo membro da fam\u00edlia.<\/h4>\n<h4>Imaginemos o nascimento do primeiro filho, de parto normal.<\/h4>\n<h4>A m\u00e3e tem urg\u00eancia em se certificar de que seu filho nasceu bem e \u00e9 perfeito \u2013 <em>at\u00e9 esquece as afirmativas favor\u00e1veis do obstetra, corroboradas pelos exames de ultra-sonografia<\/em> <em>ao longo do pr\u00e9-natal <\/em>\u2013; o pai deseja saber se tudo correu bem, com o filho e com a m\u00e3e; os av\u00f3s ficam aliviados com a boa not\u00edcia e logo desejam ver com quem se parece o(a) netinho(a); os tios se contentam em contemplar a \u201cfigurinha\u201d admirando-se diante do milagre da vida; e os amigos querem festejar com alegria o \u201cfinal-feliz\u201d.<\/h4>\n<h4>Passada a euforia dos primeiros minutos, o rec\u00e9m-nascido (RN) chama a aten\u00e7\u00e3o de todos para o seu lanche inaugural; ele esbo\u00e7a um choro caracter\u00edstico para que a m\u00e3e compreenda que deve saciar-lhe a fome. Talvez as fomes. As fomes f\u00edsica e afetivo-emocional.<\/h4>\n<h4>A fome f\u00edsica, decorrente do esfor\u00e7o fetal para se ajustar \u00e0s contra\u00e7\u00f5es uterinas e vencer os obst\u00e1culos pr\u00f3prios do canal de parto e, finalmente, apresentar-se como rec\u00e9m-chegado, ou rec\u00e9m-nascido; a fome afetivo-emocional, ocasionada pelo abandono impositivo do primeiro lar e da separa\u00e7\u00e3o materna, mediante a sec\u00e7\u00e3o do cord\u00e3o umbilical.<\/h4>\n<h4>A compreens\u00e3o dessas duas fomes faz com que a m\u00e3e venha oferecer os seios com a convic\u00e7\u00e3o de estar alimentando o corpo e a alma do filho. \u00c9 por isso que os obstetras orientam e estimulam o aleitamento materno a cada consulta do pr\u00e9-natal, o que \u00e9 continuado pelos pediatras nas consultas de rotina.<\/h4>\n<h4>O aleitamento materno deve ser exclusivo durante os primeiros seis meses, e se prolongar at\u00e9 os dois anos de idade, complementado com refei\u00e7\u00f5es diversificadas.<\/h4>\n<h4>O leite materno nutre plenamente, confere melhor digestibilidade, mant\u00e9m o sistema imunol\u00f3gico mais efetivo e deixa o RN tranq\u00fcilo, seguro e feliz; e as mamas maternas ficam mais saud\u00e1veis e resistentes ao c\u00e2ncer.<\/h4>\n<h4>A higiene pessoal do RN ocupa o segundo lugar na escala de cuidados gerais, destacando-se os banhos di\u00e1rios \u2013 <em>proteger os ouvidos com algod\u00e3o para evitar que caia \u00e1gua<\/em> \u2013 e a troca de fralda \u2013 <em>usar fralda de pano; a descart\u00e1vel \u00e9 quente, acumula xixi e faz assadura<\/em> \u2013 imediatamente ap\u00f3s cada mic\u00e7\u00e3o ou evacua\u00e7\u00e3o, lavando o per\u00edneo com \u00e1gua corrente.<\/h4>\n<h4>O clima ambiental deve ser adequado, respeitando-se a sensibilidade t\u00e1til, auditiva e visual do RN. Isto quer dizer que o manuseio do RN deva ser m\u00ednimo e com movimentos suaves, que as roupas devam oferecer conforto diante da temperatura ambiente nos diferentes momentos do dia; que o barulho deva ser evitado, incluindo os gritos das pessoas e o som musical; que a luminosidade \u2013 <em>solar e luz artificial<\/em> \u2013 seja controlada.<\/h4>\n<h4>Ter um RN em casa \u00e9 desfrutar da presen\u00e7a de Deus, manifesta na pureza e na inoc\u00eancia de um pequeno ser humano.<\/h4>\n<h4 style=\"text-align: right;\"><em>Sebasti\u00e3o Saraiva<\/em><\/h4>\n<h4 style=\"text-align: right;\"><em>M\u00e9dico e Hol\u00f3sofo<\/em><\/h4>\n","protected":false},"excerpt":{"rendered":"<p>O REC\u00c9M-NASCIDO Publicado em 03\/11\/2007 &nbsp; A gravidez \u00e9 uma das experi\u00eancias mais singelas ao alcance do ser humano. O per\u00edodo gestacional envolve a todos, e causa grandes expectativas. O nascimento do beb\u00ea \u00e9 o ponto alto do processo de perpetua\u00e7\u00e3o da esp\u00e9cie. \u00c9 nesta ocasi\u00e3o que os familiares se re\u00fanem para celebrar o grande &hellip;<\/p>\n<p class=\"read-more\"> <a class=\"\" href=\"https:\/\/holosofia.com.br\/?page_id=1247\"> <span class=\"screen-reader-text\">Holocoluna &#8211; 0067<\/span> Leia mais &raquo;<\/a><\/p>\n","protected":false},"author":1,"featured_media":0,"parent":0,"menu_order":0,"comment_status":"closed","ping_status":"closed","template":"","meta":{"_bbp_topic_count":0,"_bbp_reply_count":0,"_bbp_total_topic_count":0,"_bbp_total_reply_count":0,"_bbp_voice_count":0,"_bbp_anonymous_reply_count":0,"_bbp_topic_count_hidden":0,"_bbp_reply_count_hidden":0,"_bbp_forum_subforum_count":0,"om_disable_all_campaigns":false,"_uag_custom_page_level_css":"","_mi_skip_tracking":false,"_monsterinsights_sitenote_active":false,"_monsterinsights_sitenote_note":"","_monsterinsights_sitenote_category":0,"site-sidebar-layout":"default","site-content-layout":"default","ast-global-header-display":"","ast-main-header-display":"","ast-hfb-above-header-display":"","ast-hfb-below-header-display":"","ast-hfb-mobile-header-display":"","site-post-title":"","ast-breadcrumbs-content":"","ast-featured-img":"","footer-sml-layout":"","theme-transparent-header-meta":"default","adv-header-id-meta":"","stick-header-meta":"","header-above-stick-meta":"","header-main-stick-meta":"","header-below-stick-meta":"","footnotes":""},"class_list":["post-1247","page","type-page","status-publish","hentry"],"aioseo_notices":[],"uagb_featured_image_src":{"full":false,"thumbnail":false,"medium":false,"medium_large":false,"large":false,"post-slider-thumb-size":false,"1536x1536":false,"2048x2048":false},"uagb_author_info":{"display_name":"solucaopublicidades@hotmail.com","author_link":"https:\/\/holosofia.com.br\/?author=1"},"uagb_comment_info":0,"uagb_excerpt":"O REC\u00c9M-NASCIDO Publicado em 03\/11\/2007 &nbsp; A gravidez \u00e9 uma das experi\u00eancias mais singelas ao alcance do ser humano. O per\u00edodo gestacional envolve a todos, e causa grandes expectativas. O nascimento do beb\u00ea \u00e9 o ponto alto do processo de perpetua\u00e7\u00e3o da esp\u00e9cie. \u00c9 nesta ocasi\u00e3o que os familiares se re\u00fanem para celebrar o grande&hellip;","_links":{"self":[{"href":"https:\/\/holosofia.com.br\/index.php?rest_route=\/wp\/v2\/pages\/1247","targetHints":{"allow":["GET"]}}],"collection":[{"href":"https:\/\/holosofia.com.br\/index.php?rest_route=\/wp\/v2\/pages"}],"about":[{"href":"https:\/\/holosofia.com.br\/index.php?rest_route=\/wp\/v2\/types\/page"}],"author":[{"embeddable":true,"href":"https:\/\/holosofia.com.br\/index.php?rest_route=\/wp\/v2\/users\/1"}],"replies":[{"embeddable":true,"href":"https:\/\/holosofia.com.br\/index.php?rest_route=%2Fwp%2Fv2%2Fcomments&post=1247"}],"version-history":[{"count":2,"href":"https:\/\/holosofia.com.br\/index.php?rest_route=\/wp\/v2\/pages\/1247\/revisions"}],"predecessor-version":[{"id":1349,"href":"https:\/\/holosofia.com.br\/index.php?rest_route=\/wp\/v2\/pages\/1247\/revisions\/1349"}],"wp:attachment":[{"href":"https:\/\/holosofia.com.br\/index.php?rest_route=%2Fwp%2Fv2%2Fmedia&parent=1247"}],"curies":[{"name":"wp","href":"https:\/\/api.w.org\/{rel}","templated":true}]}}