{"id":1242,"date":"2023-02-07T01:42:43","date_gmt":"2023-02-07T01:42:43","guid":{"rendered":"https:\/\/holosofia.com.br\/?page_id=1242"},"modified":"2023-03-25T14:10:15","modified_gmt":"2023-03-25T14:10:15","slug":"holocoluna-0066","status":"publish","type":"page","link":"https:\/\/holosofia.com.br\/?page_id=1242","title":{"rendered":"Holocoluna &#8211; 0066"},"content":{"rendered":"<ol start=\"66\">\n<li>\n<h3>O FETO<\/h3>\n<\/li>\n<\/ol>\n<h3 style=\"text-align: right;\">Publicado em 27\/10\/2007<\/h3>\n<p>&nbsp;<\/p>\n<h4>Feliz daquele que reconhece, conscientemente, a presen\u00e7a de Deus em todos os fen\u00f4menos da Natureza, os quais se constituem sempre em maravilhosas li\u00e7\u00f5es de vida. Estas, quando praticadas, funcionam como aut\u00eanticas e milagrosas ora\u00e7\u00f5es.<\/h4>\n<h4>Das maravilhosas li\u00e7\u00f5es de vida contidas na forma\u00e7\u00e3o do feto, destacam-se tr\u00eas: a de<strong> amor<\/strong>, a da <strong>uni\u00e3o<\/strong> e a da <strong>troca<\/strong>.<\/h4>\n<h4>A li\u00e7\u00e3o de <strong>amor<\/strong> sinaliza para o caminho \u00fanico da constru\u00e7\u00e3o verdadeira, da constru\u00e7\u00e3o de tudo aquilo a que o homem se proponha, das mais modestas \u00e0s mais complexas. Construir um feto \u00e9 realizar o milagre da transposi\u00e7\u00e3o de duas vidas, a unificar-se num novo ser.<\/h4>\n<h4>A li\u00e7\u00e3o de <strong>uni\u00e3o<\/strong> ensina o quanto a harmonia \u00e9 capaz de revelar o potencial individual na constru\u00e7\u00e3o de tudo aquilo a que o homem se proponha, das mais modestas \u00e0s mais complexas. Construir verdadeiramente um feto s\u00f3 \u00e9 poss\u00edvel pela uni\u00e3o simult\u00e2nea dos corpos e das almas de um casal que se ama.<\/h4>\n<h4>A li\u00e7\u00e3o da <strong>troca<\/strong> quer mostrar a din\u00e2mica universal na constru\u00e7\u00e3o de tudo aquilo a que o homem se proponha, das mais modestas \u00e0s mais complexas. Construir um feto consiste na troca do patrim\u00f4nio gen\u00e9tico existente nos produtos trocados pelo casal, o espermatoz\u00f3ide e o \u00f3vulo.<\/h4>\n<h4>Facilmente se conclui que o sucesso do feto, inquilino do paradis\u00edaco ambiente intrauterino, depender\u00e1 da manuten\u00e7\u00e3o dos princ\u00edpios fundamentais \u00e0 sua origem.<\/h4>\n<h4>O amor oferecido ao feto, tanto pela m\u00e3e como pelo pai, em todos os momentos da gravidez, perpetuar-se-\u00e1 na vida futura do indiv\u00edduo, tornando-o uma pessoa saud\u00e1vel, equilibrada, pr\u00f3spera e feliz.<\/h4>\n<h4>A harmonia vivenciada pelo casal durante o per\u00edodo gestacional proporcionar\u00e1 ao feto um clima de muita paz e seguran\u00e7a. Estes sentimentos acompanhar\u00e3o o filho por toda a sua vida, tornando-o uma criatura saud\u00e1vel, equilibrada, pr\u00f3spera e feliz.<\/h4>\n<h4>A sensa\u00e7\u00e3o de bem-estar f\u00edsico, mental, social e espiritual, desfrutada pela gr\u00e1vida face aos momentos plenamente compartilhados no meio familiar, ser\u00e1 repassada ao feto como experi\u00eancia pr\u00f3pria da boa vida. Esta sensa\u00e7\u00e3o ser\u00e1 internalizada e, ao longo da vida, buscada por atitudes altru\u00edstas, tornando tal cidad\u00e3o uma pessoa saud\u00e1vel, equilibrada, pr\u00f3spera e feliz.<\/h4>\n<h4>A vida fetal ou a vida intrauterina \u00e9 o primeiro est\u00e1gio da vida, \u00e9 o momento em que o ser humano acumula todas as experi\u00eancias a serem utilizadas e aprimoradas no segundo est\u00e1gio, na vida extrauterina.<\/h4>\n<h4>Portanto, o casal sabedor desta realidade, sentir-se-\u00e1 consciente da responsabilidade pr\u00f3pria da paternidade\/maternidade, al\u00e9m de reconhecer o quanto os pais \u2013 especialmente a m\u00e3e \u2013 s\u00e3o capazes de influenciar no futuro dos filhos.<\/h4>\n<h4>\u00a0Logo, conv\u00e9m aos atuais pais rever as suas vidas e tentar melhorar o mundo, a partir do compartilhar destas verdades com seus filhos, construtores dos fetos que ser\u00e3o seus futuros netos, pessoas saud\u00e1veis, equilibradas, pr\u00f3speras e felizes.<\/h4>\n<h4 style=\"text-align: right;\"><em>Sebasti\u00e3o Saraiva<\/em><\/h4>\n<h4 style=\"text-align: right;\"><em>M\u00e9dico e Hol\u00f3sofo<\/em><\/h4>\n","protected":false},"excerpt":{"rendered":"<p>O FETO Publicado em 27\/10\/2007 &nbsp; Feliz daquele que reconhece, conscientemente, a presen\u00e7a de Deus em todos os fen\u00f4menos da Natureza, os quais se constituem sempre em maravilhosas li\u00e7\u00f5es de vida. Estas, quando praticadas, funcionam como aut\u00eanticas e milagrosas ora\u00e7\u00f5es. Das maravilhosas li\u00e7\u00f5es de vida contidas na forma\u00e7\u00e3o do feto, destacam-se tr\u00eas: a de amor, &hellip;<\/p>\n<p class=\"read-more\"> <a class=\"\" href=\"https:\/\/holosofia.com.br\/?page_id=1242\"> <span class=\"screen-reader-text\">Holocoluna &#8211; 0066<\/span> Leia mais &raquo;<\/a><\/p>\n","protected":false},"author":1,"featured_media":0,"parent":0,"menu_order":0,"comment_status":"closed","ping_status":"closed","template":"","meta":{"_bbp_topic_count":0,"_bbp_reply_count":0,"_bbp_total_topic_count":0,"_bbp_total_reply_count":0,"_bbp_voice_count":0,"_bbp_anonymous_reply_count":0,"_bbp_topic_count_hidden":0,"_bbp_reply_count_hidden":0,"_bbp_forum_subforum_count":0,"om_disable_all_campaigns":false,"_uag_custom_page_level_css":"","_mi_skip_tracking":false,"_monsterinsights_sitenote_active":false,"_monsterinsights_sitenote_note":"","_monsterinsights_sitenote_category":0,"site-sidebar-layout":"default","site-content-layout":"default","ast-global-header-display":"","ast-main-header-display":"","ast-hfb-above-header-display":"","ast-hfb-below-header-display":"","ast-hfb-mobile-header-display":"","site-post-title":"","ast-breadcrumbs-content":"","ast-featured-img":"","footer-sml-layout":"","theme-transparent-header-meta":"default","adv-header-id-meta":"","stick-header-meta":"","header-above-stick-meta":"","header-main-stick-meta":"","header-below-stick-meta":"","footnotes":""},"class_list":["post-1242","page","type-page","status-publish","hentry"],"aioseo_notices":[],"uagb_featured_image_src":{"full":false,"thumbnail":false,"medium":false,"medium_large":false,"large":false,"post-slider-thumb-size":false,"1536x1536":false,"2048x2048":false},"uagb_author_info":{"display_name":"solucaopublicidades@hotmail.com","author_link":"https:\/\/holosofia.com.br\/?author=1"},"uagb_comment_info":0,"uagb_excerpt":"O FETO Publicado em 27\/10\/2007 &nbsp; Feliz daquele que reconhece, conscientemente, a presen\u00e7a de Deus em todos os fen\u00f4menos da Natureza, os quais se constituem sempre em maravilhosas li\u00e7\u00f5es de vida. Estas, quando praticadas, funcionam como aut\u00eanticas e milagrosas ora\u00e7\u00f5es. Das maravilhosas li\u00e7\u00f5es de vida contidas na forma\u00e7\u00e3o do feto, destacam-se tr\u00eas: a de amor,&hellip;","_links":{"self":[{"href":"https:\/\/holosofia.com.br\/index.php?rest_route=\/wp\/v2\/pages\/1242","targetHints":{"allow":["GET"]}}],"collection":[{"href":"https:\/\/holosofia.com.br\/index.php?rest_route=\/wp\/v2\/pages"}],"about":[{"href":"https:\/\/holosofia.com.br\/index.php?rest_route=\/wp\/v2\/types\/page"}],"author":[{"embeddable":true,"href":"https:\/\/holosofia.com.br\/index.php?rest_route=\/wp\/v2\/users\/1"}],"replies":[{"embeddable":true,"href":"https:\/\/holosofia.com.br\/index.php?rest_route=%2Fwp%2Fv2%2Fcomments&post=1242"}],"version-history":[{"count":2,"href":"https:\/\/holosofia.com.br\/index.php?rest_route=\/wp\/v2\/pages\/1242\/revisions"}],"predecessor-version":[{"id":1348,"href":"https:\/\/holosofia.com.br\/index.php?rest_route=\/wp\/v2\/pages\/1242\/revisions\/1348"}],"wp:attachment":[{"href":"https:\/\/holosofia.com.br\/index.php?rest_route=%2Fwp%2Fv2%2Fmedia&parent=1242"}],"curies":[{"name":"wp","href":"https:\/\/api.w.org\/{rel}","templated":true}]}}