{"id":1237,"date":"2023-02-07T01:40:56","date_gmt":"2023-02-07T01:40:56","guid":{"rendered":"https:\/\/holosofia.com.br\/?page_id=1237"},"modified":"2023-03-25T14:09:14","modified_gmt":"2023-03-25T14:09:14","slug":"holocoluna-0065","status":"publish","type":"page","link":"https:\/\/holosofia.com.br\/?page_id=1237","title":{"rendered":"Holocoluna &#8211; 0065"},"content":{"rendered":"<ol start=\"65\">\n<li>\n<h3>A GESTANTE<\/h3>\n<\/li>\n<\/ol>\n<h3 style=\"text-align: right;\">Publicado em 20\/10\/2007<\/h3>\n<p>&nbsp;<\/p>\n<h4>A Gestante \u00e9 uma pessoa que deve ser vista, sentida e tratada como especial.<\/h4>\n<h4>Alojar um ser dentro de si implica em altera\u00e7\u00f5es bio-psico-sociais, cujas repercuss\u00f5es est\u00e3o intimamente relacionadas com as caracter\u00edsticas individuais de cada Gestante.<\/h4>\n<h4>As <strong>altera\u00e7\u00f5es biol\u00f3gicas<\/strong>, por quest\u00f5es did\u00e1ticas, podem ser agrupadas em duas categorias: modifica\u00e7\u00f5es corporais aparentes e modifica\u00e7\u00f5es corporais inaparentes.<\/h4>\n<ol>\n<li>\n<h4>As modifica\u00e7\u00f5es corporais aparentes que mais se destacam s\u00e3o: a obesidade, a protuber\u00e2ncia abdominal progressiva, a lordose lombar (coluna em cela), o aumento das mamas, a intensidade da colora\u00e7\u00e3o das aur\u00e9olas mam\u00e1rias e, \u00e0s vezes, varizes dos membros inferiores (das pernas) e manchas na face.<\/h4>\n<\/li>\n<li>\n<h4>As modifica\u00e7\u00f5es corporais inaparentes dizem respeito \u00e0 pr\u00f3pria condi\u00e7\u00e3o funcional do organismo, \u00e0 sua fisiologia, e s\u00e3o evidenciadas atrav\u00e9s do exame cl\u00ednico (feito pelo m\u00e9dico) e de laborat\u00f3rio; as mais comuns s\u00e3o: aumento da press\u00e3o arterial e diabetes. Geralmente, estas desaparecem ao t\u00e9rmino da gravidez.<\/h4>\n<\/li>\n<\/ol>\n<h4>As <strong>altera\u00e7\u00f5es psicol\u00f3gicas<\/strong> resultam na oscila\u00e7\u00e3o do humor, quase sempre decorrente de momentos de medo, inseguran\u00e7a e fantasias, pertinentes ao filho e a si pr\u00f3pria.<\/h4>\n<h4>Essas altera\u00e7\u00f5es bio-ps\u00edquicas ocorrem por conta dos horm\u00f4nios presentes e necess\u00e1rios \u00e0 gravidez, desde a nida\u00e7\u00e3o (fixa\u00e7\u00e3o do embri\u00e3o na parede uterina) at\u00e9 a manuten\u00e7\u00e3o do processo de crescimento e desenvolvimento fetais, a contra\u00e7\u00e3o uterina na hora do parto e a produ\u00e7\u00e3o do leite materno.<\/h4>\n<h4>A lordose lombar se constitui num mecanismo de compensa\u00e7\u00e3o postural, onde \u00e0 medida que o peso do abdome se projeta para frente, o segmento superior do corpo se volta para traz, assegurando \u00e0 Gestante o seu equil\u00edbrio corporal.<\/h4>\n<h4>As altera\u00e7\u00f5es sociais se manifestam nas mudan\u00e7as comportamentais, muitas vezes assumidas instintivamente pela gr\u00e1vida, incluindo <strong>a<\/strong> <strong>indument\u00e1ria<\/strong> \u2013 <em>substitui\u00e7\u00e3o<\/em> <em>da roupa da moda por<\/em> <em>vestidos adequados aos diferentes momentos do per\u00edodo gestacional, e o abandono do uso de sapatos de salto-alto<\/em> \u2013, <strong>os h\u00e1bitos alimentares<\/strong> \u2013 <em>ingest\u00e3o menor de sal, gordura e a\u00e7\u00facar, e refei\u00e7\u00f5es em hor\u00e1rios regulares<\/em> \u2013, <strong>os v\u00edcios<\/strong> \u2013 <em>exclus\u00e3o do uso de bebidas alco\u00f3licas, cigarro e outras drogas<\/em> \u2013 e <strong>os eventos p\u00fablicos<\/strong> \u2013 <em>a n\u00e3o-participa\u00e7\u00e3o de atividades sociais de grande concentra\u00e7\u00e3o de pessoas, como show musical, festas de rodeio, com\u00edcios pol\u00edticos, jogos de futebol, etc<\/em>.<\/h4>\n<h4>Pelo acima exposto, conclui-se que a afirmativa da primeira frase merece ser compreendida, refletida e internalizada, tanto pela Gestante \u2013 <em>para prevenir-se de problemas comuns na gravidez e preservar a integridade f\u00edsica e emocional do filho durante a vida intrauterina<\/em> \u2013 como pelo companheiro \u2013 <em>para que possa contribuir positivamente para o bem-estar do bin\u00f4mio m\u00e3e\/filho, oferecendo-lhe aten\u00e7\u00e3o, compreens\u00e3o, presen\u00e7a f\u00edsica, apoio, carinho e seguran\u00e7a.<\/em><\/h4>\n<h4>O clima de felicidade vivido pela Gestante tornar-se-\u00e1 presente na vida futura do filho, raz\u00e3o pela qual as orienta\u00e7\u00f5es repassadas pelo obstetra devam ser consideradas e seguidas.<\/h4>\n<h4 style=\"text-align: right;\"><em>Sebasti\u00e3o Saraiva<\/em><\/h4>\n<h4 style=\"text-align: right;\"><em>M\u00e9dico e Hol\u00f3sofo<\/em><\/h4>\n","protected":false},"excerpt":{"rendered":"<p>A GESTANTE Publicado em 20\/10\/2007 &nbsp; A Gestante \u00e9 uma pessoa que deve ser vista, sentida e tratada como especial. Alojar um ser dentro de si implica em altera\u00e7\u00f5es bio-psico-sociais, cujas repercuss\u00f5es est\u00e3o intimamente relacionadas com as caracter\u00edsticas individuais de cada Gestante. As altera\u00e7\u00f5es biol\u00f3gicas, por quest\u00f5es did\u00e1ticas, podem ser agrupadas em duas categorias: modifica\u00e7\u00f5es &hellip;<\/p>\n<p class=\"read-more\"> <a class=\"\" href=\"https:\/\/holosofia.com.br\/?page_id=1237\"> <span class=\"screen-reader-text\">Holocoluna &#8211; 0065<\/span> Leia mais &raquo;<\/a><\/p>\n","protected":false},"author":1,"featured_media":0,"parent":0,"menu_order":0,"comment_status":"closed","ping_status":"closed","template":"","meta":{"_bbp_topic_count":0,"_bbp_reply_count":0,"_bbp_total_topic_count":0,"_bbp_total_reply_count":0,"_bbp_voice_count":0,"_bbp_anonymous_reply_count":0,"_bbp_topic_count_hidden":0,"_bbp_reply_count_hidden":0,"_bbp_forum_subforum_count":0,"om_disable_all_campaigns":false,"_uag_custom_page_level_css":"","_mi_skip_tracking":false,"_monsterinsights_sitenote_active":false,"_monsterinsights_sitenote_note":"","_monsterinsights_sitenote_category":0,"site-sidebar-layout":"default","site-content-layout":"default","ast-global-header-display":"","ast-main-header-display":"","ast-hfb-above-header-display":"","ast-hfb-below-header-display":"","ast-hfb-mobile-header-display":"","site-post-title":"","ast-breadcrumbs-content":"","ast-featured-img":"","footer-sml-layout":"","theme-transparent-header-meta":"default","adv-header-id-meta":"","stick-header-meta":"","header-above-stick-meta":"","header-main-stick-meta":"","header-below-stick-meta":"","footnotes":""},"class_list":["post-1237","page","type-page","status-publish","hentry"],"aioseo_notices":[],"uagb_featured_image_src":{"full":false,"thumbnail":false,"medium":false,"medium_large":false,"large":false,"post-slider-thumb-size":false,"1536x1536":false,"2048x2048":false},"uagb_author_info":{"display_name":"solucaopublicidades@hotmail.com","author_link":"https:\/\/holosofia.com.br\/?author=1"},"uagb_comment_info":0,"uagb_excerpt":"A GESTANTE Publicado em 20\/10\/2007 &nbsp; A Gestante \u00e9 uma pessoa que deve ser vista, sentida e tratada como especial. Alojar um ser dentro de si implica em altera\u00e7\u00f5es bio-psico-sociais, cujas repercuss\u00f5es est\u00e3o intimamente relacionadas com as caracter\u00edsticas individuais de cada Gestante. As altera\u00e7\u00f5es biol\u00f3gicas, por quest\u00f5es did\u00e1ticas, podem ser agrupadas em duas categorias: modifica\u00e7\u00f5es&hellip;","_links":{"self":[{"href":"https:\/\/holosofia.com.br\/index.php?rest_route=\/wp\/v2\/pages\/1237","targetHints":{"allow":["GET"]}}],"collection":[{"href":"https:\/\/holosofia.com.br\/index.php?rest_route=\/wp\/v2\/pages"}],"about":[{"href":"https:\/\/holosofia.com.br\/index.php?rest_route=\/wp\/v2\/types\/page"}],"author":[{"embeddable":true,"href":"https:\/\/holosofia.com.br\/index.php?rest_route=\/wp\/v2\/users\/1"}],"replies":[{"embeddable":true,"href":"https:\/\/holosofia.com.br\/index.php?rest_route=%2Fwp%2Fv2%2Fcomments&post=1237"}],"version-history":[{"count":2,"href":"https:\/\/holosofia.com.br\/index.php?rest_route=\/wp\/v2\/pages\/1237\/revisions"}],"predecessor-version":[{"id":1347,"href":"https:\/\/holosofia.com.br\/index.php?rest_route=\/wp\/v2\/pages\/1237\/revisions\/1347"}],"wp:attachment":[{"href":"https:\/\/holosofia.com.br\/index.php?rest_route=%2Fwp%2Fv2%2Fmedia&parent=1237"}],"curies":[{"name":"wp","href":"https:\/\/api.w.org\/{rel}","templated":true}]}}