{"id":1231,"date":"2023-02-07T01:39:21","date_gmt":"2023-02-07T01:39:21","guid":{"rendered":"https:\/\/holosofia.com.br\/?page_id=1231"},"modified":"2023-03-25T14:08:30","modified_gmt":"2023-03-25T14:08:30","slug":"holocoluna-0064","status":"publish","type":"page","link":"https:\/\/holosofia.com.br\/?page_id=1231","title":{"rendered":"Holocoluna &#8211; 0064"},"content":{"rendered":"<ol start=\"64\">\n<li>\n<h3>A FAM\u00cdLIA<\/h3>\n<\/li>\n<\/ol>\n<h3 style=\"text-align: right;\">Publicado em 13\/10\/2007<\/h3>\n<p>&nbsp;<\/p>\n<h4>\u00a0\u00a0\u00a0\u00a0\u00a0\u00a0\u00a0\u00a0\u00a0\u00a0\u00a0\u00a0\u00a0\u00a0\u00a0\u00a0\u00a0\u00a0\u00a0\u00a0\u00a0\u00a0\u00a0\u00a0\u00a0\u00a0\u00a0\u00a0\u00a0\u00a0\u00a0\u00a0\u00a0\u00a0\u00a0\u00a0\u00a0\u00a0\u00a0\u00a0\u00a0\u00a0\u00a0 * Partes de par\u00e1grafos \u201cengolidas\u201d no texto do jornal. 13.1.07<\/h4>\n<h4>A mais genu\u00edna aspira\u00e7\u00e3o da pessoa saud\u00e1vel, num determinado per\u00edodo da sua vida, \u00e9 constituir sua pr\u00f3pria fam\u00edlia, a fam\u00edlia nuclear.<\/h4>\n<h4>A fam\u00edlia compreende o casal ou o casal e sua prole.<\/h4>\n<h4>Buscando uma refer\u00eancia na Biologia, poder\u00edamos dizer que a fam\u00edlia formada pelo casal, seria uma fam\u00edlia \u201cbicelular\u201d, enquanto aquela composta pelo casal e seus filhos considerar-se-ia uma fam\u00edlia \u201cpluricelular\u201d.<\/h4>\n<h4>A forma\u00e7\u00e3o do casal se d\u00e1 pela uni\u00e3o de duas pessoas saud\u00e1veis e de sexos opostos, com o prop\u00f3sito de compartilharem a vida, optando por uma experi\u00eancia a dois ou a mais pessoas, ou seja, sem filhos ou com filhos.<\/h4>\n<h4>Conv\u00e9m salientar que a \u00eanfase dada \u00e0 \u201cpessoa saud\u00e1vel\u201d quer significar que o indiv\u00edduo n\u00e3o saud\u00e1vel, dependendo do grau de comprometimento da sua sa\u00fade, n\u00e3o desfruta da condi\u00e7\u00e3o favor\u00e1vel a um projeto de vida futura, quase sempre por comprometimento de suas faculdades mentais.<\/h4>\n<h4>Por outro lado, h\u00e1 pessoas saud\u00e1veis que, mediante sua liberdade de escolha, resolve viver de forma adversa, seja por preceitos religiosos ou por op\u00e7\u00e3o sexual.<\/h4>\n<h4>Assim, parece \u00f3bvio que o presente artigo n\u00e3o tem outra pretens\u00e3o sen\u00e3o a de abordar <strong>a fam\u00edlia<\/strong> enquanto c\u00e9lula social, unidade social.<\/h4>\n<h4>A sa\u00fade de uma sociedade resulta da soma das sa\u00fades familiares que, por sua vez, refletem a sa\u00fade individual dos membros das fam\u00edlias.<\/h4>\n<h4>Portanto, em sendo a sa\u00fade o maior patrim\u00f4nio da humanidade, \u00e9 f\u00e1cil concluir pelo tamanho e complexidade do desafio ao qual o homem moderno est\u00e1 exposto.<\/h4>\n<h4>A postura ego\u00edstica de segmentos sociais detentores do Poder, no mundo inteiro, vem promovendo a desestabiliza\u00e7\u00e3o do Planeta, atrav\u00e9s da produ\u00e7\u00e3o de substancias capazes de influenciar negativamente o ritmo natural do Cosmos.<\/h4>\n<h4>Certamente, tais segmentos sociais j\u00e1 contabilizam in\u00fameras fam\u00edlias pouco saud\u00e1veis e, se houver um aprofundamento na pesquisa, haver\u00e1 de se encontrar indiv\u00edduos dignos de urgentes interna\u00e7\u00f5es psiqui\u00e1tricas. Esta afirmativa poder\u00e1 soar como exagero ou for\u00e7a de express\u00e3o, mas uma an\u00e1lise competente dos fatos di\u00e1rios sinaliza para uma conclus\u00e3o verdadeira, infelizmente. Esta verdade pode ser o caos, o fim dos tempos.<\/h4>\n<h4>O tempo urge, por isso, h\u00e1 de se tomar medidas imediatas e eficazes. Dentre estas, destacam-se dois exerc\u00edcios, o da medita\u00e7\u00e3o e o da reflex\u00e3o. Com o primeiro se obt\u00e9m consci\u00eancia existencial, e com o segundo, se desenvolve o pensamento cr\u00edtico. Ambos indispens\u00e1veis na constru\u00e7\u00e3o da fam\u00edlia. Constru\u00e7\u00e3o da fam\u00edlia saud\u00e1vel.<\/h4>\n<h4>Por conclus\u00e3o, a sa\u00fade org\u00e2nica est\u00e1 a cargo dos m\u00e9dicos, a comportamental encontra nos psic\u00f3logos um grande suporte, mas a sa\u00fade existencial\/espiritual \u00e9 conquistada com esfor\u00e7o pr\u00f3prio, exigindo ren\u00fancia, humildade, determina\u00e7\u00e3o, generosidade, paci\u00eancia e amor ao pr\u00f3ximo. Plante estas sementes em voc\u00ea, e elas germinar\u00e3o no seio da sua fam\u00edlia.<\/h4>\n<h4>Viva a fam\u00edlia!<\/h4>\n<h4><em>Sebasti\u00e3o Saraiva <\/em><\/h4>\n<h4><em>M\u00e9dico e Hol\u00f3sofo<\/em><\/h4>\n","protected":false},"excerpt":{"rendered":"<p>A FAM\u00cdLIA Publicado em 13\/10\/2007 &nbsp; \u00a0\u00a0\u00a0\u00a0\u00a0\u00a0\u00a0\u00a0\u00a0\u00a0\u00a0\u00a0\u00a0\u00a0\u00a0\u00a0\u00a0\u00a0\u00a0\u00a0\u00a0\u00a0\u00a0\u00a0\u00a0\u00a0\u00a0\u00a0\u00a0\u00a0\u00a0\u00a0\u00a0\u00a0\u00a0\u00a0\u00a0\u00a0\u00a0\u00a0\u00a0\u00a0\u00a0 * Partes de par\u00e1grafos \u201cengolidas\u201d no texto do jornal. 13.1.07 A mais genu\u00edna aspira\u00e7\u00e3o da pessoa saud\u00e1vel, num determinado per\u00edodo da sua vida, \u00e9 constituir sua pr\u00f3pria fam\u00edlia, a fam\u00edlia nuclear. A fam\u00edlia compreende o casal ou o casal e sua prole. Buscando uma refer\u00eancia na Biologia, poder\u00edamos &hellip;<\/p>\n<p class=\"read-more\"> <a class=\"\" href=\"https:\/\/holosofia.com.br\/?page_id=1231\"> <span class=\"screen-reader-text\">Holocoluna &#8211; 0064<\/span> Leia mais &raquo;<\/a><\/p>\n","protected":false},"author":1,"featured_media":0,"parent":0,"menu_order":0,"comment_status":"closed","ping_status":"closed","template":"","meta":{"_bbp_topic_count":0,"_bbp_reply_count":0,"_bbp_total_topic_count":0,"_bbp_total_reply_count":0,"_bbp_voice_count":0,"_bbp_anonymous_reply_count":0,"_bbp_topic_count_hidden":0,"_bbp_reply_count_hidden":0,"_bbp_forum_subforum_count":0,"om_disable_all_campaigns":false,"_uag_custom_page_level_css":"","_mi_skip_tracking":false,"_monsterinsights_sitenote_active":false,"_monsterinsights_sitenote_note":"","_monsterinsights_sitenote_category":0,"site-sidebar-layout":"default","site-content-layout":"default","ast-global-header-display":"","ast-main-header-display":"","ast-hfb-above-header-display":"","ast-hfb-below-header-display":"","ast-hfb-mobile-header-display":"","site-post-title":"","ast-breadcrumbs-content":"","ast-featured-img":"","footer-sml-layout":"","theme-transparent-header-meta":"default","adv-header-id-meta":"","stick-header-meta":"","header-above-stick-meta":"","header-main-stick-meta":"","header-below-stick-meta":"","footnotes":""},"class_list":["post-1231","page","type-page","status-publish","hentry"],"aioseo_notices":[],"uagb_featured_image_src":{"full":false,"thumbnail":false,"medium":false,"medium_large":false,"large":false,"post-slider-thumb-size":false,"1536x1536":false,"2048x2048":false},"uagb_author_info":{"display_name":"solucaopublicidades@hotmail.com","author_link":"https:\/\/holosofia.com.br\/?author=1"},"uagb_comment_info":0,"uagb_excerpt":"A FAM\u00cdLIA Publicado em 13\/10\/2007 &nbsp; \u00a0\u00a0\u00a0\u00a0\u00a0\u00a0\u00a0\u00a0\u00a0\u00a0\u00a0\u00a0\u00a0\u00a0\u00a0\u00a0\u00a0\u00a0\u00a0\u00a0\u00a0\u00a0\u00a0\u00a0\u00a0\u00a0\u00a0\u00a0\u00a0\u00a0\u00a0\u00a0\u00a0\u00a0\u00a0\u00a0\u00a0\u00a0\u00a0\u00a0\u00a0\u00a0\u00a0 * Partes de par\u00e1grafos \u201cengolidas\u201d no texto do jornal. 13.1.07 A mais genu\u00edna aspira\u00e7\u00e3o da pessoa saud\u00e1vel, num determinado per\u00edodo da sua vida, \u00e9 constituir sua pr\u00f3pria fam\u00edlia, a fam\u00edlia nuclear. A fam\u00edlia compreende o casal ou o casal e sua prole. Buscando uma refer\u00eancia na Biologia, poder\u00edamos&hellip;","_links":{"self":[{"href":"https:\/\/holosofia.com.br\/index.php?rest_route=\/wp\/v2\/pages\/1231","targetHints":{"allow":["GET"]}}],"collection":[{"href":"https:\/\/holosofia.com.br\/index.php?rest_route=\/wp\/v2\/pages"}],"about":[{"href":"https:\/\/holosofia.com.br\/index.php?rest_route=\/wp\/v2\/types\/page"}],"author":[{"embeddable":true,"href":"https:\/\/holosofia.com.br\/index.php?rest_route=\/wp\/v2\/users\/1"}],"replies":[{"embeddable":true,"href":"https:\/\/holosofia.com.br\/index.php?rest_route=%2Fwp%2Fv2%2Fcomments&post=1231"}],"version-history":[{"count":2,"href":"https:\/\/holosofia.com.br\/index.php?rest_route=\/wp\/v2\/pages\/1231\/revisions"}],"predecessor-version":[{"id":1346,"href":"https:\/\/holosofia.com.br\/index.php?rest_route=\/wp\/v2\/pages\/1231\/revisions\/1346"}],"wp:attachment":[{"href":"https:\/\/holosofia.com.br\/index.php?rest_route=%2Fwp%2Fv2%2Fmedia&parent=1231"}],"curies":[{"name":"wp","href":"https:\/\/api.w.org\/{rel}","templated":true}]}}