{"id":1226,"date":"2023-02-07T01:36:30","date_gmt":"2023-02-07T01:36:30","guid":{"rendered":"https:\/\/holosofia.com.br\/?page_id=1226"},"modified":"2023-03-25T14:07:33","modified_gmt":"2023-03-25T14:07:33","slug":"holocoluna-0063","status":"publish","type":"page","link":"https:\/\/holosofia.com.br\/?page_id=1226","title":{"rendered":"Holocoluna &#8211; 0063"},"content":{"rendered":"<ol start=\"63\">\n<li>\n<h3>OS FILHOS<\/h3>\n<\/li>\n<\/ol>\n<h3 style=\"text-align: right;\">Publicado em 06\/10\/2007<\/h3>\n<p>&nbsp;<\/p>\n<h4>Os filhos v\u00eam confirmar a capacidade dos pais de perpetuar a esp\u00e9cie, atrav\u00e9s do amor.<\/h4>\n<h4>O amor que aproxima o casal, o amor que leva \u00e0 gravidez, o amor que recebe o beb\u00ea e o amor que educa o filho. Sempre com amor!<\/h4>\n<h4>O per\u00edodo pr\u00e9-gestacional \u00e9, naturalmente, preenchido por planos e expectativas em torno da realiza\u00e7\u00e3o do casal como pai-e-m\u00e3e.<\/h4>\n<h4>A feliz not\u00edcia contida nas tradicionais palavras \u201cvoc\u00eas v\u00e3o ser pais\u201d inaugura uma p\u00e1gina especial na vida do casal. O amor sentimento, agora materializado no pequeno embri\u00e3o, culmina com a sublime afirmativa: \u00e9ramos dois, doravante seremos tr\u00eas. Gra\u00e7as a Deus!<\/h4>\n<h4>Vemos a\u00ed expressa a rainha das virtudes, a gratid\u00e3o \u2013 <em>gra\u00e7as a Deus.<\/em><\/h4>\n<h4>Vemos os pais agradecerem ao Pai por se tornarem pais. Isto, de t\u00e3o maravilhoso, j\u00e1 nos permite vislumbrar com seguran\u00e7a o ambiente amoroso desse novo ser.<\/h4>\n<h4>O amor e a gratid\u00e3o se constituem na \u201cbase\u201d onde se apoiar\u00e3o todas as estruturas necess\u00e1rias \u00e0 constru\u00e7\u00e3o de um ser humano feliz e de sucesso.<\/h4>\n<h4>Portanto, os filhos que nascem de pais virtuosos ser\u00e3o virtuosos tamb\u00e9m, e tornar-se-\u00e3o motivos de alegria para a fam\u00edlia, para a sociedade e para o mundo.<\/h4>\n<h4>A virtuosidade dos filhos atuais s\u00e3o energias irradiantes e positivas a serem, automaticamente, repassadas a seus futuros filhos. Este processo progressivo de repasse de virtudes pessoais, de gera\u00e7\u00e3o a gera\u00e7\u00e3o, ser\u00e1 capaz de promover a verdadeira humaniza\u00e7\u00e3o do Planeta, quando ent\u00e3o cada cidad\u00e3o reconhecer\u00e1, um no outro, o irm\u00e3o Universal.<\/h4>\n<h4>A inobserv\u00e2ncia da import\u00e2ncia da \u201cbase\u201d referida resulta na diversidade de caminhos (ou descaminhos) que se abrir\u00e3o para os filhos \u2013 <em>biol\u00f3gicos ou adotivos<\/em> \u2013 nos diferentes momentos da vida. E caminhos, quase sempre, tortuosos.<\/h4>\n<h4>\u00c9 o grau de tortuosidade desses caminhos que ditar\u00e1 o comportamento dos filhos diante de si, dos pais, da fam\u00edlia, da escola, do patr\u00e3o e da sociedade.<\/h4>\n<h4>Da\u00ed a necessidade de se compreender a raz\u00e3o pela qual os filhos apresentam comportamentos distintos daqueles que gostar\u00edamos que tivessem ou at\u00e9 mesmo daqueles que lhes recomendamos. Certamente lhes falta a \u201cbase\u201d e, com freq\u00fc\u00eancia, o modelo. O modelo a ser seguido.<\/h4>\n<h4>A falta da \u201cbase\u201d ou a exist\u00eancia de uma \u201cbase\u201d pouco s\u00f3lida ou ainda o exemplo negativo clama por medidas que venham remediar a situa\u00e7\u00e3o, \u00e0s vezes com resultados positivamente surpreendentes.<\/h4>\n<h4>Na maioria das vezes essas medidas exigem um trabalho conjunto, envolvendo pessoas \u2013 <em>pais, familiares, vizinhos, amigos, professores, chefes, patr\u00f5es<\/em> \u2013 pertinentes ao mundo dos filhos e at\u00e9 profissionais \u2013 <em>psiquiatras e psic\u00f3logos<\/em> \u2013 da \u00e1rea comportamental.<\/h4>\n<h4>Pelo visto, h\u00e1 de se investir na constru\u00e7\u00e3o da \u201cbase\u201d, o que se faz com exerc\u00edcios de reflex\u00e3o sobre a vida, a maternidade\/paternidade respons\u00e1vel, o respeito ao outro e \u00e0 autoridade, o valor do di\u00e1logo, a import\u00e2ncia da escola, o papel do trabalho e o pre\u00e7o da honestidade.<\/h4>\n<h4>Mas tudo com amor!<\/h4>\n<h4 style=\"text-align: right;\"><em>Sebasti\u00e3o Saraiva<\/em><\/h4>\n<h4 style=\"text-align: right;\"><em>M\u00e9dico e Hol\u00f3sofo<\/em><\/h4>\n","protected":false},"excerpt":{"rendered":"<p>OS FILHOS Publicado em 06\/10\/2007 &nbsp; Os filhos v\u00eam confirmar a capacidade dos pais de perpetuar a esp\u00e9cie, atrav\u00e9s do amor. O amor que aproxima o casal, o amor que leva \u00e0 gravidez, o amor que recebe o beb\u00ea e o amor que educa o filho. Sempre com amor! O per\u00edodo pr\u00e9-gestacional \u00e9, naturalmente, preenchido &hellip;<\/p>\n<p class=\"read-more\"> <a class=\"\" href=\"https:\/\/holosofia.com.br\/?page_id=1226\"> <span class=\"screen-reader-text\">Holocoluna &#8211; 0063<\/span> Leia mais &raquo;<\/a><\/p>\n","protected":false},"author":1,"featured_media":0,"parent":0,"menu_order":0,"comment_status":"closed","ping_status":"closed","template":"","meta":{"_bbp_topic_count":0,"_bbp_reply_count":0,"_bbp_total_topic_count":0,"_bbp_total_reply_count":0,"_bbp_voice_count":0,"_bbp_anonymous_reply_count":0,"_bbp_topic_count_hidden":0,"_bbp_reply_count_hidden":0,"_bbp_forum_subforum_count":0,"om_disable_all_campaigns":false,"_uag_custom_page_level_css":"","_mi_skip_tracking":false,"_monsterinsights_sitenote_active":false,"_monsterinsights_sitenote_note":"","_monsterinsights_sitenote_category":0,"site-sidebar-layout":"default","site-content-layout":"default","ast-global-header-display":"","ast-main-header-display":"","ast-hfb-above-header-display":"","ast-hfb-below-header-display":"","ast-hfb-mobile-header-display":"","site-post-title":"","ast-breadcrumbs-content":"","ast-featured-img":"","footer-sml-layout":"","theme-transparent-header-meta":"default","adv-header-id-meta":"","stick-header-meta":"","header-above-stick-meta":"","header-main-stick-meta":"","header-below-stick-meta":"","footnotes":""},"class_list":["post-1226","page","type-page","status-publish","hentry"],"aioseo_notices":[],"uagb_featured_image_src":{"full":false,"thumbnail":false,"medium":false,"medium_large":false,"large":false,"post-slider-thumb-size":false,"1536x1536":false,"2048x2048":false},"uagb_author_info":{"display_name":"solucaopublicidades@hotmail.com","author_link":"https:\/\/holosofia.com.br\/?author=1"},"uagb_comment_info":0,"uagb_excerpt":"OS FILHOS Publicado em 06\/10\/2007 &nbsp; Os filhos v\u00eam confirmar a capacidade dos pais de perpetuar a esp\u00e9cie, atrav\u00e9s do amor. O amor que aproxima o casal, o amor que leva \u00e0 gravidez, o amor que recebe o beb\u00ea e o amor que educa o filho. Sempre com amor! O per\u00edodo pr\u00e9-gestacional \u00e9, naturalmente, preenchido&hellip;","_links":{"self":[{"href":"https:\/\/holosofia.com.br\/index.php?rest_route=\/wp\/v2\/pages\/1226","targetHints":{"allow":["GET"]}}],"collection":[{"href":"https:\/\/holosofia.com.br\/index.php?rest_route=\/wp\/v2\/pages"}],"about":[{"href":"https:\/\/holosofia.com.br\/index.php?rest_route=\/wp\/v2\/types\/page"}],"author":[{"embeddable":true,"href":"https:\/\/holosofia.com.br\/index.php?rest_route=\/wp\/v2\/users\/1"}],"replies":[{"embeddable":true,"href":"https:\/\/holosofia.com.br\/index.php?rest_route=%2Fwp%2Fv2%2Fcomments&post=1226"}],"version-history":[{"count":2,"href":"https:\/\/holosofia.com.br\/index.php?rest_route=\/wp\/v2\/pages\/1226\/revisions"}],"predecessor-version":[{"id":1345,"href":"https:\/\/holosofia.com.br\/index.php?rest_route=\/wp\/v2\/pages\/1226\/revisions\/1345"}],"wp:attachment":[{"href":"https:\/\/holosofia.com.br\/index.php?rest_route=%2Fwp%2Fv2%2Fmedia&parent=1226"}],"curies":[{"name":"wp","href":"https:\/\/api.w.org\/{rel}","templated":true}]}}