{"id":1221,"date":"2023-02-07T01:34:48","date_gmt":"2023-02-07T01:34:48","guid":{"rendered":"https:\/\/holosofia.com.br\/?page_id=1221"},"modified":"2023-03-25T14:06:46","modified_gmt":"2023-03-25T14:06:46","slug":"holocoluna-0062","status":"publish","type":"page","link":"https:\/\/holosofia.com.br\/?page_id=1221","title":{"rendered":"Holocoluna &#8211; 0062"},"content":{"rendered":"<ol start=\"62\">\n<li>\n<h3>O CASAL&#8230;II<\/h3>\n<\/li>\n<\/ol>\n<h3 style=\"text-align: right;\">Publicado em 29\/09\/2007<\/h3>\n<p>&nbsp;<\/p>\n<h4>Reavalia\u00e7\u00f5es peri\u00f3dicas das rela\u00e7\u00f5es! Estas implicam em di\u00e1logos. Di\u00e1logos freq\u00fcentes, francos, abertos e sem melindres. Cuidado para n\u00e3o virar uma contenda!<\/h4>\n<h4>Quando se fala que o homem e a mulher t\u00eam psicologias pr\u00f3prias, isto significa dizer que os sentimentos, as sensibilidades, os desejos, os prazeres, os sonhos e as formas de ver a vida s\u00e3o diferentes. Eles s\u00e3o diferentes desde a gen\u00e9tica; enquanto o homem ostenta os cromossomas XY, a mulher exibe os cromossomas XX.<\/h4>\n<h4>Assim, o reconhecimento da necessidade dos di\u00e1logos como oportunidades de reavalia\u00e7\u00f5es peri\u00f3dicas das rela\u00e7\u00f5es se constitui num ato de justi\u00e7a m\u00fatua em dire\u00e7\u00e3o \u00e0 manuten\u00e7\u00e3o da igualdade funcional de duas \u201cpe\u00e7as\u201d desiguais, o homem e a mulher.<\/h4>\n<h4>Para tanto, alguns dos muitos ingredientes \u2013 <em>humor, aten\u00e7\u00e3o, compreens\u00e3o, dedica\u00e7\u00e3o, admira\u00e7\u00e3o, cuidado, respeito, altru\u00edsmo, liberdade e confian\u00e7a<\/em> \u2013 devem ser utilizados, e com muita sabedoria.<\/h4>\n<h4>A pessoa <strong>bem humorada<\/strong> demonstra distinguir os valores reais da vida, transformando esta numa permanente festa, permitindo o fluir de boas energias e alegrias.<\/h4>\n<h4>Prestar <strong>aten\u00e7\u00e3o<\/strong> no outro torna poss\u00edvel a identifica\u00e7\u00e3o de fatos sutis e faculta o exerc\u00edcio do elogio rec\u00edproco, o que eleva a auto-estima e aumenta o sentimento de afeto de ambos.<\/h4>\n<h4>A postura de <strong>compreens\u00e3o<\/strong> das facilidades e dificuldades do outro demonstra maturidade e vem confirmar o reconhecimento das diferencias individuais, eliminando o clima de cobran\u00e7a desnecess\u00e1ria e t\u00e3o danosa \u00e0 rela\u00e7\u00e3o do casal.<\/h4>\n<h4><strong>Dedicar-se<\/strong> um ao outro \u00e9 fazer-se presente nos diferentes momentos do dia-a-dia.<\/h4>\n<h4>A <strong>admira\u00e7\u00e3o<\/strong> representa a identifica\u00e7\u00e3o das virtudes que um v\u00ea no outro e expressa, sem economia, atrav\u00e9s de palavras, atitudes e gestos. \u00c9 importante, tanto falar quanto ouvir!<\/h4>\n<h4>A forma de <strong>cuidar<\/strong> denuncia bem as diferencias entre o casal; o homem se concentra nas tarefas de sobreviv\u00eancia e seguran\u00e7a, como se fosse o pai da companheira; a mulher atua como m\u00e3e, ocupando-se da alimenta\u00e7\u00e3o, da indument\u00e1ria e dos detalhes da casa, chegando at\u00e9 a por normas e limites no uso dos pertences, mesmo os adquiridos pelo pr\u00f3prio marido. Pareceria mais inteligente direcionar o cuidado \u00e0 pessoa um do outro.<\/h4>\n<h4>O <strong>respeito<\/strong> \u00e9 um termo amplo, mas aqui queremos dar-lhe a conota\u00e7\u00e3o de respeito \u00e0 vida do outro, elegendo a estabilidade emocional como fator de sa\u00fade e aus\u00eancia de grosserias ou asperezas, de parte-a-parte. Silenciar no barulho do outro soa como respeito.<\/h4>\n<h4>O <strong>altru\u00edsmo<\/strong> simboliza a considera\u00e7\u00e3o positiva, o amor de um pelo outro. Ao contr\u00e1rio, o ego\u00edsmo leva \u00e0 competi\u00e7\u00e3o. A competi\u00e7\u00e3o \u00e9 o caminho mais perto para a infelicidade.<\/h4>\n<h4>\u00a0A <strong>liberdade<\/strong> \u00e9 o maior patrim\u00f4nio individual depois da f\u00e9 e da sa\u00fade. Deixar o outro sentir-se livre \u00e9 mant\u00ea-lo oxigenado, portando vivo. Conviver com morto s\u00f3 outro morto!<\/h4>\n<h4>A <strong>confian\u00e7a<\/strong> \u00e9 um sentimento de seguran\u00e7a interno individual que se mant\u00e9m inabalado diante da liberdade do outro, pois a cumplicidade deve prevalecer. Isto n\u00e3o deve interferir na rea\u00e7\u00e3o diante do que o(a) outro(a) far\u00e1 com o voto de confian\u00e7a recebido.<\/h4>\n<h4>O casal \u00e9 o encontro das \u201cmetades\u201d humanas justificado pelo pr\u00f3prio fim, compartilhar vidas!<\/h4>\n<h4 style=\"text-align: right;\"><em>Sebasti\u00e3o Saraiva<\/em><\/h4>\n<h4 style=\"text-align: right;\"><em>M\u00e9dico e Hol\u00f3sofo<\/em><\/h4>\n","protected":false},"excerpt":{"rendered":"<p>O CASAL&#8230;II Publicado em 29\/09\/2007 &nbsp; Reavalia\u00e7\u00f5es peri\u00f3dicas das rela\u00e7\u00f5es! Estas implicam em di\u00e1logos. Di\u00e1logos freq\u00fcentes, francos, abertos e sem melindres. Cuidado para n\u00e3o virar uma contenda! Quando se fala que o homem e a mulher t\u00eam psicologias pr\u00f3prias, isto significa dizer que os sentimentos, as sensibilidades, os desejos, os prazeres, os sonhos e as &hellip;<\/p>\n<p class=\"read-more\"> <a class=\"\" href=\"https:\/\/holosofia.com.br\/?page_id=1221\"> <span class=\"screen-reader-text\">Holocoluna &#8211; 0062<\/span> Leia mais &raquo;<\/a><\/p>\n","protected":false},"author":1,"featured_media":0,"parent":0,"menu_order":0,"comment_status":"closed","ping_status":"closed","template":"","meta":{"_bbp_topic_count":0,"_bbp_reply_count":0,"_bbp_total_topic_count":0,"_bbp_total_reply_count":0,"_bbp_voice_count":0,"_bbp_anonymous_reply_count":0,"_bbp_topic_count_hidden":0,"_bbp_reply_count_hidden":0,"_bbp_forum_subforum_count":0,"om_disable_all_campaigns":false,"_uag_custom_page_level_css":"","_mi_skip_tracking":false,"_monsterinsights_sitenote_active":false,"_monsterinsights_sitenote_note":"","_monsterinsights_sitenote_category":0,"site-sidebar-layout":"default","site-content-layout":"default","ast-global-header-display":"","ast-main-header-display":"","ast-hfb-above-header-display":"","ast-hfb-below-header-display":"","ast-hfb-mobile-header-display":"","site-post-title":"","ast-breadcrumbs-content":"","ast-featured-img":"","footer-sml-layout":"","theme-transparent-header-meta":"default","adv-header-id-meta":"","stick-header-meta":"","header-above-stick-meta":"","header-main-stick-meta":"","header-below-stick-meta":"","footnotes":""},"class_list":["post-1221","page","type-page","status-publish","hentry"],"aioseo_notices":[],"uagb_featured_image_src":{"full":false,"thumbnail":false,"medium":false,"medium_large":false,"large":false,"post-slider-thumb-size":false,"1536x1536":false,"2048x2048":false},"uagb_author_info":{"display_name":"solucaopublicidades@hotmail.com","author_link":"https:\/\/holosofia.com.br\/?author=1"},"uagb_comment_info":0,"uagb_excerpt":"O CASAL&#8230;II Publicado em 29\/09\/2007 &nbsp; Reavalia\u00e7\u00f5es peri\u00f3dicas das rela\u00e7\u00f5es! Estas implicam em di\u00e1logos. Di\u00e1logos freq\u00fcentes, francos, abertos e sem melindres. Cuidado para n\u00e3o virar uma contenda! Quando se fala que o homem e a mulher t\u00eam psicologias pr\u00f3prias, isto significa dizer que os sentimentos, as sensibilidades, os desejos, os prazeres, os sonhos e as&hellip;","_links":{"self":[{"href":"https:\/\/holosofia.com.br\/index.php?rest_route=\/wp\/v2\/pages\/1221","targetHints":{"allow":["GET"]}}],"collection":[{"href":"https:\/\/holosofia.com.br\/index.php?rest_route=\/wp\/v2\/pages"}],"about":[{"href":"https:\/\/holosofia.com.br\/index.php?rest_route=\/wp\/v2\/types\/page"}],"author":[{"embeddable":true,"href":"https:\/\/holosofia.com.br\/index.php?rest_route=\/wp\/v2\/users\/1"}],"replies":[{"embeddable":true,"href":"https:\/\/holosofia.com.br\/index.php?rest_route=%2Fwp%2Fv2%2Fcomments&post=1221"}],"version-history":[{"count":2,"href":"https:\/\/holosofia.com.br\/index.php?rest_route=\/wp\/v2\/pages\/1221\/revisions"}],"predecessor-version":[{"id":1344,"href":"https:\/\/holosofia.com.br\/index.php?rest_route=\/wp\/v2\/pages\/1221\/revisions\/1344"}],"wp:attachment":[{"href":"https:\/\/holosofia.com.br\/index.php?rest_route=%2Fwp%2Fv2%2Fmedia&parent=1221"}],"curies":[{"name":"wp","href":"https:\/\/api.w.org\/{rel}","templated":true}]}}