{"id":1215,"date":"2023-02-07T01:33:14","date_gmt":"2023-02-07T01:33:14","guid":{"rendered":"https:\/\/holosofia.com.br\/?page_id=1215"},"modified":"2023-03-25T14:05:32","modified_gmt":"2023-03-25T14:05:32","slug":"holocoluna-0061","status":"publish","type":"page","link":"https:\/\/holosofia.com.br\/?page_id=1215","title":{"rendered":"Holocoluna &#8211; 0061"},"content":{"rendered":"<ol start=\"61\">\n<li>\n<h3>O CASAL&#8230;I<\/h3>\n<\/li>\n<\/ol>\n<h3 style=\"text-align: right;\">Publicado em 22\/09\/2007<\/h3>\n<p>&nbsp;<\/p>\n<h4>Deus \u00e9 de uma intelig\u00eancia imensur\u00e1vel. A Sua cria\u00e7\u00e3o guarda uma interdepend\u00eancia intr\u00ednseca e indissoci\u00e1vel. O ser humano completo foi dicotomizado em homem e mulher. Da\u00ed a express\u00e3o \u201ca minha cara-metade\u201d.<\/h4>\n<h4>Na rela\u00e7\u00e3o sexual, o homem contribui com um inteiro-metade \u2013 <em>o espermatoz\u00f3ide<\/em> \u2013 e a mulher com o outro inteiro-metade \u2013 <em>o \u00f3vulo <\/em>\u2013 na forma\u00e7\u00e3o do ovo. Esta forma\u00e7\u00e3o representa a <strong>\u201cprimeira nova forma de vida\u201d.<\/strong> A vida de um novo ser.<\/h4>\n<h4>Por que inteiro-metade?<\/h4>\n<h4>Ambos \u2013 <em>espermatoz\u00f3ide e \u00f3vulos<\/em> \u2013 s\u00e3o inteiros, mas correspondem \u00e0 metade do futuro ovo, fazendo com que o futuro embri\u00e3o tenha a carga gen\u00e9tica total formada pela gen\u00e9tica de cada um dos pais.<\/h4>\n<h4>O ovo vai se fixar no \u00fatero (nida\u00e7\u00e3o) e evoluir de embri\u00e3o a feto. Eis a <strong>\u201csegunda nova forma de vida\u201d.<\/strong><\/h4>\n<h4>O beb\u00ea \u00e9 o feto rec\u00e9m-nascido. Aqui acontece a <strong>\u201cterceira nova forma de vida\u201d.<\/strong><\/h4>\n<h4>A crian\u00e7a, num determinado tempo de sua vida, passa pela experi\u00eancia de mudan\u00e7as corporais evidentes, gra\u00e7as \u00e0 presen\u00e7a efetiva de horm\u00f4nios \u2013 <em>horm\u00f4nios sexuais<\/em> \u2013 antes latentes. Essa \u00e9 a fase da puberdade, a <strong>\u201cquarta nova forma de vida\u201d.<\/strong><\/h4>\n<h4>Por raz\u00f5es biol\u00f3gicas e psicol\u00f3gicas a crian\u00e7a se sente completa no seu contexto familiar, o que deixa de acontecer com a chegada da puberdade, quando os horm\u00f4nios sexuais passam a despert\u00e1-la para a procura da sua metade. Agora, o (a) jovem quer se completar. Inicia-se o interesse pela pessoa do sexo oposto. Vai surgir o namoro, per\u00edodo de excepcional import\u00e2ncia!<\/h4>\n<h4>O namoro \u00e9 fase da experi\u00eancia de avalia\u00e7\u00e3o m\u00fatua das caracter\u00edsticas f\u00edsicas, ps\u00edquicas, emocionais, familiares, culturais, econ\u00f4micas, sociais e religiosas que precede ao casamento.<\/h4>\n<h4>O casamento se constitui na forma\u00e7\u00e3o do casal a partir da uni\u00e3o do homem com a mulher, assim como se formou o ovo pela fus\u00e3o do espermatoz\u00f3ide com o \u00f3vulo.<\/h4>\n<h4>Logo, o casamento representa a <strong>\u201cquinta nova forma de vida\u201d. <\/strong>Nesse ponto fecha-se o ciclo. O casal rec\u00e9m-formado manter\u00e1 rela\u00e7\u00f5es sexuais e as <strong>\u201cnovas formas de vida\u201d<\/strong> dar-se-\u00e3o naturalmente na mesma seq\u00fc\u00eancia.<\/h4>\n<h4>Diante de tudo que \u00e9 <strong>\u201cnovo\u201d<\/strong> h\u00e1 de existir a consci\u00eancia da necessidade de <strong>\u201cnovas\u201d<\/strong> maneiras de pensar e de agir. O casal deve pensar e agir como tal.<\/h4>\n<h4>Para tanto, o casal dever\u00e1 centrar e concentrar. Concentrar toda a sua experi\u00eancia, intelig\u00eancia e energia na manuten\u00e7\u00e3o da sincronia, harmonia e equil\u00edbrio entre as partes.<\/h4>\n<h4>A inobserv\u00e2ncia a esta \u201cLei da Concentra\u00e7\u00e3o\u201d comprometer\u00e1 a estabilidade do casal.<\/h4>\n<h4>Vale ressaltar que ao longo da vida, cada metade, por caracter\u00edsticas individuais e pr\u00f3prias do g\u00eanero \u2013 <em>masculino e feminino<\/em> -, sofrer\u00e1 desgastes existenciais diferentes assim como ter\u00e1 momentos evolutivos diversos, mas a manuten\u00e7\u00e3o da sincronia entre os dois, atrav\u00e9s de reavalia\u00e7\u00f5es peri\u00f3dicas das rela\u00e7\u00f5es, manter\u00e1 o conjunto satisfatoriamente ajustado at\u00e9 o fim da \u201clinha\u201d.<\/h4>\n<h4>Reavalia\u00e7\u00f5es peri\u00f3dicas das rela\u00e7\u00f5es! Estas implicam&#8230; (vide Casal&#8230;II)<\/h4>\n<h4 style=\"text-align: right;\"><em>Sebasti\u00e3o Saraiva<\/em><\/h4>\n<h4 style=\"text-align: right;\"><em>M\u00e9dico e Hol\u00f3sofo<\/em><\/h4>\n","protected":false},"excerpt":{"rendered":"<p>O CASAL&#8230;I Publicado em 22\/09\/2007 &nbsp; Deus \u00e9 de uma intelig\u00eancia imensur\u00e1vel. A Sua cria\u00e7\u00e3o guarda uma interdepend\u00eancia intr\u00ednseca e indissoci\u00e1vel. O ser humano completo foi dicotomizado em homem e mulher. Da\u00ed a express\u00e3o \u201ca minha cara-metade\u201d. Na rela\u00e7\u00e3o sexual, o homem contribui com um inteiro-metade \u2013 o espermatoz\u00f3ide \u2013 e a mulher com o &hellip;<\/p>\n<p class=\"read-more\"> <a class=\"\" href=\"https:\/\/holosofia.com.br\/?page_id=1215\"> <span class=\"screen-reader-text\">Holocoluna &#8211; 0061<\/span> Leia mais &raquo;<\/a><\/p>\n","protected":false},"author":1,"featured_media":0,"parent":0,"menu_order":0,"comment_status":"closed","ping_status":"closed","template":"","meta":{"_bbp_topic_count":0,"_bbp_reply_count":0,"_bbp_total_topic_count":0,"_bbp_total_reply_count":0,"_bbp_voice_count":0,"_bbp_anonymous_reply_count":0,"_bbp_topic_count_hidden":0,"_bbp_reply_count_hidden":0,"_bbp_forum_subforum_count":0,"om_disable_all_campaigns":false,"_uag_custom_page_level_css":"","_mi_skip_tracking":false,"_monsterinsights_sitenote_active":false,"_monsterinsights_sitenote_note":"","_monsterinsights_sitenote_category":0,"site-sidebar-layout":"default","site-content-layout":"default","ast-global-header-display":"","ast-main-header-display":"","ast-hfb-above-header-display":"","ast-hfb-below-header-display":"","ast-hfb-mobile-header-display":"","site-post-title":"","ast-breadcrumbs-content":"","ast-featured-img":"","footer-sml-layout":"","theme-transparent-header-meta":"default","adv-header-id-meta":"","stick-header-meta":"","header-above-stick-meta":"","header-main-stick-meta":"","header-below-stick-meta":"","footnotes":""},"class_list":["post-1215","page","type-page","status-publish","hentry"],"aioseo_notices":[],"uagb_featured_image_src":{"full":false,"thumbnail":false,"medium":false,"medium_large":false,"large":false,"post-slider-thumb-size":false,"1536x1536":false,"2048x2048":false},"uagb_author_info":{"display_name":"solucaopublicidades@hotmail.com","author_link":"https:\/\/holosofia.com.br\/?author=1"},"uagb_comment_info":0,"uagb_excerpt":"O CASAL&#8230;I Publicado em 22\/09\/2007 &nbsp; Deus \u00e9 de uma intelig\u00eancia imensur\u00e1vel. A Sua cria\u00e7\u00e3o guarda uma interdepend\u00eancia intr\u00ednseca e indissoci\u00e1vel. O ser humano completo foi dicotomizado em homem e mulher. Da\u00ed a express\u00e3o \u201ca minha cara-metade\u201d. Na rela\u00e7\u00e3o sexual, o homem contribui com um inteiro-metade \u2013 o espermatoz\u00f3ide \u2013 e a mulher com o&hellip;","_links":{"self":[{"href":"https:\/\/holosofia.com.br\/index.php?rest_route=\/wp\/v2\/pages\/1215","targetHints":{"allow":["GET"]}}],"collection":[{"href":"https:\/\/holosofia.com.br\/index.php?rest_route=\/wp\/v2\/pages"}],"about":[{"href":"https:\/\/holosofia.com.br\/index.php?rest_route=\/wp\/v2\/types\/page"}],"author":[{"embeddable":true,"href":"https:\/\/holosofia.com.br\/index.php?rest_route=\/wp\/v2\/users\/1"}],"replies":[{"embeddable":true,"href":"https:\/\/holosofia.com.br\/index.php?rest_route=%2Fwp%2Fv2%2Fcomments&post=1215"}],"version-history":[{"count":2,"href":"https:\/\/holosofia.com.br\/index.php?rest_route=\/wp\/v2\/pages\/1215\/revisions"}],"predecessor-version":[{"id":1343,"href":"https:\/\/holosofia.com.br\/index.php?rest_route=\/wp\/v2\/pages\/1215\/revisions\/1343"}],"wp:attachment":[{"href":"https:\/\/holosofia.com.br\/index.php?rest_route=%2Fwp%2Fv2%2Fmedia&parent=1215"}],"curies":[{"name":"wp","href":"https:\/\/api.w.org\/{rel}","templated":true}]}}