{"id":1205,"date":"2023-02-07T01:29:13","date_gmt":"2023-02-07T01:29:13","guid":{"rendered":"https:\/\/holosofia.com.br\/?page_id=1205"},"modified":"2023-03-25T14:03:29","modified_gmt":"2023-03-25T14:03:29","slug":"holocoluna-0059","status":"publish","type":"page","link":"https:\/\/holosofia.com.br\/?page_id=1205","title":{"rendered":"Holocoluna &#8211; 0059"},"content":{"rendered":"<ol start=\"59\">\n<li>\n<h3>O ALUNO<\/h3>\n<\/li>\n<\/ol>\n<h3 style=\"text-align: right;\">Publicado em 08\/09\/2007<\/h3>\n<p>&nbsp;<\/p>\n<h4>O ser humano nasce e morre aprendendo. Logo, todos n\u00f3s somos alunos.<\/h4>\n<h4>O espermatoz\u00f3ide aprende a esperar o momento certo para se encaminhar ao \u00fatero e prosseguir viagem atrav\u00e9s das trompas at\u00e9 encontrar o \u00f3vulo, momento em que aprende que o processo de fecunda\u00e7\u00e3o necessita apenas da sua cabe\u00e7a, dispensando a cauda.<\/h4>\n<h4>O ovo, unidade vital formada pela fus\u00e3o dos gametas masculino e feminino, quando n\u00e3o aprende que o local adequado da sua nida\u00e7\u00e3o \u00e9 a cavidade uterina provoca a indesejada e desastrosa prenhez ect\u00f3pica. Essa realidade exige interven\u00e7\u00e3o cir\u00fargica imediata, pois o m\u00e9dico aprendeu que tal situa\u00e7\u00e3o p\u00f5e em risco a vida da gestante.<\/h4>\n<h4>O embri\u00e3o normalmente implantado aprende que deve se valer dos nutrientes maternos para se transformar em feto, o ser humano j\u00e1 plenamente formado.<\/h4>\n<h4>O feto aprende que a expans\u00e3o progressiva do \u00fatero \u00e9 um prop\u00f3sito da natureza para lhe permitir a hidrogin\u00e1stica, exerc\u00edcio necess\u00e1rio ao seu crescimento. Mas com o tempo, ele tamb\u00e9m aprende que tudo tem limite, por isso aceita ser expulso em sil\u00eancio. O choro p\u00f3s-natal denuncia o seu descontentamento pela sa\u00edda da zona-de-conforto, mas anuncia um novo aprendizado, o da semi-interdepend\u00eancia. Antes, pura depend\u00eancia.<\/h4>\n<h4>O rec\u00e9m-nascido aprende que a sua vida s\u00f3 ser\u00e1 poss\u00edvel com a iniciativa do respirar, chorar e sugar. Ele continuar\u00e1 aprendendo natural e inconscientemente at\u00e9 que algu\u00e9m \u2013 <em>geralmente a m\u00e3e<\/em> \u2013 entenda que a partir de ent\u00e3o dever\u00e1 aprender de forma acelerada, quase sempre for\u00e7ada, pois ainda n\u00e3o aprendeu que deve aprender de tal forma.<\/h4>\n<h4>A crian\u00e7a aprende que o processo acelerado do aprender acontece em locais pr\u00f3prios \u2013 <em>escolas<\/em> \u2013 e em grupo, tornando-se aluna. Como n\u00e3o aprendeu o significado desta palavra, ela se revolta e resiste em se unir aos colegas, chorando para retornar ao lar.<\/h4>\n<h4>Contudo, mais tarde ela aprende que o resultado desse choro n\u00e3o surte o mesmo efeito do choro p\u00f3s-natal. L\u00e1 recebeu o leite, aqui palavras. Agora, ela aprende a se consolar com os argumentos da mam\u00e3e e da professora.<\/h4>\n<h4>A m\u00e3e aprende a combinar o conflito da separa\u00e7\u00e3o com o reconhecimento de que o filho precisa aprender; a professora aprende a ser indiferente ao choro apelativo do aluno porque aprende que o aprender \u00e9 necess\u00e1rio; e o aluno aprende que a escola \u00e9 inevit\u00e1vel.<\/h4>\n<h4>A experi\u00eancia da vida grupal \u2013 <em>escolar<\/em> \u2013 imposta pelo aprender oferece ao aluno uma refer\u00eancia de compara\u00e7\u00e3o com o ambiente de aprendizado familiar.<\/h4>\n<h4>Na escola o indiv\u00edduo \u00e9 aluno e aprende, al\u00e9m das disciplinas curriculares, novas a\u00e7\u00f5es e rea\u00e7\u00f5es com pessoas semelhantes, na idade, no tamanho e no n\u00edvel de compreens\u00e3o do mundo; em casa ele \u00e9 filho e \u00e9 levado a aprender a fixar os modelos comportamentais de pessoas \u2013 <em>pai, m\u00e3e e parentes<\/em> \u2013 diferentes, na idade, no tamanho e no n\u00edvel de compreens\u00e3o do mundo.<\/h4>\n<h4>Portanto, aprender essas sutilezas demanda esfor\u00e7o, consci\u00eancia, equil\u00edbrio, maturidade, paci\u00eancia, determina\u00e7\u00e3o, tempo e boa vontade. Isto \u00e9, sa\u00fade plena ou saudena!<\/h4>\n<h4>Aprender essas sutilezas, tanto os alunos-alunos, como os alunos-pais e os alunos-professores, resultar\u00e1 no aprender a ter prazer pelo aprender, culminando com menor n\u00famero de evas\u00f5es, maior percentual de formados e enobrecimento do aluno. Nobre aluno!<\/h4>\n<h4 style=\"text-align: right;\"><em>Sebasti\u00e3o Saraiva <\/em><\/h4>\n<h4 style=\"text-align: right;\"><em>M\u00e9dico e Hol\u00f3sofo<\/em><\/h4>\n","protected":false},"excerpt":{"rendered":"<p>O ALUNO Publicado em 08\/09\/2007 &nbsp; O ser humano nasce e morre aprendendo. Logo, todos n\u00f3s somos alunos. O espermatoz\u00f3ide aprende a esperar o momento certo para se encaminhar ao \u00fatero e prosseguir viagem atrav\u00e9s das trompas at\u00e9 encontrar o \u00f3vulo, momento em que aprende que o processo de fecunda\u00e7\u00e3o necessita apenas da sua cabe\u00e7a, &hellip;<\/p>\n<p class=\"read-more\"> <a class=\"\" href=\"https:\/\/holosofia.com.br\/?page_id=1205\"> <span class=\"screen-reader-text\">Holocoluna &#8211; 0059<\/span> Leia mais &raquo;<\/a><\/p>\n","protected":false},"author":1,"featured_media":0,"parent":0,"menu_order":0,"comment_status":"closed","ping_status":"closed","template":"","meta":{"_bbp_topic_count":0,"_bbp_reply_count":0,"_bbp_total_topic_count":0,"_bbp_total_reply_count":0,"_bbp_voice_count":0,"_bbp_anonymous_reply_count":0,"_bbp_topic_count_hidden":0,"_bbp_reply_count_hidden":0,"_bbp_forum_subforum_count":0,"om_disable_all_campaigns":false,"_uag_custom_page_level_css":"","_mi_skip_tracking":false,"_monsterinsights_sitenote_active":false,"_monsterinsights_sitenote_note":"","_monsterinsights_sitenote_category":0,"site-sidebar-layout":"default","site-content-layout":"default","ast-global-header-display":"","ast-main-header-display":"","ast-hfb-above-header-display":"","ast-hfb-below-header-display":"","ast-hfb-mobile-header-display":"","site-post-title":"","ast-breadcrumbs-content":"","ast-featured-img":"","footer-sml-layout":"","theme-transparent-header-meta":"default","adv-header-id-meta":"","stick-header-meta":"","header-above-stick-meta":"","header-main-stick-meta":"","header-below-stick-meta":"","footnotes":""},"class_list":["post-1205","page","type-page","status-publish","hentry"],"aioseo_notices":[],"uagb_featured_image_src":{"full":false,"thumbnail":false,"medium":false,"medium_large":false,"large":false,"post-slider-thumb-size":false,"1536x1536":false,"2048x2048":false},"uagb_author_info":{"display_name":"solucaopublicidades@hotmail.com","author_link":"https:\/\/holosofia.com.br\/?author=1"},"uagb_comment_info":0,"uagb_excerpt":"O ALUNO Publicado em 08\/09\/2007 &nbsp; O ser humano nasce e morre aprendendo. Logo, todos n\u00f3s somos alunos. O espermatoz\u00f3ide aprende a esperar o momento certo para se encaminhar ao \u00fatero e prosseguir viagem atrav\u00e9s das trompas at\u00e9 encontrar o \u00f3vulo, momento em que aprende que o processo de fecunda\u00e7\u00e3o necessita apenas da sua cabe\u00e7a,&hellip;","_links":{"self":[{"href":"https:\/\/holosofia.com.br\/index.php?rest_route=\/wp\/v2\/pages\/1205","targetHints":{"allow":["GET"]}}],"collection":[{"href":"https:\/\/holosofia.com.br\/index.php?rest_route=\/wp\/v2\/pages"}],"about":[{"href":"https:\/\/holosofia.com.br\/index.php?rest_route=\/wp\/v2\/types\/page"}],"author":[{"embeddable":true,"href":"https:\/\/holosofia.com.br\/index.php?rest_route=\/wp\/v2\/users\/1"}],"replies":[{"embeddable":true,"href":"https:\/\/holosofia.com.br\/index.php?rest_route=%2Fwp%2Fv2%2Fcomments&post=1205"}],"version-history":[{"count":2,"href":"https:\/\/holosofia.com.br\/index.php?rest_route=\/wp\/v2\/pages\/1205\/revisions"}],"predecessor-version":[{"id":1341,"href":"https:\/\/holosofia.com.br\/index.php?rest_route=\/wp\/v2\/pages\/1205\/revisions\/1341"}],"wp:attachment":[{"href":"https:\/\/holosofia.com.br\/index.php?rest_route=%2Fwp%2Fv2%2Fmedia&parent=1205"}],"curies":[{"name":"wp","href":"https:\/\/api.w.org\/{rel}","templated":true}]}}