{"id":1194,"date":"2023-02-07T01:25:32","date_gmt":"2023-02-07T01:25:32","guid":{"rendered":"https:\/\/holosofia.com.br\/?page_id=1194"},"modified":"2023-03-25T14:01:54","modified_gmt":"2023-03-25T14:01:54","slug":"holocoluna-0057","status":"publish","type":"page","link":"https:\/\/holosofia.com.br\/?page_id=1194","title":{"rendered":"Holocoluna &#8211; 0057"},"content":{"rendered":"<ol start=\"57\">\n<li>\n<h3>HOLO-MOTOTERAPIA<\/h3>\n<\/li>\n<\/ol>\n<h3 style=\"text-align: right;\">Publicado em 25\/08\/2007<\/h3>\n<p>&nbsp;<\/p>\n<h4>A Organiza\u00e7\u00e3o Mundial de Sa\u00fade (OMS) diz: \u201cSa\u00fade \u00e9, al\u00e9m da aus\u00eancia de doen\u00e7a, a sensa\u00e7\u00e3o de bem-estar f\u00edsico, mental e social\u201d.<\/h4>\n<h4>O Programa Holos\u00f3fico de Sa\u00fade (PHS) reconhece esta defini\u00e7\u00e3o e ainda a complementa, acrescentando&#8230; <strong>e espiritual<\/strong>.<\/h4>\n<h4>Com esta compreens\u00e3o, h\u00e1 de se concluir que a pessoa sem nenhuma doen\u00e7a e que busca a sensa\u00e7\u00e3o de bem-estar f\u00edsico, mental, social e espiritual na pr\u00e1tica do motociclismo \u00e9, essencialmente, um ser humano que almeja a sa\u00fade.<\/h4>\n<h4>Logo, o motociclismo \u00e9 uma terapia.<\/h4>\n<h4>Dentro desta l\u00f3gica, foi fundado, no dia 14 de agosto de 2006, o Holo-motos Cajuru Clube.<\/h4>\n<h4>Conv\u00e9m salientar que a escolha do dia <strong>14 de agosto<\/strong> vem ratificar a mesma l\u00f3gica, pois a proposta \u00e9 levar ao nascido nesta data \u2013 o bi-campe\u00e3o brasileiro de moto-velocidade, de 600 cilindradas e, tamb\u00e9m, cajuruense, Adilson Cajuru (Largato) \u2013 a sensa\u00e7\u00e3o de bem-estar f\u00edsico, mental, social e espiritual, pelo reconhecimento p\u00fablico da sua import\u00e2ncia para a comunidade de Cajuru.<\/h4>\n<h4>Por outro lado, aqueles que preferem assistir, admirar o motociclismo a se aventurar ao equil\u00edbrio em duas rodas motorizadas, tamb\u00e9m est\u00e3o tendo a sensa\u00e7\u00e3o de bem-estar f\u00edsico, mental, social e espiritual. \u00c9 este o papel do entretenimento.<\/h4>\n<h4>Portanto, parece justo, l\u00edcito e verdadeiro o termo Holo-mototerapia.<\/h4>\n<h4>Assim, neste momento voc\u00ea acaba de conhecer mais uma fonte alternativa de tratamento. Tal qual \u00e0s demais fontes, esta tamb\u00e9m apresenta efeitos adversos ou efeitos colaterais, quando n\u00e3o observadas as recomenda\u00e7\u00f5es m\u00e9dicas. Neste caso, as recomenda\u00e7\u00f5es do Dr. Sebasti\u00e3o Saraiva. E os membros do Holo-motos Cajuru Clube sabem disso.<\/h4>\n<h4>A Holo-mototerapia consiste em passear de moto a s\u00f3s, acompanhado ou em grupo; o piloto sempre s\u00f3brio, com esp\u00edrito aberto e adequadamente paramentado \u2013 <em>capacete com viseira, luva, jaqueta e cal\u00e7a de couro <\/em>\u2013; a moto revisada \u2013 <em>far\u00f3is, pisca-alerta, freios, pneus, \u00f3leo e combust\u00edvel<\/em> \u2013 e os documentos em dia.<\/h4>\n<h4>\u00c9 praxe, ao chegar ao destino, desfazer-se das roupas quentes e se ostentar o uniforme, trocar-se o capacete por bon\u00e9 ou pano-de-cabe\u00e7a e se curtir o ambiente com alegria e descontra\u00e7\u00e3o.<\/h4>\n<h4>Aproveitando o ensejo, o Holo-motos Cajuru Clube vem convidar a todos a se fazerem presentes ao P\u00e1tio do Gin\u00e1sio de Esportes, a partir das 9h00min do pr\u00f3ximo dia 02 de setembro, quando ser\u00e3o abertos os trabalhos de celebra\u00e7\u00e3o do 2\u00ba Encontro de Motos de Cajuru e do 1\u00ba Anivers\u00e1rio do Holo-motos Cajuru Clube, com a presen\u00e7a das autoridades locais. Haver\u00e1 apresenta\u00e7\u00e3o de moto-show ao som de boas m\u00fasicas; companheiros motociclistas convidados de outras cidades estar\u00e3o aumentando o brilhantismo da festa; e todos estar\u00e3o desfrutando de um encontro fraterno e de muita camaradagem. O encerramento est\u00e1 previsto para as 17h15min. Vai ser muito legal!<\/h4>\n<h4>Finalmente, h\u00e1 de se registrar que o Universo conspirou de modo favor\u00e1vel para que esse encontro viesse acontecer no dia do anivers\u00e1rio do saudoso companheiro-irm\u00e3o Mateus, o qual ser\u00e1 homenageado com a proje\u00e7\u00e3o do filme de inaugura\u00e7\u00e3o do Holo-motos Cajuru Clube ao longo do dia. Ele sempre ser\u00e1 lembrado com a alegria de moleque que lhe era peculiar. Compare\u00e7am!<\/h4>\n<h4 style=\"text-align: right;\"><em>Sebasti\u00e3o Saraiva<\/em><\/h4>\n<h4 style=\"text-align: right;\"><em>M\u00e9dico e Hol\u00f3sofo<\/em><\/h4>\n","protected":false},"excerpt":{"rendered":"<p>HOLO-MOTOTERAPIA Publicado em 25\/08\/2007 &nbsp; A Organiza\u00e7\u00e3o Mundial de Sa\u00fade (OMS) diz: \u201cSa\u00fade \u00e9, al\u00e9m da aus\u00eancia de doen\u00e7a, a sensa\u00e7\u00e3o de bem-estar f\u00edsico, mental e social\u201d. O Programa Holos\u00f3fico de Sa\u00fade (PHS) reconhece esta defini\u00e7\u00e3o e ainda a complementa, acrescentando&#8230; e espiritual. Com esta compreens\u00e3o, h\u00e1 de se concluir que a pessoa sem nenhuma &hellip;<\/p>\n<p class=\"read-more\"> <a class=\"\" href=\"https:\/\/holosofia.com.br\/?page_id=1194\"> <span class=\"screen-reader-text\">Holocoluna &#8211; 0057<\/span> Leia mais &raquo;<\/a><\/p>\n","protected":false},"author":1,"featured_media":0,"parent":0,"menu_order":0,"comment_status":"closed","ping_status":"closed","template":"","meta":{"_bbp_topic_count":0,"_bbp_reply_count":0,"_bbp_total_topic_count":0,"_bbp_total_reply_count":0,"_bbp_voice_count":0,"_bbp_anonymous_reply_count":0,"_bbp_topic_count_hidden":0,"_bbp_reply_count_hidden":0,"_bbp_forum_subforum_count":0,"om_disable_all_campaigns":false,"_uag_custom_page_level_css":"","_mi_skip_tracking":false,"_monsterinsights_sitenote_active":false,"_monsterinsights_sitenote_note":"","_monsterinsights_sitenote_category":0,"site-sidebar-layout":"default","site-content-layout":"default","ast-global-header-display":"","ast-main-header-display":"","ast-hfb-above-header-display":"","ast-hfb-below-header-display":"","ast-hfb-mobile-header-display":"","site-post-title":"","ast-breadcrumbs-content":"","ast-featured-img":"","footer-sml-layout":"","theme-transparent-header-meta":"default","adv-header-id-meta":"","stick-header-meta":"","header-above-stick-meta":"","header-main-stick-meta":"","header-below-stick-meta":"","footnotes":""},"class_list":["post-1194","page","type-page","status-publish","hentry"],"aioseo_notices":[],"uagb_featured_image_src":{"full":false,"thumbnail":false,"medium":false,"medium_large":false,"large":false,"post-slider-thumb-size":false,"1536x1536":false,"2048x2048":false},"uagb_author_info":{"display_name":"solucaopublicidades@hotmail.com","author_link":"https:\/\/holosofia.com.br\/?author=1"},"uagb_comment_info":0,"uagb_excerpt":"HOLO-MOTOTERAPIA Publicado em 25\/08\/2007 &nbsp; A Organiza\u00e7\u00e3o Mundial de Sa\u00fade (OMS) diz: \u201cSa\u00fade \u00e9, al\u00e9m da aus\u00eancia de doen\u00e7a, a sensa\u00e7\u00e3o de bem-estar f\u00edsico, mental e social\u201d. O Programa Holos\u00f3fico de Sa\u00fade (PHS) reconhece esta defini\u00e7\u00e3o e ainda a complementa, acrescentando&#8230; e espiritual. Com esta compreens\u00e3o, h\u00e1 de se concluir que a pessoa sem nenhuma&hellip;","_links":{"self":[{"href":"https:\/\/holosofia.com.br\/index.php?rest_route=\/wp\/v2\/pages\/1194","targetHints":{"allow":["GET"]}}],"collection":[{"href":"https:\/\/holosofia.com.br\/index.php?rest_route=\/wp\/v2\/pages"}],"about":[{"href":"https:\/\/holosofia.com.br\/index.php?rest_route=\/wp\/v2\/types\/page"}],"author":[{"embeddable":true,"href":"https:\/\/holosofia.com.br\/index.php?rest_route=\/wp\/v2\/users\/1"}],"replies":[{"embeddable":true,"href":"https:\/\/holosofia.com.br\/index.php?rest_route=%2Fwp%2Fv2%2Fcomments&post=1194"}],"version-history":[{"count":2,"href":"https:\/\/holosofia.com.br\/index.php?rest_route=\/wp\/v2\/pages\/1194\/revisions"}],"predecessor-version":[{"id":1339,"href":"https:\/\/holosofia.com.br\/index.php?rest_route=\/wp\/v2\/pages\/1194\/revisions\/1339"}],"wp:attachment":[{"href":"https:\/\/holosofia.com.br\/index.php?rest_route=%2Fwp%2Fv2%2Fmedia&parent=1194"}],"curies":[{"name":"wp","href":"https:\/\/api.w.org\/{rel}","templated":true}]}}