{"id":1178,"date":"2023-01-31T01:40:35","date_gmt":"2023-01-31T01:40:35","guid":{"rendered":"https:\/\/holosofia.com.br\/?page_id=1178"},"modified":"2023-03-25T13:56:40","modified_gmt":"2023-03-25T13:56:40","slug":"holocoluna-0054","status":"publish","type":"page","link":"https:\/\/holosofia.com.br\/?page_id=1178","title":{"rendered":"Holocoluna &#8211; 0054"},"content":{"rendered":"<ol start=\"54\">\n<li>\n<h3>O LIVRO<\/h3>\n<\/li>\n<\/ol>\n<h3 style=\"text-align: right;\">Publicado em 04\/08\/2007<\/h3>\n<p>&nbsp;<\/p>\n<h4>A escrita teve in\u00edcio 3.500 aC, portanto, h\u00e1 5.500 anos.<\/h4>\n<h4>As informa\u00e7\u00f5es, de diferentes teores, eram transmitidas atrav\u00e9s de escritos chamados papiros. Mais tarde surgiu o papel e, com este, o livro.<\/h4>\n<h4>Com o livro o mundo ficou mais interessante. A partir de ent\u00e3o pessoas com aptid\u00e3o para transferir as suas id\u00e9ias, da cabe\u00e7a para o papel, passaram a escrever livros, informando e influenciando outras pessoas desejosas em conhecer tais id\u00e9ias.<\/h4>\n<h4>Assim, a sociedade mundial viria experimentar o maior fen\u00f4meno de comunica\u00e7\u00e3o, dissemina\u00e7\u00e3o e troca de conhecimentos entre os povos de todas as na\u00e7\u00f5es, destacando-se a sua excel\u00eancia, a \u201cAlfabetiza\u00e7\u00e3o\u201d.<\/h4>\n<h4>A \u201cAlfabetiza\u00e7\u00e3o\u201d significa introduzir a pessoa no mundo das letras, proporcionando-lhe a capacidade de decifrar as id\u00e9ias expressas pelo conjunto de sinais concebidos como alfabeto.<\/h4>\n<h4>Estes sinais s\u00e3o agrupados dentro de um ordenamento que resulta na forma\u00e7\u00e3o de palavras.<\/h4>\n<h4>As palavras alinhadas numa seq\u00fc\u00eancia l\u00f3gica encerram um pensamento.<\/h4>\n<h4>O pensamento elaborado por algu\u00e9m que escreve \u00e9 compreendido por aquele que l\u00ea.<\/h4>\n<h4>O leitor passa a ter conhecimento do pensamento do escritor.<\/h4>\n<h4>Logo, o maravilhoso milagre da transfer\u00eancia de conhecimento se estabelece. E, isto, atrav\u00e9s do livro!<\/h4>\n<h4>Atualmente, o indiv\u00edduo que desconhece o alfabeto deve se sentir extremamente deslocado sob o aspecto da conviv\u00eancia social, pois a sua realidade est\u00e1 com um atraso de cinco mil\u00eanios e meio quando comparada com os alfabetizados, e mais algumas centenas de anos em rela\u00e7\u00e3o aos doutores. O que \u00e9 uma pena!<\/h4>\n<h4>O analfabeto, privado do conhecimento, permanece mergulhado nas trevas da ignor\u00e2ncia, tornando-se medroso e submisso, portanto, uma presa f\u00e1cil nas garras dos alfabetizados inescrupulosos, oportunistas e exploradores.<\/h4>\n<h4>Eis a\u00ed a raz\u00e3o primeira das grandes mis\u00e9rias \u2013 <em>as guerras, a fome, as doen\u00e7as, a pobreza, o desemprego, a corrup\u00e7\u00e3o, a explora\u00e7\u00e3o sexual, as viol\u00eancias urbanas, as drogas, etc.<\/em> \u2013 do mundo atrav\u00e9s dos tempos.<\/h4>\n<h4>\u00a0Naturalmente, a pessoa que l\u00ea e estuda adquire uma consider\u00e1vel bagagem de informa\u00e7\u00f5es, portanto, de conhecimentos, vindo a viver de forma igualit\u00e1ria com os seus contempor\u00e2neos. Esta realidade inibe ou impede as distor\u00e7\u00f5es sociais entre os detentores de conhecimentos, culminando com uma sociedade menos injusta e an\u00f4mala.<\/h4>\n<h4>O livro, pois, \u00e9 o ve\u00edculo atrav\u00e9s do qual s\u00e3o transportados informa\u00e7\u00f5es e conhecimentos, por isso, merecedor da aten\u00e7\u00e3o e ocupa\u00e7\u00e3o daqueles que almejam um mundo mais digno, fraterno e humano. Um mundo com sa\u00fade plena, com <strong>saudena<\/strong>.<\/h4>\n<h4>Com esta compreens\u00e3o, o PHS, desenvolvendo as suas atividades m\u00e9dico-sociais em Cajuru, inaugurou a segunda Holo-biblioteca Comunit\u00e1ria da cidade, no Bairro Dom Bosco, na Rua Jos\u00e9 Bernardes da Silva, 363, na noite de 04 de julho de 2007. Foi um sucesso!<\/h4>\n<h4 style=\"text-align: right;\"><em>Sebasti\u00e3o Saraiva<\/em><\/h4>\n<h4 style=\"text-align: right;\"><em>M\u00e9dico e Hol\u00f3sofo<\/em><\/h4>\n","protected":false},"excerpt":{"rendered":"<p>O LIVRO Publicado em 04\/08\/2007 &nbsp; A escrita teve in\u00edcio 3.500 aC, portanto, h\u00e1 5.500 anos. As informa\u00e7\u00f5es, de diferentes teores, eram transmitidas atrav\u00e9s de escritos chamados papiros. Mais tarde surgiu o papel e, com este, o livro. Com o livro o mundo ficou mais interessante. A partir de ent\u00e3o pessoas com aptid\u00e3o para transferir &hellip;<\/p>\n<p class=\"read-more\"> <a class=\"\" href=\"https:\/\/holosofia.com.br\/?page_id=1178\"> <span class=\"screen-reader-text\">Holocoluna &#8211; 0054<\/span> Leia mais &raquo;<\/a><\/p>\n","protected":false},"author":1,"featured_media":0,"parent":0,"menu_order":0,"comment_status":"closed","ping_status":"closed","template":"","meta":{"_bbp_topic_count":0,"_bbp_reply_count":0,"_bbp_total_topic_count":0,"_bbp_total_reply_count":0,"_bbp_voice_count":0,"_bbp_anonymous_reply_count":0,"_bbp_topic_count_hidden":0,"_bbp_reply_count_hidden":0,"_bbp_forum_subforum_count":0,"om_disable_all_campaigns":false,"_uag_custom_page_level_css":"","_mi_skip_tracking":false,"_monsterinsights_sitenote_active":false,"_monsterinsights_sitenote_note":"","_monsterinsights_sitenote_category":0,"site-sidebar-layout":"default","site-content-layout":"default","ast-global-header-display":"","ast-main-header-display":"","ast-hfb-above-header-display":"","ast-hfb-below-header-display":"","ast-hfb-mobile-header-display":"","site-post-title":"","ast-breadcrumbs-content":"","ast-featured-img":"","footer-sml-layout":"","theme-transparent-header-meta":"default","adv-header-id-meta":"","stick-header-meta":"","header-above-stick-meta":"","header-main-stick-meta":"","header-below-stick-meta":"","footnotes":""},"class_list":["post-1178","page","type-page","status-publish","hentry"],"aioseo_notices":[],"uagb_featured_image_src":{"full":false,"thumbnail":false,"medium":false,"medium_large":false,"large":false,"post-slider-thumb-size":false,"1536x1536":false,"2048x2048":false},"uagb_author_info":{"display_name":"solucaopublicidades@hotmail.com","author_link":"https:\/\/holosofia.com.br\/?author=1"},"uagb_comment_info":0,"uagb_excerpt":"O LIVRO Publicado em 04\/08\/2007 &nbsp; A escrita teve in\u00edcio 3.500 aC, portanto, h\u00e1 5.500 anos. As informa\u00e7\u00f5es, de diferentes teores, eram transmitidas atrav\u00e9s de escritos chamados papiros. Mais tarde surgiu o papel e, com este, o livro. Com o livro o mundo ficou mais interessante. A partir de ent\u00e3o pessoas com aptid\u00e3o para transferir&hellip;","_links":{"self":[{"href":"https:\/\/holosofia.com.br\/index.php?rest_route=\/wp\/v2\/pages\/1178","targetHints":{"allow":["GET"]}}],"collection":[{"href":"https:\/\/holosofia.com.br\/index.php?rest_route=\/wp\/v2\/pages"}],"about":[{"href":"https:\/\/holosofia.com.br\/index.php?rest_route=\/wp\/v2\/types\/page"}],"author":[{"embeddable":true,"href":"https:\/\/holosofia.com.br\/index.php?rest_route=\/wp\/v2\/users\/1"}],"replies":[{"embeddable":true,"href":"https:\/\/holosofia.com.br\/index.php?rest_route=%2Fwp%2Fv2%2Fcomments&post=1178"}],"version-history":[{"count":2,"href":"https:\/\/holosofia.com.br\/index.php?rest_route=\/wp\/v2\/pages\/1178\/revisions"}],"predecessor-version":[{"id":1336,"href":"https:\/\/holosofia.com.br\/index.php?rest_route=\/wp\/v2\/pages\/1178\/revisions\/1336"}],"wp:attachment":[{"href":"https:\/\/holosofia.com.br\/index.php?rest_route=%2Fwp%2Fv2%2Fmedia&parent=1178"}],"curies":[{"name":"wp","href":"https:\/\/api.w.org\/{rel}","templated":true}]}}